{"id":50,"date":"2017-12-19T00:00:00","date_gmt":"2017-12-18T23:00:00","guid":{"rendered":"http:\/\/semmelweis.hu\/pak\/adomanyozas\/"},"modified":"2025-01-29T14:05:36","modified_gmt":"2025-01-29T13:05:36","slug":"kapcsolat","status":"publish","type":"page","link":"https:\/\/semmelweis.hu\/pak\/kapcsolat\/","title":{"rendered":"Kapcsolat"},"content":{"rendered":"<p><strong>Semmelweis Egyetem Pet\u0151 Andr\u00e1s Kar<\/strong><br \/>\n<strong>C\u00edm:<\/strong> 1125 Budapest, K\u00fatv\u00f6lgyi \u00fat 8.<br \/>\n<strong>E-mail<\/strong>: pak_dekan@semmelweis.hu<br \/>\n<strong>Telefon:<\/strong> (1) 244 &#8211; 1500<\/p>\n\n<!-- iframe plugin v.4.9 wordpress.org\/plugins\/iframe\/ -->\n<iframe loading=\"lazy\" src=\"https:\/\/www.google.com\/maps\/embed?pb=!1m18!1m12!1m3!1d2694.856490323561!2d19.000615315543747!3d47.51218597917858!2m3!1f0!2f0!3f0!3m2!1i1024!2i768!4f13.1!3m3!1m2!1s0x4741debf4a2a776d%3A0xbf12cd23f72763f!2zQnVkYXBlc3QsIEvDunR2w7ZsZ3lpIMO6dCA4LCAxMTI1!5e0!3m2!1shu!2shu!4v1536308159118\" width=\"600\" height=\"450\" scrolling=\"yes\" class=\"iframe-class\" frameborder=\"0\"><\/iframe>\n\n","protected":false},"excerpt":{"rendered":"<p>Semmelweis Egyetem Pet\u0151 Andr\u00e1s Kar<br \/>\nC\u00edm: 1125 Budapest, K\u00fatv\u00f6lgyi \u00fat 8.<br \/>\nE-mail: pak_dekan@semmelweis.hu<br \/>\nTelefon: (1) 244 &#8211; 1500<\/p>\n","protected":false},"author":101362,"featured_media":0,"parent":0,"menu_order":33,"comment_status":"closed","ping_status":"closed","template":"","meta":{"_acf_changed":false,"footnotes":""},"categories":[],"tags":[],"class_list":["post-50","page","type-page","status-publish","hentry"],"acf":[],"_links":{"self":[{"href":"https:\/\/semmelweis.hu\/pak\/wp-json\/wp\/v2\/pages\/50","targetHints":{"allow":["GET"]}}],"collection":[{"href":"https:\/\/semmelweis.hu\/pak\/wp-json\/wp\/v2\/pages"}],"about":[{"href":"https:\/\/semmelweis.hu\/pak\/wp-json\/wp\/v2\/types\/page"}],"author":[{"embeddable":true,"href":"https:\/\/semmelweis.hu\/pak\/wp-json\/wp\/v2\/users\/101362"}],"replies":[{"embeddable":true,"href":"https:\/\/semmelweis.hu\/pak\/wp-json\/wp\/v2\/comments?post=50"}],"version-history":[{"count":11,"href":"https:\/\/semmelweis.hu\/pak\/wp-json\/wp\/v2\/pages\/50\/revisions"}],"predecessor-version":[{"id":9110,"href":"https:\/\/semmelweis.hu\/pak\/wp-json\/wp\/v2\/pages\/50\/revisions\/9110"}],"wp:attachment":[{"href":"https:\/\/semmelweis.hu\/pak\/wp-json\/wp\/v2\/media?parent=50"}],"wp:term":[{"taxonomy":"category","embeddable":true,"href":"https:\/\/semmelweis.hu\/pak\/wp-json\/wp\/v2\/categories?post=50"},{"taxonomy":"post_tag","embeddable":true,"href":"https:\/\/semmelweis.hu\/pak\/wp-json\/wp\/v2\/tags?post=50"}],"curies":[{"name":"wp","href":"https:\/\/api.w.org\/{rel}","templated":true}]}}