{"id":4821,"date":"2020-06-15T17:52:01","date_gmt":"2020-06-15T15:52:01","guid":{"rendered":"https:\/\/semmelweis.hu\/pak\/?page_id=4821"},"modified":"2025-07-21T13:03:19","modified_gmt":"2025-07-21T11:03:19","slug":"az-ev-dolgozata-verseny","status":"publish","type":"page","link":"https:\/\/semmelweis.hu\/pak\/kutatas\/tudomanyos-rendezvenyeink\/az-ev-dolgozata-verseny\/","title":{"rendered":"Az \u00e9v dolgozata verseny"},"content":{"rendered":"<p style=\"text-align: justify;\">A Pet\u0151 Andr\u00e1s Karon \u201e<strong>Az \u00e9v dolgozata<\/strong>\u201d verseny 2002-ben indult \u00fatj\u00e1ra. C\u00e9lja olyan szakdolgozatok bemutat\u00e1sa, <span style=\"font-size: 1rem;\">melyek a hazai pedag\u00f3gia, gy\u00f3gypedag\u00f3gia \u00e9s kondukt\u00edv pedag\u00f3gia egy adott t\u00e9m\u00e1j\u00e1nak szint\u00e9zis\u00e9t adj\u00e1k,\u00a0 illetve magas hozz\u00e1adott \u00e9rt\u00e9kkel rendelkez\u0151 \u00e9s tudom\u00e1nyosan megalapozott\u00a0 kutat\u00e1sokr\u00f3l sz\u00e1molnak be.<\/span><\/p>\n<p style=\"text-align: justify;\">A verseny k\u00fcldet\u00e9se els\u0151sorban a hallgat\u00f3i \u00e9s t\u00e9mavezet\u0151i tudom\u00e1nyos munk\u00e1k elismer\u00e9se a Karon, illetve olyan konduktorhallgat\u00f3k t\u00e1mogat\u00e1sa, akik a kondukt\u00edv pedag\u00f3giai szakter\u00fclet\u00e9n sz\u00edvesen folytatn\u00e1nak empirikus kutat\u00e1sokat, hozz\u00e1j\u00e1rulva ezzel a szakma elm\u00e9leti elm\u00e9ly\u00edt\u00e9s\u00e9hez.<\/p>\n<div class=\"keretes w-100\">\n<h5>A verseny menete<\/h5>\n<p>A versenyen r\u00e9sztvev\u0151 szakdolgozatok kiv\u00e1laszt\u00e1s\u00e1ra a dolgozatokat b\u00edr\u00e1l\u00f3 opponensek javaslata alapj\u00e1n ker\u00fcl sor, \u00edgy azokat a b\u00edr\u00e1l\u00f3juk javasolhatja \u201eAz \u00e9v dolgozata\u201d jel\u00f6lts\u00e9gre. A szakdolgozatok be\u00e9rkez\u00e9s\u00e9t k\u00f6vet\u0151en a Verseny zs\u0171ritagjai \u00e1ltal \u00fan. el\u0151sz\u0171r\u00e9sen vesznek r\u00e9szt a jel\u00f6l\u00e9sre ker\u00fclt munk\u00e1k, amely sor\u00e1n \u00e9rt\u00e9kel\u00e9sre ker\u00fcl a szakirodalom feldolgoz\u00e1s\u00e1nak min\u0151s\u00e9ge, valamint az empirikus kutat\u00e1s \u00e9s az eredm\u00e9nyek k\u00f6zl\u00e9s\u00e9nek sz\u00ednvonala. Az el\u0151sz\u0171r\u00e9sen eredm\u00e9nyesen r\u00e9szt vett \u00e9s a versenyre beker\u00fclt dolgozatok szerz\u0151i sz\u00f3beli prezent\u00e1ci\u00f3i keret\u00e9ben ismertetik kutat\u00e1saikat, s vitatj\u00e1k meg a dolgozatot.<\/p>\n<\/div>\n<script type=\"text\/javascript\" src=\"https:\/\/semmelweis.hu\/pak\/wp-content\/themes\/se18\/dist\/scripts\/carousel.js\"><\/script>    <section class=\"post-cards shortcode-wrapper\">\r\n        <div id=\"news-container\" class=\" d-none d-sm-flex flex-column  full-width-post-cards-shortcode-card news-container-for-card-code\" style=\"\">\r\n                            <div class=\"section-row row ml-0 w-100 mt-2 \">\r\n                    <div class=\"col-6 col-md-auto section-title\">\r\n                        <h2>Kapcsol\u00f3d\u00f3 h\u00edrek<\/h2>\r\n                    <\/div>\r\n                    <div class=\"col section-divider px-0 mx-2\"> <\/div>\r\n                    <div class=\"d-none d-md-block col col-md-auto text-uppercase px-0 section-link \">\r\n                        <h5 class=\"m-0\">\r\n                            <a href=\"https:\/\/semmelweis.hu\/pak\/tag\/az-ev-dolgozata\/\">\u00d6sszes cikk<\/a>\r\n                        <\/h5>\r\n                    <\/div>\r\n                <\/div>\r\n            \r\n            <div class=\"row card-row my-2 pt-3 pb-0 mx-0 w-100 \">\r\n               \r\n                \ufeff\r\n    <div class=\"card-format col col-12 col-md-4 col-lg-4 pl-1 pl-md-0 pr-1 pr-md-2 mb-2\">\r\n        <a class=\"d-block w-100\"  href=\"https:\/\/semmelweis.hu\/pak\/2025\/05\/26\/bemutatkoztak-az-ev-dolgozatai-a-peto-andras-karon\/\">\r\n      <!--  <a class=\"d-block w-100\" target=\"_blank\" href=\" \"> -->\r\n            <div class=\"card\">\r\n                                    <div class=\"card-image img-fluid \">\r\n                         \r\n                        <img loading=\"lazy\" decoding=\"async\" width=\"753\" height=\"397\" src=\"https:\/\/semmelweis.hu\/pak\/files\/2025\/05\/IMG_7547-768x405.jpg\" class=\"landscape wp-post-image\" alt=\"\" srcset=\"https:\/\/semmelweis.hu\/pak\/files\/2025\/05\/IMG_7547-768x405.jpg 768w, https:\/\/semmelweis.hu\/pak\/files\/2025\/05\/IMG_7547-400x211.jpg 400w, https:\/\/semmelweis.hu\/pak\/files\/2025\/05\/IMG_7547-1024x539.jpg 1024w, https:\/\/semmelweis.hu\/pak\/files\/2025\/05\/IMG_7547-1536x809.jpg 1536w, https:\/\/semmelweis.hu\/pak\/files\/2025\/05\/IMG_7547-2048x1079.jpg 2048w, https:\/\/semmelweis.hu\/pak\/files\/2025\/05\/IMG_7547-753x397.jpg 753w\" sizes=\"auto, (max-width: 753px) 100vw, 753px\" \/>                    <\/div>\r\n                \r\n                <div class=\"card-body\">\r\n                    <div class=\"card-date text-uppercase    \">\r\n                                                    <h5><span class=\"font-weight-normal\">2025. <\/span>m\u00e1jus 26.<\/h5>\r\n                                            <\/div>\r\n                    <div class=\"card-title\">\r\n                        <h3 class=\"mt-2 entry-title\">Bemutatkoztak az \u00c9v dolgozatai a Pet\u0151 Andr\u00e1s Karon<\/h3>\r\n                    <\/div>\r\n                    <style>\r\n                        .card-text-inside{\r\n                                                 display: -webkit-box;\r\n                    -webkit-line-clamp: 4;\r\n                    -webkit-box-orient: vertical;\r\n                     overflow:hidden;\r\n                     text-overflow: ellipsis;\r\n                        }\r\n                        <\/style>\r\n                                    <\/div>\r\n            <\/div>\r\n        <\/a>\r\n    <\/div>\r\n\r\n\r\n\ufeff\r\n    <div class=\"card-format col col-12 col-md-4 col-lg-4 pl-1 pl-md-0 pr-1 pr-md-2 mb-2\">\r\n        <a class=\"d-block w-100\"  href=\"https:\/\/semmelweis.hu\/pak\/2025\/01\/15\/tudomanyos-ulessorozat-2025-tavaszi-szemeszter\/\">\r\n      <!--  <a class=\"d-block w-100\" target=\"_blank\" href=\" \"> -->\r\n            <div class=\"card\">\r\n                                    <div class=\"card-image img-fluid \">\r\n                         \r\n                        <img loading=\"lazy\" decoding=\"async\" width=\"753\" height=\"397\" src=\"https:\/\/semmelweis.hu\/pak\/files\/2025\/01\/Zoom-hatter-2-1-768x405.jpg\" class=\"landscape wp-post-image\" alt=\"\" srcset=\"https:\/\/semmelweis.hu\/pak\/files\/2025\/01\/Zoom-hatter-2-1-768x405.jpg 768w, https:\/\/semmelweis.hu\/pak\/files\/2025\/01\/Zoom-hatter-2-1-400x211.jpg 400w, https:\/\/semmelweis.hu\/pak\/files\/2025\/01\/Zoom-hatter-2-1-1024x540.jpg 1024w, https:\/\/semmelweis.hu\/pak\/files\/2025\/01\/Zoom-hatter-2-1-1536x810.jpg 1536w, https:\/\/semmelweis.hu\/pak\/files\/2025\/01\/Zoom-hatter-2-1-2048x1080.jpg 2048w, https:\/\/semmelweis.hu\/pak\/files\/2025\/01\/Zoom-hatter-2-1-753x397.jpg 753w\" sizes=\"auto, (max-width: 753px) 100vw, 753px\" \/>                    <\/div>\r\n                \r\n                <div class=\"card-body\">\r\n                    <div class=\"card-date text-uppercase    \">\r\n                                                    <h5><span class=\"font-weight-normal\">2025. <\/span>janu\u00e1r 15.<\/h5>\r\n                                            <\/div>\r\n                    <div class=\"card-title\">\r\n                        <h3 class=\"mt-2 entry-title\">Tudom\u00e1nyos \u00fcl\u00e9ssorozat &#8211; 2025. tavaszi szemeszter<\/h3>\r\n                    <\/div>\r\n                    <style>\r\n                        .card-text-inside{\r\n                                                 display: -webkit-box;\r\n                    -webkit-line-clamp: 4;\r\n                    -webkit-box-orient: vertical;\r\n                     overflow:hidden;\r\n                     text-overflow: ellipsis;\r\n                        }\r\n                        <\/style>\r\n                                    <\/div>\r\n            <\/div>\r\n        <\/a>\r\n    <\/div>\r\n\r\n\r\n\ufeff\r\n    <div class=\"card-format col col-12 col-md-4 col-lg-4 pl-1 pl-md-0 pr-1 pr-md-2 mb-2\">\r\n        <a class=\"d-block w-100\"  href=\"https:\/\/semmelweis.hu\/pak\/2024\/05\/30\/az-ev-dolgozata-verseny\/\">\r\n      <!--  <a class=\"d-block w-100\" target=\"_blank\" href=\" \"> -->\r\n            <div class=\"card\">\r\n                                    <div class=\"card-image img-fluid \">\r\n                         \r\n                        <img loading=\"lazy\" decoding=\"async\" width=\"753\" height=\"753\" src=\"https:\/\/semmelweis.hu\/pak\/files\/2024\/05\/lrjksxf9-768x768.png\" class=\"landscape wp-post-image\" alt=\"\" srcset=\"https:\/\/semmelweis.hu\/pak\/files\/2024\/05\/lrjksxf9-768x768.png 768w, https:\/\/semmelweis.hu\/pak\/files\/2024\/05\/lrjksxf9-400x400.png 400w, https:\/\/semmelweis.hu\/pak\/files\/2024\/05\/lrjksxf9-150x150.png 150w, https:\/\/semmelweis.hu\/pak\/files\/2024\/05\/lrjksxf9-753x753.png 753w, https:\/\/semmelweis.hu\/pak\/files\/2024\/05\/lrjksxf9.png 1024w\" sizes=\"auto, (max-width: 753px) 100vw, 753px\" \/>                    <\/div>\r\n                \r\n                <div class=\"card-body\">\r\n                    <div class=\"card-date text-uppercase    \">\r\n                                                    <h5><span class=\"font-weight-normal\">2024. <\/span>m\u00e1jus 30.<\/h5>\r\n                                            <\/div>\r\n                    <div class=\"card-title\">\r\n                        <h3 class=\"mt-2 entry-title\">Az \u00c9v dolgozata verseny<\/h3>\r\n                    <\/div>\r\n                    <style>\r\n                        .card-text-inside{\r\n                                                 display: -webkit-box;\r\n                    -webkit-line-clamp: 4;\r\n                    -webkit-box-orient: vertical;\r\n                     overflow:hidden;\r\n                     text-overflow: ellipsis;\r\n                        }\r\n                        <\/style>\r\n                                    <\/div>\r\n            <\/div>\r\n        <\/a>\r\n    <\/div>\r\n\r\n\r\n\ufeff\r\n    <div class=\"card-format col col-12 col-md-4 col-lg-4 pl-1 pl-md-0 pr-1 pr-md-2 mb-2\">\r\n        <a class=\"d-block w-100\"  href=\"https:\/\/semmelweis.hu\/pak\/2021\/05\/27\/6024\/\">\r\n      <!--  <a class=\"d-block w-100\" target=\"_blank\" href=\" \"> -->\r\n            <div class=\"card\">\r\n                                    <div class=\"card-image img-fluid \">\r\n                         \r\n                        <img loading=\"lazy\" decoding=\"async\" width=\"753\" height=\"424\" src=\"https:\/\/semmelweis.hu\/pak\/files\/2021\/05\/evdolgozata-768x432.jpg\" class=\"landscape wp-post-image\" alt=\"\" srcset=\"https:\/\/semmelweis.hu\/pak\/files\/2021\/05\/evdolgozata-768x432.jpg 768w, https:\/\/semmelweis.hu\/pak\/files\/2021\/05\/evdolgozata-400x225.jpg 400w, https:\/\/semmelweis.hu\/pak\/files\/2021\/05\/evdolgozata-753x424.jpg 753w, https:\/\/semmelweis.hu\/pak\/files\/2021\/05\/evdolgozata.jpg 960w\" sizes=\"auto, (max-width: 753px) 100vw, 753px\" \/>                    <\/div>\r\n                \r\n                <div class=\"card-body\">\r\n                    <div class=\"card-date text-uppercase    \">\r\n                                                    <h5><span class=\"font-weight-normal\">2021. <\/span>m\u00e1jus 27.<\/h5>\r\n                                            <\/div>\r\n                    <div class=\"card-title\">\r\n                        <h3 class=\"mt-2 entry-title\">&#8222;Az \u00e9v dolgozata&#8221; verseny eredm\u00e9nyei<\/h3>\r\n                    <\/div>\r\n                    <style>\r\n                        .card-text-inside{\r\n                                                 display: -webkit-box;\r\n                    -webkit-line-clamp: 4;\r\n                    -webkit-box-orient: vertical;\r\n                     overflow:hidden;\r\n                     text-overflow: ellipsis;\r\n                        }\r\n                        <\/style>\r\n                                    <\/div>\r\n            <\/div>\r\n        <\/a>\r\n    <\/div>\r\n\r\n\r\n\ufeff\r\n    <div class=\"card-format col col-12 col-md-4 col-lg-4 pl-1 pl-md-0 pr-1 pr-md-2 mb-2\">\r\n        <a class=\"d-block w-100\"  href=\"https:\/\/semmelweis.hu\/pak\/2020\/07\/20\/az-ev-dolgozata-verseny-unnepelyes-dijatadoja\/\">\r\n      <!--  <a class=\"d-block w-100\" target=\"_blank\" href=\" \"> -->\r\n            <div class=\"card\">\r\n                                    <div class=\"card-image img-fluid \">\r\n                         \r\n                        <img loading=\"lazy\" decoding=\"async\" width=\"753\" height=\"502\" src=\"https:\/\/semmelweis.hu\/pak\/files\/2020\/07\/DSC_9861-768x512.jpg\" class=\"landscape wp-post-image\" alt=\"\" srcset=\"https:\/\/semmelweis.hu\/pak\/files\/2020\/07\/DSC_9861-768x512.jpg 768w, https:\/\/semmelweis.hu\/pak\/files\/2020\/07\/DSC_9861-300x200.jpg 300w, https:\/\/semmelweis.hu\/pak\/files\/2020\/07\/DSC_9861-753x502.jpg 753w, https:\/\/semmelweis.hu\/pak\/files\/2020\/07\/DSC_9861-203x135.jpg 203w, https:\/\/semmelweis.hu\/pak\/files\/2020\/07\/DSC_9861.jpg 1024w\" sizes=\"auto, (max-width: 753px) 100vw, 753px\" \/>                    <\/div>\r\n                \r\n                <div class=\"card-body\">\r\n                    <div class=\"card-date text-uppercase    \">\r\n                                                    <h5><span class=\"font-weight-normal\">2020. <\/span>j\u00falius 20.<\/h5>\r\n                                            <\/div>\r\n                    <div class=\"card-title\">\r\n                        <h3 class=\"mt-2 entry-title\">Az &#8222;\u00c9v dolgozata&#8221; verseny \u00fcnnep\u00e9lyes d\u00edj\u00e1tad\u00f3ja<\/h3>\r\n                    <\/div>\r\n                    <style>\r\n                        .card-text-inside{\r\n                                                 display: -webkit-box;\r\n                    -webkit-line-clamp: 4;\r\n                    -webkit-box-orient: vertical;\r\n                     overflow:hidden;\r\n                     text-overflow: ellipsis;\r\n                        }\r\n                        <\/style>\r\n                                    <\/div>\r\n            <\/div>\r\n        <\/a>\r\n    <\/div>\r\n\r\n\r\n                \r\n            <\/div>\r\n        <\/div>\r\n\r\n                                <div class=\"section-row row mt-0  pr-normal mx-0 d-md-none\">\r\n                    <div class=\"col-auto section-title\">\r\n                        <h2>Kapcsol\u00f3d\u00f3 h\u00edrek<\/h2>\r\n                    <\/div>\r\n                <\/div>\r\n                        <div class=\"post-slide-hirek row px-0\">\r\n            <style>\r\n                .post-slide-hirek .owl-nav button {\r\n                    margin: 0px !important;\r\n                    height: 100% !important;\r\n                }\r\n\r\n                .card-custom-title {\r\n                    font-size: 17px;\r\n                    line-height: 23px;\r\n                    overflow: hidden;\r\n                    text-overflow: ellipsis;\r\n                    display: -webkit-box;\r\n                    -webkit-line-clamp: 3;\r\n                    -webkit-box-orient: vertical;\r\n                    min-height: 72px;\r\n                }\r\n\r\n                .card-custom-max-h {\r\n                    max-height: 235px !important;\r\n                    object-fit: cover;\r\n                }\r\n\r\n                .post-slide-hirek .owl-item .card-img img {\r\n                    opacity: 1 !important;\r\n                    aspect-ratio: 3\/ 2;\r\n\r\n                }\r\n                .card:has(.card-date:not(.d-none)):not(:has(img)) {\r\n                    margin-top: 20px;\r\n                }\r\n            <\/style>\r\n                            <div class=\"owl-carousel col-12 px-0 mt-2 mb-4 md-md-0 d-sm-none\">\r\n                                            <a class=\"item-1\" href=\"https:\/\/semmelweis.hu\/pak\/2025\/05\/26\/bemutatkoztak-az-ev-dolgozatai-a-peto-andras-karon\/\">\r\n\r\n                            <div class=\"card-img \">\r\n                                <img loading=\"lazy\" decoding=\"async\" width=\"560\" height=\"295\" src=\"https:\/\/semmelweis.hu\/pak\/files\/2025\/05\/IMG_7547-scaled.jpg\" class=\"d-block card-custom-max-h  img-fluid n-1 wp-post-image\" alt=\"\" srcset=\"https:\/\/semmelweis.hu\/pak\/files\/2025\/05\/IMG_7547-scaled.jpg 2560w, https:\/\/semmelweis.hu\/pak\/files\/2025\/05\/IMG_7547-400x211.jpg 400w, https:\/\/semmelweis.hu\/pak\/files\/2025\/05\/IMG_7547-1024x539.jpg 1024w, https:\/\/semmelweis.hu\/pak\/files\/2025\/05\/IMG_7547-768x405.jpg 768w, https:\/\/semmelweis.hu\/pak\/files\/2025\/05\/IMG_7547-1536x809.jpg 1536w, https:\/\/semmelweis.hu\/pak\/files\/2025\/05\/IMG_7547-2048x1079.jpg 2048w, https:\/\/semmelweis.hu\/pak\/files\/2025\/05\/IMG_7547-753x397.jpg 753w\" sizes=\"auto, (max-width: 560px) 100vw, 560px\" \/>                            <\/div>\r\n                            <div class=\"card-title mb-1\">\r\n                                <h3 class=\"mt-0 pt-1 mb-0 px-2 card-custom-title d-flex align-items-center d-md-block\">\r\n                                    <span class=\"entry-title pt-0 pt-md-1\">Bemutatkoztak az \u00c9v dolgozatai a Pet\u0151 Andr\u00e1s Karon                                <\/h3>\r\n                            <\/div>\r\n                            \r\n\r\n                        <\/a>\r\n                                            <a class=\"item-2\" href=\"https:\/\/semmelweis.hu\/pak\/2025\/01\/15\/tudomanyos-ulessorozat-2025-tavaszi-szemeszter\/\">\r\n\r\n                            <div class=\"card-img \">\r\n                                <img loading=\"lazy\" decoding=\"async\" width=\"560\" height=\"295\" src=\"https:\/\/semmelweis.hu\/pak\/files\/2025\/01\/Zoom-hatter-2-1-scaled.jpg\" class=\"d-block card-custom-max-h  img-fluid n-2 wp-post-image\" alt=\"\" srcset=\"https:\/\/semmelweis.hu\/pak\/files\/2025\/01\/Zoom-hatter-2-1-scaled.jpg 2560w, https:\/\/semmelweis.hu\/pak\/files\/2025\/01\/Zoom-hatter-2-1-400x211.jpg 400w, https:\/\/semmelweis.hu\/pak\/files\/2025\/01\/Zoom-hatter-2-1-1024x540.jpg 1024w, https:\/\/semmelweis.hu\/pak\/files\/2025\/01\/Zoom-hatter-2-1-768x405.jpg 768w, https:\/\/semmelweis.hu\/pak\/files\/2025\/01\/Zoom-hatter-2-1-1536x810.jpg 1536w, https:\/\/semmelweis.hu\/pak\/files\/2025\/01\/Zoom-hatter-2-1-2048x1080.jpg 2048w, https:\/\/semmelweis.hu\/pak\/files\/2025\/01\/Zoom-hatter-2-1-753x397.jpg 753w\" sizes=\"auto, (max-width: 560px) 100vw, 560px\" \/>                            <\/div>\r\n                            <div class=\"card-title mb-1\">\r\n                                <h3 class=\"mt-0 pt-1 mb-0 px-2 card-custom-title d-flex align-items-center d-md-block\">\r\n                                    <span class=\"entry-title pt-0 pt-md-1\">Tudom\u00e1nyos \u00fcl\u00e9ssorozat &#8211; 2025. tavaszi szemeszter                                <\/h3>\r\n                            <\/div>\r\n                            \r\n\r\n                        <\/a>\r\n                                            <a class=\"item-3\" href=\"https:\/\/semmelweis.hu\/pak\/2024\/05\/30\/az-ev-dolgozata-verseny\/\">\r\n\r\n                            <div class=\"card-img \">\r\n                                <img loading=\"lazy\" decoding=\"async\" width=\"560\" height=\"560\" src=\"https:\/\/semmelweis.hu\/pak\/files\/2024\/05\/lrjksxf9-753x753.png\" class=\"d-block card-custom-max-h  img-fluid n-3 wp-post-image\" alt=\"\" srcset=\"https:\/\/semmelweis.hu\/pak\/files\/2024\/05\/lrjksxf9-753x753.png 753w, https:\/\/semmelweis.hu\/pak\/files\/2024\/05\/lrjksxf9-400x400.png 400w, https:\/\/semmelweis.hu\/pak\/files\/2024\/05\/lrjksxf9-150x150.png 150w, https:\/\/semmelweis.hu\/pak\/files\/2024\/05\/lrjksxf9-768x768.png 768w, https:\/\/semmelweis.hu\/pak\/files\/2024\/05\/lrjksxf9.png 1024w\" sizes=\"auto, (max-width: 560px) 100vw, 560px\" \/>                            <\/div>\r\n                            <div class=\"card-title mb-1\">\r\n                                <h3 class=\"mt-0 pt-1 mb-0 px-2 card-custom-title d-flex align-items-center d-md-block\">\r\n                                    <span class=\"entry-title pt-0 pt-md-1\">Az \u00c9v dolgozata verseny                                <\/h3>\r\n                            <\/div>\r\n                            \r\n\r\n                        <\/a>\r\n                                            <a class=\"item-4\" href=\"https:\/\/semmelweis.hu\/pak\/2021\/05\/27\/6024\/\">\r\n\r\n                            <div class=\"card-img \">\r\n                                <img loading=\"lazy\" decoding=\"async\" width=\"560\" height=\"315\" src=\"https:\/\/semmelweis.hu\/pak\/files\/2021\/05\/evdolgozata.jpg\" class=\"d-block card-custom-max-h  img-fluid n-4 wp-post-image\" alt=\"\" srcset=\"https:\/\/semmelweis.hu\/pak\/files\/2021\/05\/evdolgozata.jpg 960w, https:\/\/semmelweis.hu\/pak\/files\/2021\/05\/evdolgozata-400x225.jpg 400w, https:\/\/semmelweis.hu\/pak\/files\/2021\/05\/evdolgozata-768x432.jpg 768w, https:\/\/semmelweis.hu\/pak\/files\/2021\/05\/evdolgozata-753x424.jpg 753w\" sizes=\"auto, (max-width: 560px) 100vw, 560px\" \/>                            <\/div>\r\n                            <div class=\"card-title mb-1\">\r\n                                <h3 class=\"mt-0 pt-1 mb-0 px-2 card-custom-title d-flex align-items-center d-md-block\">\r\n                                    <span class=\"entry-title pt-0 pt-md-1\">&#8222;Az \u00e9v dolgozata&#8221; verseny eredm\u00e9nyei                                <\/h3>\r\n                            <\/div>\r\n                            \r\n\r\n                        <\/a>\r\n                                            <a class=\"item-5\" href=\"https:\/\/semmelweis.hu\/pak\/2020\/07\/20\/az-ev-dolgozata-verseny-unnepelyes-dijatadoja\/\">\r\n\r\n                            <div class=\"card-img \">\r\n                                <img loading=\"lazy\" decoding=\"async\" width=\"560\" height=\"374\" src=\"https:\/\/semmelweis.hu\/pak\/files\/2020\/07\/DSC_9861.jpg\" class=\"d-block card-custom-max-h  img-fluid n-5 wp-post-image\" alt=\"\" srcset=\"https:\/\/semmelweis.hu\/pak\/files\/2020\/07\/DSC_9861.jpg 1024w, https:\/\/semmelweis.hu\/pak\/files\/2020\/07\/DSC_9861-300x200.jpg 300w, https:\/\/semmelweis.hu\/pak\/files\/2020\/07\/DSC_9861-768x512.jpg 768w, https:\/\/semmelweis.hu\/pak\/files\/2020\/07\/DSC_9861-753x502.jpg 753w, https:\/\/semmelweis.hu\/pak\/files\/2020\/07\/DSC_9861-203x135.jpg 203w\" sizes=\"auto, (max-width: 560px) 100vw, 560px\" \/>                            <\/div>\r\n                            <div class=\"card-title mb-1\">\r\n                                <h3 class=\"mt-0 pt-1 mb-0 px-2 card-custom-title d-flex align-items-center d-md-block\">\r\n                                    <span class=\"entry-title pt-0 pt-md-1\">Az &#8222;\u00c9v dolgozata&#8221; verseny \u00fcnnep\u00e9lyes d\u00edj\u00e1tad\u00f3ja                                <\/h3>\r\n                            <\/div>\r\n                            \r\n\r\n                        <\/a>\r\n                                    <\/div>\r\n\r\n                                <div class=\"section-row row ml-0 w-100 mt-2 mb-4\">\r\n\r\n\r\n\r\n                <div class=\"d-md-none  col-6 ml-auto text-uppercase px-0 section-link mr-3 mr-sm-2 \">\r\n                    <h5 class=\"m-0\">\r\n                        <a href=\"https:\/\/semmelweis.hu\/pak\/tag\/az-ev-dolgozata\/\">\u00d6sszes cikk<\/a>\r\n\r\n                    <\/h5>\r\n                <\/div>\r\n            <\/div>\r\n        \r\n        <\/div><!-- owl-carousel -->\r\n    <\/section>\r\n\r\n\n","protected":false},"excerpt":{"rendered":"<p>2020. j\u00falius 3-\u00e1n sor ker\u00fclt a 2020. \u00e9vi, az &#8222;\u00c9v dolgozata&#8221; elnevez\u00e9s\u0171 verseny eredm\u00e9nyhirdet\u00e9s\u00e9re \u00e9s \u00fcnnep\u00e9lyes d\u00edj\u00e1tad\u00f3j\u00e1ra. A d\u00edjakat Dr. Tenk Mikl\u00f3sn\u00e9 dr. Zsebe Andrea d\u00e9k\u00e1n, Feket\u00e9n\u00e9 dr. Szab\u00f3 \u00c9va \u00e1ltal\u00e1nos d\u00e9k\u00e1nhelyettes,\u00a0 dr. T\u00fari Ibolya tudom\u00e1nyos d\u00e9k\u00e1nhelyettes \u00e9s dr. Matos L\u00e1szl\u00f3 oktat\u00e1si d\u00e9k\u00e1nhelyettes, valamint dr. Pint\u00e9r Henriett a hallgat\u00f3i tehets\u00e9ggondoz\u00e1s\u00e9rt felel\u0151s d\u00e9k\u00e1ni megb\u00edzott adt\u00e1k \u00e1t &hellip;<\/p>\n","protected":false},"author":101255,"featured_media":6026,"parent":4286,"menu_order":3,"comment_status":"closed","ping_status":"closed","template":"","meta":{"_acf_changed":false,"footnotes":""},"categories":[],"tags":[],"class_list":["post-4821","page","type-page","status-publish","has-post-thumbnail","hentry"],"acf":[],"_links":{"self":[{"href":"https:\/\/semmelweis.hu\/pak\/wp-json\/wp\/v2\/pages\/4821","targetHints":{"allow":["GET"]}}],"collection":[{"href":"https:\/\/semmelweis.hu\/pak\/wp-json\/wp\/v2\/pages"}],"about":[{"href":"https:\/\/semmelweis.hu\/pak\/wp-json\/wp\/v2\/types\/page"}],"author":[{"embeddable":true,"href":"https:\/\/semmelweis.hu\/pak\/wp-json\/wp\/v2\/users\/101255"}],"replies":[{"embeddable":true,"href":"https:\/\/semmelweis.hu\/pak\/wp-json\/wp\/v2\/comments?post=4821"}],"version-history":[{"count":10,"href":"https:\/\/semmelweis.hu\/pak\/wp-json\/wp\/v2\/pages\/4821\/revisions"}],"predecessor-version":[{"id":10107,"href":"https:\/\/semmelweis.hu\/pak\/wp-json\/wp\/v2\/pages\/4821\/revisions\/10107"}],"up":[{"embeddable":true,"href":"https:\/\/semmelweis.hu\/pak\/wp-json\/wp\/v2\/pages\/4286"}],"wp:featuredmedia":[{"embeddable":true,"href":"https:\/\/semmelweis.hu\/pak\/wp-json\/wp\/v2\/media\/6026"}],"wp:attachment":[{"href":"https:\/\/semmelweis.hu\/pak\/wp-json\/wp\/v2\/media?parent=4821"}],"wp:term":[{"taxonomy":"category","embeddable":true,"href":"https:\/\/semmelweis.hu\/pak\/wp-json\/wp\/v2\/categories?post=4821"},{"taxonomy":"post_tag","embeddable":true,"href":"https:\/\/semmelweis.hu\/pak\/wp-json\/wp\/v2\/tags?post=4821"}],"curies":[{"name":"wp","href":"https:\/\/api.w.org\/{rel}","templated":true}]}}