{"id":4286,"date":"2019-10-15T13:38:35","date_gmt":"2019-10-15T11:38:35","guid":{"rendered":"http:\/\/semmelweis.hu\/pak\/?page_id=4286"},"modified":"2024-03-18T12:35:40","modified_gmt":"2024-03-18T11:35:40","slug":"tudomanyos-rendezvenyeink","status":"publish","type":"page","link":"https:\/\/semmelweis.hu\/pak\/kutatas\/tudomanyos-rendezvenyeink\/","title":{"rendered":"Tudom\u00e1nyos rendezv\u00e9nyeink"},"content":{"rendered":"<style>\n           #page-grid .card-body > .line-clamp-box.excerpt{\n        width: inherit;\n        max-width: inherit;\n        display:flex;\n        min-height: 2.4em;\n        flex-direction: column;\n        justify-content: space-around;\n        background-color: #D6E4EA;\n        min-height: 3.4rem;\n        font-family: \"Montserrat\", sans-serif;\n    }\n\n    #page-grid a:hover .card-body > .line-clamp-box.excerpt {\n        background-color: #fff;\n        color: #313B40;\n    }\n\n    #page-grid .card-body .line-clamp-box.excerpt section{\n        max-width: inherit;\n        display: -webkit-box;\n        -webkit-line-clamp: 2;\n        -webkit-box-orient: vertical;\n        overflow: hidden;\n        text-overflow: ellipsis;\n        hyphens: auto;\n        margin: auto;\n        \n    }\n    .line-clamp-box.excerpt section, .line-clamp-box.excerpt section p{\n        font-size:0.8em;\n    }\n    \n<\/style>\n    <section id=\"page-grid\">\n        <section class=\"d-block d-md-flex title-row my-3 ml-0 ml-md-1\">\n<div class=\"section-title  mb-1 \">\n<h2>\n    A kar tudom\u00e1nyos rendezv\u00e9nyei\n<\/h2>\n<\/div>\n<\/section>\n        <div class=\"row row-cols-1 row-cols-md-2 row-cols-lg-2 no-gutters mx-0 \">    <div class =\"col  mb-2 card-wrapper\">\n        <a class=\"d-flex flex-fill card-link-warapper m-md-1\" href=\"https:\/\/semmelweis.hu\/pak\/kutatas\/tudomanyos-rendezvenyeink\/peto-andras-tudomanyos-es-szakmai-szimpozium\/\">\n            <div class=\"card border border-secondary se-border flex-fill\">\n                <div class=\"row no-gutters mx-0 d-flex flex-nowrap flex-md-wrap align-items-center\">\n                    <div class =\"  col-5 col-md-12   card-image justify-content-center\">\n                        <img loading=\"lazy\" decoding=\"async\" width=\"753\" height=\"502\" src=\"https:\/\/semmelweis.hu\/pak\/files\/2023\/11\/Peto130-A4-TUDOM-kiemelt-950-633.jpg\" class=\"landscape wp-post-image\" alt=\"\" srcset=\"https:\/\/semmelweis.hu\/pak\/files\/2023\/11\/Peto130-A4-TUDOM-kiemelt-950-633.jpg 950w, https:\/\/semmelweis.hu\/pak\/files\/2023\/11\/Peto130-A4-TUDOM-kiemelt-950-633-400x267.jpg 400w, https:\/\/semmelweis.hu\/pak\/files\/2023\/11\/Peto130-A4-TUDOM-kiemelt-950-633-768x512.jpg 768w, https:\/\/semmelweis.hu\/pak\/files\/2023\/11\/Peto130-A4-TUDOM-kiemelt-950-633-753x502.jpg 753w, https:\/\/semmelweis.hu\/pak\/files\/2023\/11\/Peto130-A4-TUDOM-kiemelt-950-633-203x135.jpg 203w\" sizes=\"auto, (max-width: 753px) 100vw, 753px\" \/>\n                    <\/div>\n                    <div class=\"card-body  col flex-column  col-md-12 p-0\">\n                        <div class=\"line-clamp-box p-3\">\n                            <h5 class=\"ml-0 ml-sm-1 mt-2 align-items-center\"  >Pet\u0151 Andr\u00e1s tudom\u00e1nyos \u00e9s szakmai szimp\u00f3zium<\/h5>\n                        <\/div>\n                            <div class= \"line-clamp-box excerpt m-0 p-2 pl-3\">\n        <section>\n            \nA Pet\u0151 Andr\u00e1sr\u00f3l elnevezett Szimp\u00f3ziumot hagyom\u00e1nyosan minden \u00e9v november v\u00e9g\u00e9n, a Magyar Tudom\u00e1ny \u00dcnnepe rendezv\u00e9nysorozathoz hivatalosan kapcsol\u00f3dva rendezz\u00fck meg. Az esem\u00e9ny c\u00e9lja tudom\u00e1nyos alapokon bemutatni \u00e9s megvitatni a kondukt\u00edv nevel\u00e9s \u00e9s a konduktork\u00e9pz\u00e9s m\u00faltj\u00e1nak \u00e9s jelen\u00e9nek, aktu\u00e1lis kih\u00edv\u00e1sait, valamint a k\u00fcl\u00f6nleges gondoz\u00e1st \u00e9s nevel\u00e9st ig\u00e9nyl\u0151 korasz\u00fcl\u00f6tt, valamint k\u00f6zponti idegrendszeri mozg\u00e1ss\u00e9r\u00fclt gyermekek, feln\u0151ttek \u00e9s csal\u00e1djaik ..\n        <\/section>\n    <\/div>\n                    <\/div>\n                <\/div>\n\n            <\/div>\n        <\/a>\n    <\/div>    <div class =\"col  mb-2 card-wrapper\">\n        <a class=\"d-flex flex-fill card-link-warapper m-md-1\" href=\"https:\/\/semmelweis.hu\/pak\/kutatas\/tudomanyos-rendezvenyeink\/hari-maria-szakmai-szimpozium\/\">\n            <div class=\"card border border-secondary se-border flex-fill\">\n                <div class=\"row no-gutters mx-0 d-flex flex-nowrap flex-md-wrap align-items-center\">\n                    <div class =\"  col-5 col-md-12   card-image justify-content-center\">\n                        <img loading=\"lazy\" decoding=\"async\" width=\"753\" height=\"502\" src=\"https:\/\/semmelweis.hu\/pak\/files\/2023\/10\/EMLEKEZZUNK-HARI-MARIARA-KIEMELT-KEP-950x633-1.jpg\" class=\"landscape wp-post-image\" alt=\"\" srcset=\"https:\/\/semmelweis.hu\/pak\/files\/2023\/10\/EMLEKEZZUNK-HARI-MARIARA-KIEMELT-KEP-950x633-1.jpg 950w, https:\/\/semmelweis.hu\/pak\/files\/2023\/10\/EMLEKEZZUNK-HARI-MARIARA-KIEMELT-KEP-950x633-1-400x267.jpg 400w, https:\/\/semmelweis.hu\/pak\/files\/2023\/10\/EMLEKEZZUNK-HARI-MARIARA-KIEMELT-KEP-950x633-1-768x512.jpg 768w, https:\/\/semmelweis.hu\/pak\/files\/2023\/10\/EMLEKEZZUNK-HARI-MARIARA-KIEMELT-KEP-950x633-1-753x502.jpg 753w, https:\/\/semmelweis.hu\/pak\/files\/2023\/10\/EMLEKEZZUNK-HARI-MARIARA-KIEMELT-KEP-950x633-1-203x135.jpg 203w\" sizes=\"auto, (max-width: 753px) 100vw, 753px\" \/>\n                    <\/div>\n                    <div class=\"card-body  col flex-column  col-md-12 p-0\">\n                        <div class=\"line-clamp-box p-3\">\n                            <h5 class=\"ml-0 ml-sm-1 mt-2 align-items-center\"  >H\u00e1ri M\u00e1ria Szakmai Szimp\u00f3zium<\/h5>\n                        <\/div>\n                            <div class= \"line-clamp-box excerpt m-0 p-2 pl-3\">\n        <section>\n            H\u00e1ri Szakmai Szimp\u00f3zium egyr\u00e9szt f\u0151hajt\u00e1st \u00e9s tisztelg\u00e9st jelent dr. H\u00e1ri m\u00e1ria munk\u00e1ss\u00e1ga el\u0151tt; m\u00e1sr\u00e9szt felh\u00edv\u00e1s, hogy az eml\u00e9kez\u00e9s keretein bel\u00fcl lehessen \u00fajragondolni azt, hogy mit adhat a mai kor ember\u00e9nek a kondukt\u00edv nevel\u00e9s. A tudom\u00e1nyos szimp\u00f3zium egy\u00fattal arra is lehet\u0151s\u00e9get ad, hogy a szenior konduktorok \u00fajra ell\u00e1togassanak az int\u00e9zm\u00e9nybe, \u00e9s k\u00f6tetlen keretek k\u00f6z\u00f6tt feleleven\u00edthess\u00e9k \u00e9lm\u00e9nyeiket\n        <\/section>\n    <\/div>\n                    <\/div>\n                <\/div>\n\n            <\/div>\n        <\/a>\n    <\/div>    <div class =\"col  mb-2 card-wrapper\">\n        <a class=\"d-flex flex-fill card-link-warapper m-md-1\" href=\"https:\/\/semmelweis.hu\/pak\/kutatas\/tudomanyos-rendezvenyeink\/vilagkongresszus-a-konduktiv-nevelesrol\/\">\n            <div class=\"card border border-secondary se-border flex-fill\">\n                <div class=\"row no-gutters mx-0 d-flex flex-nowrap flex-md-wrap align-items-center\">\n                    <div class =\"  col-5 col-md-12   card-image justify-content-center\">\n                        <img loading=\"lazy\" decoding=\"async\" width=\"753\" height=\"502\" src=\"https:\/\/semmelweis.hu\/pak\/files\/2022\/10\/wcce-1024x683.jpg\" class=\"landscape wp-post-image\" alt=\"\" srcset=\"https:\/\/semmelweis.hu\/pak\/files\/2022\/10\/wcce-1024x683.jpg 1024w, https:\/\/semmelweis.hu\/pak\/files\/2022\/10\/wcce-400x267.jpg 400w, https:\/\/semmelweis.hu\/pak\/files\/2022\/10\/wcce-768x512.jpg 768w, https:\/\/semmelweis.hu\/pak\/files\/2022\/10\/wcce-753x502.jpg 753w, https:\/\/semmelweis.hu\/pak\/files\/2022\/10\/wcce-203x135.jpg 203w, https:\/\/semmelweis.hu\/pak\/files\/2022\/10\/wcce.jpg 1080w\" sizes=\"auto, (max-width: 753px) 100vw, 753px\" \/>\n                    <\/div>\n                    <div class=\"card-body  col flex-column  col-md-12 p-0\">\n                        <div class=\"line-clamp-box p-3\">\n                            <h5 class=\"ml-0 ml-sm-1 mt-2 align-items-center\"  >Vil\u00e1gkongresszus a Kondukt\u00edv Nevel\u00e9sr\u0151l<\/h5>\n                        <\/div>\n                            <div class= \"line-clamp-box excerpt m-0 p-2 pl-3\">\n        <section>\n            Vil\u00e1gkongresszus a Kondukt\u00edv Nevel\u00e9sr\u0151l\nA Vil\u00e1gkongresszust minden harmadik \u00e9vben a Nemzetk\u00f6zi Pet\u0151 Andr\u00e1s T\u00e1rsas\u00e1ga \u00edrja ki.\n\nKor\u00e1bbi Kondukt\u00edv Pedag\u00f3giai Vil\u00e1gkongresszusok:\n1. Kondukt\u00edv Pedag\u00f3giai Vil\u00e1gkongresszus (1990), Budapest, Magyarorsz\u00e1g\n\u201eFelk\u00e9sz\u00fcl\u00e9s a j\u00f6v\u0151re\u201d\nSzervez\u0151: Nemzetk\u00f6zi Pet\u0151 T\u00e1rsas\u00e1g\nV\u00e9dn\u00f6k: G\u00f6ncz \u00c1rp\u00e1d, a Magyar K\u00f6zt\u00e1rsas\u00e1g eln\u00f6ke\n2. Kondukt\u00edv Pedag\u00f3giai Vil\u00e1gkongresszus (1995), Budapest, Magyarorsz\u00e1g\n\u201e\u00c1lland\u00f3s\u00e1g \u00e9s v\u00e1ltoz\u00e1s\u201d\nSzervez\u0151: Nemzetk\u00f6zi Pet\u0151 ..\n        <\/section>\n    <\/div>\n                    <\/div>\n                <\/div>\n\n            <\/div>\n        <\/a>\n    <\/div>    <div class =\"col  mb-2 card-wrapper\">\n        <a class=\"d-flex flex-fill card-link-warapper m-md-1\" href=\"https:\/\/semmelweis.hu\/pak\/kutatas\/tudomanyos-rendezvenyeink\/az-ev-dolgozata-verseny\/\">\n            <div class=\"card border border-secondary se-border flex-fill\">\n                <div class=\"row no-gutters mx-0 d-flex flex-nowrap flex-md-wrap align-items-center\">\n                    <div class =\"  col-5 col-md-12   card-image justify-content-center\">\n                        <img loading=\"lazy\" decoding=\"async\" width=\"753\" height=\"424\" src=\"https:\/\/semmelweis.hu\/pak\/files\/2021\/05\/evdolgozata.jpg\" class=\"landscape wp-post-image\" alt=\"\" srcset=\"https:\/\/semmelweis.hu\/pak\/files\/2021\/05\/evdolgozata.jpg 960w, https:\/\/semmelweis.hu\/pak\/files\/2021\/05\/evdolgozata-400x225.jpg 400w, https:\/\/semmelweis.hu\/pak\/files\/2021\/05\/evdolgozata-768x432.jpg 768w, https:\/\/semmelweis.hu\/pak\/files\/2021\/05\/evdolgozata-753x424.jpg 753w\" sizes=\"auto, (max-width: 753px) 100vw, 753px\" \/>\n                    <\/div>\n                    <div class=\"card-body  col flex-column  col-md-12 p-0\">\n                        <div class=\"line-clamp-box p-3\">\n                            <h5 class=\"ml-0 ml-sm-1 mt-2 align-items-center\"  >Az \u00e9v dolgozata verseny<\/h5>\n                        <\/div>\n                            <div class= \"line-clamp-box excerpt m-0 p-2 pl-3\">\n        <section>\n            A Pet\u0151 Andr\u00e1s Karon \u201eAz \u00e9v dolgozata\u201d verseny 2002-ben indult \u00fatj\u00e1ra. C\u00e9lja olyan szakdolgozatok bemutat\u00e1sa, melyek a hazai pedag\u00f3gia, gy\u00f3gypedag\u00f3gia \u00e9s kondukt\u00edv pedag\u00f3gia egy adott t\u00e9m\u00e1j\u00e1nak szint\u00e9zis\u00e9t adj\u00e1k,\u00a0 illetve magas hozz\u00e1adott \u00e9rt\u00e9kkel rendelkez\u0151 \u00e9s tudom\u00e1nyosan megalapozott\u00a0 kutat\u00e1sokr\u00f3l sz\u00e1molnak be.\nA verseny k\u00fcldet\u00e9se els\u0151sorban a hallgat\u00f3i \u00e9s t\u00e9mavezet\u0151i tudom\u00e1nyos munk\u00e1k elismer\u00e9se a Karon, illetve olyan konduktorhallgat\u00f3k ..\n        <\/section>\n    <\/div>\n                    <\/div>\n                <\/div>\n\n            <\/div>\n        <\/a>\n    <\/div>        <\/div>\n    <\/section>\n","protected":false},"excerpt":{"rendered":"","protected":false},"author":101255,"featured_media":0,"parent":3265,"menu_order":5,"comment_status":"closed","ping_status":"closed","template":"","meta":{"_acf_changed":false,"footnotes":""},"categories":[],"tags":[],"class_list":["post-4286","page","type-page","status-publish","hentry"],"acf":[],"_links":{"self":[{"href":"https:\/\/semmelweis.hu\/pak\/wp-json\/wp\/v2\/pages\/4286","targetHints":{"allow":["GET"]}}],"collection":[{"href":"https:\/\/semmelweis.hu\/pak\/wp-json\/wp\/v2\/pages"}],"about":[{"href":"https:\/\/semmelweis.hu\/pak\/wp-json\/wp\/v2\/types\/page"}],"author":[{"embeddable":true,"href":"https:\/\/semmelweis.hu\/pak\/wp-json\/wp\/v2\/users\/101255"}],"replies":[{"embeddable":true,"href":"https:\/\/semmelweis.hu\/pak\/wp-json\/wp\/v2\/comments?post=4286"}],"version-history":[{"count":10,"href":"https:\/\/semmelweis.hu\/pak\/wp-json\/wp\/v2\/pages\/4286\/revisions"}],"predecessor-version":[{"id":10132,"href":"https:\/\/semmelweis.hu\/pak\/wp-json\/wp\/v2\/pages\/4286\/revisions\/10132"}],"up":[{"embeddable":true,"href":"https:\/\/semmelweis.hu\/pak\/wp-json\/wp\/v2\/pages\/3265"}],"wp:attachment":[{"href":"https:\/\/semmelweis.hu\/pak\/wp-json\/wp\/v2\/media?parent=4286"}],"wp:term":[{"taxonomy":"category","embeddable":true,"href":"https:\/\/semmelweis.hu\/pak\/wp-json\/wp\/v2\/categories?post=4286"},{"taxonomy":"post_tag","embeddable":true,"href":"https:\/\/semmelweis.hu\/pak\/wp-json\/wp\/v2\/tags?post=4286"}],"curies":[{"name":"wp","href":"https:\/\/api.w.org\/{rel}","templated":true}]}}