{"id":388,"date":"2017-12-19T00:00:00","date_gmt":"2017-12-18T23:00:00","guid":{"rendered":"http:\/\/semmelweis.hu\/pak\/gerincveloserultek-csoportja\/"},"modified":"2024-02-29T13:45:49","modified_gmt":"2024-02-29T12:45:49","slug":"gerincveloserultek-csoportja","status":"publish","type":"page","link":"https:\/\/semmelweis.hu\/pak\/konduktiv-fejlesztes\/felnott-nevelesi-egyseg-fne\/milyen-serules-tipusokkal-foglalkozunk\/gerincveloserultek-csoportja\/","title":{"rendered":"Gerincvel\u0151s\u00e9r\u00fcltek csoportja"},"content":{"rendered":"<p style=\"text-align: justify;\">A gerincvel\u0151 s\u00e9r\u00fcl\u00e9s\u00e9t okozhatja traum\u00e1s vagy m\u00e1s eredet\u0171 olyan behat\u00e1s, mely r\u00e9szlegesen vagy teljes eg\u00e9sz\u00e9ben \u00e9rinti a gerincben fut\u00f3 idegp\u00e1ly\u00e1k m\u0171k\u00f6d\u00e9s\u00e9t. Ennek k\u00f6vetkezt\u00e9ben teljes vagy r\u00e9szleges b\u00e9nul\u00e1s alakul ki a s\u00e9r\u00fcl\u00e9s magass\u00e1g\u00e1t\u00f3l f\u00fcgg\u0151en. Ennek megfelel\u0151en kialakulhat tetrapl\u00e9gia, mely mind a n\u00e9gy v\u00e9gtagot \u00e9s a t\u00f6rzs nagy r\u00e9sz\u00e9t, illetve parapl\u00e9gia, mely az als\u00f3 v\u00e9gtagokat \u00e9s bizonyos esetekben a t\u00f6rzs izmait \u00e9rinti.<\/p>\n<p style=\"text-align: justify;\">A kondukt\u00edv pedag\u00f3gia, mint rehabilit\u00e1ci\u00f3s m\u00f3dszer az ilyen t\u00edpus\u00fa s\u00e9r\u00fcltek sz\u00e1m\u00e1ra is egy lehets\u00e9ges alternat\u00edv\u00e1t k\u00edn\u00e1l a fejl\u0151d\u00e9sre.<\/p>\n<p style=\"text-align: justify;\">A foglalkoz\u00e1s ebben az estben is csoportos form\u00e1ban t\u00f6rt\u00e9nik. A programot az egy\u00e9ni c\u00e9loknak, sz\u00fcks\u00e9gleteknek \u00e9s \u00e1llapotnak megfelel\u0151en tervezz\u00fck, szervezz\u00fck meg.<\/p>\n<p style=\"text-align: justify;\">C\u00e9lunk a s\u00e9r\u00fcl\u00e9s magass\u00e1g\u00e1nak megfelel\u0151en a m\u00e9g \u00e9pen maradt funkci\u00f3k, mozg\u00e1sk\u00e9szs\u00e9gek fejleszt\u00e9se. A hely \u00e9s helyzetv\u00e1ltoztat\u00e1si form\u00e1k, technik\u00e1k egy\u00e9nre szabott kidolgoz\u00e1sa \u00e9s elsaj\u00e1t\u00edt\u00e1sa, a fizikai \u00e1ll\u00f3k\u00e9pess\u00e9g jav\u00edt\u00e1sa. Az eg\u00e9sz testre kiterjed\u0151 akt\u00edv-passz\u00edv kimozgat\u00e1ssal a kering\u00e9s \u00e9s az anyagcsere folyamatok pozit\u00edv ir\u00e1ny\u00fa befoly\u00e1sol\u00e1sa t\u00f6rt\u00e9nik, illetve a m\u00e1sodlagos \u00edz\u00fcleti kontrakt\u00far\u00e1k, deformit\u00e1sok kialakul\u00e1s\u00e1nak megel\u0151z\u00e9se.<\/p>\n","protected":false},"excerpt":{"rendered":"<p>A gerincvel\u0151 s\u00e9r\u00fcl\u00e9s\u00e9t okozhatja traum\u00e1s vagy m\u00e1s eredet\u0171 olyan behat\u00e1s, mely r\u00e9szlegesen vagy teljes eg\u00e9sz\u00e9ben \u00e9rinti a gerincben fut\u00f3 idegp\u00e1ly\u00e1k m\u0171k\u00f6d\u00e9s\u00e9t. Ennek k\u00f6vetkezt\u00e9ben teljes vagy r\u00e9szleges b\u00e9nul\u00e1s alakul ki a s\u00e9r\u00fcl\u00e9s magass\u00e1g\u00e1t\u00f3l f\u00fcgg\u0151en. Ennek megfelel\u0151en kialakulhat tetrapl\u00e9gia, mely mind a n\u00e9gy v\u00e9gtagot \u00e9s a t\u00f6rzs nagy r\u00e9sz\u00e9t, illetve parapl\u00e9gia, mely az als\u00f3 v\u00e9gtagokat \u00e9s bizonyos &hellip;<\/p>\n","protected":false},"author":101361,"featured_media":0,"parent":189,"menu_order":11,"comment_status":"closed","ping_status":"closed","template":"","meta":{"_acf_changed":false,"footnotes":""},"categories":[],"tags":[],"class_list":["post-388","page","type-page","status-publish","hentry"],"acf":[],"_links":{"self":[{"href":"https:\/\/semmelweis.hu\/pak\/wp-json\/wp\/v2\/pages\/388","targetHints":{"allow":["GET"]}}],"collection":[{"href":"https:\/\/semmelweis.hu\/pak\/wp-json\/wp\/v2\/pages"}],"about":[{"href":"https:\/\/semmelweis.hu\/pak\/wp-json\/wp\/v2\/types\/page"}],"author":[{"embeddable":true,"href":"https:\/\/semmelweis.hu\/pak\/wp-json\/wp\/v2\/users\/101361"}],"replies":[{"embeddable":true,"href":"https:\/\/semmelweis.hu\/pak\/wp-json\/wp\/v2\/comments?post=388"}],"version-history":[{"count":5,"href":"https:\/\/semmelweis.hu\/pak\/wp-json\/wp\/v2\/pages\/388\/revisions"}],"predecessor-version":[{"id":10063,"href":"https:\/\/semmelweis.hu\/pak\/wp-json\/wp\/v2\/pages\/388\/revisions\/10063"}],"up":[{"embeddable":true,"href":"https:\/\/semmelweis.hu\/pak\/wp-json\/wp\/v2\/pages\/189"}],"wp:attachment":[{"href":"https:\/\/semmelweis.hu\/pak\/wp-json\/wp\/v2\/media?parent=388"}],"wp:term":[{"taxonomy":"category","embeddable":true,"href":"https:\/\/semmelweis.hu\/pak\/wp-json\/wp\/v2\/categories?post=388"},{"taxonomy":"post_tag","embeddable":true,"href":"https:\/\/semmelweis.hu\/pak\/wp-json\/wp\/v2\/tags?post=388"}],"curies":[{"name":"wp","href":"https:\/\/api.w.org\/{rel}","templated":true}]}}