{"id":3871,"date":"2019-05-02T13:54:53","date_gmt":"2019-05-02T11:54:53","guid":{"rendered":"http:\/\/semmelweis.hu\/pak\/hallgatoknak\/felvetelt-nyert-hallgatoknak\/"},"modified":"2025-11-25T15:00:02","modified_gmt":"2025-11-25T14:00:02","slug":"felvetelt-nyert-hallgatoknak","status":"publish","type":"page","link":"https:\/\/semmelweis.hu\/pak\/hallgatoknak\/felvetelt-nyert-hallgatoknak\/","title":{"rendered":"Felv\u00e9telt nyert hallgat\u00f3knak"},"content":{"rendered":"<div class=\"keretes w-100\">\n<p><span style=\"font-size: 18pt\"><strong>Gratul\u00e1lunk felv\u00e9teli eredm\u00e9ny\u00e9hez! <\/strong><\/span><\/p>\n<p>Az al\u00e1bbiakban t\u00e1j\u00e9koztatjuk a tanulm\u00e1nyai megkezd\u00e9s\u00e9re vonatkoz\u00f3 tudnival\u00f3kr\u00f3l, amelyeket k\u00e9rj\u00fck, gondosan tanulm\u00e1nyozzon \u00e1t:<\/p>\n<ul>\n<li><a href=\"#ba\">Konduktor alapszak inform\u00e1ci\u00f3i a beiratkoz\u00e1shoz<\/a><\/li>\n<li><a href=\"#master\">Neurorehabilit\u00e1ci\u00f3 mesterszak inform\u00e1ci\u00f3i a beiratkoz\u00e1shoz<\/a><\/li>\n<li><a href=\"#szakvizsga\">Pedag\u00f3gus szakvizsga szakszolg\u00e1lati ter\u00fcleten tov\u00e1bbk\u00e9pz\u00e9s inform\u00e1ci\u00f3i a beiratkoz\u00e1shoz<\/a><a id=\"ba\"><\/a><\/li>\n<\/ul>\n<\/div>\n<h2>Konduktor alapszak inform\u00e1ci\u00f3i a beiratkoz\u00e1shoz<\/h2>\n<p><a href=\"https:\/\/semmelweis.hu\/informatika\/o365\/tutorial-anyagok\/utmutato-hallgatoi-o365-fiok-aktivalasahoz\/\" target=\"_blank\" rel=\"noopener\">Egyetemi email c\u00edm aktiv\u00e1l\u00e1sa\u00a0<\/a><\/p>\n<p><strong>Az egyetemi email c\u00edmet aktiv\u00e1lni 2025. augusztus 11-ig k\u00f6telez\u0151 annak \u00e9rdek\u00e9ben, hogy az oktat\u00e1ssal kapcsolatos minden fontos inform\u00e1ci\u00f3t megkapjon.<\/strong><\/p>\n<p><strong>Tan\u00e9vnyit\u00f3: 2025 augusztus 30. MVM Dome<\/strong><\/p>\n<p><strong>Megh\u00edv\u00f3 a tan\u00e9vnyit\u00f3 \u00fcnneps\u00e9gre:<\/strong><\/p>\n<p><a href=\"https:\/\/semmelweis.hu\/pak\/files\/2025\/07\/MVM-Dome_Tanevnyito-unnepseg.pdf\">MVM Dome_Tan\u00e9vnyit\u00f3 \u00fcnneps\u00e9g<\/a><\/p>\n<p>&nbsp;<\/p>\n<p>A tan\u00e9v <strong>2025. szeptember 1-\u00e9n <\/strong>(h\u00e9tf\u0151n) <strong>8:00<\/strong> <strong>\u00f3rakor<\/strong> a\u00a0 beiratkoz\u00e1ssal kezd\u0151dik, ez\u00e9rt k\u00e9rj\u00fck, hogy legk\u00e9s\u0151bb <strong>7:30-kor<\/strong> jelenjen meg a Bp. XII., K\u00fatv\u00f6lgyi \u00fat 8. sz\u00e1m, \u201eB\u201d \u00e9p\u00fclet 1.emelet 3-as tanterem el\u0151tt.<\/p>\n<p><strong>A beiratkoz\u00e1s ut\u00e1n 2025. szeptember 8-9-\u00e9n <\/strong>\u00a0<strong>k\u00f6telez\u0151 r\u00e9szv\u00e9tellel felk\u00e9sz\u00edt\u0151 program lesz<\/strong> <strong>Bevezet\u00e9s a fels\u0151oktat\u00e1sba<\/strong> c\u00edmmel.<\/p>\n<p><a href=\"https:\/\/semmelweis.hu\/pak\/files\/2025\/08\/Bevezetes-a-felsooktatasba-2.pdf\">Bevezet\u00e9s a fels\u0151oktat\u00e1sba<\/a><\/p>\n<p><span style=\"color: #ff0000\"><strong><em>K\u00e9rj\u00fck, hozza mag\u00e1val az al\u00e1bbi dokumentumokat \u00e9s a kit\u00f6lt\u00f6tt nyomtatv\u00e1nyokat!<\/em><\/strong><\/span><\/p>\n<div class=\"responsive-tabs\">\n<h2 class=\"tabtitle\">Sz\u00fcks\u00e9ges dokumentumok<\/h2>\n<div class=\"tabcontent\">\n\n<h3>Sz\u00fcks\u00e9ges dokumentumok:<\/h3>\n<ul>\n<li>szem\u00e9lyi igazolv\u00e1ny\u00e1t \u00e9s annak 1 p\u00e9ld\u00e1nyos m\u00e1solat\u00e1t,<\/li>\n<li>eredeti \u00e9retts\u00e9gi bizony\u00edtv\u00e1ny\u00e1t \u00e9s annak 1 m\u00e1solat\u00e1t,<\/li>\n<li>azon dokumentumokat, melyek\u00e9rt plusz pontokat kapott a felv\u00e9teli elj\u00e1r\u00e1sban<\/li>\n<li>1 darab \u00faj f\u00e9nyk\u00e9pet (35x45mm) igazolv\u00e1nyk\u00e9p m\u00e9retben (lehet fekete-feh\u00e9r is) \u00edrja r\u00e1 a nev\u00e9t a f\u00e9nyk\u00e9p h\u00e1tulj\u00e1ra<\/li>\n<li>k\u00f6zepes m\u00e9ret\u0171 lakatot (az \u00f6lt\u00f6z\u0151szekr\u00e9ny bez\u00e1r\u00e1s\u00e1hoz),<\/li>\n<li>1 p\u00e9ld\u00e1nyban a lakc\u00edmk\u00e1rtya m\u00e1solat\u00e1t,<\/li>\n<li>1 p\u00e9ld\u00e1nyban a TAJ-k\u00e1rtya m\u00e1solat\u00e1t,<\/li>\n<li>1 p\u00e9ld\u00e1nyban az ad\u00f3k\u00e1rtya m\u00e1solat\u00e1t,<\/li>\n<li>1 p\u00e9ld\u00e1nyban saj\u00e1t n\u00e9vre sz\u00f3l\u00f3, \u00e9rv\u00e9nyes banksz\u00e1mlaszerz\u0151d\u00e9s m\u00e1solat\u00e1t<\/li>\n<li>KIT\u00d6LT\u00d6TT beiratkoz\u00e1si lapot \u00e9s Nyilatkozatokat (Speci\u00e1lis adatv\u00e9delmi t\u00e1j\u00e9koztat\u00f3, Nyilatkozat I-II-III-IV)<\/li>\n<\/ul>\n<p style=\"padding-left: 40px\"><a href=\"https:\/\/semmelweis.hu\/pak\/files\/2022\/07\/OTP_Junior_igenylolapok_DM_Hallgato_kitoltheto_allo-SE.pdf\" target=\"_blank\" rel=\"noopener\">OTP Junior ig\u00e9nyl\u0151lap- sz\u00e1mlanyit\u00e1si aj\u00e1nlat\u00a0<\/a><\/p>\n\n<\/div><h2 class=\"tabtitle\">Nyomtatv\u00e1nyok<\/h2>\n<div class=\"tabcontent\">\n\n<h3>Beiratkoz\u00e1shoz sz\u00fcks\u00e9ges nyomtatv\u00e1nyok:<\/h3>\n<p>&nbsp;<\/p>\n<p>&nbsp;<\/p>\n<ul style=\"list-style-type: disc\">\n<li style=\"list-style-type: none\">\n<ul style=\"list-style-type: disc\">\n<li><a href=\"https:\/\/semmelweis.hu\/pak\/files\/2025\/08\/Nyilatkozat-korabbi-es-parhuzamos-tanulmanyokrol-1.pdf\">Nyilatkozat-kor\u00e1bbi-\u00e9s-p\u00e1rhuzamos-tanulm\u00e1nyokrol<\/a><\/li>\n<li><a href=\"https:\/\/semmelweis.hu\/pak\/files\/2025\/08\/Nyilatkozat-kep-es-hangfelvetel-kesziteserol-1.pdf\">Nyilatkozat-k\u00e9p-\u00e9s-hangfelv\u00e9tel-keszit\u00e9s\u00e9r\u0151l<\/a><\/li>\n<li><a href=\"https:\/\/semmelweis.hu\/pak\/files\/2025\/08\/Adatvedelmi-tajekoztato-1.pdf\">Adatv\u00e9delmi-tajekoztat\u00f3<\/a><\/li>\n<li><a href=\"https:\/\/semmelweis.hu\/pak\/files\/2025\/08\/Megismeresi-nyilatkozat-1.pdf\">Megismer\u00e9si-nyilatkozat<\/a><\/li>\n<li><a href=\"https:\/\/semmelweis.hu\/pak\/files\/2024\/07\/Munkavedelmi-nyilatkozat.pdf\">Munkav\u00e9delmi nyilatkozat<\/a><\/li>\n<li><a href=\"https:\/\/semmelweis.hu\/pak\/files\/2025\/07\/Adatvedelmi-tajekoztato-Egyetemi-Golyatabor-2025.pdf\">Adatv\u00e9delmi t\u00e1j\u00e9koztat\u00f3 Egyetemi G\u00f3lyat\u00e1bor 2025<\/a><\/li>\n<li><a href=\"https:\/\/semmelweis.hu\/pak\/files\/2025\/08\/Fogadalomtetel-1.pdf\">Fogadalomt\u00e9tel<\/a><\/li>\n<\/ul>\n<\/li>\n<\/ul>\n<p>&nbsp;<\/p>\n<h3>Az orvosi vizsg\u00e1lathoz sz\u00fcks\u00e9ges nyomtatv\u00e1nyok:<\/h3>\n<p>&nbsp;<\/p>\n<ul>\n<li><a href=\"https:\/\/semmelweis.hu\/pak\/files\/2025\/07\/Haziorvosi-nyilatkozat-1.pdf\">H\u00e1ziorvosi nyilatkozat<\/a><\/li>\n<li><a href=\"https:\/\/semmelweis.hu\/pak\/files\/2025\/07\/Anamnezis-lap-2025-2.pdf\">Anamn\u00e9zis-lap-2025<\/a><\/li>\n<li><a href=\"https:\/\/semmelweis.hu\/pak\/files\/2024\/07\/Egeszsegugyi-nyilatkozat-jarvanyugyi-erdek.pdf\">Eg\u00e9szs\u00e9g\u00fcgyi nyilatkozat\u00a0<\/a><\/li>\n<li><a href=\"https:\/\/semmelweis.hu\/pak\/files\/2024\/07\/Hallgatoi-nyilatkozat-egeszsegi-allapotrol-2024.pdf\">Hallgat\u00f3i nyilatkozat eg\u00e9szs\u00e9g\u00fcgyi \u00e1llapotr\u00f3l\u00a0<\/a><\/li>\n<\/ul>\n<\/div><\/div>\n<p><strong>Abban az esetben, ha kor\u00e1bban, vagy jelenleg p\u00e1rhuzamosan m\u00e1s fels\u0151oktat\u00e1si int\u00e9zm\u00e9nyben folytatott\/folytat tanulm\u00e1nyokat, \u00fagy erre vonatkoz\u00f3 jogviszony igazol\u00e1st beszerezni, \u00e9s a beiratkoz\u00e1sra mag\u00e1val hozni sz\u00edveskedjen.<\/strong><\/p>\n<div class=\"responsive-tabs\">\n<h2 class=\"tabtitle\">K\u00f6telez\u0151 orvosi vizsg\u00e1lat <\/h2>\n<div class=\"tabcontent\">\n\n<h3>K\u00f6telez\u0151 orvosi vizsg\u00e1lat<\/h3>\n<p>Tisztelt Hallgat\u00f3!<\/p>\n<p>A munkak\u00f6ri, szakmai, illetve szem\u00e9lyi higi\u00e9n\u00e9s alkalmass\u00e1g orvosi vizsg\u00e1lat\u00e1r\u00f3l \u00e9s v\u00e9lem\u00e9nyez\u00e9s\u00e9r\u00f3l sz\u00f3l\u00f3 33\/1998. (VI.24.) NM rendelet alapj\u00e1n az a hallgat\u00f3, aki a munkak\u00f6ri vizsg\u00e1laton nem vett r\u00e9szt, vagy nem alkalmas min\u0151s\u00edt\u00e9st kapott, az adott szakmai k\u00e9pz\u00e9sben nem r\u00e9szes\u00edthet\u0151. Ez\u00e9rt \u00d6nnek<strong> alkalmass\u00e1gi vizsg\u00e1laton kell megjelennie<\/strong>. A sz\u0171r\u0151vizsg\u00e1latot a Semmelweis Egyetem Klinikai K\u00f6zpont Szakrendel\u0151 Int\u00e9zet Foglalkoz\u00e1s-eg\u00e9szs\u00e9g\u00fcgyi Szolg\u00e1lata v\u00e9gzi.<\/p>\n<p>A vizsg\u00e1latra t\u00f6rt\u00e9n\u0151 jelentkez\u00e9sr\u0151l a D\u00e9k\u00e1ni Hivatal \u00e9rtes\u00edti \u00d6nt a k\u00e9s\u0151bbiekben a NEPTUN rendszeren kereszt\u00fcl.<\/p>\n<p><strong>T\u00e1j\u00e9koztatjuk \u00d6nt arr\u00f3l, hogy szakmai gyakorlatot csak munkak\u00f6ri <u>alkalmas min\u0151s\u00edt\u00e9s<\/u> eset\u00e9n v\u00e9gezhet. <\/strong><\/p>\n<p>I. Az alkalmass\u00e1gi sz\u0171r\u0151vizsg\u00e1latot <strong>megel\u0151z\u0151en<\/strong> \u00d6nnek az al\u00e1bbi diagnosztikai vizsg\u00e1latokon kell megjelennie:<\/p>\n<ol>\n<li><strong>Mellkasr\u00f6ntgen vizsg\u00e1lat<\/strong><\/li>\n<li><strong>V\u00e9r- \u00e9s vizeletvizsg\u00e1lat<\/strong><\/li>\n<li><strong>Sz\u00e9kletvizsg\u00e1lat<\/strong><\/li>\n<\/ol>\n<p><strong>Figyelem!<\/strong> Ezek <strong>el\u0151vizsg\u00e1latok<\/strong>, melyek elv\u00e9gz\u00e9se sz\u00fcks\u00e9ges az Aptitude alkalmaz\u00e1sban t\u00f6rt\u00e9n\u0151 id\u0151pontfoglal\u00e1shoz, majd az orvosi alkalmass\u00e1gi igazol\u00e1s megszerz\u00e9s\u00e9hez. A t\u00e1j\u00e9koztat\u00f3ban le\u00edrtak szerint tud regisztr\u00e1lni az Aptitude rendszerbe (<a href=\"https:\/\/aptitude.semmelweis.hu\/login\">https:\/\/aptitude.semmelweis.hu\/login<\/a>) \u00e9s az el\u0151vizsg\u00e1latok leleteinek d\u00e1tumait r\u00f6gz\u00edtve tud majd id\u0151pontot foglalni a foglalkoz\u00e1s-orvoshoz.<\/p>\n<p>II. A foglalkoz\u00e1s-orvoshoz az al\u00e1bbi <strong>dokumentumokat<\/strong> kell mag\u00e1val hoznia:<\/p>\n<ol>\n<li>Gyermekkori <strong>olt\u00e1si k\u00f6nyv<\/strong> (mely tartalmazza az MMR \/kanyar\u00f3, mumpsz, r\u00f3zsahiml\u0151\/ olt\u00e1sok \u00e9s a hepatitisz B v\u00edrus elleni olt\u00e1sok id\u0151pontj\u00e1t)<\/li>\n<li>A mell\u00e9kelt <a href=\"https:\/\/semmelweis.hu\/pak\/files\/2024\/07\/Anamnezis-lap-2024.pdf\"><strong>\u201e<\/strong><\/a><strong><a href=\"https:\/\/semmelweis.hu\/pak\/files\/2025\/07\/Anamnezis-lap-2025-3.pdf\">Anamn\u00e9zis-lap-2025<\/a>\u201d<\/strong> kit\u00f6ltve, al\u00e1\u00edrva<\/li>\n<li>A mell\u00e9kelt <strong>&#8221; <a href=\"https:\/\/semmelweis.hu\/pak\/files\/2025\/07\/Haziorvosi-nyilatkozat.pdf\">H\u00e1ziorvosi nyilatkozat<\/a> &#8222;<\/strong>kit\u00f6ltve, h\u00e1ziorvos \u00e1ltal al\u00e1\u00edrva, lepecs\u00e9telve<\/li>\n<li>A mell\u00e9kelt <a href=\"https:\/\/semmelweis.hu\/pak\/files\/2024\/07\/Munkavedelmi-nyilatkozat.pdf\"><strong>\u201e<em>Semmelweis Egyetem Munkav\u00e9delmi Szab\u00e1lyzat\u00e1nak 5. mell\u00e9klete szerinti Nyilatkozat<\/em>\u201d<\/strong><\/a> kit\u00f6ltve, al\u00e1\u00edrva<\/li>\n<li><strong>\u201e<em>Eg\u00e9szs\u00e9g\u00fcgyi Nyilatkozat \u00e9s vizsg\u00e1lati adatok\u201d<\/em><\/strong> c\u00edm\u0171 eg\u00e9szs\u00e9g\u00fcgyi kisk\u00f6nyv (nyomtatv\u00e1nyboltban beszerezhet\u0151) kit\u00f6ltve, al\u00e1\u00edrva<\/li>\n<li>A mell\u00e9kelt <a href=\"https:\/\/semmelweis.hu\/pak\/files\/2024\/07\/Egeszsegugyi-nyilatkozat-jarvanyugyi-erdek.pdf\"><strong>\u201e<em>Eg\u00e9szs\u00e9g\u00fcgyi Nyilatkozat<\/em>\u201d<\/strong><\/a> nyomtatv\u00e1ny kit\u00f6ltve, al\u00e1\u00edrva<\/li>\n<li>Amennyiben valamilyen kr\u00f3nikus betegs\u00e9ge van, akkor az arr\u00f3l sz\u00f3l\u00f3 orvosi dokument\u00e1ci\u00f3 (ambul\u00e1ns lap, z\u00e1r\u00f3jelent\u00e9s) f\u00e9nym\u00e1solata, szakorvosi v\u00e9lem\u00e9ny<\/li>\n<\/ol>\n<p>&nbsp;<\/p>\n<p><strong>A megjelen\u00e9s k\u00f6telez\u0151,\u00a0 a programv\u00e1ltoz\u00e1s jog\u00e1t fenntartjuk! <\/strong><\/p>\n\n<\/div><h2 class=\"tabtitle\">Di\u00e1kigazolv\u00e1ny<\/h2>\n<div class=\"tabcontent\">\n\n<h3>Di\u00e1kigazolv\u00e1ny<\/h3>\n<p><span style=\"color: #0000ff\"><a href=\"https:\/\/semmelweis.hu\/pak\/files\/2020\/07\/di\u00e1kigazolv\u00e1ny_ig\u00e9nyl\u00e9s.pdf\" target=\"_blank\" rel=\"noopener\">Di\u00e1kigazolv\u00e1ny ig\u00e9nyl\u00e9s menet\u00e9r\u0151l r\u00f6viden PDF<\/a><\/span><\/p>\n<p>Amennyiben nem rendelkezik di\u00e1kigazolv\u00e1nnyal, a beiratkoz\u00e1s alkalm\u00e1val, k\u00e9r\u00e9s\u00e9re igazol\u00e1st \u00e1ll\u00edtunk ki, mely 60 napig \u00e9rv\u00e9nyes. V\u00e9lhet\u0151leg az igazol\u00e1s lej\u00e1rt\u00e1ig di\u00e1kigazolv\u00e1nya elk\u00e9sz\u00fcl.<\/p>\n<p>A di\u00e1kigazolv\u00e1ny elk\u00e9sz\u00edt\u00e9s\u00e9hez fel kell keresnie az \u00f6n \u00e1ltal kiv\u00e1lasztott Okm\u00e1nyirod\u00e1t, ahol elk\u00e9sz\u00edtik a f\u00e9nyk\u00e9pet, r\u00f6gz\u00edtik adatait, melyen a NEK azonos\u00edt\u00f3t a Neptun rendszerben kell r\u00f6gz\u00edtenie, majd ezt a lapot a Tanulm\u00e1nyi \u00e9s Hallgat\u00f3i K\u00f6zpont, Karrierirod\u00e1ba kell leadni.<\/p>\n<p>Tanulm\u00e1nyai megkezd\u00e9s\u00e9vel kapcsolatban k\u00e9rj\u00fck figyelembe venni, hogy hallgat\u00f3i jogviszony sz\u00fcneteltet\u00e9s\u00e9r\u0151l (halaszt\u00e1sr\u00f3l) a Fels\u0151oktat\u00e1si felv\u00e9teli t\u00e1j\u00e9koztat\u00f3ban (www.felvi.hu) megjel\u00f6ltek szerint: \u201eAz els\u0151 sz\u00fcneteltet\u00e9sre \u2013 ha a tanulm\u00e1nyi \u00e9s vizsgaszab\u00e1lyzat elt\u00e9r\u0151en nem rendelkezik \u2013 csak az els\u0151 f\u00e9l\u00e9v sikeres teljes\u00edt\u00e9se ut\u00e1n ker\u00fclhet sor. Amennyiben beiratkoz\u00e1si k\u00f6telezetts\u00e9g\u00e9nek nem tesz eleget, csak \u00fajabb sikeres felv\u00e9telivel lesz lehet\u0151s\u00e9ge arra, hogy tanulm\u00e1nyait megkezdje Karunkon.<\/p>\n\n<\/div><h2 class=\"tabtitle\">Hasznos inform\u00e1ci\u00f3k<\/h2>\n<div class=\"tabcontent\">\n\n<h3>Hasznos inform\u00e1ci\u00f3k<\/h3>\n<ul>\n<li style=\"list-style-type: none\">\n<ul>\n<li><a href=\"https:\/\/semmelweis.hu\/pak\/files\/2022\/07\/magyar-allami-osztondij-besorolasi-dontes-melleklet.pdf\" target=\"_blank\" rel=\"noopener\">Magyar \u00e1llami \u00f6szt\u00f6nd\u00edj besorol\u00e1s<\/a><\/li>\n<li><a href=\"https:\/\/semmelweis.hu\/pak\/files\/2022\/07\/Neptun-tajekoztato.pdf\" target=\"_blank\" rel=\"noopener\">Neptun t\u00e1j\u00e9koztat\u00f3<\/a><\/li>\n<li><a href=\"https:\/\/semmelweis.hu\/pak\/files\/2025\/08\/Eu-kiskonyv-szabalyrend.pdf\">E\u00fc kisk\u00f6nyv szabalyrend<\/a><\/li>\n<li><a href=\"https:\/\/semmelweis.hu\/pak\/files\/2024\/10\/KonduktorBA-KKK-632021.-XII.-29.-ITM-1.pdf\">K\u00e9pz\u00e9s \u00e9s kimeneti k\u00f6vetelm\u00e9nyek<\/a><\/li>\n<\/ul>\n<\/li>\n<\/ul>\n<p>&nbsp;<\/p>\n<p><\/div><\/div><a id=\"master\"><\/a><\/p>\n<hr \/>\n<h2>Neurorehabilit\u00e1ci\u00f3 mesterszak inform\u00e1ci\u00f3i a beiratkoz\u00e1shoz<\/h2>\n<p><a href=\"https:\/\/semmelweis.hu\/informatika\/o365\/tutorial-anyagok\/utmutato-hallgatoi-o365-fiok-aktivalasahoz\/\" target=\"_blank\" rel=\"noopener\">Egyetemi email c\u00edm aktiv\u00e1l\u00e1sa\u00a0<\/a><\/p>\n<p>Az egyetemi email c\u00edmet aktiv\u00e1lni <strong>2025.augusztus 07-t\u00f3l 2025. augusztus 15-ig k\u00f6telez\u0151<\/strong> annak \u00e9rdek\u00e9ben, hogy az oktat\u00e1ssal kapcsolatos minden fontos inform\u00e1ci\u00f3t megkapjon.<\/p>\n<p>A tan\u00e9v <strong>2025. <\/strong><strong>szeptember 19-\u00e9<\/strong><strong>n<\/strong>, (p\u00e9nteken) <strong>9:00 \u00f3rakor<\/strong>\u00a0 kezd\u0151dik egy bevezet\u0151 programmal, ez\u00e9rt k\u00e9rj\u00fck, hogy legk\u00e9s\u0151bb 8.30-ra jelenjen meg a Bp. XII., K\u00fatv\u00f6lgyi \u00fat 8. sz\u00e1m, A \u00e9p\u00fcletben, a bevezet\u0151 program ut\u00e1n lesz a beiratkoz\u00e1s.\u00a0<\/p>\n<p><span style=\"color: #ff0000\"><strong><em>K\u00e9rj\u00fck, hozza mag\u00e1val az al\u00e1bbi dokumentumokat!<\/em><\/strong><\/span><\/p>\n<ul>\n<li>szem\u00e9lyi igazolv\u00e1ny\u00e1t \u00e9s annak 1 p\u00e9ld\u00e1nyos m\u00e1solat\u00e1t,<\/li>\n<li>v\u00e9gzetts\u00e9get igazol\u00f3 oklev\u00e9l \u00e9s annak 1 m\u00e1solat\u00e1t,<\/li>\n<li>azon dokumentumokat, melyek\u00e9rt plusz pontokat kapott a felv\u00e9teli elj\u00e1r\u00e1sban<\/li>\n<li>1 darab \u00faj f\u00e9nyk\u00e9pet (35x45mm) igazolv\u00e1nyk\u00e9p m\u00e9retben (lehet fekete-feh\u00e9r is) \u00edrja r\u00e1 a nev\u00e9t a f\u00e9nyk\u00e9p h\u00e1tulj\u00e1ra<\/li>\n<li>1 p\u00e9ld\u00e1nyban a lakc\u00edmk\u00e1rtya m\u00e1solat\u00e1t,<\/li>\n<li>1 p\u00e9ld\u00e1nyban a TAJ-k\u00e1rtya m\u00e1solat\u00e1t,<\/li>\n<li>1 p\u00e9ld\u00e1nyban az ad\u00f3k\u00e1rtya m\u00e1solat\u00e1t,<\/li>\n<li>1 p\u00e9ld\u00e1nyban saj\u00e1t n\u00e9vre sz\u00f3l\u00f3, \u00e9rv\u00e9nyes banksz\u00e1mlaszerz\u0151d\u00e9s m\u00e1solat\u00e1t<\/li>\n<\/ul>\n<p><strong>Az oktat\u00e1st p\u00e9ntekenk\u00e9nt \u00e9s szombatonk\u00e9nt reggel 9:00 \u00e9s 17:00 \u00f3ra k\u00f6z\u00f6tt tartjuk. <\/strong><\/p>\n<p><span style=\"font-size: 14pt\"><strong style=\"background-color: transparent;color: #313b40;font-family: Montserrat, sans-serif\">A k\u00e9pz\u00e9s oktat\u00e1si napjai az els\u0151 f\u00e9l\u00e9vben a<\/strong><span style=\"background-color: transparent;color: #313b40;font-family: Montserrat, sans-serif\">\u00a0<\/span><strong style=\"background-color: transparent;color: #313b40;font-family: Montserrat, sans-serif\">k\u00f6vetkez\u0151k:<\/strong><\/span><\/p>\n<div class=\"fontos_div\">\n<div class=\"lead\" style=\"text-align: left\"><span style=\"font-size: 14pt\">\u00a02025. szeptember 19-20.<\/span><\/div>\n<div class=\"lead\" style=\"text-align: left\"><span style=\"font-size: 14pt\">2025. szeptember 26-27.<\/span><\/div>\n<div class=\"lead\" style=\"text-align: left\"><span style=\"font-size: 14pt\">2025. okt\u00f3ber 3-4.<\/span><\/div>\n<div class=\"lead\" style=\"text-align: left\"><span style=\"font-size: 14pt\">2025. okt\u00f3ber 10-11.<\/span><\/div>\n<div class=\"lead\" style=\"text-align: left\"><span style=\"font-size: 14pt\">2025. okt\u00f3ber 17-18.<\/span><\/div>\n<div class=\"lead\" style=\"text-align: left\"><span style=\"font-size: 14pt\">2025. november 7-8.<\/span><\/div>\n<div class=\"lead\" style=\"text-align: left\"><span style=\"font-size: 14pt\">2025. november 14-15.<\/span><\/div>\n<div class=\"lead\" style=\"text-align: left\"><span style=\"font-size: 14pt\">2025. november 21-22.<\/span><\/div>\n<div class=\"lead\" style=\"text-align: left\"><span style=\"font-size: 14pt\">2025. november 28-29.<\/span><\/div>\n<div class=\"lead\" style=\"text-align: left\"><span style=\"font-size: 14pt\">2025. december 5-6.<\/span><\/div>\n<\/div>\n<p>Az \u00f3rarendv\u00e1ltoz\u00e1s jog\u00e1t fenntartjuk!<a id=\"szakvizsga\"><\/a><\/p>\n<hr \/>\n<h2>Pedag\u00f3gus szakvizsga szakszolg\u00e1lati ter\u00fcleten tov\u00e1bbk\u00e9pz\u00e9s inform\u00e1ci\u00f3i a beiratkoz\u00e1shoz<\/h2>\n<p>A tan\u00e9v <strong>2025. szeptember 20-\u00e1n kezd\u0151dik, a beiratkoz\u00e1s pedig\u00a0 aznap reggel 7.30-9.00 k\u00f6z\u00f6tt lesz az A \u00e9p\u00fclet 3. emelet\u00e9n.<\/strong><\/p>\n<p>&nbsp;<\/p>\n<p><span style=\"color: #ff0000\"><strong><em>K\u00e9rj\u00fck, hozza mag\u00e1val az al\u00e1bbi dokumentumokat!<\/em><\/strong><\/span><\/p>\n<ul>\n<li>szem\u00e9lyi igazolv\u00e1ny\u00e1t \u00e9s annak 1 p\u00e9ld\u00e1nyos m\u00e1solat\u00e1t,<\/li>\n<li>v\u00e9gzetts\u00e9get igazol\u00f3 oklev\u00e9l \u00e9s annak 1 m\u00e1solat\u00e1t,<\/li>\n<li>1 darab \u00faj f\u00e9nyk\u00e9pet (35x45mm) igazolv\u00e1nyk\u00e9p m\u00e9retben (lehet fekete-feh\u00e9r is) \u00edrja r\u00e1 a nev\u00e9t a f\u00e9nyk\u00e9p h\u00e1tulj\u00e1ra<\/li>\n<li>1 p\u00e9ld\u00e1nyban a lakc\u00edmk\u00e1rtya m\u00e1solat\u00e1t,<\/li>\n<li>1 p\u00e9ld\u00e1nyban a TAJ-k\u00e1rtya m\u00e1solat\u00e1t,<\/li>\n<li>1 p\u00e9ld\u00e1nyban az ad\u00f3k\u00e1rtya m\u00e1solat\u00e1t,<\/li>\n<li>1 p\u00e9ld\u00e1nyban saj\u00e1t n\u00e9vre sz\u00f3l\u00f3, \u00e9rv\u00e9nyes banksz\u00e1mlaszerz\u0151d\u00e9s m\u00e1solat\u00e1t<\/li>\n<\/ul>\n<p><strong>Az oktat\u00e1s szombati napokon zajlik. A k\u00e9pz\u00e9s oktat\u00e1si napjai az els\u0151 f\u00e9l\u00e9vben a<\/strong> <strong>k\u00f6vetkez\u0151k:<\/strong><\/p>\n<div class=\"fontos_div\">\n<p><strong>2025. szeptember 20.<\/strong><\/p>\n<p><strong>2025. okt\u00f3ber 4.\u00a0<\/strong><\/p>\n<p><strong>2025. okt\u00f3ber 11.<\/strong><\/p>\n<p><strong>2025. okt\u00f3ber 18.\u00a0<\/strong><\/p>\n<p><strong>2025. okt\u00f3ber 25.<\/strong><\/p>\n<p><strong>2025. november 8.<\/strong><\/p>\n<p><strong>2025. november 22.<\/strong><\/p>\n<\/div>\n<p>Az \u00f3rarendv\u00e1ltoz\u00e1s jog\u00e1t fenntartjuk!<\/p>\n","protected":false},"excerpt":{"rendered":"<p>Gratul\u00e1lunk felv\u00e9teli eredm\u00e9ny\u00e9hez! Az al\u00e1bbiakban t\u00e1j\u00e9koztatjuk a tanulm\u00e1nyai megkezd\u00e9s\u00e9re vonatkoz\u00f3 tudnival\u00f3kr\u00f3l, amelyeket k\u00e9rj\u00fck, gondosan tanulm\u00e1nyozzon \u00e1t: <a href=\"#ba\">Konduktor alapszak inform\u00e1ci\u00f3i a beiratkoz\u00e1shoz<\/a> <a href=\"#master\">Neurorehabilit\u00e1ci\u00f3 mesterszak inform\u00e1ci\u00f3i a beiratkoz\u00e1shoz<\/a> <a href=\"#szakvizsga\">Pedag\u00f3gus szakvizsga szakszolg\u00e1lati ter\u00fcleten tov\u00e1bbk\u00e9pz\u00e9s inform\u00e1ci\u00f3i a beiratkoz\u00e1shoz<\/a> <a id=\"ba\"><\/a> Konduktor alapszak inform\u00e1ci\u00f3i a beiratkoz\u00e1shoz <a href=\"https:\/\/semmelweis.hu\/informatika\/o365\/tutorial-anyagok\/utmutato-hallgatoi-o365-fiok-aktivalasahoz\/\" target=\"_blank\" rel=\"noopener\">Egyetemi email c\u00edm aktiv\u00e1l\u00e1sa\u00a0<\/a> Az egyetemi email c\u00edmet aktiv\u00e1lni 2025. augusztus 11-ig k\u00f6telez\u0151 annak \u00e9rdek\u00e9ben, hogy az oktat\u00e1ssal kapcsolatos minden fontos inform\u00e1ci\u00f3t megkapjon. Tan\u00e9vnyit\u00f3: 2025 augusztus 30. MVM Dome Megh\u00edv\u00f3 a tan\u00e9vnyit\u00f3 \u00fcnneps\u00e9gre: <a href=\"https:\/\/semmelweis.hu\/pak\/files\/2025\/07\/MVM-Dome_Tanevnyito-unnepseg.pdf\">MVM Dome_Tan\u00e9vnyit\u00f3 \u00fcnneps\u00e9g<\/a> &nbsp; A tan\u00e9v 2025. szeptember &hellip;<\/p>\n","protected":false},"author":101361,"featured_media":0,"parent":3270,"menu_order":1,"comment_status":"closed","ping_status":"closed","template":"template-fullwidth.php","meta":{"_acf_changed":false,"footnotes":""},"categories":[],"tags":[],"class_list":["post-3871","page","type-page","status-publish","hentry"],"acf":[],"_links":{"self":[{"href":"https:\/\/semmelweis.hu\/pak\/wp-json\/wp\/v2\/pages\/3871","targetHints":{"allow":["GET"]}}],"collection":[{"href":"https:\/\/semmelweis.hu\/pak\/wp-json\/wp\/v2\/pages"}],"about":[{"href":"https:\/\/semmelweis.hu\/pak\/wp-json\/wp\/v2\/types\/page"}],"author":[{"embeddable":true,"href":"https:\/\/semmelweis.hu\/pak\/wp-json\/wp\/v2\/users\/101361"}],"replies":[{"embeddable":true,"href":"https:\/\/semmelweis.hu\/pak\/wp-json\/wp\/v2\/comments?post=3871"}],"version-history":[{"count":14,"href":"https:\/\/semmelweis.hu\/pak\/wp-json\/wp\/v2\/pages\/3871\/revisions"}],"predecessor-version":[{"id":12919,"href":"https:\/\/semmelweis.hu\/pak\/wp-json\/wp\/v2\/pages\/3871\/revisions\/12919"}],"up":[{"embeddable":true,"href":"https:\/\/semmelweis.hu\/pak\/wp-json\/wp\/v2\/pages\/3270"}],"wp:attachment":[{"href":"https:\/\/semmelweis.hu\/pak\/wp-json\/wp\/v2\/media?parent=3871"}],"wp:term":[{"taxonomy":"category","embeddable":true,"href":"https:\/\/semmelweis.hu\/pak\/wp-json\/wp\/v2\/categories?post=3871"},{"taxonomy":"post_tag","embeddable":true,"href":"https:\/\/semmelweis.hu\/pak\/wp-json\/wp\/v2\/tags?post=3871"}],"curies":[{"name":"wp","href":"https:\/\/api.w.org\/{rel}","templated":true}]}}