{"id":387,"date":"2017-12-19T00:00:00","date_gmt":"2017-12-18T23:00:00","guid":{"rendered":"http:\/\/semmelweis.hu\/pak\/s-m-csoportok\/"},"modified":"2024-02-29T13:45:05","modified_gmt":"2024-02-29T12:45:05","slug":"s-m-csoportok","status":"publish","type":"page","link":"https:\/\/semmelweis.hu\/pak\/konduktiv-fejlesztes\/felnott-nevelesi-egyseg-fne\/milyen-serules-tipusokkal-foglalkozunk\/s-m-csoportok\/","title":{"rendered":"Sclerosis Multiplex csoportok"},"content":{"rendered":"<p>Az Sclerosis Multiplex egy olyan neurodegenerat\u00edv, idegrendszeri megbeteged\u00e9s, melynek k\u00f6vetkezt\u00e9ben az egy\u00e9nek mozg\u00e1s\u00e1llapota esetenk\u00e9nt ugyan elt\u00e9r\u0151 gyorsas\u00e1ggal, de folyamatosan romlik. A progresszi\u00f3t meg\u00e1ll\u00edtani term\u00e9szetesen nem tudjuk, de igyeksz\u00fcnk az adott \u00e1llapotot min\u00e9l tov\u00e1bb fenntartani, a roml\u00f3 tendenci\u00e1t lass\u00edtani.<\/p>\n<p>A progredi\u00e1l\u00e1s ellen\u00e9re nem mondunk le a fejleszt\u00e9s lehet\u0151s\u00e9g\u00e9r\u0151l. C\u00e9lunk, hogy megtan\u00edtsuk azokat a mozg\u00e1sform\u00e1kat, mozdulatsorokat, megold\u00e1sokat, amelyekkel p\u00e1cienseink min\u00e9l tov\u00e1bb \u00f6nell\u00e1t\u00f3ak, munkak\u00e9pesek, teljes \u00e9letet \u00e9l\u0151 emberek maradhassanak.<\/p>\n<p>A kondukt\u00edv pedag\u00f3gia a tanul\u00e1si k\u00e9pess\u00e9gekre alapoz.<\/p>\n<p>Egy megv\u00e1ltozott \u00e9letben \u00faj szok\u00e1sokat, napirendet, \u00e9letritmust kell kialak\u00edtani. Alkalmazkodni kell a progresszi\u00f3 \u00e1ltal folyton v\u00e1ltoz\u00f3 \u00e1llapothoz, meg kell tanulni, hogy ebben a helyzetben is a legt\u00f6bbet hozz\u00e1k ki magukb\u00f3l, lehet\u0151s\u00e9geikb\u0151l. Ez\u00e9rt mindig az adott t\u00fcnetekb\u0151l indulunk ki, minden csoportunk programja kiterjed a s\u00e9r\u00fcl\u00e9s \u00e1ltal okozott \u00f6sszes funkci\u00f3zavar rehabilit\u00e1ci\u00f3j\u00e1ra. A 2 \u00f3r\u00e1s komplex program \u00f6ssze\u00e1ll\u00edt\u00e1sakor term\u00e9szetesen figyelembe vessz\u00fck az S.M. olyan speci\u00e1lis saj\u00e1toss\u00e1gait is, mint p\u00e9ld\u00e1ul a f\u00e1rad\u00e9konys\u00e1g, ez\u00e9rt a foglalkoz\u00e1sok sor\u00e1n egyens\u00falyt teremt\u00fcnk a terhel\u00e9s \u00e9s az akt\u00edv pihen\u00e9s k\u00f6z\u00f6tt.<\/p>\n<p>Az emberek t\u00f6bbs\u00e9ge re\u00e1lisan l\u00e1tja \u00e1llapot\u00e1t, olyan c\u00e9lokat t\u0171z ki maga el\u00e9, amelyeket kitart\u00f3 munk\u00e1val k\u00e9pes megval\u00f3s\u00edtani \u00e9s mi ezekben igyeksz\u00fcnk p\u00e1cienseinket maxim\u00e1lisa t\u00e1mogatni. De a program csak akkor teljes, ha kihat a nap minden szakasz\u00e1ra, az egy\u00e9n eg\u00e9sz \u00e9let\u00e9re. Ez\u00e9rt fontos, hogy tudatosan alkalmazz\u00e1k az foglalkoz\u00e1sok alkalm\u00e1val megtanultakat, mert azok nem csup\u00e1n mozdulatsorok, hanem hasznos cselekv\u00e9sekk\u00e9 \u00f6sszerakhat\u00f3 panelek.<\/p>\n","protected":false},"excerpt":{"rendered":"<p>Az Sclerosis Multiplex egy olyan neurodegenerat\u00edv, idegrendszeri megbeteged\u00e9s, melynek k\u00f6vetkezt\u00e9ben az egy\u00e9nek mozg\u00e1s\u00e1llapota esetenk\u00e9nt ugyan elt\u00e9r\u0151 gyorsas\u00e1ggal, de folyamatosan romlik. A progresszi\u00f3t meg\u00e1ll\u00edtani term\u00e9szetesen nem tudjuk, de igyeksz\u00fcnk az adott \u00e1llapotot min\u00e9l tov\u00e1bb fenntartani, a roml\u00f3 tendenci\u00e1t lass\u00edtani. A progredi\u00e1l\u00e1s ellen\u00e9re nem mondunk le a fejleszt\u00e9s lehet\u0151s\u00e9g\u00e9r\u0151l. C\u00e9lunk, hogy megtan\u00edtsuk azokat a mozg\u00e1sform\u00e1kat, mozdulatsorokat, megold\u00e1sokat, &hellip;<\/p>\n","protected":false},"author":101361,"featured_media":0,"parent":189,"menu_order":8,"comment_status":"closed","ping_status":"closed","template":"","meta":{"_acf_changed":false,"footnotes":""},"categories":[],"tags":[],"class_list":["post-387","page","type-page","status-publish","hentry"],"acf":[],"_links":{"self":[{"href":"https:\/\/semmelweis.hu\/pak\/wp-json\/wp\/v2\/pages\/387","targetHints":{"allow":["GET"]}}],"collection":[{"href":"https:\/\/semmelweis.hu\/pak\/wp-json\/wp\/v2\/pages"}],"about":[{"href":"https:\/\/semmelweis.hu\/pak\/wp-json\/wp\/v2\/types\/page"}],"author":[{"embeddable":true,"href":"https:\/\/semmelweis.hu\/pak\/wp-json\/wp\/v2\/users\/101361"}],"replies":[{"embeddable":true,"href":"https:\/\/semmelweis.hu\/pak\/wp-json\/wp\/v2\/comments?post=387"}],"version-history":[{"count":7,"href":"https:\/\/semmelweis.hu\/pak\/wp-json\/wp\/v2\/pages\/387\/revisions"}],"predecessor-version":[{"id":10057,"href":"https:\/\/semmelweis.hu\/pak\/wp-json\/wp\/v2\/pages\/387\/revisions\/10057"}],"up":[{"embeddable":true,"href":"https:\/\/semmelweis.hu\/pak\/wp-json\/wp\/v2\/pages\/189"}],"wp:attachment":[{"href":"https:\/\/semmelweis.hu\/pak\/wp-json\/wp\/v2\/media?parent=387"}],"wp:term":[{"taxonomy":"category","embeddable":true,"href":"https:\/\/semmelweis.hu\/pak\/wp-json\/wp\/v2\/categories?post=387"},{"taxonomy":"post_tag","embeddable":true,"href":"https:\/\/semmelweis.hu\/pak\/wp-json\/wp\/v2\/tags?post=387"}],"curies":[{"name":"wp","href":"https:\/\/api.w.org\/{rel}","templated":true}]}}