{"id":3801,"date":"2019-03-13T15:38:06","date_gmt":"2019-03-13T14:38:06","guid":{"rendered":"http:\/\/semmelweis.hu\/pak\/?page_id=3801"},"modified":"2026-03-24T16:00:18","modified_gmt":"2026-03-24T15:00:18","slug":"tovabbkepzes","status":"publish","type":"page","link":"https:\/\/semmelweis.hu\/pak\/oktatas\/tovabbkepzes\/","title":{"rendered":"Tov\u00e1bbk\u00e9pz\u00e9s"},"content":{"rendered":"<h1 style=\"text-align: left\">\u00c1LTAL\u00c1NOS T\u00c1J\u00c9KOZTAT\u00d3 A PEDAG\u00d3GUS SZAKVIZSGA SZAKSZOLG\u00c1LATI TER\u00dcLETEN TOV\u00c1BBK\u00c9PZ\u00c9SR\u0150L<\/h1>\n<div class=\"keretes w-100\">\n<p><strong>A k\u00e9pz\u0151 int\u00e9zm\u00e9ny neve: <\/strong>Semmelweis Egyetem Pet\u0151 Andr\u00e1s Kar<\/p>\n<p><strong>A k\u00e9pz\u00e9s helysz\u00edne:<\/strong> 1125 Budapest, K\u00fatv\u00f6lgyi \u00fat 8.<\/p>\n<p><strong>A szakir\u00e1ny\u00fa tov\u00e1bbk\u00e9pz\u00e9s megnevez\u00e9se:<\/strong> pedag\u00f3gus szakvizsga szakszolg\u00e1lati ter\u00fcleten<\/p>\n<p><strong>Megszerezhet\u0151 szakk\u00e9pzetts\u00e9g:<\/strong> szakvizsg\u00e1zott pedag\u00f3gus szakszolg\u00e1lati ter\u00fcleten<\/p>\n<p><strong>K\u00e9pz\u00e9si ter\u00fclet:<\/strong> pedag\u00f3gusk\u00e9pz\u00e9s<\/p>\n<\/div>\n<p>A szakir\u00e1ny\u00fa tov\u00e1bbk\u00e9pz\u00e9si szak c\u00e9lja: a pedag\u00f3gusi tev\u00e9kenys\u00e9g ell\u00e1t\u00e1s\u00e1hoz sz\u00fcks\u00e9ges elm\u00e9leti \u00e9s gyakorlati ismeretek meger\u0151s\u00edt\u00e9se, elm\u00e9ly\u00edt\u00e9se, a leg\u00fajabb ismeretekkel t\u00f6rt\u00e9n\u0151 kieg\u00e9sz\u00edt\u00e9se, meg\u00faj\u00edt\u00e1sa.<\/p>\n<p><strong>A k\u00e9pz\u00e9s nyilv\u00e1ntart\u00e1sba v\u00e9tel\u00e9nek k\u00f3dja-enged\u00e9lysz\u00e1ma<\/strong>: <span data-olk-copy-source=\"MessageBody\">FNYF\/388-6\/2017.<\/span><\/p>\n<p>&nbsp;<\/p>\n<div class=\"lead\">A k\u00e9pz\u00e9s 2026 szeptember\u00e9ben indul, minimum 10 f\u0151 jelentkez\u00e9s\u00e9vel.\u00a0<\/div>\n<p>&nbsp;<\/p>\n<h5>A felv\u00e9tel felt\u00e9telei:<\/h5>\n<ul>\n<li><span style=\"font-size: 14pt\">kit\u00f6lt\u00f6tt \u00e9s al\u00e1\u00edrt jelentkez\u00e9si lap, munk\u00e1ltat\u00f3i igazol\u00e1s, a sz\u00fcks\u00e9ges v\u00e9gzetts\u00e9get igazol\u00f3 oklev\u00e9l m\u00e1solat\u00e1nak hat\u00e1rid\u0151re (2026.09.01.) t\u00f6rt\u00e9n\u0151 elk\u00fcld\u00e9se a lenti emailen.<\/span><\/li>\n<li>konduktori, gy\u00f3gypedag\u00f3gusi diploma, \u00f3vodapedag\u00f3gusi, tan\u00edt\u00f3i, tan\u00e1ri, szoci\u00e1lpedag\u00f3gusi, szakoktat\u00f3i, csecsem\u0151- \u00e9s kisgyermeknevel\u0151i v\u00e9gzetts\u00e9g \u00e9s szakk\u00e9pzetts\u00e9g<\/li>\n<li><span style=\"font-size: 14pt\">legal\u00e1bb 3 \u00e9v pedag\u00f3gus-munkak\u00f6rben elt\u00f6lt\u00f6tt szakmai gyakorlat.<\/span><\/li>\n<li>1-2 oldalas \u201eK\u00e9pz\u00e9si motiv\u00e1ci\u00f3\u201d c\u00edm\u0171 dokumentum elk\u00fcld\u00e9se az al\u00e1bbi szempontok alapj\u00e1n:\n<ul>\n<li>Milyen bels\u0151 \u00e9s k\u00fcls\u0151 motiv\u00e1ci\u00f3 miatt szeretne szakvizsg\u00e1t szerezni?<\/li>\n<li>A k\u00e9pz\u00e9si k\u00edn\u00e1latokb\u00f3l mi\u00e9rt a PAK-ot v\u00e1lasztotta?<\/li>\n<li>V\u00e9lem\u00e9nye szerint milyen el\u0151ny\u00f6kkel j\u00e1r a k\u00e9pz\u00e9s elv\u00e9gz\u00e9se? Milyen elm\u00e9leti \u00e9s gyakorlati ismeretek megszerz\u00e9s\u00e9t tudn\u00e1 hasznos\u00edtani a munk\u00e1j\u00e1ban?<\/li>\n<li>Milyen neh\u00e9zs\u00e9gekkel kell szemben\u00e9znie a k\u00e9pz\u00e9s elv\u00e9gz\u00e9se sor\u00e1n?<\/li>\n<\/ul>\n<\/li>\n<\/ul>\n<p><strong>A kor\u00e1bban szerzett ismeretek besz\u00e1m\u00edt\u00e1si rendje:\u00a0<\/strong>A nemzeti fels\u0151oktat\u00e1sr\u00f3l sz\u00f3l\u00f3 2011. CCIV. t\u00f6rv\u00e9ny 49. \u00a7 (5) bekezd\u00e9sben foglaltak szerint t\u00f6rt\u00e9nik.<\/p>\n<p><strong>K\u00e9pz\u00e9si id\u0151:<\/strong> 4 f\u00e9l\u00e9v (szombatonk\u00e9nt)<\/p>\n<p><strong>A szakk\u00e9pzetts\u00e9g megszerz\u00e9s\u00e9hez \u00f6sszegy\u0171jtend\u0151 kreditek sz\u00e1ma:<\/strong> 120<\/p>\n<ul>\n<li><strong>K\u00f6telez\u0151, alapoz\u00f3 ismeretk\u00f6r\u00f6k: <\/strong>2 f\u00e9l\u00e9v; 180 \u00f3ra;\u00a0\u00a0 55 kredit<\/li>\n<li><strong>V\u00e1laszthat\u00f3 modul(a jelentkez\u0151k sz\u00e1m\u00e1nak f\u00fcggv\u00e9ny\u00e9ben) <\/strong>2 f\u00e9l\u00e9v; 180 \u00f3ra;\u00a0\u00a0 55 kredit\n<ul>\n<li>KONDUKT\u00cdV PEDAG\u00d3GIAI ELL\u00c1T\u00c1S<\/li>\n<li>GY\u00d3GYPEDAG\u00d3GIAI TAN\u00c1CSAD\u00c1S, KORAI FEJLESZT\u00c9S \u00c9S GONDOZ\u00c1S<\/li>\n<\/ul>\n<\/li>\n<li><strong>Szakdolgozat kredit\u00e9rt\u00e9ke: <\/strong>10 kredit<\/li>\n<\/ul>\n<p><strong>A k\u00e9pz\u00e9s \u00e1ra:\u00a0<\/strong>124 000 Ft\/f\u00e9l\u00e9v, ez a k\u00e9pz\u00e9s indul\u00e1s\u00e1nak visszaigazol\u00e1s\u00e1t k\u00f6vet\u0151 20 munkanapon bel\u00fcl a Neptunon kereszt\u00fcl fizetend\u0151<\/p>\n<p><strong>A jelentkez\u00e9si lap bek\u00fcld\u00e9se \u00e9s tov\u00e1bbi t\u00e1j\u00e9koztat\u00e1s az al\u00e1bbi e-mail c\u00edmen:<\/strong><\/p>\n<p><a href=\"mailto:szakvizsga.pak@semmelweis-univ.hu\">szakvizsga.pak@semmelweis.hu<\/a><\/p>\n<p><strong>Tov\u00e1bbi t\u00e1j\u00e9koztat\u00e1s k\u00e9rhet\u0151 az al\u00e1bbi telefonsz\u00e1mon:\u00a0<\/strong>+36 20 666 2409<\/p>\n<p><strong>A k\u00e9pz\u00e9s teljes\u00edt\u00e9s\u00e9nek felt\u00e9telei: <\/strong><\/p>\n<ul>\n<li><span style=\"font-size: 14pt\">a tand\u00edj hat\u00e1rid\u0151re t\u00f6rt\u00e9n\u0151 befizet\u00e9se,<\/span><\/li>\n<li><span style=\"font-size: 14pt\">az elm\u00e9leti \u00f3r\u00e1k legal\u00e1bb 80%-\u00e1n, a gyakorlati \u00f3r\u00e1k 100%-\u00e1n val\u00f3 megjelen\u00e9s.<\/span><\/li>\n<\/ul>\n<p><strong>Fontosabb d\u00e1tumok: <\/strong><\/p>\n<ul>\n<li><span style=\"font-size: 14pt\">Jelentkez\u00e9si hat\u00e1rid\u0151: 2026. 08. 31.<\/span><\/li>\n<li><span style=\"font-size: 14pt\">Visszaigazol\u00e1s a k\u00e9pz\u00e9s ind\u00edt\u00e1s\u00e1r\u00f3l \u00e9s a jelentkez\u00e9s elfogad\u00e1s\u00e1r\u00f3l: t\u00e1j\u00e9koztat\u00e1s hamarosan<\/span><\/li>\n<li><span style=\"font-size: 14pt\">A teljes tand\u00edj befizet\u00e9s\u00e9nek hat\u00e1rideje: t\u00e1j\u00e9koztat\u00e1s hamarosan<\/span><\/li>\n<li><span style=\"font-size: 14pt\">Beiratkoz\u00e1s: t\u00e1j\u00e9koztat\u00e1s hamarosan<\/span><\/li>\n<li><span style=\"font-size: 14pt\">Szorgalmi id\u0151szak: t\u00e1j\u00e9koztat\u00e1s hamarosan\u00a0<\/span><\/li>\n<li><span style=\"font-size: 14pt\">Vizsgaid\u0151szak: t\u00e1j\u00e9koztat\u00e1s hamarosan<\/span><\/li>\n<\/ul>\n<p><span style=\"font-size: 14pt\"><strong>A k\u00e9pz\u00e9s felel\u0151se:<\/strong> Dr. Matos L\u00e1szl\u00f3<\/span><\/p>\n<p><span style=\"font-size: 14pt\">A k\u00e9pz\u00e9s szemeszterenk\u00e9nt <strong>legal\u00e1bb 10 f\u0151<\/strong> jelentkez\u00e9se eset\u00e9n indul.<\/span><\/p>\n<p>A k\u00e9pz\u00e9sr\u0151l online t\u00e1j\u00e9koztat\u00f3t tartunk az al\u00e1bbi id\u0151pontban:<\/p>\n<div><strong>2026. j\u00fanius 18. cs\u00fct\u00f6rt\u00f6k 14.00 \u00f3ra<\/strong><\/div>\n<div><a href=\"https:\/\/docs.google.com\/forms\/d\/1L5CpVOC3m6jFuDSdzJuQRMC10DLJmYMKJXcRZNRn3fM\/edit\">Az online t\u00e1j\u00e9koztat\u00f3ra erre a linkre kattintva tud regisztr\u00e1lni.<\/a><\/div>\n<div>\u00a0<\/div>\n<div>\u00a0<\/div>\n<div>\u00a0<\/div>\n<div>\u00a0<\/div>\n<div class=\"keretes w-100\">\n<h3>A 2025\/26. tan\u00e9v \u0151szi szemeszter\u00e9ben indul\u00f3 szakvizsg\u00e1s k\u00e9pz\u00e9shez kapcsol\u00f3d\u00f3 dokumentumok:<\/h3>\n<p><a href=\"https:\/\/semmelweis.hu\/pak\/files\/2026\/02\/pedszakv20260201.pdf\" target=\"_blank\" rel=\"noopener\">SE PAK Pedag\u00f3gus Szakvizsga Szakszolg\u00e1lati Ter\u00fcleten \u00f3ra- \u00e9s vizsgaterve<\/a><\/p>\n<p><a href=\"https:\/\/semmelweis.hu\/pak\/files\/2023\/06\/624-3_taj_KKK_mod_SE-HATAROZAT-2023.05.30.pdf\" target=\"_blank\" rel=\"noopener\">A pedag\u00f3gus szakvizsg\u00e1s k\u00e9pz\u00e9s k\u00e9pz\u00e9si \u00e9s kimeneti k\u00f6vetelm\u00e9nyei<\/a><\/p>\n<p><a href=\"https:\/\/semmelweis.hu\/pak\/files\/2025\/01\/pakszakvizsgaskepzesjelentkezesilap2025-26.pdf\">JELENTKEZ\u00c9SI LAP \/ Szakvizsg\u00e1s k\u00e9pz\u00e9s<\/a><\/p>\n<p><a href=\"https:\/\/semmelweis.hu\/pak\/files\/2023\/04\/munkaltatoi-igazolas-ped.-szakvizsgas-kepzes-pdf.pdf\" target=\"_blank\" rel=\"noopener\">Munk\u00e1ltat\u00f3i jogviszonyigazol\u00e1s<\/a><\/p>\n<p><a href=\"https:\/\/semmelweis.hu\/pak\/files\/2025\/09\/szakvizsgasovt20250901.pdf\">A k\u00e9pz\u00e9s tant\u00e1rgyai, \u00f3rasz\u00e1mai, kreditei (h\u00e1l\u00f3terv)<\/a><\/p>\n<p><span style=\"color: #006a80\"><a href=\"https:\/\/semmelweis.hu\/pak\/files\/2025\/02\/Szakdolgozati_utmutato_pedszakv_kepzes2024-25-tavasz.pdf\">Szakdolgozati \u00fatmutat\u00f3<\/a><\/span><\/p>\n<p><span style=\"color: #008080\"><a href=\"https:\/\/semmelweis.hu\/pak\/files\/2025\/02\/PSZ-szakdolgozati-temajavaslatok202425tavasz.pdf\">Szakdolgozati t\u00e9m\u00e1k<\/a><\/span><\/p>\n<p><span style=\"color: #008080\"><a href=\"https:\/\/semmelweis.hu\/pak\/files\/2025\/04\/SE-PAK-Szakdolgozati-temabejelento-nyomtatvany20240424.pdf\">Szakdolgozati t\u00e9mabejelent\u0151 lap, konzult\u00e1ci\u00f3t igazol\u00f3 lap<\/a><\/span><\/p>\n<\/div>\n<p>&nbsp;<\/p>\n","protected":false},"excerpt":{"rendered":"<p>\u00c1LTAL\u00c1NOS T\u00c1J\u00c9KOZTAT\u00d3 A PEDAG\u00d3GUS SZAKVIZSGA SZAKSZOLG\u00c1LATI TER\u00dcLETEN TOV\u00c1BBK\u00c9PZ\u00c9SR\u0150L A k\u00e9pz\u0151 int\u00e9zm\u00e9ny neve: Semmelweis Egyetem Pet\u0151 Andr\u00e1s Kar A k\u00e9pz\u00e9s helysz\u00edne: 1125 Budapest, K\u00fatv\u00f6lgyi \u00fat 8. A szakir\u00e1ny\u00fa tov\u00e1bbk\u00e9pz\u00e9s megnevez\u00e9se: pedag\u00f3gus szakvizsga szakszolg\u00e1lati ter\u00fcleten Megszerezhet\u0151 szakk\u00e9pzetts\u00e9g: szakvizsg\u00e1zott pedag\u00f3gus szakszolg\u00e1lati ter\u00fcleten K\u00e9pz\u00e9si ter\u00fclet: pedag\u00f3gusk\u00e9pz\u00e9s A szakir\u00e1ny\u00fa tov\u00e1bbk\u00e9pz\u00e9si szak c\u00e9lja: a pedag\u00f3gusi tev\u00e9kenys\u00e9g ell\u00e1t\u00e1s\u00e1hoz sz\u00fcks\u00e9ges elm\u00e9leti \u00e9s gyakorlati &hellip;<\/p>\n","protected":false},"author":101255,"featured_media":0,"parent":3258,"menu_order":3,"comment_status":"closed","ping_status":"closed","template":"","meta":{"_acf_changed":false,"footnotes":""},"categories":[],"tags":[],"class_list":["post-3801","page","type-page","status-publish","hentry"],"acf":[],"_links":{"self":[{"href":"https:\/\/semmelweis.hu\/pak\/wp-json\/wp\/v2\/pages\/3801","targetHints":{"allow":["GET"]}}],"collection":[{"href":"https:\/\/semmelweis.hu\/pak\/wp-json\/wp\/v2\/pages"}],"about":[{"href":"https:\/\/semmelweis.hu\/pak\/wp-json\/wp\/v2\/types\/page"}],"author":[{"embeddable":true,"href":"https:\/\/semmelweis.hu\/pak\/wp-json\/wp\/v2\/users\/101255"}],"replies":[{"embeddable":true,"href":"https:\/\/semmelweis.hu\/pak\/wp-json\/wp\/v2\/comments?post=3801"}],"version-history":[{"count":14,"href":"https:\/\/semmelweis.hu\/pak\/wp-json\/wp\/v2\/pages\/3801\/revisions"}],"predecessor-version":[{"id":13402,"href":"https:\/\/semmelweis.hu\/pak\/wp-json\/wp\/v2\/pages\/3801\/revisions\/13402"}],"up":[{"embeddable":true,"href":"https:\/\/semmelweis.hu\/pak\/wp-json\/wp\/v2\/pages\/3258"}],"wp:attachment":[{"href":"https:\/\/semmelweis.hu\/pak\/wp-json\/wp\/v2\/media?parent=3801"}],"wp:term":[{"taxonomy":"category","embeddable":true,"href":"https:\/\/semmelweis.hu\/pak\/wp-json\/wp\/v2\/categories?post=3801"},{"taxonomy":"post_tag","embeddable":true,"href":"https:\/\/semmelweis.hu\/pak\/wp-json\/wp\/v2\/tags?post=3801"}],"curies":[{"name":"wp","href":"https:\/\/api.w.org\/{rel}","templated":true}]}}