{"id":3630,"date":"2018-12-05T14:22:54","date_gmt":"2018-12-05T13:22:54","guid":{"rendered":"http:\/\/semmelweis.hu\/pak\/?page_id=3630"},"modified":"2023-10-04T14:55:43","modified_gmt":"2023-10-04T12:55:43","slug":"support-us","status":"publish","type":"page","link":"https:\/\/semmelweis.hu\/pak\/en\/support-us\/","title":{"rendered":"Support TEGYA"},"content":{"rendered":"<h3 style=\"text-align: justify\">Dear Visitors<\/h3>\n<p style=\"text-align: justify\">The <strong>TEGYA Foundation &#8211;<\/strong> <strong>T\u00e9gy a Pet\u0151 Int\u00e9zet Gyermekei\u00e9rt Alap\u00edtv\u00e1ny<\/strong> in Hungarian &#8211; is our foundraiser organization which aims to improve the life of children at our institution. Feel free to read about <a href=\"http:\/\/www.tegya.hu\/#celjaink\" target=\"_blank\" rel=\"noopener\">our goals and work<\/a> and if you have the possibility, support us!<\/p>\n<p class=\"font_8\" style=\"text-align: justify\"><span class=\"wixGuard\">\u200bY<\/span>our help is more than welcomed and it would be our honour to welcome you amongst our fundraisers. We have <strong>several projects going on<\/strong> for which we are welcome any contributions.<\/p>\n<p><iframe loading=\"lazy\" title=\"Happy-Pet\u0151 Int\u00e9zet-Budapest-Csib\u00e9szkeCsoport HD\" width=\"753\" height=\"424\" src=\"https:\/\/www.youtube.com\/embed\/TNIKhN052gI?start=5&#038;feature=oembed\" frameborder=\"0\" allow=\"accelerometer; autoplay; clipboard-write; encrypted-media; gyroscope; picture-in-picture; web-share\" allowfullscreen><\/iframe><\/p>\n<div class=\"keretes w-100\">\n<h4 class=\"font_8\" style=\"text-align: left\"><strong>Foundation&#8217;s data:<\/strong><\/h4>\n<p class=\"font_8\" style=\"padding-left: 40px\"><strong>TEGYA &#8211; T\u00e9gy a Pet\u0151 Int\u00e9zet Gyermekei\u00e9rt Alap\u00edtv\u00e1ny<\/strong><\/p>\n<p class=\"font_8\" style=\"padding-left: 40px\">Website: <a href=\"https:\/\/www.tegya.hu\/\" target=\"_blank\" rel=\"noopener\">www.tegya.hu<\/a><\/p>\n<p class=\"font_8\" style=\"padding-left: 40px\"><span class=\"wixGuard\">\u200b<\/span>Hungarian bank account no.:\u00a010104105-50393800-01000007<br \/>\nSWIFT code:\u00a0BUDAHUHB<br \/>\nBank name: Budapest Bank Zrt.<br \/>\nHungarian VAT no.:\u00a0\u00a018103050-1-43<br \/>\nEU VAT no.:\u00a0HU18103050<\/p>\n<\/div>\n","protected":false},"excerpt":{"rendered":"<p>Dear Visitors The TEGYA Foundation &#8211; T\u00e9gy a Pet\u0151 Int\u00e9zet Gyermekei\u00e9rt Alap\u00edtv\u00e1ny in Hungarian &#8211; is our foundraiser organization which aims to improve the life of children at our institution. Feel free to read about <a href=\"http:\/\/www.tegya.hu\/#celjaink\" target=\"_blank\" rel=\"noopener\">our goals and work<\/a> and if you have the possibility, support us! \u200bYour help is more than welcomed and it would be our honour &hellip;<\/p>\n","protected":false},"author":101255,"featured_media":0,"parent":0,"menu_order":10,"comment_status":"closed","ping_status":"closed","template":"","meta":{"_acf_changed":false,"footnotes":""},"categories":[],"tags":[189,193,195,187,191],"class_list":["post-3630","page","type-page","status-publish","hentry","tag-children","tag-donation","tag-foundation","tag-foundraising","tag-support"],"acf":[],"_links":{"self":[{"href":"https:\/\/semmelweis.hu\/pak\/wp-json\/wp\/v2\/pages\/3630","targetHints":{"allow":["GET"]}}],"collection":[{"href":"https:\/\/semmelweis.hu\/pak\/wp-json\/wp\/v2\/pages"}],"about":[{"href":"https:\/\/semmelweis.hu\/pak\/wp-json\/wp\/v2\/types\/page"}],"author":[{"embeddable":true,"href":"https:\/\/semmelweis.hu\/pak\/wp-json\/wp\/v2\/users\/101255"}],"replies":[{"embeddable":true,"href":"https:\/\/semmelweis.hu\/pak\/wp-json\/wp\/v2\/comments?post=3630"}],"version-history":[{"count":10,"href":"https:\/\/semmelweis.hu\/pak\/wp-json\/wp\/v2\/pages\/3630\/revisions"}],"predecessor-version":[{"id":9209,"href":"https:\/\/semmelweis.hu\/pak\/wp-json\/wp\/v2\/pages\/3630\/revisions\/9209"}],"wp:attachment":[{"href":"https:\/\/semmelweis.hu\/pak\/wp-json\/wp\/v2\/media?parent=3630"}],"wp:term":[{"taxonomy":"category","embeddable":true,"href":"https:\/\/semmelweis.hu\/pak\/wp-json\/wp\/v2\/categories?post=3630"},{"taxonomy":"post_tag","embeddable":true,"href":"https:\/\/semmelweis.hu\/pak\/wp-json\/wp\/v2\/tags?post=3630"}],"curies":[{"name":"wp","href":"https:\/\/api.w.org\/{rel}","templated":true}]}}