{"id":3059,"date":"2018-09-06T16:48:49","date_gmt":"2018-09-06T14:48:49","guid":{"rendered":"http:\/\/semmelweis.hu\/pak\/?page_id=3059"},"modified":"2026-02-03T14:20:47","modified_gmt":"2026-02-03T13:20:47","slug":"a-kar-intezetei","status":"publish","type":"page","link":"https:\/\/semmelweis.hu\/pak\/a-karrol\/a-kar-intezetei\/","title":{"rendered":"A kar szervezeti egys\u00e9gei"},"content":{"rendered":"<div class=\"keretes w-100\">\n<p>A Pet\u0151 Andr\u00e1s Kar a szervezeti egys\u00e9geivel <strong>a kar oktat\u00f3i tev\u00e9kenys\u00e9g\u00e9nek, valamint gyakorl\u00f3ter\u00fcleteinek m\u0171k\u00f6d\u00e9si \u00e9s szakmai fel\u00fcgyelet\u00e9t<\/strong> l\u00e1tja el.<\/p>\n<\/div>\n<h1>A Kar Al\u00e1 tartoz\u00f3 Szervezeti egys\u00e9gek<\/h1>\n<h5><a href=\"https:\/\/semmelweis.hu\/pak\/a-karrol\/szervezeti-felepites\/\">Pet\u0151 Andr\u00e1s Kar &#8211; D\u00e9k\u00e1ni Hivatal<\/a><\/h5>\n<p><i class=\"fa fa-map-marker\" aria-hidden=\"true\"><\/i>\u00a01125 Budapest, K\u00fatv\u00f6lgyi \u00fat 8.<\/p>\n<h5 style=\"padding-left: 40px\"><a href=\"https:\/\/semmelweis.hu\/pak\/hallgatoknak\/tanulmanyi-osztaly\/\">Tanulm\u00e1nyi \u00e9s Hallgat\u00f3i K\u00f6zpont, Karrieriroda<\/a><\/h5>\n<p style=\"padding-left: 40px\"><i class=\"fa fa-map-marker\" aria-hidden=\"true\"><\/i>\u00a01125 Budapest, K\u00fatv\u00f6lgyi \u00fat 8.<\/p>\n<h5 style=\"padding-left: 40px\"><a href=\"https:\/\/semmelweis.hu\/petokonyvtar\/\">H\u00e1ri M\u00e1ria K\u00f6nyvt\u00e1r \u00e9s Forr\u00e1sk\u00f6zpont<\/a><\/h5>\n<p style=\"padding-left: 40px\"><i class=\"fa fa-map-marker\" aria-hidden=\"true\"><\/i>\u00a01125 Budapest, K\u00fatv\u00f6lgyi \u00fat 8.<\/p>\n<hr \/>\n<h5><a href=\"https:\/\/semmelweis.hu\/pak\/a-karrol\/a-kar-intezetei\/a-konduktiv-pedagogiai-kozpont-intezetei\/\">Kondukt\u00edv Pedag\u00f3giai K\u00f6zpont<\/a><\/h5>\n<p><i class=\"fa fa-map-marker\" aria-hidden=\"true\"><\/i>\u00a01125 Budapest, K\u00fatv\u00f6lgyi \u00fat 8.<\/p>\n<h5 style=\"padding-left: 40px\"><a href=\"https:\/\/semmelweis.hu\/peto-ekpmi\/\">Pet\u0151 Andr\u00e1s Gyakorl\u00f3 \u00c1ltal\u00e1nos Iskola, Szakiskola Egys\u00e9ges Kondukt\u00edv Pedag\u00f3giai M\u00f3dszertani Int\u00e9zm\u00e9nye \u00e9s Koll\u00e9giuma<\/a><\/h5>\n<p style=\"padding-left: 40px\"><i class=\"fa fa-map-marker\" aria-hidden=\"true\"><\/i>\u00a01118 Budapest, Vill\u00e1nyi \u00fat 67.<\/p>\n<h5 style=\"padding-left: 40px\"><a href=\"https:\/\/semmelweis.hu\/peto-ovoda\/\">Pet\u0151 Andr\u00e1s Gyakorl\u00f3 \u00d3voda<\/a><\/h5>\n<p style=\"padding-left: 40px\"><i class=\"fa fa-map-marker\" aria-hidden=\"true\"><\/i>\u00a01125 Budapest, K\u00fatv\u00f6lgyi \u00fat 8.<\/p>\n<h5 style=\"padding-left: 40px\"><a href=\"https:\/\/semmelweis.hu\/peto-pedint\/\">Pet\u0151 Andr\u00e1s Pedag\u00f3giai Int\u00e9zete<\/a><\/h5>\n<p style=\"padding-left: 40px\"><i class=\"fa fa-map-marker\" aria-hidden=\"true\"><\/i>\u00a01125 Budapest, K\u00fatv\u00f6lgyi \u00fat 8.<\/p>\n<h5 style=\"padding-left: 40px\"><a href=\"https:\/\/semmelweis.hu\/pak\/\">Rehabilit\u00e1ci\u00f3s \u00e9s Feln\u0151tt Ell\u00e1t\u00e1si Oszt\u00e1ly<\/a><\/h5>\n<p style=\"padding-left: 40px\"><i class=\"fa fa-map-marker\" aria-hidden=\"true\"><\/i>\u00a01125 Budapest, K\u00fatv\u00f6lgyi \u00fat 8.<\/p>\n<hr \/>\n<h5><a href=\"https:\/\/semmelweis.hu\/pak\/a-karrol\/a-kar-intezetei\/konduktiv-pedagogiai-intezet\/\">Kondukt\u00edv Pedag\u00f3giai Int\u00e9zet<\/a><\/h5>\n<p class=\"card-text\"><i class=\"fa fa-map-marker\" aria-hidden=\"true\"><\/i>\u00a01125 Budapest, K\u00fatv\u00f6lgyi \u00fat 8.<\/p>\n<hr \/>\n<h5><a href=\"https:\/\/semmelweis.hu\/pak\/a-karrol\/a-kar-intezetei\/humantudomanyi-intezet\/\">Hum\u00e1ntudom\u00e1nyi Int\u00e9zet<\/a><\/h5>\n<p><i class=\"fa fa-map-marker\" aria-hidden=\"true\"><\/i>\u00a01125 Budapest, K\u00fatv\u00f6lgyi \u00fat 8.<\/p>\n<hr \/>\n<h5><a href=\"https:\/\/semmelweis.hu\/peto-development\/hu\/\" target=\"_blank\" rel=\"noopener\">Kiemelt Nemzetk\u00f6zi \u00e9s Nemzeti Szolg\u00e1ltat\u00e1si K\u00f6zpont<\/a><\/h5>\n<p><i class=\"fa fa-map-marker\" aria-hidden=\"true\"><\/i>\u00a01125 Budapest, K\u00fatv\u00f6lgyi \u00fat 8.<\/p>\n<p>&nbsp;<\/p>\n","protected":false},"excerpt":{"rendered":"<p>A Pet\u0151 Andr\u00e1s Kar a szervezeti egys\u00e9geivel a kar oktat\u00f3i tev\u00e9kenys\u00e9g\u00e9nek, valamint gyakorl\u00f3ter\u00fcleteinek m\u0171k\u00f6d\u00e9si \u00e9s szakmai fel\u00fcgyelet\u00e9t l\u00e1tja el. A Kar Al\u00e1 tartoz\u00f3 Szervezeti egys\u00e9gek <a href=\"https:\/\/semmelweis.hu\/pak\/a-karrol\/szervezeti-felepites\/\">Pet\u0151 Andr\u00e1s Kar &#8211; D\u00e9k\u00e1ni Hivatal<\/a> \u00a01125 Budapest, K\u00fatv\u00f6lgyi \u00fat 8. <a href=\"https:\/\/semmelweis.hu\/pak\/hallgatoknak\/tanulmanyi-osztaly\/\">Tanulm\u00e1nyi \u00e9s Hallgat\u00f3i K\u00f6zpont, Karrieriroda<\/a> \u00a01125 Budapest, K\u00fatv\u00f6lgyi \u00fat 8. <a href=\"https:\/\/semmelweis.hu\/petokonyvtar\/\">H\u00e1ri M\u00e1ria K\u00f6nyvt\u00e1r \u00e9s Forr\u00e1sk\u00f6zpont<\/a> \u00a01125 Budapest, K\u00fatv\u00f6lgyi \u00fat 8. <a href=\"https:\/\/semmelweis.hu\/pak\/a-karrol\/a-kar-intezetei\/a-konduktiv-pedagogiai-kozpont-intezetei\/\">Kondukt\u00edv Pedag\u00f3giai K\u00f6zpont<\/a> \u00a01125 Budapest, K\u00fatv\u00f6lgyi \u00fat 8. <a href=\"https:\/\/semmelweis.hu\/peto-ekpmi\/\">Pet\u0151 Andr\u00e1s Gyakorl\u00f3 \u00c1ltal\u00e1nos Iskola, Szakiskola Egys\u00e9ges Kondukt\u00edv Pedag\u00f3giai M\u00f3dszertani Int\u00e9zm\u00e9nye \u00e9s Koll\u00e9giuma<\/a> \u00a01118 Budapest, Vill\u00e1nyi \u00fat 67. <a href=\"https:\/\/semmelweis.hu\/peto-ovoda\/\">Pet\u0151 Andr\u00e1s Gyakorl\u00f3 \u00d3voda<\/a> \u00a01125 Budapest, K\u00fatv\u00f6lgyi \u00fat 8. &hellip;<\/p>\n","protected":false},"author":101255,"featured_media":0,"parent":3254,"menu_order":6,"comment_status":"closed","ping_status":"closed","template":"","meta":{"_acf_changed":false,"footnotes":""},"categories":[],"tags":[],"class_list":["post-3059","page","type-page","status-publish","hentry"],"acf":[],"_links":{"self":[{"href":"https:\/\/semmelweis.hu\/pak\/wp-json\/wp\/v2\/pages\/3059","targetHints":{"allow":["GET"]}}],"collection":[{"href":"https:\/\/semmelweis.hu\/pak\/wp-json\/wp\/v2\/pages"}],"about":[{"href":"https:\/\/semmelweis.hu\/pak\/wp-json\/wp\/v2\/types\/page"}],"author":[{"embeddable":true,"href":"https:\/\/semmelweis.hu\/pak\/wp-json\/wp\/v2\/users\/101255"}],"replies":[{"embeddable":true,"href":"https:\/\/semmelweis.hu\/pak\/wp-json\/wp\/v2\/comments?post=3059"}],"version-history":[{"count":13,"href":"https:\/\/semmelweis.hu\/pak\/wp-json\/wp\/v2\/pages\/3059\/revisions"}],"predecessor-version":[{"id":13146,"href":"https:\/\/semmelweis.hu\/pak\/wp-json\/wp\/v2\/pages\/3059\/revisions\/13146"}],"up":[{"embeddable":true,"href":"https:\/\/semmelweis.hu\/pak\/wp-json\/wp\/v2\/pages\/3254"}],"wp:attachment":[{"href":"https:\/\/semmelweis.hu\/pak\/wp-json\/wp\/v2\/media?parent=3059"}],"wp:term":[{"taxonomy":"category","embeddable":true,"href":"https:\/\/semmelweis.hu\/pak\/wp-json\/wp\/v2\/categories?post=3059"},{"taxonomy":"post_tag","embeddable":true,"href":"https:\/\/semmelweis.hu\/pak\/wp-json\/wp\/v2\/tags?post=3059"}],"curies":[{"name":"wp","href":"https:\/\/api.w.org\/{rel}","templated":true}]}}