{"id":3054,"date":"2018-09-06T16:14:31","date_gmt":"2018-09-06T14:14:31","guid":{"rendered":"http:\/\/semmelweis.hu\/pak\/?page_id=3054"},"modified":"2024-03-06T12:16:59","modified_gmt":"2024-03-06T11:16:59","slug":"a-konduktiv-pedagogiai-kozpont-intezetei","status":"publish","type":"page","link":"https:\/\/semmelweis.hu\/pak\/a-karrol\/a-kar-intezetei\/a-konduktiv-pedagogiai-kozpont-intezetei\/","title":{"rendered":"A Kondukt\u00edv Pedag\u00f3giai K\u00f6zpont \u00e9s int\u00e9zm\u00e9nyei"},"content":{"rendered":"<div class=\"keretes w-100\"><strong>A Pet\u0151 Andr\u00e1s Kar Kondukt\u00edv Pedag\u00f3giai K\u00f6zpontja a kar gyakorl\u00f3ter\u00fcleteinek m\u0171k\u00f6d\u00e9si \u00e9s szakmai fel\u00fcgyelet\u00e9t l\u00e1tja el. A k\u00f6zponthoz a PAK Gyakorl\u00f3 \u00d3vod\u00e1ja, a Rehabilit\u00e1ci\u00f3s \u00e9s Eg\u00e9szs\u00e9g\u00fcgyi Ell\u00e1t\u00e1si Oszt\u00e1ly, a Pedag\u00f3giai Int\u00e9zet, valamint a Gyakorl\u00f3 \u00c1ltal\u00e1nos Iskola \u00e9s Koll\u00e9gium, Szakiskola, Egys\u00e9ges Kondukt\u00edv Pedag\u00f3giai M\u00f3dszertani Int\u00e9zm\u00e9nye tartozik.<\/strong><\/div>\n<p><span style=\"font-size: 14pt\"><strong>C\u00edm:<\/strong> 1125 Budapest, K\u00fatv\u00f6lgyi \u00fat 8. <\/span><br \/>\n<span style=\"font-size: 14pt\"><strong>Telefon:<\/strong> +36 1 224 1518<\/span><br \/>\n<span style=\"font-size: 14pt\"><strong>Igazgat\u00f3:<\/strong> Feket\u00e9n\u00e9 dr. Szab\u00f3 \u00c9va<strong><br \/>\nEmail:<\/strong> <a href=\"mailto:feketene.szabo.eva@semmelweis.hu\">feketene.szabo.eva@semmelweis.hu<\/a><\/span><\/p>\n<p><span style=\"font-size: 14pt\"><strong>Munkat\u00e1rsak:<\/strong><\/span><br \/>\n<span style=\"font-size: 14pt\"><strong>Vona Zs\u00f3fia, titk\u00e1rs\u00e1gvezet\u0151<\/strong> <\/span><br \/>\n<span style=\"font-size: 14pt\"><strong>Telefon:<\/strong> +36 1 224 1518<\/span><br \/>\n<span style=\"font-size: 14pt\"><strong>E-mail:<\/strong> <a href=\"mailto:vona.zsofia@semmelweis.hu\">vona.zsofia@semmelweis.hu<\/a><\/span><\/p>\n<p><span style=\"font-size: 14pt\"><strong>Fekete Nikolett, operat\u0151r<\/strong><\/span><br \/>\n<span style=\"font-size: 14pt\"><strong>Telefon: <\/strong>+36\u00a0 30 016 4815<\/span><br \/>\n<span style=\"font-size: 14pt\"><strong>E-mail:<\/strong> <a href=\"mailto:fekete.nikolett@semmelweis.hu\">fekete.nikolett@semmelweis.hu<\/a><\/span><\/p>\n\r\n        [slb_exclude]\r\n        <div class=\"row galeria-wrapper mx-0 h-auto\">\r\n            <div class=\"col-9 pl-0 pr-2\">\r\n            <span class=\"gallery-item frame\">\r\n\t\t\t\t<div class=\"galeria-left-img\"><a href=\"https:\/\/semmelweis.hu\/pak\/files\/2023\/07\/RS83602_DSC_7093-scr.jpg\"><img src=https:\/\/semmelweis.hu\/pak\/files\/2023\/07\/RS83602_DSC_7093-scr.jpg  \r\n                            alt=\"\" \r\n                            class=\"attachment-sote-gallery-big size-sote-gallery-big\" \r\n                            srcset=\"https:\/\/semmelweis.hu\/pak\/files\/2023\/07\/RS83602_DSC_7093-scr-400x266.jpg 400w, https:\/\/semmelweis.hu\/pak\/files\/2023\/07\/RS83602_DSC_7093-scr-768x511.jpg 768w, https:\/\/semmelweis.hu\/pak\/files\/2023\/07\/RS83602_DSC_7093-scr-753x501.jpg 753w, https:\/\/semmelweis.hu\/pak\/files\/2023\/07\/RS83602_DSC_7093-scr-203x135.jpg 203w, https:\/\/semmelweis.hu\/pak\/files\/2023\/07\/RS83602_DSC_7093-scr.jpg 950w\" ><\/a><\/div>\r\n            <\/span>\r\n\r\n            <\/div>\r\n\r\n\t\t\t<div class=\"col-3 pl-0 pr-0\">\r\n\t\t\t\t<div class=\"galeria-right-img d-flex justify-content-between flex-column h-100 w-100 px-0 mx-0 \">\r\n                <div class=\"galeria-box\">\r\n\t\t\t\t\t<h3 class=\"galeria-title\">Gal\u00e9ria<\/h3>\r\n\t\t\t\t\t<div class=\"galeria-subtitle\">\r\n\r\n\t\t\t\t\t\t<div class=\"galeria-page-counter\"><span>15<\/span>k\u00e9p<\/div>\r\n                    <\/div> <\/div>\r\n                    <span class=\"gallery-item frame d-none d-md-flex\">\r\n\t\t\t\t\t<div class=\"galeria-small-img mt-0\"><a href=\"https:\/\/semmelweis.hu\/pak\/files\/2023\/07\/RS83599_DSC_7035-scr.jpg\"><img src=https:\/\/semmelweis.hu\/pak\/files\/2023\/07\/RS83599_DSC_7035-scr.jpg \r\n                                alt=\"\"  \r\n                                class=\"attachment-sote-gallery-small size-sote-gallery-small\" \r\n                                srcset=\"https:\/\/semmelweis.hu\/pak\/files\/2023\/07\/RS83599_DSC_7035-scr-400x266.jpg 400w, https:\/\/semmelweis.hu\/pak\/files\/2023\/07\/RS83599_DSC_7035-scr-768x511.jpg 768w, https:\/\/semmelweis.hu\/pak\/files\/2023\/07\/RS83599_DSC_7035-scr-753x501.jpg 753w, https:\/\/semmelweis.hu\/pak\/files\/2023\/07\/RS83599_DSC_7035-scr-203x135.jpg 203w, https:\/\/semmelweis.hu\/pak\/files\/2023\/07\/RS83599_DSC_7035-scr.jpg 950w\" ><\/a><\/div>\r\n                    <\/span>\r\n                    <span class=\"gallery-item frame d-none d-md-flex\">\r\n\t\t\t\t\t<div class=\"galeria-small-img mt-0\"><a href=\"https:\/\/semmelweis.hu\/pak\/files\/2023\/07\/RS77040_IMG_0545-scr.jpg\"><img src=https:\/\/semmelweis.hu\/pak\/files\/2023\/07\/RS77040_IMG_0545-scr.jpg \r\n                                alt=\"\" \r\n                                class=\"attachment-sote-gallery-small size-sote-gallery-small\" \r\n                                srcset=\"https:\/\/semmelweis.hu\/pak\/files\/2023\/07\/RS77040_IMG_0545-scr-284x400.jpg 284w, https:\/\/semmelweis.hu\/pak\/files\/2023\/07\/RS77040_IMG_0545-scr.jpg 533w\" ><\/a><\/div>\r\n                    <\/span>\r\n\r\n                <\/div>\r\n\r\n            <\/div>\r\n\r\n            <span class=\"gallery-item\"><div class=\"hidden\"><a href=\"https:\/\/semmelweis.hu\/pak\/files\/2023\/07\/RS71763_IMG_8071-scr.jpg\">\r\n        <img src=https:\/\/semmelweis.hu\/pak\/files\/2023\/07\/RS71763_IMG_8071-scr.jpg alt=\"\" class=\"attachment-sote-gallery-big size-sote-gallery-big\" srcset=\"https:\/\/semmelweis.hu\/pak\/files\/2023\/07\/RS71763_IMG_8071-scr-400x267.jpg 400w, https:\/\/semmelweis.hu\/pak\/files\/2023\/07\/RS71763_IMG_8071-scr-768x512.jpg 768w, https:\/\/semmelweis.hu\/pak\/files\/2023\/07\/RS71763_IMG_8071-scr-753x502.jpg 753w, https:\/\/semmelweis.hu\/pak\/files\/2023\/07\/RS71763_IMG_8071-scr-203x135.jpg 203w, https:\/\/semmelweis.hu\/pak\/files\/2023\/07\/RS71763_IMG_8071-scr.jpg 950w\" >\r\n        <\/a><\/div><\/span><span class=\"gallery-item\"><div class=\"hidden\"><a href=\"https:\/\/semmelweis.hu\/pak\/files\/2023\/07\/RS69951_KA-20171025-IMG_8305-scr.jpg\">\r\n        <img src=https:\/\/semmelweis.hu\/pak\/files\/2023\/07\/RS69951_KA-20171025-IMG_8305-scr.jpg alt=\"\" class=\"attachment-sote-gallery-big size-sote-gallery-big\" srcset=\"https:\/\/semmelweis.hu\/pak\/files\/2023\/07\/RS69951_KA-20171025-IMG_8305-scr-400x267.jpg 400w, https:\/\/semmelweis.hu\/pak\/files\/2023\/07\/RS69951_KA-20171025-IMG_8305-scr-768x512.jpg 768w, https:\/\/semmelweis.hu\/pak\/files\/2023\/07\/RS69951_KA-20171025-IMG_8305-scr-753x502.jpg 753w, https:\/\/semmelweis.hu\/pak\/files\/2023\/07\/RS69951_KA-20171025-IMG_8305-scr-203x135.jpg 203w, https:\/\/semmelweis.hu\/pak\/files\/2023\/07\/RS69951_KA-20171025-IMG_8305-scr.jpg 950w\" >\r\n        <\/a><\/div><\/span><span class=\"gallery-item\"><div class=\"hidden\"><a href=\"https:\/\/semmelweis.hu\/pak\/files\/2023\/07\/RS69944_KA-20171025-IMG_8275-scr.jpg\">\r\n        <img src=https:\/\/semmelweis.hu\/pak\/files\/2023\/07\/RS69944_KA-20171025-IMG_8275-scr.jpg alt=\"\" class=\"attachment-sote-gallery-big size-sote-gallery-big\" srcset=\"https:\/\/semmelweis.hu\/pak\/files\/2023\/07\/RS69944_KA-20171025-IMG_8275-scr-267x400.jpg 267w, https:\/\/semmelweis.hu\/pak\/files\/2023\/07\/RS69944_KA-20171025-IMG_8275-scr.jpg 500w\" >\r\n        <\/a><\/div><\/span><span class=\"gallery-item\"><div class=\"hidden\"><a href=\"https:\/\/semmelweis.hu\/pak\/files\/2023\/07\/RS69940_KA-20171025-IMG_8257-scr.jpg\">\r\n        <img src=https:\/\/semmelweis.hu\/pak\/files\/2023\/07\/RS69940_KA-20171025-IMG_8257-scr.jpg alt=\"\" class=\"attachment-sote-gallery-big size-sote-gallery-big\" srcset=\"https:\/\/semmelweis.hu\/pak\/files\/2023\/07\/RS69940_KA-20171025-IMG_8257-scr-400x267.jpg 400w, https:\/\/semmelweis.hu\/pak\/files\/2023\/07\/RS69940_KA-20171025-IMG_8257-scr-768x512.jpg 768w, https:\/\/semmelweis.hu\/pak\/files\/2023\/07\/RS69940_KA-20171025-IMG_8257-scr-753x502.jpg 753w, https:\/\/semmelweis.hu\/pak\/files\/2023\/07\/RS69940_KA-20171025-IMG_8257-scr-203x135.jpg 203w, https:\/\/semmelweis.hu\/pak\/files\/2023\/07\/RS69940_KA-20171025-IMG_8257-scr.jpg 950w\" >\r\n        <\/a><\/div><\/span><span class=\"gallery-item\"><div class=\"hidden\"><a href=\"https:\/\/semmelweis.hu\/pak\/files\/2023\/07\/RS69934_KA-20171025-IMG_8196-scr.jpg\">\r\n        <img src=https:\/\/semmelweis.hu\/pak\/files\/2023\/07\/RS69934_KA-20171025-IMG_8196-scr.jpg alt=\"\" class=\"attachment-sote-gallery-big size-sote-gallery-big\" srcset=\"https:\/\/semmelweis.hu\/pak\/files\/2023\/07\/RS69934_KA-20171025-IMG_8196-scr-400x267.jpg 400w, https:\/\/semmelweis.hu\/pak\/files\/2023\/07\/RS69934_KA-20171025-IMG_8196-scr-768x512.jpg 768w, https:\/\/semmelweis.hu\/pak\/files\/2023\/07\/RS69934_KA-20171025-IMG_8196-scr-753x502.jpg 753w, https:\/\/semmelweis.hu\/pak\/files\/2023\/07\/RS69934_KA-20171025-IMG_8196-scr-203x135.jpg 203w, https:\/\/semmelweis.hu\/pak\/files\/2023\/07\/RS69934_KA-20171025-IMG_8196-scr.jpg 950w\" >\r\n        <\/a><\/div><\/span><span class=\"gallery-item\"><div class=\"hidden\"><a href=\"https:\/\/semmelweis.hu\/pak\/files\/2023\/07\/RS69925_KA-20171025-IMG_8156-scr.jpg\">\r\n        <img src=https:\/\/semmelweis.hu\/pak\/files\/2023\/07\/RS69925_KA-20171025-IMG_8156-scr.jpg alt=\"\" class=\"attachment-sote-gallery-big size-sote-gallery-big\" srcset=\"https:\/\/semmelweis.hu\/pak\/files\/2023\/07\/RS69925_KA-20171025-IMG_8156-scr-267x400.jpg 267w, https:\/\/semmelweis.hu\/pak\/files\/2023\/07\/RS69925_KA-20171025-IMG_8156-scr.jpg 500w\" >\r\n        <\/a><\/div><\/span><span class=\"gallery-item\"><div class=\"hidden\"><a href=\"https:\/\/semmelweis.hu\/pak\/files\/2023\/07\/RS69918_KA-20171025-IMG_8092-scr.jpg\">\r\n        <img src=https:\/\/semmelweis.hu\/pak\/files\/2023\/07\/RS69918_KA-20171025-IMG_8092-scr.jpg alt=\"\" class=\"attachment-sote-gallery-big size-sote-gallery-big\" srcset=\"https:\/\/semmelweis.hu\/pak\/files\/2023\/07\/RS69918_KA-20171025-IMG_8092-scr-400x267.jpg 400w, https:\/\/semmelweis.hu\/pak\/files\/2023\/07\/RS69918_KA-20171025-IMG_8092-scr-768x512.jpg 768w, https:\/\/semmelweis.hu\/pak\/files\/2023\/07\/RS69918_KA-20171025-IMG_8092-scr-753x502.jpg 753w, https:\/\/semmelweis.hu\/pak\/files\/2023\/07\/RS69918_KA-20171025-IMG_8092-scr-203x135.jpg 203w, https:\/\/semmelweis.hu\/pak\/files\/2023\/07\/RS69918_KA-20171025-IMG_8092-scr.jpg 950w\" >\r\n        <\/a><\/div><\/span><span class=\"gallery-item\"><div class=\"hidden\"><a href=\"https:\/\/semmelweis.hu\/pak\/files\/2023\/07\/RS64860_KA-20170721-KA__9757-scr.jpg\">\r\n        <img src=https:\/\/semmelweis.hu\/pak\/files\/2023\/07\/RS64860_KA-20170721-KA__9757-scr.jpg alt=\"\" class=\"attachment-sote-gallery-big size-sote-gallery-big\" srcset=\"https:\/\/semmelweis.hu\/pak\/files\/2023\/07\/RS64860_KA-20170721-KA__9757-scr-400x267.jpg 400w, https:\/\/semmelweis.hu\/pak\/files\/2023\/07\/RS64860_KA-20170721-KA__9757-scr-768x512.jpg 768w, https:\/\/semmelweis.hu\/pak\/files\/2023\/07\/RS64860_KA-20170721-KA__9757-scr-753x502.jpg 753w, https:\/\/semmelweis.hu\/pak\/files\/2023\/07\/RS64860_KA-20170721-KA__9757-scr-203x135.jpg 203w, https:\/\/semmelweis.hu\/pak\/files\/2023\/07\/RS64860_KA-20170721-KA__9757-scr.jpg 950w\" >\r\n        <\/a><\/div><\/span><span class=\"gallery-item\"><div class=\"hidden\"><a href=\"https:\/\/semmelweis.hu\/pak\/files\/2023\/07\/RS64848_KA-20170721-KA__9714-scr.jpg\">\r\n        <img src=https:\/\/semmelweis.hu\/pak\/files\/2023\/07\/RS64848_KA-20170721-KA__9714-scr.jpg alt=\"\" class=\"attachment-sote-gallery-big size-sote-gallery-big\" srcset=\"https:\/\/semmelweis.hu\/pak\/files\/2023\/07\/RS64848_KA-20170721-KA__9714-scr-400x267.jpg 400w, https:\/\/semmelweis.hu\/pak\/files\/2023\/07\/RS64848_KA-20170721-KA__9714-scr-768x512.jpg 768w, https:\/\/semmelweis.hu\/pak\/files\/2023\/07\/RS64848_KA-20170721-KA__9714-scr-753x502.jpg 753w, https:\/\/semmelweis.hu\/pak\/files\/2023\/07\/RS64848_KA-20170721-KA__9714-scr-203x135.jpg 203w, https:\/\/semmelweis.hu\/pak\/files\/2023\/07\/RS64848_KA-20170721-KA__9714-scr.jpg 950w\" >\r\n        <\/a><\/div><\/span><span class=\"gallery-item\"><div class=\"hidden\"><a href=\"https:\/\/semmelweis.hu\/pak\/files\/2023\/07\/RS64837_KA-20170721-KA__9690-scr.jpg\">\r\n        <img src=https:\/\/semmelweis.hu\/pak\/files\/2023\/07\/RS64837_KA-20170721-KA__9690-scr.jpg alt=\"\" class=\"attachment-sote-gallery-big size-sote-gallery-big\" srcset=\"https:\/\/semmelweis.hu\/pak\/files\/2023\/07\/RS64837_KA-20170721-KA__9690-scr-400x267.jpg 400w, https:\/\/semmelweis.hu\/pak\/files\/2023\/07\/RS64837_KA-20170721-KA__9690-scr-768x512.jpg 768w, https:\/\/semmelweis.hu\/pak\/files\/2023\/07\/RS64837_KA-20170721-KA__9690-scr-753x502.jpg 753w, https:\/\/semmelweis.hu\/pak\/files\/2023\/07\/RS64837_KA-20170721-KA__9690-scr-203x135.jpg 203w, https:\/\/semmelweis.hu\/pak\/files\/2023\/07\/RS64837_KA-20170721-KA__9690-scr.jpg 950w\" >\r\n        <\/a><\/div><\/span><span class=\"gallery-item\"><div class=\"hidden\"><a href=\"https:\/\/semmelweis.hu\/pak\/files\/2023\/06\/IMG_20230621_110240-scaled.jpg\">\r\n        <img src=https:\/\/semmelweis.hu\/pak\/files\/2023\/06\/IMG_20230621_110240-scaled.jpg alt=\"\" class=\"attachment-sote-gallery-big size-sote-gallery-big\" srcset=\"https:\/\/semmelweis.hu\/pak\/files\/2023\/06\/IMG_20230621_110240-400x300.jpg 400w, https:\/\/semmelweis.hu\/pak\/files\/2023\/06\/IMG_20230621_110240-1024x768.jpg 1024w, https:\/\/semmelweis.hu\/pak\/files\/2023\/06\/IMG_20230621_110240-768x576.jpg 768w, https:\/\/semmelweis.hu\/pak\/files\/2023\/06\/IMG_20230621_110240-1536x1152.jpg 1536w, https:\/\/semmelweis.hu\/pak\/files\/2023\/06\/IMG_20230621_110240-2048x1536.jpg 2048w, https:\/\/semmelweis.hu\/pak\/files\/2023\/06\/IMG_20230621_110240-753x565.jpg 753w\" >\r\n        <\/a><\/div><\/span><span class=\"gallery-item\"><div class=\"hidden\"><a href=\"https:\/\/semmelweis.hu\/pak\/files\/2023\/06\/RS64843_KA-20170721-KA__9702-scr.jpg\">\r\n        <img src=https:\/\/semmelweis.hu\/pak\/files\/2023\/06\/RS64843_KA-20170721-KA__9702-scr.jpg alt=\"\" class=\"attachment-sote-gallery-big size-sote-gallery-big\" srcset=\"https:\/\/semmelweis.hu\/pak\/files\/2023\/06\/RS64843_KA-20170721-KA__9702-scr-400x267.jpg 400w, https:\/\/semmelweis.hu\/pak\/files\/2023\/06\/RS64843_KA-20170721-KA__9702-scr-768x512.jpg 768w, https:\/\/semmelweis.hu\/pak\/files\/2023\/06\/RS64843_KA-20170721-KA__9702-scr-753x502.jpg 753w, https:\/\/semmelweis.hu\/pak\/files\/2023\/06\/RS64843_KA-20170721-KA__9702-scr-203x135.jpg 203w, https:\/\/semmelweis.hu\/pak\/files\/2023\/06\/RS64843_KA-20170721-KA__9702-scr.jpg 950w\" >\r\n        <\/a><\/div><\/span>\r\n            <\/div>\r\n\r\n            [\/slb_exclude]\r\n\t\n<h2>A Kondukt\u00edv Pedag\u00f3giai K\u00f6zpont \u00e1ltal fenntartott k\u00f6znevel\u00e9si gyakorl\u00f3 int\u00e9zm\u00e9nyek \u00e9s gyakorl\u00f3 int\u00e9zm\u00e9nyek:<\/h2>\n<h6><span style=\"font-size: 14pt\"><a href=\"https:\/\/semmelweis.hu\/peto-ekpmi\/\" target=\"_blank\" rel=\"noopener\"><strong>SEMMELWEIS EGYETEM PET\u0150 ANDR\u00c1S GYAKORL\u00d3 \u00c1LTAL\u00c1NOS ISKOL\u00c1JA, SZAKISKOL\u00c1JA, <\/strong><\/a><a href=\"https:\/\/semmelweis.hu\/peto-ekpmi\/\" target=\"_blank\" rel=\"noopener\"><strong>EGYS\u00c9GES KONDUKT\u00cdV PEDAG\u00d3GIAI M\u00d3DSZERTANI INT\u00c9ZM\u00c9NYE <\/strong><\/a><\/span><strong><span style=\"font-size: 14pt\"><a href=\"https:\/\/semmelweis.hu\/peto-ekpmi\/\">\u00c9S KOLL\u00c9GIUMA<\/a><\/span><br \/>\n<\/strong><\/h6>\n<p><span style=\"font-size: 14pt\"><strong>Int\u00e9zm\u00e9nyvezet\u0151:<\/strong> Makk \u00c1d\u00e1m<\/span><br \/>\n<span style=\"font-size: 14pt\"><strong>Telefon:<\/strong> +36 20 430 0819<\/span><br \/>\n<span style=\"font-size: 14pt\"><strong>E-mail:<\/strong> <a href=\"mailto:makk.adam@semmelweis.hu\">makk.adam@semmelweis.hu<\/a><\/span><\/p>\n<p><span style=\"font-size: 14pt\"><strong>Nevel\u00e9si-oktat\u00e1si int\u00e9zm\u00e9nyvezet\u0151-helyettes:<\/strong> Kiss Anna\u00a0<\/span><br \/>\n<span style=\"font-size: 14pt\"><strong>Telefon:<\/strong> +36 70 886 9993<\/span><br \/>\n<span style=\"font-size: 14pt\"><strong>E-mail:<\/strong> <a href=\"mailto:kiss.anna@semmelweis.hu\">kiss.anna@semmelweis.hu<\/a><\/span><\/p>\n<p><span style=\"font-size: 14pt\"><strong>Szervez\u00e9si int\u00e9zm\u00e9nyvezet\u0151-helyettes:<\/strong> D\u00f6br\u00f6ssyn\u00e9 D\u00e1niel Gabriella<\/span><br \/>\n<span style=\"font-size: 14pt\"><strong>Telefon:<\/strong> +36 30 564 8936<\/span><br \/>\n<span style=\"font-size: 14pt\"><strong>E-mail:<\/strong> <a href=\"mailto:daniel.gabriella@semmelweis.hu\">daniel.gabriella@semmelweis.hu<\/a><\/span><\/p>\n<h6><strong>Int\u00e9zm\u00e9nyegys\u00e9gek:<\/strong><\/h6>\n<p style=\"padding-left: 40px\"><span style=\"font-size: 14pt\"><a href=\"https:\/\/semmelweis.hu\/peto-ekpmi\/szakszolgalat-2\/szakszolgalat\/\" target=\"_blank\" rel=\"noopener\"><strong>Pedag\u00f3giai Szakszolg\u00e1lat<\/strong><\/a><\/span><br \/>\n<span style=\"font-size: 14pt\"><strong>C\u00edm:<\/strong>1125 Budapest, K\u00fatv\u00f6lgyi \u00fat 6.<\/span><br \/>\n<span style=\"font-size: 14pt\"><strong>Egys\u00e9gvezet\u0151:<\/strong> Gruber M\u00f3nika<\/span><br \/>\n<span style=\"font-size: 14pt\"><strong>Telefon:<\/strong> +36 70 642 0117<\/span><br \/>\n<span style=\"font-size: 14pt\"><strong>E-mail:<\/strong> <a href=\"mailto:gruber.monika@semmelweis.hu\">gruber.monika@semmelweis.hu<\/a><\/span><\/p>\n<p style=\"padding-left: 40px\"><span style=\"font-size: 14pt\"><a href=\"https:\/\/semmelweis.hu\/peto-ekpmi\/utazokonduktori-intezmenyegyseg\/\" target=\"_blank\" rel=\"noopener\"><strong>Utaz\u00f3 Konduktori H\u00e1l\u00f3zat\u00a0<\/strong><\/a><\/span><br \/>\n<span style=\"font-size: 14pt\"><strong>C\u00edm:<\/strong> 1125 Budapest K\u00fatv\u00f6lgyi \u00fat 6.<\/span><br \/>\n<span style=\"font-size: 14pt\"><strong>Egys\u00e9gvezet\u0151:<\/strong> Perge Krisztina<\/span><br \/>\n<span style=\"font-size: 14pt\"><strong>Telefon:<\/strong> +36 70 886 9994<\/span><br \/>\n<span style=\"font-size: 14pt\"><strong>E-mail:<\/strong> <a href=\"mailto:perge.krisztina@semmelweis.hu\">perge.krisztina@semmelweis.hu<\/a><\/span><\/p>\n<p style=\"padding-left: 40px\"><span style=\"font-size: 14pt\"><a href=\"https:\/\/semmelweis.hu\/peto-ekpmi\/iskola\/gyakorlo-altalanos-iskola-bemutatkozas\/\" target=\"_blank\" rel=\"noopener\"><strong>Kondukt\u00edv Gyakorl\u00f3 \u00c1ltal\u00e1nos Iskola<\/strong><\/a><\/span><br \/>\n<span style=\"font-size: 14pt\"><strong>C\u00edm:<\/strong> 1118 Budapest, Vill\u00e1nyi \u00fat 67.<\/span><br \/>\n<span style=\"font-size: 14pt\"><strong>Igazgat\u00f3:<\/strong> Lipt\u00e1kn\u00e9 Papp Judit<\/span><br \/>\n<span style=\"font-size: 14pt\"><strong>Telefon:<\/strong> +36 70 642 0119<\/span><br \/>\n<span style=\"font-size: 14pt\"><strong>E-mail:<\/strong> <a href=\"mailto:liptaknepapp.judit@semmelweis.hu\">liptaknepapp.judit@semmelweis.hu<\/a><\/span><\/p>\n<p style=\"padding-left: 40px\"><span style=\"font-size: 14pt\"><a href=\"https:\/\/semmelweis.hu\/peto-ekpmi\/konduktiv-szakiskola\/\" target=\"_blank\" rel=\"noopener\"><strong>Kondukt\u00edv Gyakorl\u00f3 Szakiskola<\/strong><\/a><\/span><br \/>\n<span style=\"font-size: 14pt\"><strong>C\u00edm:<\/strong> 1118 Budapest, Vill\u00e1nyi \u00fat 67.<\/span><br \/>\n<span style=\"font-size: 14pt\"><strong>Igazgat\u00f3:<\/strong> Siposn\u00e9 Birk\u00e1s Melinda<\/span><br \/>\n<span style=\"font-size: 14pt\"><strong>Telefon:<\/strong> +36 70 334 1154<\/span><br \/>\n<span style=\"font-size: 14pt\">E-mail: <a href=\"mailto:siposne.birkas.melinda.eva@semmelweis.hu\">siposne.birkas.melinda.eva@semmelweis.hu<\/a><\/span><\/p>\n<p style=\"padding-left: 40px\"><span style=\"font-size: 14pt\"><span id=\"page28R_mcid8\" class=\"markedContent\"><\/span><span id=\"page28R_mcid25\" class=\"markedContent\"><\/span><span id=\"page28R_mcid26\" class=\"markedContent\"><\/span><span id=\"page28R_mcid26\" class=\"markedContent\"><\/span><a href=\"https:\/\/semmelweis.hu\/peto-ekpmi\/palyazati-projektek-pedagogus-kepzesek\/kollegium\/\" target=\"_blank\" rel=\"noopener\"><strong>Pet\u0151 Koll\u00e9gium\u00a0<\/strong><\/a><\/span><br \/>\n<span style=\"font-size: 14pt\"><strong>Koll\u00e9giumvezet\u0151:<\/strong> D\u00f6br\u00f6ssyn\u00e9 D\u00e1niel Gabriella<\/span><br \/>\n<span style=\"font-size: 14pt\"><strong>Telefon:<\/strong> +36 30 564 8936<\/span><br \/>\n<span style=\"font-size: 14pt\"><strong>E-mail:<\/strong> <a href=\"mailto:daniel.gabriella@semmelweis.hu\">daniel.gabriella@semmelweis.hu<\/a><\/span><\/p>\n<hr \/>\n<h6><span style=\"font-size: 14pt\"><a href=\"https:\/\/semmelweis.hu\/peto-ovoda\/\" target=\"_blank\" rel=\"noopener\"><strong>SEMMELWEIS EGYETEM PET\u0150 ANDR\u00c1S KAR GYAKORL\u00d3 \u00d3VOD\u00c1JA<\/strong><\/a><\/span><\/h6>\n<p><span style=\"font-size: 14pt\"><strong>C\u00edm:<\/strong> 1125 Budapest, K\u00fatv\u00f6lgyi \u00fat 8.<\/span><br \/>\n<span style=\"font-size: 14pt\"><strong>\u00d3vodavezet\u0151:<\/strong> Antoni G\u00e1born\u00e9 Henics Erika<\/span><br \/>\n<span style=\"font-size: 14pt\"><strong>Telefon:<\/strong> +36 1 224 1585<\/span><br \/>\n<span style=\"font-size: 14pt\"><strong>E-mail:<\/strong> <a href=\"mailto:antoni.gaborne@semmelweis-univ.hu\">antoni.gaborne@semmelweis-univ.hu<\/a><\/span><\/p>\n<p><span style=\"font-size: 14pt\"><strong>\u00d3vodavezet\u0151-helyettes:<\/strong> Heiner Kinga<\/span><br \/>\n<span style=\"font-size: 14pt\"><strong>Telefon:<\/strong> +36 1 224-1590<\/span><br \/>\n<span style=\"font-size: 14pt\"><strong>E-mail:<\/strong> <a href=\"mailto:heiner.kinga@semmelweis-univ.hu\">heiner.kinga@semmelweis-univ.hu<\/a><\/span><\/p>\n<p><span style=\"font-size: 14pt\"><strong>\u00d3vodatitk\u00e1r:<\/strong> F\u00fcl\u00f6p Anna<\/span><br \/>\n<span style=\"font-size: 14pt\"><strong>Telefon:<\/strong> +36 20 557 5909<\/span><br \/>\n<span style=\"font-size: 14pt\"><strong>E-mail:<\/strong> <a href=\"mailto:fulop.anna@semmelweis.hu\">fulop.anna@semmelweis.hu<\/a><\/span><\/p>\n<hr \/>\n<h6><span style=\"font-size: 14pt\"><a href=\"https:\/\/semmelweis.hu\/pak\/konduktiv-fejlesztes\/felnott-nevelesi-egyseg-fne\/\" target=\"_blank\" rel=\"noopener\"><strong>PET\u0150 ANDR\u00c1S REHABILIT\u00c1CI\u00d3S \u00c9S EG\u00c9SZS\u00c9G\u00dcGYI ELL\u00c1T\u00c1SI OSZT\u00c1LY\u00a0<\/strong><\/a><\/span><\/h6>\n<p><span style=\"font-size: 14pt\"><strong>C\u00edm:<\/strong> 1125 Budapest, K\u00fatv\u00f6lgyi \u00fat 8.<\/span><br \/>\n<span style=\"font-size: 14pt\"><strong>Oszt\u00e1lyvezet\u0151:<\/strong> Buri\u00e1n-Feh\u00e9r Anna<\/span><br \/>\n<span style=\"font-size: 14pt\"><strong>Telefon:<\/strong> +36 1 224 1560<\/span><br \/>\n<span style=\"font-size: 14pt\"><strong>E-mail:<\/strong> <a href=\"mailto:feher.anna@semmelweis.hu\">feh\u00e9r.anna@semmelweis.hu\u00a0<\/a><\/span><\/p>\n<hr \/>\n<h6><a href=\"https:\/\/semmelweis.hu\/peto-pedint\/\" target=\"_blank\" rel=\"noopener\"><strong>SEMMELWEIS EGYETEM PET\u0150 ANDR\u00c1S PEDAG\u00d3GIAI INT\u00c9ZETE<\/strong><\/a><\/h6>\n<p><span style=\"font-size: 14pt\"><strong>C\u00edm:<\/strong> 1125 Budapest, K\u00fatv\u00f6lgyi \u00fat 8.<br \/>\n<span style=\"color: #000000\"><strong>Igazgat\u00f3:<\/strong> M\u00e1ty\u00e1sin\u00e9 Kiss \u00c1gnes<br \/>\n<\/span><strong>E-mail:<\/strong> <a href=\"mailto:matyasine.kiss.agnes@semmelweis.hu\" target=\"_blank\" rel=\"noopener\">matyasine.kiss.agnes@semmelweis.hu<\/a><\/span><br \/>\n<span style=\"color: #000000\"><span style=\"font-size: 14pt\"><strong>Telefon:<\/strong> +36 1 224 1571,\u00a0\u00a0+36 1 224 1579\u00a0<\/span><br \/>\n<\/span><\/p>\n<p style=\"text-align: justify\">\u00a0<\/p>\n<p style=\"text-align: justify\">\u00a0<\/p>\n","protected":false},"excerpt":{"rendered":"<p>A Pet\u0151 Andr\u00e1s Kar Kondukt\u00edv Pedag\u00f3giai K\u00f6zpontja a kar gyakorl\u00f3ter\u00fcleteinek m\u0171k\u00f6d\u00e9si \u00e9s szakmai fel\u00fcgyelet\u00e9t l\u00e1tja el. A k\u00f6zponthoz a PAK Gyakorl\u00f3 \u00d3vod\u00e1ja, a Rehabilit\u00e1ci\u00f3s \u00e9s Eg\u00e9szs\u00e9g\u00fcgyi Ell\u00e1t\u00e1si Oszt\u00e1ly, a Pedag\u00f3giai Int\u00e9zet, valamint a Gyakorl\u00f3 \u00c1ltal\u00e1nos Iskola \u00e9s Koll\u00e9gium, Szakiskola, Egys\u00e9ges Kondukt\u00edv Pedag\u00f3giai M\u00f3dszertani Int\u00e9zm\u00e9nye tartozik. C\u00edm: 1125 Budapest, K\u00fatv\u00f6lgyi \u00fat 8. Telefon: +36 1 224 &hellip;<\/p>\n","protected":false},"author":101255,"featured_media":0,"parent":3059,"menu_order":0,"comment_status":"closed","ping_status":"closed","template":"","meta":{"_acf_changed":false,"footnotes":""},"categories":[],"tags":[],"class_list":["post-3054","page","type-page","status-publish","hentry"],"acf":[],"_links":{"self":[{"href":"https:\/\/semmelweis.hu\/pak\/wp-json\/wp\/v2\/pages\/3054","targetHints":{"allow":["GET"]}}],"collection":[{"href":"https:\/\/semmelweis.hu\/pak\/wp-json\/wp\/v2\/pages"}],"about":[{"href":"https:\/\/semmelweis.hu\/pak\/wp-json\/wp\/v2\/types\/page"}],"author":[{"embeddable":true,"href":"https:\/\/semmelweis.hu\/pak\/wp-json\/wp\/v2\/users\/101255"}],"replies":[{"embeddable":true,"href":"https:\/\/semmelweis.hu\/pak\/wp-json\/wp\/v2\/comments?post=3054"}],"version-history":[{"count":13,"href":"https:\/\/semmelweis.hu\/pak\/wp-json\/wp\/v2\/pages\/3054\/revisions"}],"predecessor-version":[{"id":10082,"href":"https:\/\/semmelweis.hu\/pak\/wp-json\/wp\/v2\/pages\/3054\/revisions\/10082"}],"up":[{"embeddable":true,"href":"https:\/\/semmelweis.hu\/pak\/wp-json\/wp\/v2\/pages\/3059"}],"wp:attachment":[{"href":"https:\/\/semmelweis.hu\/pak\/wp-json\/wp\/v2\/media?parent=3054"}],"wp:term":[{"taxonomy":"category","embeddable":true,"href":"https:\/\/semmelweis.hu\/pak\/wp-json\/wp\/v2\/categories?post=3054"},{"taxonomy":"post_tag","embeddable":true,"href":"https:\/\/semmelweis.hu\/pak\/wp-json\/wp\/v2\/tags?post=3054"}],"curies":[{"name":"wp","href":"https:\/\/api.w.org\/{rel}","templated":true}]}}