{"id":2641,"date":"2018-03-08T11:20:49","date_gmt":"2018-03-08T10:20:49","guid":{"rendered":"http:\/\/semmelweis.hu\/pak\/?page_id=2641"},"modified":"2023-12-06T09:13:36","modified_gmt":"2023-12-06T08:13:36","slug":"peto-andrasrol","status":"publish","type":"page","link":"https:\/\/semmelweis.hu\/pak\/a-karrol\/peto-andrasrol\/","title":{"rendered":"Dr. Pet\u0151 Andr\u00e1s"},"content":{"rendered":"<h4 style=\"text-align: left;\"><strong>Dr. Pet\u0151 Andr\u00e1s<\/strong><\/h4>\n<p><a href=\"https:\/\/semmelweis.hu\/pak\/files\/2023\/08\/peto_andras.jpg\"><img loading=\"lazy\" decoding=\"async\" class=\"alignright wp-image-8903 size-full\" src=\"https:\/\/semmelweis.hu\/pak\/files\/2023\/08\/peto_andras-e1693403907116.jpg\" alt=\"\" width=\"300\" height=\"371\" \/><\/a><em>(Szombathely, 1893. szeptember 11 \u2013 Budapest, 1967. szeptember 11.)<\/em> magyar orvos, nemzetk\u00f6zi h\u00edr\u0171 mozg\u00e1sterapeuta. A mozg\u00e1ss\u00e9r\u00fcltek gy\u00f3gy\u00edt\u00e1s\u00e1ra fejlesztette ki a kondukt\u00edv nevel\u00e9st. Hal\u00e1la ut\u00e1n az \u0151 nev\u00e9t vette fel a Mozg\u00e1ss\u00e9r\u00fcltek Nevel\u0151k\u00e9pz\u0151 \u00e9s Nevel\u0151int\u00e9zete. A k\u00e9s\u0151bbi Pet\u0151 Andr\u00e1s F\u0151iskola, ma a Semmelweis Egyetem Pet\u0151 Andr\u00e1s Kara. A <a href=\"https:\/\/semmelweis.hu\/pak\/peto-andras-karrol\/kuldetes-alapitas\/\" target=\"_blank\" rel=\"noopener noreferrer\">Pet\u0151-m\u00f3dszerrel<\/a> t\u00f6rt\u00e9n\u0151 fejleszt\u00e9s c\u00e9lja az, hogy a s\u00e9r\u00fcltek a k\u00e9pess\u00e9geikhez m\u00e9rten integr\u00e1l\u00f3djanak \u00e9s a t\u00e1rsadalom akt\u00edv tagjaiv\u00e1 v\u00e1lhassanak.<\/p>\n<p>Pet\u0151 Andr\u00e1s egyed\u00fcl\u00e1ll\u00f3 rendszer\u00e9nek (kondukt\u00edv pedag\u00f3giai rendszer) alapgondolata az volt, hogy idegrendszer\u00fcnk a k\u00e1rosod\u00e1sok ellen\u00e9re is rendelkezik tartal\u00e9kokkal, \u00faj kapcsolatok ki\u00e9p\u00fcl\u00e9s\u00e9nek lehet\u0151s\u00e9g\u00e9vel, s ezek a tanul\u00e1si-tan\u00edt\u00e1si folyamat megfelel\u0151 vez\u00e9rl\u00e9s\u00e9vel mozg\u00f3s\u00edthat\u00f3k. Ez\u00e9rt nevezte el m\u00f3dszer\u00e9t &#8222;kondukt\u00edvnak&#8221;, amely latin eredet\u0171 kifejez\u00e9s, jelent\u00e9se: r\u00e1vezet\u00e9s. Az \u00faj m\u00f3dszer hat\u00e1ssal volt az eg\u00e9sz magyarorsz\u00e1gi gy\u00f3gypedag\u00f3giai szeml\u00e9letre, s szerte a vil\u00e1gon jelent\u0151s v\u00e1ltoz\u00e1st hozott e ter\u00fcleten. A kondukt\u00edv pedag\u00f3gia egyik legfontosabb c\u00e9lkit\u0171z\u00e9se \u2013 f\u00fcggetlen\u00fcl az \u00e9letkort\u00f3l \u2013 az, hogy tanulni tan\u00edtson, azaz a tanul\u00e1si k\u00e9pess\u00e9geket fejlessze.<\/p>\n<p>Egyetemi tanulm\u00e1nyait B\u00e9csben v\u00e9gezte \u00e9s ott sz\u00e1mos rehabilit\u00e1ci\u00f3s int\u00e9zm\u00e9nyben, klinik\u00e1n dolgozott (1938-ig). Az ebben az id\u0151ben szerzett tapasztalatok nagym\u00e9rt\u00e9kben hozz\u00e1j\u00e1rultak a kondukt\u00edv pedag\u00f3gia kidolgoz\u00e1s\u00e1hoz.<\/p>\n<p>B\u00e1rczi Guszt\u00e1v\u00a0t\u00e1mogat\u00e1s\u00e1val a Gy\u00f3gypedag\u00f3giai Tan\u00e1rk\u00e9pz\u0151 F\u0151iskol\u00e1n kapott lehet\u0151s\u00e9get m\u00f3dszer\u00e9nek megval\u00f3s\u00edt\u00e1s\u00e1ra az 1947\/48-as tan\u00e9vben, ezzel egyidej\u0171leg Pet\u0151 Andr\u00e1s lett a Mozg\u00e1ster\u00e1piai Tansz\u00e9k vezet\u0151je \u00e9s f\u0151iskolai tan\u00e1ra. 1950-ben \u00e9p\u00fclt meg az Orsz\u00e1gos Mozg\u00e1ster\u00e1piai Int\u00e9zet, amely \u00e9vekig a f\u0151iskola egyik gyakorl\u00f3 int\u00e9zm\u00e9nye volt.<\/p>\n<p>1963-ban az int\u00e9zm\u00e9ny a Mozg\u00e1ss\u00e9r\u00fcltek Nevel\u0151k\u00e9pz\u0151 \u00e9s Nevel\u0151int\u00e9zete nevet vette fel, ahol 1964-t\u0151l a konduktork\u00e9pz\u00e9sre is lehet\u0151s\u00e9g ny\u00edlt.<\/p>\n<p>Pet\u0151 Andr\u00e1s eml\u00e9kezetes el\u0151ad\u00f3, rendk\u00edv\u00fcl nagy tud\u00e1s\u00fa, sokoldal\u00fa, \u00f6tletekben gazdag, szuggeszt\u00edv szem\u00e9lyis\u00e9g volt. \u00c9rt\u00e9kes szellemi hagyat\u00e9ka folyamatos kutat\u00e1sok alapja.<\/p>\n<p style=\"text-align: left;\">\u00a0<\/p>\n","protected":false},"excerpt":{"rendered":"<p>Dr. Pet\u0151 Andr\u00e1s <a href=\"https:\/\/semmelweis.hu\/pak\/files\/2023\/08\/peto_andras.jpg\"><\/a> (Szombathely, 1893. szeptember 11 \u2013 Budapest, 1967. szeptember 11.) magyar orvos, nemzetk\u00f6zi h\u00edr\u0171 mozg\u00e1sterapeuta. A mozg\u00e1ss\u00e9r\u00fcltek gy\u00f3gy\u00edt\u00e1s\u00e1ra fejlesztette ki a kondukt\u00edv nevel\u00e9st. Hal\u00e1la ut\u00e1n az \u0151 nev\u00e9t vette fel a Mozg\u00e1ss\u00e9r\u00fcltek Nevel\u0151k\u00e9pz\u0151 \u00e9s Nevel\u0151int\u00e9zete. A k\u00e9s\u0151bbi Pet\u0151 Andr\u00e1s F\u0151iskola, ma a Semmelweis Egyetem Pet\u0151 Andr\u00e1s Kara. A <a href=\"https:\/\/semmelweis.hu\/pak\/peto-andras-karrol\/kuldetes-alapitas\/\" target=\"_blank\" rel=\"noopener noreferrer\">Pet\u0151-m\u00f3dszerrel<\/a> t\u00f6rt\u00e9n\u0151 fejleszt\u00e9s c\u00e9lja az, hogy &hellip;<\/p>\n","protected":false},"author":12,"featured_media":0,"parent":3254,"menu_order":2,"comment_status":"closed","ping_status":"closed","template":"","meta":{"_acf_changed":false,"footnotes":""},"categories":[],"tags":[],"class_list":["post-2641","page","type-page","status-publish","hentry"],"acf":[],"_links":{"self":[{"href":"https:\/\/semmelweis.hu\/pak\/wp-json\/wp\/v2\/pages\/2641","targetHints":{"allow":["GET"]}}],"collection":[{"href":"https:\/\/semmelweis.hu\/pak\/wp-json\/wp\/v2\/pages"}],"about":[{"href":"https:\/\/semmelweis.hu\/pak\/wp-json\/wp\/v2\/types\/page"}],"author":[{"embeddable":true,"href":"https:\/\/semmelweis.hu\/pak\/wp-json\/wp\/v2\/users\/12"}],"replies":[{"embeddable":true,"href":"https:\/\/semmelweis.hu\/pak\/wp-json\/wp\/v2\/comments?post=2641"}],"version-history":[{"count":11,"href":"https:\/\/semmelweis.hu\/pak\/wp-json\/wp\/v2\/pages\/2641\/revisions"}],"predecessor-version":[{"id":8907,"href":"https:\/\/semmelweis.hu\/pak\/wp-json\/wp\/v2\/pages\/2641\/revisions\/8907"}],"up":[{"embeddable":true,"href":"https:\/\/semmelweis.hu\/pak\/wp-json\/wp\/v2\/pages\/3254"}],"wp:attachment":[{"href":"https:\/\/semmelweis.hu\/pak\/wp-json\/wp\/v2\/media?parent=2641"}],"wp:term":[{"taxonomy":"category","embeddable":true,"href":"https:\/\/semmelweis.hu\/pak\/wp-json\/wp\/v2\/categories?post=2641"},{"taxonomy":"post_tag","embeddable":true,"href":"https:\/\/semmelweis.hu\/pak\/wp-json\/wp\/v2\/tags?post=2641"}],"curies":[{"name":"wp","href":"https:\/\/api.w.org\/{rel}","templated":true}]}}