{"id":187,"date":"2017-12-19T00:00:00","date_gmt":"2017-12-18T23:00:00","guid":{"rendered":"http:\/\/semmelweis.hu\/pak\/jelentkezes-kapcsolat\/"},"modified":"2024-02-29T13:43:31","modified_gmt":"2024-02-29T12:43:31","slug":"jelentkezes-kapcsolat","status":"publish","type":"page","link":"https:\/\/semmelweis.hu\/pak\/konduktiv-fejlesztes\/felnott-nevelesi-egyseg-fne\/jelentkezes-kapcsolat\/","title":{"rendered":"Jelentkez\u00e9s, kapcsolat"},"content":{"rendered":"<p style=\"text-align: justify;\">A feln\u0151tt, k\u00f6zponti idegrendszeri s\u00e9r\u00fcl\u00e9sb\u0151l ad\u00f3d\u00f3 mozg\u00e1ss\u00e9r\u00fcltek, szakorvosi, vagy h\u00e1zi orvosi beutal\u00f3val jelentkezhetnek\u00a0 a Feln\u0151tt Rehabilit\u00e1ci\u00f3s Eg\u00e9szs\u00e9g\u00fcgyi \u00e9s Ell\u00e1t\u00e1si Oszt\u00e1lyon foly\u00f3 kondukt\u00edv pedag\u00f3giai fejleszt\u0151 foglalkoz\u00e1sokra. A foglalkoztat\u00e1s megkezd\u00e9s\u00e9t megel\u0151zi egy rehabilit\u00e1ci\u00f3s szakorvosi, valamint egy konduktori els\u0151 tan\u00e1csad\u00e1s, <strong>el\u0151zetes id\u0151pont egyeztet\u00e9s<\/strong> alapj\u00e1n.<\/p>\n<p><strong>Jelentkez\u00e9s:<\/strong><\/p>\n<ul>\n<li>tan\u00e1csad\u00e1sra id\u0151pont egyeztet\u00e9s telefonon:<strong> 06 1 224-1570<\/strong>, <strong>De\u00e1k Ilon\u00e1n\u00e1l<\/strong><\/li>\n<li>b\u0151vebb inform\u00e1ci\u00f3 k\u00e9r\u00e9se:\u00a0<strong>06-1-224-1511<\/strong><\/li>\n<\/ul>\n<p><strong>Fejleszt\u00e9s helysz\u00edne:<\/strong>\u00a01125 Budapest, K\u00fatv\u00f6lgyi \u00fat 8., A \u00e9p\u00fclet<\/p>\n<p><strong>A tan\u00e1csad\u00e1sra k\u00e9rj\u00fck, hozza mag\u00e1val a s\u00e9r\u00fcl\u00e9s\u00e9re vonatkoz\u00f3 dokumentumok, z\u00e1r\u00f3jelent\u00e9sek m\u00e1solat\u00e1t, tov\u00e1bb\u00e1 a h\u00e1ziorvos\u00e1t\u00f3l vagy szakorvos\u00e1t\u00f3l kapott beutal\u00f3t.<\/strong><\/p>\n<p><strong>A felv\u00e9tel, a f\u00e9r\u0151hely f\u00fcggv\u00e9ny\u00e9ben, mindig adott tan\u00e9vre sz\u00f3l \u00e9s sz\u00fcks\u00e9g szerint t\u00f6bbsz\u00f6r is hosszabb\u00edthat\u00f3.<\/strong><\/p>\n","protected":false},"excerpt":{"rendered":"<p>A feln\u0151tt, k\u00f6zponti idegrendszeri s\u00e9r\u00fcl\u00e9sb\u0151l ad\u00f3d\u00f3 mozg\u00e1ss\u00e9r\u00fcltek, szakorvosi, vagy h\u00e1zi orvosi beutal\u00f3val jelentkezhetnek\u00a0 a Feln\u0151tt Rehabilit\u00e1ci\u00f3s Eg\u00e9szs\u00e9g\u00fcgyi \u00e9s Ell\u00e1t\u00e1si Oszt\u00e1lyon foly\u00f3 kondukt\u00edv pedag\u00f3giai fejleszt\u0151 foglalkoz\u00e1sokra. A foglalkoztat\u00e1s megkezd\u00e9s\u00e9t megel\u0151zi egy rehabilit\u00e1ci\u00f3s szakorvosi, valamint egy konduktori els\u0151 tan\u00e1csad\u00e1s, el\u0151zetes id\u0151pont egyeztet\u00e9s alapj\u00e1n. Jelentkez\u00e9s: tan\u00e1csad\u00e1sra id\u0151pont egyeztet\u00e9s telefonon: 06 1 224-1570, De\u00e1k Ilon\u00e1n\u00e1l b\u0151vebb inform\u00e1ci\u00f3 k\u00e9r\u00e9se:\u00a006-1-224-1511 Fejleszt\u00e9s &hellip;<\/p>\n","protected":false},"author":101361,"featured_media":0,"parent":186,"menu_order":7,"comment_status":"closed","ping_status":"closed","template":"","meta":{"_acf_changed":false,"footnotes":""},"categories":[],"tags":[],"class_list":["post-187","page","type-page","status-publish","hentry"],"acf":[],"_links":{"self":[{"href":"https:\/\/semmelweis.hu\/pak\/wp-json\/wp\/v2\/pages\/187","targetHints":{"allow":["GET"]}}],"collection":[{"href":"https:\/\/semmelweis.hu\/pak\/wp-json\/wp\/v2\/pages"}],"about":[{"href":"https:\/\/semmelweis.hu\/pak\/wp-json\/wp\/v2\/types\/page"}],"author":[{"embeddable":true,"href":"https:\/\/semmelweis.hu\/pak\/wp-json\/wp\/v2\/users\/101361"}],"replies":[{"embeddable":true,"href":"https:\/\/semmelweis.hu\/pak\/wp-json\/wp\/v2\/comments?post=187"}],"version-history":[{"count":11,"href":"https:\/\/semmelweis.hu\/pak\/wp-json\/wp\/v2\/pages\/187\/revisions"}],"predecessor-version":[{"id":10062,"href":"https:\/\/semmelweis.hu\/pak\/wp-json\/wp\/v2\/pages\/187\/revisions\/10062"}],"up":[{"embeddable":true,"href":"https:\/\/semmelweis.hu\/pak\/wp-json\/wp\/v2\/pages\/186"}],"wp:attachment":[{"href":"https:\/\/semmelweis.hu\/pak\/wp-json\/wp\/v2\/media?parent=187"}],"wp:term":[{"taxonomy":"category","embeddable":true,"href":"https:\/\/semmelweis.hu\/pak\/wp-json\/wp\/v2\/categories?post=187"},{"taxonomy":"post_tag","embeddable":true,"href":"https:\/\/semmelweis.hu\/pak\/wp-json\/wp\/v2\/tags?post=187"}],"curies":[{"name":"wp","href":"https:\/\/api.w.org\/{rel}","templated":true}]}}