{"id":186,"date":"2017-12-19T00:00:00","date_gmt":"2017-12-18T23:00:00","guid":{"rendered":"http:\/\/semmelweis.hu\/pak\/bemutatkozas-fne\/"},"modified":"2025-05-13T09:59:04","modified_gmt":"2025-05-13T07:59:04","slug":"felnott-nevelesi-egyseg-fne","status":"publish","type":"page","link":"https:\/\/semmelweis.hu\/pak\/konduktiv-fejlesztes\/felnott-nevelesi-egyseg-fne\/","title":{"rendered":"Pet\u0151 Andr\u00e1s Rehabilit\u00e1ci\u00f3s \u00e9s Eg\u00e9szs\u00e9g\u00fcgyi Ell\u00e1t\u00e1si Oszt\u00e1ly"},"content":{"rendered":"<div class=\"keretes w-100\">\n<p style=\"text-align: left\">A <strong>Pet\u0151 Andr\u00e1s Rehabilit\u00e1ci\u00f3s \u00e9s Eg\u00e9szs\u00e9g\u00fcgyi Ell\u00e1t\u00e1si Oszt\u00e1ly\u00e1n<\/strong> hossz\u00fa \u00e9vtizedek \u00f3ta foglalkozunk k\u00f6zponti idegrendszeri s\u00e9r\u00fcl\u00e9ssel \u00e9l\u0151 gyermekek \u00e9s feln\u0151ttek fejleszt\u00e9s\u00e9vel, habilit\u00e1ci\u00f3j\u00e1val \u00e9s rehabilit\u00e1ci\u00f3j\u00e1val. \u00c1ltal\u00e1nos c\u00e9lk\u00e9nt hat\u00e1rozzuk meg az \u00e9letmin\u0151s\u00e9g jav\u00edt\u00e1s\u00e1t, a megtanult mozg\u00e1sok, mozg\u00e1sform\u00e1k \u00e9s egy\u00e9b k\u00e9pess\u00e9gek elsaj\u00e1t\u00edt\u00e1s\u00e1t, gyakorl\u00e1s\u00e1t \u00e9s alkalmaz\u00e1s\u00e1t a mindennapi tev\u00e9kenys\u00e9gek sor\u00e1n.<br \/>\nMivel a Pet\u0151 Andr\u00e1s Rehabilit\u00e1ci\u00f3s Eg\u00e9szs\u00e9g\u00fcgyi \u00e9s Ell\u00e1t\u00e1si Oszt\u00e1ly (PAREEO) a Pet\u0151 Andr\u00e1s Karon foly\u00f3 <a href=\"https:\/\/semmelweis.hu\/pak\/oktatas\/oktatas-a-karon\/hazai-gyakorlati-kepzohelyek\/\">konduktork\u00e9pz\u00e9s gyakorl\u00f3 ter\u00fclete<\/a> is, \u00edgy a hallgat\u00f3k jelenl\u00e9te \u00e9s gyakorlata folyamatosan r\u00e9sze az \u00e9let\u00fcnknek.<\/p>\n<\/div>\n<p>&nbsp;<\/p>\n<p><span style=\"font-size: 18pt\"><strong>K\u00f6zponti c\u00edm: <\/strong>1125 Budapest, K\u00fatv\u00f6lgyi \u00fat 8. &#8211; &#8222;A&#8221; \u00e9p\u00fclet<\/span><br \/>\n<span style=\"font-size: 18pt\"><strong>Telefon:<\/strong> +36 1 224 1511<\/span><\/p>\n<p>&nbsp;<\/p>\n<h4>Munkat\u00e1rsak<\/h4>\n<p>Prof. Dr. Sz\u0151ke Gy\u00f6rgy, oszt\u00e1lyvezet\u0151 <br \/>\n<strong>E-mail:<\/strong> <a href=\"mailto:szoke.gyorgy@med.semmelweis-univ.hu\">szoke.gyorgy@med.semmelweis-univ.hu<\/a><\/p>\n<hr \/>\n<p><strong><em>Feln\u0151tt Rehabilit\u00e1ci\u00f3s Oszt\u00e1ly:<\/em><\/strong><br \/>\nBuri\u00e1n-Feh\u00e9r Anna, konduktor, oszt\u00e1lyvezet\u0151<br \/>\n<strong>E-mail:<\/strong> <a href=\"mailto:feher.anna@semmelweis.hu\">feher.anna@semmelweis.hu<\/a><\/p>\n<p>\u00c1rm\u00f3s Anna, konduktor<br \/>\n<strong>E-mail:<\/strong> <a href=\"mailto:armos.anna@semmelweis.hu\">armos.anna@semmelweis.hu<\/a><\/p>\n<p>Czverkon Fanni, konduktor<br \/>\n<strong>E-mail:<\/strong> <a href=\"mailto:czverkon.fanni@semmelweis.hu\">czverkon.fanni@semmelweis.hu<\/a><\/p>\n<p>Csuka P\u00e1ln\u00e9, konduktor<br \/>\n<strong>E-mail:<\/strong> <a href=\"mailto:csuka.palne@semmelweis.hu\">csuka.palne@semmelweis.hu<\/a><\/p>\n<p>Mihalics Bianka, konduktor<br \/>\n<strong>E-mail:<\/strong> <a href=\"mailto:bodi.bianka@semmelweis.hu\">bodi.bianka@semmelweis.hu<\/a><\/p>\n<p>T\u00f3th \u00c1gnes Judit, konduktor<br \/>\n<strong>E-mail:<\/strong> <a href=\"mailto:toth.agnes.judit@semmelweis.hu\">toth.agnes.judit@semmelweis.hu<\/a><\/p>\n<p>Benk\u0151 Laura, konduktor<br \/>\n<strong>E-mail:<\/strong> <a href=\"mailto:benko.laura@semmelweis.hu\">benko.laura@semmelweis.hu<\/a><\/p>\n<hr \/>\n<p><strong><em>Gyermekrehabilit\u00e1ci\u00f3:<\/em><\/strong><br \/>\nBajnok Ildik\u00f3, konduktor<br \/>\n<strong>Telefonsz\u00e1m:<\/strong> + 36 20 313 8317<br \/>\n<strong>E-mail:<\/strong> <a href=\"mailto:bajnok.ildiko@semmelweis.hu\">bajnok.ildiko@semmelweis.hu<\/a><\/p>\n","protected":false},"excerpt":{"rendered":"<p>A Pet\u0151 Andr\u00e1s Rehabilit\u00e1ci\u00f3s \u00e9s Eg\u00e9szs\u00e9g\u00fcgyi Ell\u00e1t\u00e1si Oszt\u00e1ly\u00e1n hossz\u00fa \u00e9vtizedek \u00f3ta foglalkozunk k\u00f6zponti idegrendszeri s\u00e9r\u00fcl\u00e9ssel \u00e9l\u0151 gyermekek \u00e9s feln\u0151ttek fejleszt\u00e9s\u00e9vel, habilit\u00e1ci\u00f3j\u00e1val \u00e9s rehabilit\u00e1ci\u00f3j\u00e1val. \u00c1ltal\u00e1nos c\u00e9lk\u00e9nt hat\u00e1rozzuk meg az \u00e9letmin\u0151s\u00e9g jav\u00edt\u00e1s\u00e1t, a megtanult mozg\u00e1sok, mozg\u00e1sform\u00e1k \u00e9s egy\u00e9b k\u00e9pess\u00e9gek elsaj\u00e1t\u00edt\u00e1s\u00e1t, gyakorl\u00e1s\u00e1t \u00e9s alkalmaz\u00e1s\u00e1t a mindennapi tev\u00e9kenys\u00e9gek sor\u00e1n. Mivel a Pet\u0151 Andr\u00e1s Rehabilit\u00e1ci\u00f3s Eg\u00e9szs\u00e9g\u00fcgyi \u00e9s Ell\u00e1t\u00e1si Oszt\u00e1ly (PAREEO) &hellip;<\/p>\n","protected":false},"author":101361,"featured_media":0,"parent":934,"menu_order":18,"comment_status":"closed","ping_status":"closed","template":"","meta":{"_acf_changed":false,"footnotes":""},"categories":[],"tags":[],"class_list":["post-186","page","type-page","status-publish","hentry"],"acf":[],"_links":{"self":[{"href":"https:\/\/semmelweis.hu\/pak\/wp-json\/wp\/v2\/pages\/186","targetHints":{"allow":["GET"]}}],"collection":[{"href":"https:\/\/semmelweis.hu\/pak\/wp-json\/wp\/v2\/pages"}],"about":[{"href":"https:\/\/semmelweis.hu\/pak\/wp-json\/wp\/v2\/types\/page"}],"author":[{"embeddable":true,"href":"https:\/\/semmelweis.hu\/pak\/wp-json\/wp\/v2\/users\/101361"}],"replies":[{"embeddable":true,"href":"https:\/\/semmelweis.hu\/pak\/wp-json\/wp\/v2\/comments?post=186"}],"version-history":[{"count":11,"href":"https:\/\/semmelweis.hu\/pak\/wp-json\/wp\/v2\/pages\/186\/revisions"}],"predecessor-version":[{"id":12108,"href":"https:\/\/semmelweis.hu\/pak\/wp-json\/wp\/v2\/pages\/186\/revisions\/12108"}],"up":[{"embeddable":true,"href":"https:\/\/semmelweis.hu\/pak\/wp-json\/wp\/v2\/pages\/934"}],"wp:attachment":[{"href":"https:\/\/semmelweis.hu\/pak\/wp-json\/wp\/v2\/media?parent=186"}],"wp:term":[{"taxonomy":"category","embeddable":true,"href":"https:\/\/semmelweis.hu\/pak\/wp-json\/wp\/v2\/categories?post=186"},{"taxonomy":"post_tag","embeddable":true,"href":"https:\/\/semmelweis.hu\/pak\/wp-json\/wp\/v2\/tags?post=186"}],"curies":[{"name":"wp","href":"https:\/\/api.w.org\/{rel}","templated":true}]}}