{"id":165,"date":"2017-12-19T00:00:00","date_gmt":"2017-12-18T23:00:00","guid":{"rendered":"http:\/\/semmelweis.hu\/pak\/rektor-4\/"},"modified":"2026-03-17T13:33:52","modified_gmt":"2026-03-17T12:33:52","slug":"tanulmanyi-osztaly","status":"publish","type":"page","link":"https:\/\/semmelweis.hu\/pak\/hallgatoknak\/tanulmanyi-osztaly\/","title":{"rendered":"Tanulm\u00e1nyi \u00e9s Hallgat\u00f3i K\u00f6zpont, Karrieriroda"},"content":{"rendered":"<div class=\"keretes w-100\">\n<p><strong>A Tanulm\u00e1nyi \u00e9s Hallgat\u00f3i K\u00f6zpont, Karrieriroda hivatott a hallgat\u00f3k \u00e9s az oktat\u00f3k k\u00e9pz\u00e9ssel kapcsolatos \u00fcgyeinek int\u00e9z\u00e9s\u00e9re, adminisztrat\u00edv, szervez\u00e9si feladatainak ell\u00e1t\u00e1s\u00e1ra. A hallgat\u00f3k tanulm\u00e1nyaival kapcsolatos adminisztrat\u00edv feladatokat l\u00e1tja el. Tev\u00e9kenys\u00e9g\u00fck kiterjed a felv\u00e9teli elj\u00e1r\u00e1ssal, az alkalmass\u00e1gi, illetve a z\u00e1r\u00f3vizsg\u00e1kkal kapcsolatos teend\u0151k ell\u00e1t\u00e1s\u00e1ra is. A fels\u0151oktat\u00e1si k\u00e9pz\u00e9sre jelentkez\u0151k \u00e9s a hallgat\u00f3k szem\u00e9lyes \u00e9s felv\u00e9teli adatainak elektronikus nyilv\u00e1ntart\u00e1s\u00e1t vezetik.<\/strong><\/p>\n<\/div>\n<p><strong>Semmelweis Egyetem Pet\u0151 Andr\u00e1s Kar<\/strong><br \/>\n<strong>Tanulm\u00e1nyi \u00e9s Hallgat\u00f3i K\u00f6zpont, Karrieriroda<\/strong><br \/>\n1125 Budapest, K\u00fatv\u00f6lgyi \u00fat 8. A \u00e9p. 1. em. 105.<br \/>\n<a href=\"mailto:titkarsag.pak-karrieriroda@semmelweis.hu\">titkarsag.pak-karrieriroda@semmelweis.hu<\/a><\/p>\n<h4><strong>FOGAD\u00d3ID\u0150<\/strong><\/h4>\n<table class=\"bottom-border\" style=\"width: 100%\">\n<tbody>\n<tr>\n<td style=\"width: 30%\">H\u00e9tf\u0151:<\/td>\n<td>\u00a09:00-12:00<\/td>\n<\/tr>\n<tr>\n<td>Kedd:<\/td>\n<td>\u00a09:00-12:00<\/td>\n<\/tr>\n<tr>\n<td>Szerda:<\/td>\n<td>13:00-15:00<\/td>\n<\/tr>\n<tr>\n<td>Cs\u00fct\u00f6rt\u00f6k:<\/td>\n<td>13:00-15:00<\/td>\n<\/tr>\n<tr>\n<td>P\u00e9ntek:<\/td>\n<td>10:00-12:00<\/td>\n<\/tr>\n<\/tbody>\n<\/table>\n<h4><strong>AZ IRODA MUNKAT\u00c1RSAI:<\/strong><\/h4>\n<p><strong>Laci Melinda,<\/strong> tanulm\u00e1nyi koordin\u00e1tor<br \/>\n<strong>Telefon:<\/strong> +36 1 224 1556<br \/>\n<strong>E-mail:<\/strong> <a href=\"mailto:laci.melinda@semmelweis.hu\">laci.melinda@semmelweis.hu<\/a><br \/>\nBels\u0151 mell\u00e9k: 62556<\/p>\n<p><strong>Darvas Ildik\u00f3,<\/strong> titk\u00e1rs\u00e1gi szak\u00e9rt\u0151<br \/>\n<strong>Telefon:<\/strong> +36 1 224 1557<br \/>\n<strong>E-mail:<\/strong> <a href=\"mailto:darvas.ildiko@semmelweis.hu\">darvas.ildiko@semmelweis.hu<\/a><br \/>\nBels\u0151 mell\u00e9k: 62557<\/p>\n<p><strong>Bittmann Anett M\u00e1ria<\/strong>, tanulm\u00e1nyi \u00fcgyint\u00e9z\u0151<br \/>\n<strong>Telefon:<\/strong> +36 20 666 2446<br \/>\n<strong>E-mail:<\/strong>\u00a0 <a href=\"mailto:bittmann.anett.maria@semmelweis.hu\">bittmann.anett.maria@semmelweis.hu<\/a><br \/>\nBels\u0151 mell\u00e9k: 62446<\/p>\n<p><strong>Cserkuti P\u00e9ter \u00c1d\u00e1m<\/strong>, oktat\u00e1stechnikus<br \/>\n<strong>Telefon:<\/strong> +36 30 016 4475<br \/>\n<strong>E-mail:<\/strong>\u00a0 <a href=\"mailto:cserkuti.peter@semmelweis.hu\">cserkuti.peter@semmelweis.hu<\/a><\/p>\n<p>&nbsp;<\/p>\n<p>&nbsp;<\/p>\n<p>&nbsp;<\/p>\n","protected":false},"excerpt":{"rendered":"<p>A Tanulm\u00e1nyi \u00e9s Hallgat\u00f3i K\u00f6zpont, Karrieriroda hivatott a hallgat\u00f3k \u00e9s az oktat\u00f3k k\u00e9pz\u00e9ssel kapcsolatos \u00fcgyeinek int\u00e9z\u00e9s\u00e9re, adminisztrat\u00edv, szervez\u00e9si feladatainak ell\u00e1t\u00e1s\u00e1ra. A hallgat\u00f3k tanulm\u00e1nyaival kapcsolatos adminisztrat\u00edv feladatokat l\u00e1tja el. Tev\u00e9kenys\u00e9g\u00fck kiterjed a felv\u00e9teli elj\u00e1r\u00e1ssal, az alkalmass\u00e1gi, illetve a z\u00e1r\u00f3vizsg\u00e1kkal kapcsolatos teend\u0151k ell\u00e1t\u00e1s\u00e1ra is. A fels\u0151oktat\u00e1si k\u00e9pz\u00e9sre jelentkez\u0151k \u00e9s a hallgat\u00f3k szem\u00e9lyes \u00e9s felv\u00e9teli adatainak elektronikus nyilv\u00e1ntart\u00e1s\u00e1t &hellip;<\/p>\n","protected":false},"author":101362,"featured_media":0,"parent":3270,"menu_order":2,"comment_status":"closed","ping_status":"closed","template":"","meta":{"_acf_changed":false,"footnotes":""},"categories":[],"tags":[],"class_list":["post-165","page","type-page","status-publish","hentry"],"acf":[],"_links":{"self":[{"href":"https:\/\/semmelweis.hu\/pak\/wp-json\/wp\/v2\/pages\/165","targetHints":{"allow":["GET"]}}],"collection":[{"href":"https:\/\/semmelweis.hu\/pak\/wp-json\/wp\/v2\/pages"}],"about":[{"href":"https:\/\/semmelweis.hu\/pak\/wp-json\/wp\/v2\/types\/page"}],"author":[{"embeddable":true,"href":"https:\/\/semmelweis.hu\/pak\/wp-json\/wp\/v2\/users\/101362"}],"replies":[{"embeddable":true,"href":"https:\/\/semmelweis.hu\/pak\/wp-json\/wp\/v2\/comments?post=165"}],"version-history":[{"count":16,"href":"https:\/\/semmelweis.hu\/pak\/wp-json\/wp\/v2\/pages\/165\/revisions"}],"predecessor-version":[{"id":13395,"href":"https:\/\/semmelweis.hu\/pak\/wp-json\/wp\/v2\/pages\/165\/revisions\/13395"}],"up":[{"embeddable":true,"href":"https:\/\/semmelweis.hu\/pak\/wp-json\/wp\/v2\/pages\/3270"}],"wp:attachment":[{"href":"https:\/\/semmelweis.hu\/pak\/wp-json\/wp\/v2\/media?parent=165"}],"wp:term":[{"taxonomy":"category","embeddable":true,"href":"https:\/\/semmelweis.hu\/pak\/wp-json\/wp\/v2\/categories?post=165"},{"taxonomy":"post_tag","embeddable":true,"href":"https:\/\/semmelweis.hu\/pak\/wp-json\/wp\/v2\/tags?post=165"}],"curies":[{"name":"wp","href":"https:\/\/api.w.org\/{rel}","templated":true}]}}