{"id":149,"date":"2017-12-19T00:00:00","date_gmt":"2017-12-18T23:00:00","guid":{"rendered":"http:\/\/semmelweis.hu\/pak\/konduktor-alapszak\/"},"modified":"2025-12-08T14:20:17","modified_gmt":"2025-12-08T13:20:17","slug":"konduktor-alapszak","status":"publish","type":"page","link":"https:\/\/semmelweis.hu\/pak\/oktatas\/oktatas-a-karon\/konduktor-alapszak\/","title":{"rendered":"Elm\u00e9leti k\u00e9pz\u00e9s"},"content":{"rendered":"<h2>AZ ELM\u00c9LETI K\u00c9PZ\u00c9S C\u00c9LJA \u00c9S ALAPVET\u0150 STRUKT\u00daR\u00c1JA<\/h2>\n<h2>Az elm\u00e9leti k\u00e9pz\u00e9s c\u00e9lja<\/h2>\n<div class=\"keretes w-100\">\n<p>Olyan pedag\u00f3giai szakemberek k\u00e9pz\u00e9se, akik elm\u00e9letileg megalapozott ismeretek \u00e9s k\u00e9pess\u00e9gek birtok\u00e1ban alkalmasak b\u00e1rmely \u00e9letkor\u00fa saj\u00e1tos sz\u00fcks\u00e9glet\u0171 mozg\u00e1ss\u00e9r\u00fclt (k\u00f6zponti idegrendszeri s\u00e9r\u00fclt) kondukt\u00edv nevel\u00e9ssel megval\u00f3s\u00edtott fejleszt\u00e9s\u00e9re, tov\u00e1bb\u00e1 megfelel\u0151 ismeretekkel rendelkeznek a k\u00e9pz\u00e9s m\u00e1sodik ciklusban t\u00f6rt\u00e9n\u0151 folytat\u00e1s\u00e1hoz.<\/p>\n<\/div>\n<p>Hallgat\u00f3ink az els\u0151 \u00e9vben alapoz\u00f3 k\u00e9pz\u00e9sben vesznek r\u00e9szt, majd az els\u0151 \u00e9v v\u00e9g\u00e9n v\u00e1laszthatnak az <strong>\u00f3vodai, iskolai \u00e9s pedag\u00f3giai rehabilit\u00e1ci\u00f3<\/strong> <strong>specializ\u00e1ci\u00f3k<\/strong> k\u00f6z\u00fcl. A specializ\u00e1ci\u00f3 lehet\u0151v\u00e9 teszi a hallgat\u00f3k sz\u00e1m\u00e1ra, hogy m\u00e9lyebb tud\u00e1st \u00e9s k\u00e9szs\u00e9geket szerezzenek egy adott tudom\u00e1ny\u00e1gban vagy szakter\u00fcleten. A specializ\u00e1ci\u00f3 a fels\u0151oktat\u00e1s egy specifikus r\u00e9sz\u00e9re ir\u00e1nyul, amelynek c\u00e9lja a hallgat\u00f3k szakmai fejl\u0151d\u00e9se \u00e9s a szakmai vagy tudom\u00e1nyos ter\u00fcleten val\u00f3 elm\u00e9ly\u00fcl\u00e9se.<\/p>\n<p>A <strong>specializ\u00e1ci\u00f3 v\u00e1laszt\u00e1sra<\/strong> a Neptun rendszeren kereszt\u00fcl ker\u00fcl sor minden \u00e9v j\u00fanius elej\u00e9n. Ezt megel\u0151z\u0151en specializ\u00e1ci\u00f3v\u00e1laszt\u00e1s t\u00e1j\u00e9koztat\u00f3 el\u0151ad\u00e1st tart a kar az els\u0151\u00e9ves hallgat\u00f3k r\u00e9sz\u00e9re, amelyet a specializ\u00e1ci\u00f3 felel\u0151s\u00f6k tartanak, az oktat\u00e1si d\u00e9k\u00e1nhelyettessel \u00e9s a THKI irodavezet\u0151vel.<\/p>\n<p>Az\u00a0<strong>\u00f3vodai specializ\u00e1ci\u00f3<\/strong>\u00a0c\u00e9lja, hogy olyan konduktorokat k\u00e9pezzen, akik felk\u00e9sz\u00fcltek az \u00f3vod\u00e1skor\u00fa mozg\u00e1ss\u00e9r\u00fclt gyermekek (integr\u00e1lt\/inkluz\u00edv csoportok) nevel\u00e9s\u00e9re, fejleszt\u00e9s\u00e9re, a mindenkori \u00f3vodai nevel\u00e9si program megval\u00f3s\u00edt\u00e1s\u00e1ra.<\/p>\n<p>Az\u00a0<strong>iskolai specializ\u00e1ci\u00f3<\/strong>\u00a0c\u00e9lja, hogy olyan konduktorokat k\u00e9pezzen, akik felk\u00e9sz\u00fcltek az 1\u20144. oszt\u00e1lyos mozg\u00e1ss\u00e9r\u00fclt gyermekek (integr\u00e1lt \/ inkluz\u00edv oszt\u00e1lyok) nevel\u00e9s\u00e9re, oktat\u00e1s\u00e1ra, a mindenkori tanterv megval\u00f3s\u00edt\u00e1s\u00e1ra.<\/p>\n<p>A\u00a0<strong>pedag\u00f3giai rehabilit\u00e1ci\u00f3 specializ\u00e1ci\u00f3<\/strong>\u00a0c\u00e9lja, hogy olyan konduktorokat k\u00e9pezzen, akik felk\u00e9sz\u00fcltek eg\u00e9szs\u00e9g\u00fcgyi vagy szoci\u00e1lis int\u00e9zm\u00e9nyekben kondukt\u00edv pedag\u00f3giai fejleszt\u00e9sre t\u00e1rsszakm\u00e1k k\u00e9pvisel\u0151ivel egy\u00fcttm\u0171k\u00f6dve (multidiszciplin\u00e1ris team-munka). \u00a0<\/p>\n<p>&nbsp;<\/p>\n<h2>Az elm\u00e9leti k\u00e9pz\u00e9s fel\u00e9p\u00edt\u00e9se<\/h2>\n<p style=\"text-align: left\">A szakk\u00e9pzetts\u00e9ghez vezet\u0151 tudom\u00e1ny\u00e1gak, szakter\u00fcletek, amelyekb\u0151l a szak elm\u00e9leti k\u00e9pz\u00e9se fel\u00e9p\u00fcl:<\/p>\n<ul style=\"list-style-type: disc\">\n<li style=\"text-align: left\">speci\u00e1lis t\u00e1rsadalomtudom\u00e1nyi (jogi), nevel\u00e9studom\u00e1nyi, pszichol\u00f3giai ismeretek<\/li>\n<li style=\"text-align: left\">konduktori szakmai elm\u00e9leti ismeretek (orvosbiol\u00f3giai, neurol\u00f3giai alapismeretek, neurorehabilit\u00e1ci\u00f3, kondukt\u00edv pedag\u00f3gia, kondukt\u00edv nevel\u00e9s m\u00f3dszertana, k\u00fcl\u00f6nb\u00f6z\u0151 \u00e9letkor\u00faak kondukt\u00edv nevel\u00e9se)<\/li>\n<li style=\"text-align: left\">specializ\u00e1ci\u00f3k szerinti, szakter\u00fcleteknek megfelel\u0151 c\u00e9lzott ismeretanyagok<\/li>\n<\/ul>\n<p>A konduktork\u00e9pz\u00e9s saj\u00e1toss\u00e1ga, hogy <strong>az elm\u00e9leti \u00e9s a gyakorlati k\u00e9pz\u00e9s a kezdetekt\u0151l p\u00e1rhuzamosan folyik.<\/strong> Az elm\u00e9leti \u00e9s gyakorlati k\u00e9pz\u00e9s nem rendelhet\u0151 egym\u00e1s al\u00e1 vagy f\u00f6l\u00e9. A k\u00e9t \u00f6sszetev\u0151nek egym\u00e1sra kell \u00e9p\u00fclnie ahhoz, hogy egy holisztikus szeml\u00e9leten alapul\u00f3, integr\u00e1lt tud\u00e1s alakulhasson ki a hallgat\u00f3kban. <a href=\"https:\/\/semmelweis.hu\/pak\/oktatas\/oktatas-a-karon\/hazai-gyakorlati-kepzohelyek\/\"><strong>A gyakorlati k\u00e9pz\u00e9s r\u00e9szleteir\u0151l itt t\u00e1j\u00e9koz\u00f3dhat.<\/strong><\/a><\/p>\n<p>&nbsp;<\/p>\n<h2>A k\u00e9pz\u00e9st megk\u00fcl\u00f6nb\u00f6ztet\u0151 speci\u00e1lis jegyek<\/h2>\n<p>A k\u00e9pz\u00e9s a speci\u00e1lis, kondukt\u00edv nevel\u00e9si m\u00f3dszertani, oktat\u00e1si \u00e9s kutat\u00e1si tev\u00e9kenys\u00e9get folytat\u00f3 Pet\u0151 Andr\u00e1s Karon folyik, amely int\u00e9zm\u00e9ny gyakorl\u00f3 \u00e9s k\u00f6znevel\u00e9si int\u00e9zm\u00e9nyei biztos\u00edtj\u00e1k, hogy a hallgat\u00f3 a k\u00e9pz\u00e9s eg\u00e9sz folyamat\u00e1ban r\u00e9szt vegyen a kondukt\u00edv nevel\u00e9si fejleszt\u00e9sben, konduktori teamekben, csecsem\u0151kort\u00f3l feln\u0151tt korig megismerhesse a cerebral paretikusok vagy ahhoz hasonl\u00f3 t\u00fcnetegy\u00fcttest mutat\u00f3 k\u00f3rk\u00e9peket.\u00a0<\/p>\n<p>&nbsp;<\/p>\n<h2>Az elm\u00e9leti k\u00e9pz\u00e9s szerkezete<\/h2>\n<p><strong>K\u00f6telez\u0151 elm\u00e9leti k\u00e9pz\u00e9si modul<\/strong><\/p>\n<p>R\u00e9szletes t\u00e1j\u00e9koztat\u00e1st, a modul tant\u00e1rgyi feloszt\u00e1s\u00e1t az <a href=\"https:\/\/semmelweis.hu\/pak\/files\/2025\/09\/bpovt20250901.pdf\" target=\"_blank\" rel=\"noopener\">\u00d3ra \u00e9s Vizsgaterv<\/a> dokumentum tartalmazza.<\/p>\n<p>&nbsp;<\/p>\n<h2 style=\"text-align: left\">Abszolut\u00f3rium, szakdolgozat, z\u00e1r\u00f3vizsga<\/h2>\n<h3>Abszolut\u00f3rium<\/h3>\n<p>Az az okirat, amely min\u0151s\u00edt\u00e9s \u00e9s \u00e9rt\u00e9kel\u00e9s n\u00e9lk\u00fcl tan\u00fas\u00edtja, hogy a hallgat\u00f3 a z\u00e1r\u00f3vizsga \u00e9s a szakdolgozat kiv\u00e9tel\u00e9vel a tantervben el\u0151\u00edrt valamennyi tanulm\u00e1nyi \u00e9s vizsgak\u00f6telezetts\u00e9g\u00e9nek eleget tett \u00e9s teljes\u00edtette az el\u0151\u00edrt szakmai gyakorlatot; az abszolut\u00f3rium v\u00e9gzetts\u00e9get, szakk\u00e9pzetts\u00e9get nem igazol.<\/p>\n<p>&nbsp;<\/p>\n<h3>Szakdolgozat<\/h3>\n<p>A k\u00e9pz\u00e9si \u00e9s kimeneti k\u00f6vetelm\u00e9nyek \u00e1ltal el\u0151\u00edrt, a fels\u0151fok\u00fa tanulm\u00e1nyok lez\u00e1r\u00e1sak\u00e9nt \u00edrt dolgozat, amelynek elk\u00e9sz\u00edt\u00e9se \u00e1ltal ellen\u0151rizhet\u0151, hogy a hallgat\u00f3 teljes\u00edtette a k\u00e9pz\u00e9s egyes kimeneti k\u00f6vetelm\u00e9nyeit, c\u00e9lja tov\u00e1bb\u00e1, hogy az adott tudom\u00e1nyter\u00fclet b\u00e1rmely probl\u00e9mak\u00f6r\u00e9nek \u00f6n\u00e1ll\u00f3 tudom\u00e1nyos ig\u00e9ny\u0171 feldolgoz\u00e1sa r\u00e9v\u00e9n el\u0151seg\u00edtse, hogy a hallgat\u00f3 szakmai tev\u00e9kenys\u00e9g sor\u00e1n fejlessze l\u00e9nyegmegragad\u00f3 k\u00e9pess\u00e9g\u00e9t, elsaj\u00e1t\u00edtsa a k\u00f6nyvt\u00e1rhaszn\u00e1lat \u00e9s irodalomkutat\u00e1s m\u00f3dszereit \u00e9s k\u00e9pes legyen v\u00e9lem\u00e9ny\u00e9t t\u00f6m\u00f6ren \u00e9s szabatosan megfogalmazni; eml\u00edt\u00e9se alatt k\u00fcl\u00f6n rendelkez\u00e9s hi\u00e1ny\u00e1ban a diplomamunk\u00e1t is \u00e9rteni kell;<\/p>\n<p>Tov\u00e1bbi r\u00e9szletes t\u00e1j\u00e9koztat\u00e1st a szakdolgozat elk\u00e9sz\u00edt\u00e9s\u00e9hez, felt\u00e9teleihez a Kari Szab\u00e1lyzat a szakdolgozat elk\u00e9sz\u00edt\u00e9s\u00e9hez \u00e9s \u00e9rt\u00e9kel\u00e9s\u00e9hez c\u00edm\u0171 dokumentum ad, amely itt \u00e9rhet\u0151 el:<\/p>\n<p><a href=\"https:\/\/semmelweis.hu\/pak\/files\/2025\/11\/Szakdolgozatiutmutato2025.pdf\">https:\/\/semmelweis.hu\/pak\/files\/2025\/11\/Szakdolgozatiutmutato2025.pdf<\/a><\/p>\n<p><a href=\"https:\/\/semmelweis.hu\/pak\/files\/2024\/12\/Szakdolgozati_utmutato_2024.pdf\">https:\/\/semmelweis.hu\/pak\/files\/2023\/04\/Szakdolgozati_utmutato_2024_jav.pdf<\/a><\/p>\n<p><a href=\"https:\/\/semmelweis.hu\/pak\/files\/2023\/10\/SE-PAK-Szakdolgozati_utmutato_2023-1.pdf\">https:\/\/semmelweis.hu\/pak\/files\/2023\/10\/SE-PAK-Szakdolgozati_utmutato_2023-1.pdf<\/a><\/p>\n<h3>Z\u00e1r\u00f3vizsga<\/h3>\n<p>Az ismereteknek \u00e9s a gyakorlati k\u00e9pess\u00e9geknek a fels\u0151fok\u00fa v\u00e9gzetts\u00e9g megszerz\u00e9s\u00e9hez sz\u00fcks\u00e9ges tud\u00e1s (k\u00e9szs\u00e9g) ellen\u0151rz\u00e9se \u00e9s \u00e9rt\u00e9kel\u00e9se, amelynek sor\u00e1n a jel\u00f6ltnek a Kar z\u00e1r\u00f3vizsga-bizotts\u00e1ga el\u0151tt arr\u00f3l kell tan\u00fas\u00e1got tennie, hogy a k\u00e9pes\u00edt\u00e9shez sz\u00fcks\u00e9ges tud\u00e1ssal rendelkezik, \u00e9s a tanult ismereteket \u00f6sszef\u00fcgg\u00e9seiben \u00e9rti \u00e9s alkalmazni tudja. A z\u00e1r\u00f3vizsg\u00e1ra bocs\u00e1t\u00e1s felt\u00e9tele az abszolut\u00f3rium megszerz\u00e9se.<\/p>\n<h5>Oklev\u00e9l min\u0151s\u00edt\u00e9s<\/h5>\n<p>Az oklev\u00e9l min\u0151s\u00edt\u00e9s\u00e9t a z\u00e1r\u00f3vizsga eredm\u00e9nye, valamint a szigorlatok, tov\u00e1bb\u00e1 a komplex z\u00e1r\u00f3foglalkoz\u00e1s \u00e9s az iskolai tan\u00edt\u00e1si\/\u00f3vodai m\u00f3dszertani gyakorlatra kapott oszt\u00e1lyzatok sz\u00e1mtani \u00e1tlaga adja. Kit\u00fcntet\u00e9ses oklevelet kap az a hallgat\u00f3, aki a z\u00e1r\u00f3vizsg\u00e1n jeles eredm\u00e9nyt \u00e9rt el, tov\u00e1bb\u00e1 z\u00e1r\u00f3dolgozat\u00e1nak, komplex z\u00e1r\u00f3foglalkoz\u00e1s\u00e1nak, iskolai tan\u00edt\u00e1si gyakorlat\u00e1nak min\u0151s\u00edt\u00e9se \u00e9s valamennyi szigorlat\u00e1nak oszt\u00e1lyzata jeles, \u00e9s az \u00f6sszes t\u00f6bbi vizsg\u00e1n szerzett \u00e9rdemjegye k\u00f6zepes \u00e9rt\u00e9k\u0171n\u00e9l nem rosszabb.<\/p>\n<p><a href=\"https:\/\/semmelweis.hu\/pak\/files\/2025\/07\/SZMSZ-Tanulmanyi_es_Vizsgaszabalyzat.pdf\" target=\"_blank\" rel=\"noopener\">Semmelweis Egyetem Szervezeti \u00e9s M\u0171k\u00f6d\u00e9si Szab\u00e1lyzata &#8211; III. k\u00f6nyv Hallgat\u00f3i k\u00f6vetelm\u00e9nyrendszer, III. 2. r\u00e9sz Tanulm\u00e1nyi \u00e9s Vizsgaszab\u00e1lyzat<\/a><\/p>\n<p>&nbsp;<\/p>\n<p>&nbsp;<\/p>\n<p>&nbsp;<\/p>\n<p>&nbsp;<\/p>\n<div id=\"GroupWiseSection_1634885312000_balogh.istvan_laszlone@semmelweis-univ.hu_76D98A001C8B0000B4706F6437396132_\" class=\"GroupWiseMessageBody active\">\n<div>\n<div>\n<div dir=\"ltr\">\n<div style=\"color: #000000;font-family: 'Calibri';font-size: 12pt\">\u00a0<\/div>\n<\/div>\n<\/div>\n<\/div>\n<\/div>\n","protected":false},"excerpt":{"rendered":"<p>AZ ELM\u00c9LETI K\u00c9PZ\u00c9S C\u00c9LJA \u00c9S ALAPVET\u0150 STRUKT\u00daR\u00c1JA Az elm\u00e9leti k\u00e9pz\u00e9s c\u00e9lja Olyan pedag\u00f3giai szakemberek k\u00e9pz\u00e9se, akik elm\u00e9letileg megalapozott ismeretek \u00e9s k\u00e9pess\u00e9gek birtok\u00e1ban alkalmasak b\u00e1rmely \u00e9letkor\u00fa saj\u00e1tos sz\u00fcks\u00e9glet\u0171 mozg\u00e1ss\u00e9r\u00fclt (k\u00f6zponti idegrendszeri s\u00e9r\u00fclt) kondukt\u00edv nevel\u00e9ssel megval\u00f3s\u00edtott fejleszt\u00e9s\u00e9re, tov\u00e1bb\u00e1 megfelel\u0151 ismeretekkel rendelkeznek a k\u00e9pz\u00e9s m\u00e1sodik ciklusban t\u00f6rt\u00e9n\u0151 folytat\u00e1s\u00e1hoz. Hallgat\u00f3ink az els\u0151 \u00e9vben alapoz\u00f3 k\u00e9pz\u00e9sben vesznek r\u00e9szt, majd az &hellip;<\/p>\n","protected":false},"author":102235,"featured_media":0,"parent":1148,"menu_order":7,"comment_status":"closed","ping_status":"closed","template":"","meta":{"_acf_changed":false,"footnotes":""},"categories":[],"tags":[],"class_list":["post-149","page","type-page","status-publish","hentry"],"acf":[],"_links":{"self":[{"href":"https:\/\/semmelweis.hu\/pak\/wp-json\/wp\/v2\/pages\/149","targetHints":{"allow":["GET"]}}],"collection":[{"href":"https:\/\/semmelweis.hu\/pak\/wp-json\/wp\/v2\/pages"}],"about":[{"href":"https:\/\/semmelweis.hu\/pak\/wp-json\/wp\/v2\/types\/page"}],"author":[{"embeddable":true,"href":"https:\/\/semmelweis.hu\/pak\/wp-json\/wp\/v2\/users\/102235"}],"replies":[{"embeddable":true,"href":"https:\/\/semmelweis.hu\/pak\/wp-json\/wp\/v2\/comments?post=149"}],"version-history":[{"count":13,"href":"https:\/\/semmelweis.hu\/pak\/wp-json\/wp\/v2\/pages\/149\/revisions"}],"predecessor-version":[{"id":12980,"href":"https:\/\/semmelweis.hu\/pak\/wp-json\/wp\/v2\/pages\/149\/revisions\/12980"}],"up":[{"embeddable":true,"href":"https:\/\/semmelweis.hu\/pak\/wp-json\/wp\/v2\/pages\/1148"}],"wp:attachment":[{"href":"https:\/\/semmelweis.hu\/pak\/wp-json\/wp\/v2\/media?parent=149"}],"wp:term":[{"taxonomy":"category","embeddable":true,"href":"https:\/\/semmelweis.hu\/pak\/wp-json\/wp\/v2\/categories?post=149"},{"taxonomy":"post_tag","embeddable":true,"href":"https:\/\/semmelweis.hu\/pak\/wp-json\/wp\/v2\/tags?post=149"}],"curies":[{"name":"wp","href":"https:\/\/api.w.org\/{rel}","templated":true}]}}