{"id":148,"date":"2017-12-19T00:00:00","date_gmt":"2017-12-18T23:00:00","guid":{"rendered":"http:\/\/semmelweis.hu\/pak\/2015-04-07-14-32-06\/"},"modified":"2023-09-07T15:42:03","modified_gmt":"2023-09-07T13:42:03","slug":"contact-us","status":"publish","type":"page","link":"https:\/\/semmelweis.hu\/pak\/en\/contact-us\/","title":{"rendered":"Contact us"},"content":{"rendered":"<p>The colleagues of the Andr\u00e1s Pet\u0151 Faculty of the Semmelweis University are happy to help you with any questions you may have.<\/p>\n<p>E-mail: <a href=\"mailto:petointernational@semmelweis.hu\">petointernational@semmelweis.hu<\/a><br \/>\nTel.: <a href=\"tel:+3612241578\">+36 1 224 1578<\/a><br \/>\nFeel free to follow our <a href=\"https:\/\/www.facebook.com\/mycondactivejourney\" target=\"_blank\" rel=\"noopener\">Facebook page\u00a0 <img loading=\"lazy\" decoding=\"async\" class=\"alignnone  wp-image-7019\" src=\"https:\/\/semmelweis.hu\/pak\/files\/2022\/05\/fb_logo-400x400.jpg\" alt=\"\" width=\"25\" height=\"25\" srcset=\"https:\/\/semmelweis.hu\/pak\/files\/2022\/05\/fb_logo-400x400.jpg 400w, https:\/\/semmelweis.hu\/pak\/files\/2022\/05\/fb_logo-150x150.jpg 150w, https:\/\/semmelweis.hu\/pak\/files\/2022\/05\/fb_logo-768x768.jpg 768w, https:\/\/semmelweis.hu\/pak\/files\/2022\/05\/fb_logo-753x753.jpg 753w, https:\/\/semmelweis.hu\/pak\/files\/2022\/05\/fb_logo.jpg 800w\" sizes=\"auto, (max-width: 25px) 100vw, 25px\" \/><\/a><\/p>\n<p>Address: H-1125 Budapest, K\u00fatv\u00f6lgyi \u00fat 8., Hungary<\/p>\n\n<!-- iframe plugin v.4.9 wordpress.org\/plugins\/iframe\/ -->\n<iframe loading=\"lazy\" src=\"https:\/\/www.google.com\/maps\/embed?pb=!1m18!1m12!1m3!1d2694.8763629658665!2d19.001532315627195!3d47.511798979178415!2m3!1f0!2f0!3f0!3m2!1i1024!2i768!4f13.1!3m3!1m2!1s0x4741debf2fdd018d%3A0xf3d200f88641db89!2zQnVkYXBlc3QsIEvDunR2w7ZsZ3lpIMO6dCA2LCAxMTI1!5e0!3m2!1shu!2shu!4v1514965925469\" width=\"100%\" height=\"450\" scrolling=\"yes\" class=\"iframe-class\" frameborder=\"0\"><\/iframe>\n\n","protected":false},"excerpt":{"rendered":"<p>The colleagues of the Andr\u00e1s Pet\u0151 Faculty of the Semmelweis University are happy to help you with any questions you may have.<br \/>\nE-mail: <a href=\"mailto:petointernational@semmelweis.hu\">petointernational@semmelweis.hu<\/a><br \/>\nTel.: <a href=\"tel:+3612241578\">+36 1 224 1578<\/a><br \/>\nFeel free to follow our <a href=\"https:\/\/www.facebook.com\/mycondactivejourney\" target=\"_blank\" rel=\"noopener\">Facebook page\u00a0 <\/a><br \/>\nAddress: H-1125 Budapest, K\u00fatv\u00f6lgyi \u00fat 8., Hungary<\/p>\n","protected":false},"author":101362,"featured_media":0,"parent":0,"menu_order":27,"comment_status":"closed","ping_status":"closed","template":"template-fullwidth.php","meta":{"_acf_changed":false,"footnotes":""},"categories":[],"tags":[],"class_list":["post-148","page","type-page","status-publish","hentry"],"acf":[],"_links":{"self":[{"href":"https:\/\/semmelweis.hu\/pak\/wp-json\/wp\/v2\/pages\/148","targetHints":{"allow":["GET"]}}],"collection":[{"href":"https:\/\/semmelweis.hu\/pak\/wp-json\/wp\/v2\/pages"}],"about":[{"href":"https:\/\/semmelweis.hu\/pak\/wp-json\/wp\/v2\/types\/page"}],"author":[{"embeddable":true,"href":"https:\/\/semmelweis.hu\/pak\/wp-json\/wp\/v2\/users\/101362"}],"replies":[{"embeddable":true,"href":"https:\/\/semmelweis.hu\/pak\/wp-json\/wp\/v2\/comments?post=148"}],"version-history":[{"count":12,"href":"https:\/\/semmelweis.hu\/pak\/wp-json\/wp\/v2\/pages\/148\/revisions"}],"predecessor-version":[{"id":9009,"href":"https:\/\/semmelweis.hu\/pak\/wp-json\/wp\/v2\/pages\/148\/revisions\/9009"}],"wp:attachment":[{"href":"https:\/\/semmelweis.hu\/pak\/wp-json\/wp\/v2\/media?parent=148"}],"wp:term":[{"taxonomy":"category","embeddable":true,"href":"https:\/\/semmelweis.hu\/pak\/wp-json\/wp\/v2\/categories?post=148"},{"taxonomy":"post_tag","embeddable":true,"href":"https:\/\/semmelweis.hu\/pak\/wp-json\/wp\/v2\/tags?post=148"}],"curies":[{"name":"wp","href":"https:\/\/api.w.org\/{rel}","templated":true}]}}