{"id":13579,"date":"2026-05-05T09:28:44","date_gmt":"2026-05-05T07:28:44","guid":{"rendered":"https:\/\/semmelweis.hu\/pak\/?page_id=13579"},"modified":"2026-05-05T09:28:44","modified_gmt":"2026-05-05T07:28:44","slug":"kutatasi-egyuttmukodesi-felhivas","status":"publish","type":"page","link":"https:\/\/semmelweis.hu\/pak\/kutatas\/kutatasi-egyuttmukodesi-felhivas\/","title":{"rendered":"Kutat\u00e1si egy\u00fcttm\u0171k\u00f6d\u00e9si felh\u00edv\u00e1s"},"content":{"rendered":"<h3>\u00a0<\/h3>\n<h3>Nemzetk\u00f6zi felm\u00e9r\u00e9s a kondukt\u00edv pedag\u00f3gia kutat\u00e1si potenci\u00e1lj\u00e1r\u00f3l<\/h3>\n<p>A Semmelweis Egyetem Pet\u0151 Andr\u00e1s Kara nemzetk\u00f6zi kutat\u00e1si egy\u00fcttm\u0171k\u00f6d\u00e9s el\u0151k\u00e9sz\u00edt\u00e9s\u00e9n dolgozik, amelynek c\u00e9lja a kondukt\u00edv pedag\u00f3giai ell\u00e1t\u00e1sban megval\u00f3s\u00edthat\u00f3 multicentrikus kutat\u00e1sok lehet\u0151s\u00e9geinek felt\u00e9rk\u00e9pez\u00e9se.<\/p>\n<p>Ennek r\u00e9szek\u00e9nt egy r\u00f6vid, int\u00e9zm\u00e9nyi szint\u0171 k\u00e9rd\u0151\u00edvet ind\u00edtunk, amely seg\u00edt \u00e1tfog\u00f3 k\u00e9pet kapni a hazai \u00e9s nemzetk\u00f6zi szinten m\u0171k\u00f6d\u0151 kondukt\u00edv pedag\u00f3giai int\u00e9zm\u00e9nyek gyakorlat\u00e1r\u00f3l.<\/p>\n<p>&nbsp;<\/p>\n<h5>A felm\u00e9r\u00e9s c\u00e9lja<\/h5>\n<p>A k\u00e9rd\u0151\u00edv seg\u00edts\u00e9g\u00e9vel szeretn\u00e9nk felt\u00e9rk\u00e9pezni:<\/p>\n<ul>\n<li>milyen klienscsoportokkal dolgoznak az int\u00e9zm\u00e9nyek<\/li>\n<li>milyen ell\u00e1t\u00e1si strukt\u00far\u00e1ban m\u0171k\u00f6dnek<\/li>\n<li>milyen m\u00e9r\u00e9si gyakorlatot alkalmaznak<\/li>\n<li>milyen kutat\u00e1si tapasztalattal rendelkeznek<\/li>\n<li>milyen felt\u00e9telek mellett venn\u00e9nek r\u00e9szt j\u00f6v\u0151beli kutat\u00e1sokban<\/li>\n<\/ul>\n<p>A felm\u00e9r\u00e9s c\u00e9lja, hogy megalapozza egy j\u00f6v\u0151beli nemzetk\u00f6zi kutat\u00e1si h\u00e1l\u00f3zat kialak\u00edt\u00e1s\u00e1t.<\/p>\n<p>&nbsp;<\/p>\n<h5>Fontos inform\u00e1ci\u00f3k<\/h5>\n<ul>\n<li>A k\u00e9rd\u0151\u00edv kit\u00f6lt\u00e9se kb. 10\u201315 percet vesz ig\u00e9nybe<\/li>\n<li>A v\u00e1laszad\u00e1s int\u00e9zm\u00e9nyi szint\u0171 inform\u00e1ci\u00f3kra vonatkozik<\/li>\n<li>A k\u00e9rd\u0151\u00edv nem anonim, azonban az adatokat bizalmasan kezelj\u00fck<\/li>\n<li>Az eredm\u00e9nyek kiz\u00e1r\u00f3lag \u00f6sszes\u00edtett form\u00e1ban ker\u00fclnek feldolgoz\u00e1sra<\/li>\n<li>A felm\u00e9r\u00e9s nem min\u0151s\u00e9g\u00e9rt\u00e9kel\u00e9s \u00e9s nem audit<\/li>\n<\/ul>\n<h5>\u00a0<\/h5>\n<h5>Mi\u00e9rt \u00e9rdemes r\u00e9szt venni?<\/h5>\n<ul>\n<li>hozz\u00e1j\u00e1rulhat a kondukt\u00edv pedag\u00f3gia nemzetk\u00f6zi fejl\u0151d\u00e9s\u00e9hez<\/li>\n<li>lehet\u0151s\u00e9get teremt j\u00f6v\u0151beli kutat\u00e1si egy\u00fcttm\u0171k\u00f6d\u00e9sekre<\/li>\n<li>betekint\u00e9st ny\u00fajt egy nemzetk\u00f6zi szakmai h\u00e1l\u00f3zat kialakul\u00e1s\u00e1ba<\/li>\n<\/ul>\n<h5>\u00a0<\/h5>\n<h5>Kapcsolat \u00e9s tov\u00e1bbi inform\u00e1ci\u00f3<\/h5>\n<p>Amennyiben k\u00e9rd\u00e9se van a felm\u00e9r\u00e9ssel kapcsolatban, vagy \u00e9rdekl\u0151dik a j\u00f6v\u0151beli egy\u00fcttm\u0171k\u00f6d\u00e9sek ir\u00e1nt, k\u00e9rj\u00fck vegye fel vel\u00fcnk a kapcsolatot.\u00a0<\/p>\n<p>&nbsp;<\/p>\n<h2 style=\"text-align: center\"><a href=\"https:\/\/sepak.limesurvey.net\/index.php\/767526?newtest=Y&amp;lang=hu\" target=\"_blank\" rel=\"noopener\">K\u00e9rd\u0151\u00edv kit\u00f6lt\u00e9se<\/a><\/h2>\n<p>&nbsp;<\/p>\n<p>&nbsp;<\/p>\n<p><img loading=\"lazy\" decoding=\"async\" class=\"aligncenter wp-image-3236 size-full\" src=\"https:\/\/semmelweis.hu\/pak\/files\/2018\/09\/1-2.jpg\" alt=\"\" width=\"482\" height=\"300\" srcset=\"https:\/\/semmelweis.hu\/pak\/files\/2018\/09\/1-2.jpg 482w, https:\/\/semmelweis.hu\/pak\/files\/2018\/09\/1-2-300x187.jpg 300w\" sizes=\"auto, (max-width: 482px) 100vw, 482px\" \/><\/p>\n","protected":false},"excerpt":{"rendered":"<p>\u00a0 Nemzetk\u00f6zi felm\u00e9r\u00e9s a kondukt\u00edv pedag\u00f3gia kutat\u00e1si potenci\u00e1lj\u00e1r\u00f3l A Semmelweis Egyetem Pet\u0151 Andr\u00e1s Kara nemzetk\u00f6zi kutat\u00e1si egy\u00fcttm\u0171k\u00f6d\u00e9s el\u0151k\u00e9sz\u00edt\u00e9s\u00e9n dolgozik, amelynek c\u00e9lja a kondukt\u00edv pedag\u00f3giai ell\u00e1t\u00e1sban megval\u00f3s\u00edthat\u00f3 multicentrikus kutat\u00e1sok lehet\u0151s\u00e9geinek felt\u00e9rk\u00e9pez\u00e9se. Ennek r\u00e9szek\u00e9nt egy r\u00f6vid, int\u00e9zm\u00e9nyi szint\u0171 k\u00e9rd\u0151\u00edvet ind\u00edtunk, amely seg\u00edt \u00e1tfog\u00f3 k\u00e9pet kapni a hazai \u00e9s nemzetk\u00f6zi szinten m\u0171k\u00f6d\u0151 kondukt\u00edv pedag\u00f3giai int\u00e9zm\u00e9nyek gyakorlat\u00e1r\u00f3l. &nbsp; A &hellip;<\/p>\n","protected":false},"author":102433,"featured_media":3236,"parent":3265,"menu_order":6,"comment_status":"closed","ping_status":"closed","template":"","meta":{"_acf_changed":false,"footnotes":""},"categories":[1],"tags":[519],"class_list":["post-13579","page","type-page","status-publish","has-post-thumbnail","hentry","category-hirek","tag-tudomanyos-hirek"],"acf":[],"_links":{"self":[{"href":"https:\/\/semmelweis.hu\/pak\/wp-json\/wp\/v2\/pages\/13579","targetHints":{"allow":["GET"]}}],"collection":[{"href":"https:\/\/semmelweis.hu\/pak\/wp-json\/wp\/v2\/pages"}],"about":[{"href":"https:\/\/semmelweis.hu\/pak\/wp-json\/wp\/v2\/types\/page"}],"author":[{"embeddable":true,"href":"https:\/\/semmelweis.hu\/pak\/wp-json\/wp\/v2\/users\/102433"}],"replies":[{"embeddable":true,"href":"https:\/\/semmelweis.hu\/pak\/wp-json\/wp\/v2\/comments?post=13579"}],"version-history":[{"count":8,"href":"https:\/\/semmelweis.hu\/pak\/wp-json\/wp\/v2\/pages\/13579\/revisions"}],"predecessor-version":[{"id":13617,"href":"https:\/\/semmelweis.hu\/pak\/wp-json\/wp\/v2\/pages\/13579\/revisions\/13617"}],"up":[{"embeddable":true,"href":"https:\/\/semmelweis.hu\/pak\/wp-json\/wp\/v2\/pages\/3265"}],"wp:featuredmedia":[{"embeddable":true,"href":"https:\/\/semmelweis.hu\/pak\/wp-json\/wp\/v2\/media\/3236"}],"wp:attachment":[{"href":"https:\/\/semmelweis.hu\/pak\/wp-json\/wp\/v2\/media?parent=13579"}],"wp:term":[{"taxonomy":"category","embeddable":true,"href":"https:\/\/semmelweis.hu\/pak\/wp-json\/wp\/v2\/categories?post=13579"},{"taxonomy":"post_tag","embeddable":true,"href":"https:\/\/semmelweis.hu\/pak\/wp-json\/wp\/v2\/tags?post=13579"}],"curies":[{"name":"wp","href":"https:\/\/api.w.org\/{rel}","templated":true}]}}