{"id":13447,"date":"2026-04-01T12:49:37","date_gmt":"2026-04-01T10:49:37","guid":{"rendered":"https:\/\/semmelweis.hu\/pak\/?page_id=13447"},"modified":"2026-04-01T13:00:32","modified_gmt":"2026-04-01T11:00:32","slug":"tanulmanykotet","status":"publish","type":"page","link":"https:\/\/semmelweis.hu\/pak\/kutatas\/tanulmanykotet\/","title":{"rendered":"Tanulm\u00e1nyk\u00f6tet"},"content":{"rendered":"<p><a href=\"https:\/\/semmelweis.hu\/pak\/files\/2026\/04\/Valogatott-tanulmanyok.pdf\" target=\"_blank\" rel=\"noopener\"><img loading=\"lazy\" decoding=\"async\" class=\"alignleft wp-image-13448 size-medium\" src=\"https:\/\/semmelweis.hu\/pak\/files\/2026\/04\/Borito-280x400.jpg\" alt=\"\" width=\"280\" height=\"400\" srcset=\"https:\/\/semmelweis.hu\/pak\/files\/2026\/04\/Borito-280x400.jpg 280w, https:\/\/semmelweis.hu\/pak\/files\/2026\/04\/Borito-718x1024.jpg 718w, https:\/\/semmelweis.hu\/pak\/files\/2026\/04\/Borito-768x1096.jpg 768w, https:\/\/semmelweis.hu\/pak\/files\/2026\/04\/Borito-1077x1536.jpg 1077w, https:\/\/semmelweis.hu\/pak\/files\/2026\/04\/Borito-1436x2048.jpg 1436w, https:\/\/semmelweis.hu\/pak\/files\/2026\/04\/Borito-753x1074.jpg 753w, https:\/\/semmelweis.hu\/pak\/files\/2026\/04\/Borito-scaled.jpg 1795w\" sizes=\"auto, (max-width: 280px) 100vw, 280px\" \/><\/a><\/p>\n<p>&nbsp;<\/p>\n<p>&nbsp;<\/p>\n<p>A\u00a0<em>Kondukt\u00edv pedag\u00f3gia, <\/em><em>a konduktork\u00e9pz\u00e9s <\/em><em>\u00e9s interdiszciplin\u00e1ris perspekt\u00edv\u00e1k<\/em> c\u00edm\u0171 v\u00e1logatott tanulm\u00e1nyk\u00f6tet a k\u00e9pre kattintva \u00e9rhet\u0151 el.<\/p>\n","protected":false},"excerpt":{"rendered":"<p><a href=\"https:\/\/semmelweis.hu\/pak\/files\/2026\/04\/Valogatott-tanulmanyok.pdf\" target=\"_blank\" rel=\"noopener\"><\/a><br \/>\n&nbsp;<br \/>\n&nbsp;<br \/>\nA\u00a0Kondukt\u00edv pedag\u00f3gia, a konduktork\u00e9pz\u00e9s \u00e9s interdiszciplin\u00e1ris perspekt\u00edv\u00e1k c\u00edm\u0171 v\u00e1logatott tanulm\u00e1nyk\u00f6tet a k\u00e9pre kattintva \u00e9rhet\u0151 el.<\/p>\n","protected":false},"author":102433,"featured_media":13448,"parent":3265,"menu_order":6,"comment_status":"closed","ping_status":"closed","template":"","meta":{"_acf_changed":false,"footnotes":""},"categories":[],"tags":[],"class_list":["post-13447","page","type-page","status-publish","has-post-thumbnail","hentry"],"acf":[],"_links":{"self":[{"href":"https:\/\/semmelweis.hu\/pak\/wp-json\/wp\/v2\/pages\/13447","targetHints":{"allow":["GET"]}}],"collection":[{"href":"https:\/\/semmelweis.hu\/pak\/wp-json\/wp\/v2\/pages"}],"about":[{"href":"https:\/\/semmelweis.hu\/pak\/wp-json\/wp\/v2\/types\/page"}],"author":[{"embeddable":true,"href":"https:\/\/semmelweis.hu\/pak\/wp-json\/wp\/v2\/users\/102433"}],"replies":[{"embeddable":true,"href":"https:\/\/semmelweis.hu\/pak\/wp-json\/wp\/v2\/comments?post=13447"}],"version-history":[{"count":3,"href":"https:\/\/semmelweis.hu\/pak\/wp-json\/wp\/v2\/pages\/13447\/revisions"}],"predecessor-version":[{"id":13453,"href":"https:\/\/semmelweis.hu\/pak\/wp-json\/wp\/v2\/pages\/13447\/revisions\/13453"}],"up":[{"embeddable":true,"href":"https:\/\/semmelweis.hu\/pak\/wp-json\/wp\/v2\/pages\/3265"}],"wp:featuredmedia":[{"embeddable":true,"href":"https:\/\/semmelweis.hu\/pak\/wp-json\/wp\/v2\/media\/13448"}],"wp:attachment":[{"href":"https:\/\/semmelweis.hu\/pak\/wp-json\/wp\/v2\/media?parent=13447"}],"wp:term":[{"taxonomy":"category","embeddable":true,"href":"https:\/\/semmelweis.hu\/pak\/wp-json\/wp\/v2\/categories?post=13447"},{"taxonomy":"post_tag","embeddable":true,"href":"https:\/\/semmelweis.hu\/pak\/wp-json\/wp\/v2\/tags?post=13447"}],"curies":[{"name":"wp","href":"https:\/\/api.w.org\/{rel}","templated":true}]}}