{"id":13107,"date":"2026-01-07T15:47:48","date_gmt":"2026-01-07T14:47:48","guid":{"rendered":"https:\/\/semmelweis.hu\/pak\/?page_id=13107"},"modified":"2026-02-10T13:35:23","modified_gmt":"2026-02-10T12:35:23","slug":"kiemelt-partnerek","status":"publish","type":"page","link":"https:\/\/semmelweis.hu\/pak\/hallgatoknak\/mobilitasi-lehetosegek\/kiemelt-partnerek\/","title":{"rendered":"Kiemelt partnerek"},"content":{"rendered":"<p style=\"text-align: justify\">A Semmelweis Egyetem Pet\u0151 Andr\u00e1s Kar az itt tanul\u00f3 hallgat\u00f3k nemzetk\u00f6zi mobilit\u00e1si projektjeinek min\u0151s\u00e9gbiztos\u00edt\u00e1sa c\u00e9lj\u00e1b\u00f3l elind\u00edtotta a Designated Institute for Practice kezdem\u00e9nyez\u00e9st.<\/p>\n<p style=\"text-align: justify\"><img loading=\"lazy\" decoding=\"async\" class=\" wp-image-13164 alignleft\" src=\"https:\/\/semmelweis.hu\/pak\/files\/2026\/02\/Uj-projekt1-e1770299854704-395x400.png\" alt=\"\" width=\"219\" height=\"221\" srcset=\"https:\/\/semmelweis.hu\/pak\/files\/2026\/02\/Uj-projekt1-e1770299854704-395x400.png 395w, https:\/\/semmelweis.hu\/pak\/files\/2026\/02\/Uj-projekt1-e1770299854704-150x150.png 150w, https:\/\/semmelweis.hu\/pak\/files\/2026\/02\/Uj-projekt1-e1770299854704-753x763.png 753w, https:\/\/semmelweis.hu\/pak\/files\/2026\/02\/Uj-projekt1-e1770299854704.png 762w\" sizes=\"auto, (max-width: 219px) 100vw, 219px\" \/>Ez egy olyan titulus, melyet azon nemzetk\u00f6zi partnereink kapnak meg, akik minden szempontb\u00f3l megfelelnek a kar szakmai gyakorlattal kapcsolatos szakmai elv\u00e1r\u00e1sainak. Azon hallgat\u00f3k, akik ezen int\u00e9zm\u00e9nyek egyik\u00e9ben val\u00f3s\u00edtja meg szakmai gyakorlat\u00e1t, az teljes m\u00e9rt\u00e9kben megfeleltethet\u0151 az anyaint\u00e9zm\u00e9nyben teljes\u00edtett szakmai gyakorlatnak.<\/p>\n<p>&nbsp;<\/p>\n<p style=\"text-align: justify\">Jelenleg a k\u00f6vetkez\u0151 int\u00e9zm\u00e9nyek tartoznak a Designated Institute of Practice kezdem\u00e9nyez\u00e9s al\u00e1:<\/p>\n<p>&#8211; <a href=\"https:\/\/www.conductivelearningcenter.org\/\">Conductive Learning Center of North America &#8211; USA, Grand Rapids<\/a><br \/>\nAz al\u00e1bbi vide\u00f3n megn\u00e9zhetik, hogyan is n\u00e9z ki a CLC \u00e9p\u00fclete, a munka k\u00f6rnyezet, ahol a szakmai gyakorlat elv\u00e9gezhet\u0151:<\/p>\n<p><iframe loading=\"lazy\" title=\"Facility Tour for 2020 Evening of Celebration\" width=\"753\" height=\"424\" src=\"https:\/\/www.youtube.com\/embed\/vtOuWAzqBZo?feature=oembed\" frameborder=\"0\" allow=\"accelerometer; autoplay; clipboard-write; encrypted-media; gyroscope; picture-in-picture; web-share\" referrerpolicy=\"strict-origin-when-cross-origin\" allowfullscreen><\/iframe><\/p>\n<p>&nbsp;<\/p>\n<p>&nbsp;<\/p>\n","protected":false},"excerpt":{"rendered":"<p>A Semmelweis Egyetem Pet\u0151 Andr\u00e1s Kar az itt tanul\u00f3 hallgat\u00f3k nemzetk\u00f6zi mobilit\u00e1si projektjeinek min\u0151s\u00e9gbiztos\u00edt\u00e1sa c\u00e9lj\u00e1b\u00f3l elind\u00edtotta a Designated Institute for Practice kezdem\u00e9nyez\u00e9st. Ez egy olyan titulus, melyet azon nemzetk\u00f6zi partnereink kapnak meg, akik minden szempontb\u00f3l megfelelnek a kar szakmai gyakorlattal kapcsolatos szakmai elv\u00e1r\u00e1sainak. Azon hallgat\u00f3k, akik ezen int\u00e9zm\u00e9nyek egyik\u00e9ben val\u00f3s\u00edtja meg szakmai gyakorlat\u00e1t, az teljes &hellip;<\/p>\n","protected":false},"author":102056,"featured_media":0,"parent":13098,"menu_order":3,"comment_status":"closed","ping_status":"closed","template":"","meta":{"_acf_changed":false,"footnotes":""},"categories":[],"tags":[],"class_list":["post-13107","page","type-page","status-publish","hentry"],"acf":[],"_links":{"self":[{"href":"https:\/\/semmelweis.hu\/pak\/wp-json\/wp\/v2\/pages\/13107","targetHints":{"allow":["GET"]}}],"collection":[{"href":"https:\/\/semmelweis.hu\/pak\/wp-json\/wp\/v2\/pages"}],"about":[{"href":"https:\/\/semmelweis.hu\/pak\/wp-json\/wp\/v2\/types\/page"}],"author":[{"embeddable":true,"href":"https:\/\/semmelweis.hu\/pak\/wp-json\/wp\/v2\/users\/102056"}],"replies":[{"embeddable":true,"href":"https:\/\/semmelweis.hu\/pak\/wp-json\/wp\/v2\/comments?post=13107"}],"version-history":[{"count":10,"href":"https:\/\/semmelweis.hu\/pak\/wp-json\/wp\/v2\/pages\/13107\/revisions"}],"predecessor-version":[{"id":13174,"href":"https:\/\/semmelweis.hu\/pak\/wp-json\/wp\/v2\/pages\/13107\/revisions\/13174"}],"up":[{"embeddable":true,"href":"https:\/\/semmelweis.hu\/pak\/wp-json\/wp\/v2\/pages\/13098"}],"wp:attachment":[{"href":"https:\/\/semmelweis.hu\/pak\/wp-json\/wp\/v2\/media?parent=13107"}],"wp:term":[{"taxonomy":"category","embeddable":true,"href":"https:\/\/semmelweis.hu\/pak\/wp-json\/wp\/v2\/categories?post=13107"},{"taxonomy":"post_tag","embeddable":true,"href":"https:\/\/semmelweis.hu\/pak\/wp-json\/wp\/v2\/tags?post=13107"}],"curies":[{"name":"wp","href":"https:\/\/api.w.org\/{rel}","templated":true}]}}