{"id":13098,"date":"2026-01-07T09:19:05","date_gmt":"2026-01-07T08:19:05","guid":{"rendered":"https:\/\/semmelweis.hu\/pak\/?page_id=13098"},"modified":"2026-01-07T13:43:37","modified_gmt":"2026-01-07T12:43:37","slug":"mobilitasi-lehetosegek","status":"publish","type":"page","link":"https:\/\/semmelweis.hu\/pak\/hallgatoknak\/mobilitasi-lehetosegek\/","title":{"rendered":"Mobilit\u00e1si lehet\u0151s\u00e9gek"},"content":{"rendered":"<p>A Semmelweis Egyetem Pet\u0151 Andr\u00e1s Karon is el\u00e9rhet\u0151ek a hallgat\u00f3k \u00e9s oktat\u00f3k sz\u00e1mra az <a href=\"https:\/\/semmelweis.hu\/mobilitas\/hallgatoknak\/erasmus\/\">Erasmus +<\/a> \u00e9s a <a href=\"https:\/\/semmelweis.hu\/mobilitas\/hallgatoknak\/pannonia-hallgatoknak\/\">Pann\u00f3nia \u00d6szt\u00f6nd\u00edj<\/a> programok, melyek seg\u00edts\u00e9g\u00e9vel k\u00fclf\u00f6ldi partnerekn\u00e9l lehet tanulm\u00e1nyokat folytatni illetve szakmai gyakorlatot teljes\u00edteni.\u00a0<\/p>\n","protected":false},"excerpt":{"rendered":"<p>A Semmelweis Egyetem Pet\u0151 Andr\u00e1s Karon is el\u00e9rhet\u0151ek a hallgat\u00f3k \u00e9s oktat\u00f3k sz\u00e1mra az <a href=\"https:\/\/semmelweis.hu\/mobilitas\/hallgatoknak\/erasmus\/\">Erasmus +<\/a> \u00e9s a <a href=\"https:\/\/semmelweis.hu\/mobilitas\/hallgatoknak\/pannonia-hallgatoknak\/\">Pann\u00f3nia \u00d6szt\u00f6nd\u00edj<\/a> programok, melyek seg\u00edts\u00e9g\u00e9vel k\u00fclf\u00f6ldi partnerekn\u00e9l lehet tanulm\u00e1nyokat folytatni illetve szakmai gyakorlatot teljes\u00edteni.\u00a0<\/p>\n","protected":false},"author":102056,"featured_media":0,"parent":3270,"menu_order":5,"comment_status":"closed","ping_status":"closed","template":"","meta":{"_acf_changed":false,"footnotes":""},"categories":[],"tags":[],"class_list":["post-13098","page","type-page","status-publish","hentry"],"acf":[],"_links":{"self":[{"href":"https:\/\/semmelweis.hu\/pak\/wp-json\/wp\/v2\/pages\/13098","targetHints":{"allow":["GET"]}}],"collection":[{"href":"https:\/\/semmelweis.hu\/pak\/wp-json\/wp\/v2\/pages"}],"about":[{"href":"https:\/\/semmelweis.hu\/pak\/wp-json\/wp\/v2\/types\/page"}],"author":[{"embeddable":true,"href":"https:\/\/semmelweis.hu\/pak\/wp-json\/wp\/v2\/users\/102056"}],"replies":[{"embeddable":true,"href":"https:\/\/semmelweis.hu\/pak\/wp-json\/wp\/v2\/comments?post=13098"}],"version-history":[{"count":3,"href":"https:\/\/semmelweis.hu\/pak\/wp-json\/wp\/v2\/pages\/13098\/revisions"}],"predecessor-version":[{"id":13106,"href":"https:\/\/semmelweis.hu\/pak\/wp-json\/wp\/v2\/pages\/13098\/revisions\/13106"}],"up":[{"embeddable":true,"href":"https:\/\/semmelweis.hu\/pak\/wp-json\/wp\/v2\/pages\/3270"}],"wp:attachment":[{"href":"https:\/\/semmelweis.hu\/pak\/wp-json\/wp\/v2\/media?parent=13098"}],"wp:term":[{"taxonomy":"category","embeddable":true,"href":"https:\/\/semmelweis.hu\/pak\/wp-json\/wp\/v2\/categories?post=13098"},{"taxonomy":"post_tag","embeddable":true,"href":"https:\/\/semmelweis.hu\/pak\/wp-json\/wp\/v2\/tags?post=13098"}],"curies":[{"name":"wp","href":"https:\/\/api.w.org\/{rel}","templated":true}]}}