{"id":1238,"date":"2017-12-22T09:42:16","date_gmt":"2017-12-22T08:42:16","guid":{"rendered":"http:\/\/semmelweis.hu\/pak\/?page_id=1238"},"modified":"2026-02-04T14:38:36","modified_gmt":"2026-02-04T13:38:36","slug":"informaciok-felvetelizoknek","status":"publish","type":"page","link":"https:\/\/semmelweis.hu\/pak\/felvetelizoknek\/informaciok-felvetelizoknek\/","title":{"rendered":"\u00c1ltal\u00e1nos inform\u00e1ci\u00f3k felv\u00e9teliz\u0151knek"},"content":{"rendered":"<p><a class=\"btn btn-outline-primary\" href=\"#alap\" target=\"null\">Felv\u00e9teliz\u0151knek alapk\u00e9pz\u00e9sr\u0151l<\/a><\/p>\n<p><a class=\"btn btn-outline-primary\" href=\"#mester\">Felv\u00e9teliz\u0151knek mesterk\u00e9pz\u00e9sr\u0151l<\/a><\/p>\n<p><a class=\"btn btn-outline-primary\" href=\"https:\/\/semmelweis.hu\/pak\/oktatas\/tovabbkepzes\/\" target=\"null\">felv\u00e9teliz\u0151knek tov\u00e1bbk\u00e9pz\u00e9sr\u0151l<\/a><\/p>\n<p>&nbsp;<\/p>\n<h1><a id=\"alap\"><\/a>ALAPK\u00c9PZ\u00c9S<\/h1>\n<p>A Pet\u0151 Andr\u00e1s Karon a <strong>konduktor alapk\u00e9pz\u00e9sben<\/strong> (Konduktork\u00e9pz\u00e9s BA)\u00a0<strong>\u00f3vodai \u00e9s iskolai, valamint a pedag\u00f3giai rehabilit\u00e1ci\u00f3 specializ\u00e1ci\u00f3<\/strong> v\u00e1laszt\u00e1s\u00e1ra a k\u00e9pz\u00e9s m\u00e1sodik f\u00e9l\u00e9v\u00e9nek v\u00e9g\u00e9n van lehet\u0151s\u00e9g. A specializ\u00e1ci\u00f3 nem jelent szakk\u00e9pzetts\u00e9get. N\u00e9gy \u00e9ves, nyolc f\u00e9l\u00e9ves, nappali tagozatos alapk\u00e9pz\u00e9sben vehet r\u00e9szt a felv\u00e9telt nyert jelentkez\u0151.<\/p>\n<p>A karon v\u00e9gzett hallgat\u00f3k olyan hivat\u00e1st v\u00e1lasztanak, amely speci\u00e1lis nevel\u0151i, oktat\u00f3i tev\u00e9kenys\u00e9get jelent. A komplex szem\u00e9lyis\u00e9gfejleszt\u00e9s minden \u00e9letkorban elengedhetetlen k\u00f6vetelm\u00e9ny, a legf\u0151bb c\u00e9l: a k\u00f6zponti idegrendszer k\u00e1rosod\u00e1sa k\u00f6vetkezt\u00e9ben mozg\u00e1ss\u00e9r\u00fclt, saj\u00e1tos nevel\u00e9si ig\u00e9ny\u0171 szem\u00e9lyeket alkalmass\u00e1 tenni az \u00f6nell\u00e1t\u00e1sra, az \u00f6n\u00e1ll\u00f3 \u00e9letvitelre. A kondukt\u00edv nevel\u00e9s eredm\u00e9nyek\u00e9nt cs\u00f6kken a kiszolg\u00e1ltatotts\u00e1guk, a t\u00e1rsadalom teljes \u00e9rt\u00e9k\u0171 tagjaiv\u00e1 v\u00e1lhatnak.<\/p>\n<p style=\"text-align: center\"><iframe loading=\"lazy\" title=\"Pet\u0151 Andr\u00e1s Kar ( PAK) Semmelweis Egyetem - Showtime\" width=\"753\" height=\"424\" src=\"https:\/\/www.youtube.com\/embed\/3izB8wRdZVI?feature=oembed\" frameborder=\"0\" allow=\"accelerometer; autoplay; clipboard-write; encrypted-media; gyroscope; picture-in-picture; web-share\" referrerpolicy=\"strict-origin-when-cross-origin\" allowfullscreen><\/iframe><\/p>\n<h2>Az alapk\u00e9pz\u00e9sr\u0151l<\/h2>\n<p><img loading=\"lazy\" decoding=\"async\" class=\"wp-image-801 alignright\" src=\"https:\/\/semmelweis.hu\/pak\/files\/2017\/12\/petomodszer-300x200.jpg\" alt=\"\" width=\"420\" height=\"280\" srcset=\"https:\/\/semmelweis.hu\/pak\/files\/2017\/12\/petomodszer-300x200.jpg 300w, https:\/\/semmelweis.hu\/pak\/files\/2017\/12\/petomodszer-451x300.jpg 451w, https:\/\/semmelweis.hu\/pak\/files\/2017\/12\/petomodszer.jpg 600w\" sizes=\"auto, (max-width: 420px) 100vw, 420px\" \/><\/p>\n<p><strong>A k\u00e9pz\u00e9s a v\u00e1lasztott hivat\u00e1sra, a kondukt\u00edv nevel\u00e9sre k\u00e9sz\u00edt fel<\/strong>, az oklev\u00e9l megszerz\u00e9se arra jogos\u00edt, hogy az idegrendszeri s\u00e9r\u00fcl\u00e9sb\u0151l ered\u0151, k\u00fcl\u00f6nb\u00f6z\u0151 mozg\u00e1ss\u00e9r\u00fclt gyermekekkel, \ufb01atal feln\u0151ttekkel \u00e9s id\u0151s szem\u00e9lyekkel v\u00e9gezz\u00e9k a speci\u00e1lis, eg\u00e9sz szem\u00e9lyis\u00e9get fejleszt\u0151 kondukt\u00edv pedag\u00f3giai tev\u00e9kenys\u00e9get. Az \u00f3vodai specializ\u00e1ci\u00f3t v\u00e1laszt\u00f3k a 3-8 \u00e9ves mozg\u00e1ss\u00e9r\u00fclt gyermekek integr\u00e1lt\/inkluz\u00edv nevel\u00e9s\u00e9nek seg\u00edt\u00e9s\u00e9re, az iskolai specializ\u00e1ci\u00f3n tanul\u00f3k pedig a 6-12 \u00e9ves mozg\u00e1ss\u00e9r\u00fclt gyermekek integr\u00e1lt, inkluz\u00edv oktat\u00e1s\u00e1ra v\u00e1lnak alkalmass\u00e1, ezzel seg\u00edtve a mozg\u00e1ss\u00e9r\u00fclt gyermekek beilleszked\u00e9s\u00e9t a t\u00f6bbs\u00e9gi k\u00f6rnyezetbe, szem\u00e9lyis\u00e9g\u00fck komplex fejleszt\u00e9se \u00e1ltal.<\/p>\n<p>A k\u00e9pz\u00e9s szigor\u00fa k\u00f6vetelm\u00e9nyek ment\u00e9n zajlik. A gyakorlatorient\u00e1lt konduktor alapszak komoly lelki \u00e9s \ufb01zikai oda\ufb01gyel\u00e9st ig\u00e9nyel a hallgat\u00f3kt\u00f3l. Ezeknek az elv\u00e1r\u00e1soknak csak azok tudnak megfelelni, akik \u00e9lethivat\u00e1snak tekintik a mozg\u00e1ss\u00e9r\u00fclt szem\u00e9lyek nevel\u00e9s\u00e9t, a teljes emberi \u00e9letre felk\u00e9sz\u00edt\u00e9st.<\/p>\n<p>Az eredm\u00e9nyes konduktork\u00e9pz\u00e9s kulcseleme a gyakorlati k\u00e9pz\u00e9s, mely a tanul\u00e1si, oktat\u00e1si folyamat szerves r\u00e9sze. A Pet\u0151 Andr\u00e1s Kar gyakorl\u00f3ter\u00fcletein \u00e9vente mintegy 1000, \u00a0domin\u00e1nsan mozg\u00e1sprobl\u00e9m\u00e1val k\u00fczd\u0151 gyermek \u00e9s feln\u0151tt vesz r\u00e9szt folyamatos vagy id\u0151szakos kondukt\u00edv fejleszt\u00e9sben, napk\u00f6zi-otthonos vagy bentlak\u00f3 form\u00e1ban. Az int\u00e9zm\u00e9ny baba-mama csoportokat, magyar k\u00f6znevel\u00e9si (szakszolg\u00e1lat, \u00f3voda, \u00e1ltal\u00e1nos iskola), feln\u0151tt \u00e9s nemzetk\u00f6zi kondukt\u00edv fejleszt\u0151 csoportokat egyar\u00e1nt m\u0171k\u00f6dtet, gyakorl\u00f3 ter\u00fcletk\u00e9nt.<\/p>\n<h2>Jelentkez\u00e9s konduktor alapszakos k\u00e9pz\u00e9s\u00fcnkre<\/h2>\n<p>A 2026 \u0151sz\u00e9n indul\u00f3 konduktor alapszakos k\u00e9pz\u00e9s\u00fcnkre azok adhatj\u00e1k be jelentkez\u00e9s\u00fcket elektronikus form\u00e1ban az e-felv\u00e9teli keret\u00e9ben, a <a href=\"https:\/\/www.felvi.hu\/\">www.felvi.hu<\/a> honlapon, akik legk\u00e9s\u0151bb a felv\u00e9teli elj\u00e1r\u00e1s id\u0151szak\u00e1ig rendelkeznek m\u00e1r k\u00f6z\u00e9piskolai \u00e9retts\u00e9gi bizony\u00edtv\u00e1nnyal.<\/p>\n<h2>Alkalmass\u00e1gi vizsg\u00e1lat<\/h2>\n<p><strong>A Pet\u0151 Andr\u00e1s Karra jelentkez\u0151knek \u00e9nek-zene, besz\u00e9d \u00e9s testi \u00e9s fizikai-eg\u00e9szs\u00e9g\u00fcgyi alkalmass\u00e1gi vizsg\u00e1t kell tenni, illetve eg\u00e9szs\u00e9g\u00fcgyi szempontb\u00f3l is alkalmasnak kell lennie a tanulm\u00e1nyok megkezd\u00e9s\u00e9hez. <\/strong>Az alkalmass\u00e1gi vizsga c\u00e9lja annak felm\u00e9r\u00e9se, hogy\u00a0a jelentkez\u0151 rendelkezik-e azokkal a fejleszthet\u0151 k\u00e9szs\u00e9gekkel \u00e9s szem\u00e9lyes adotts\u00e1gokkal, amelyek sz\u00fcks\u00e9gesek a konduktori hivat\u00e1s elsaj\u00e1t\u00edt\u00e1s\u00e1hoz.<\/p>\n<p><em>A jelentkez\u0151nek lehet\u0151s\u00e9ge van arra, hogy a felv\u00e9teli jelentkez\u00e9s bead\u00e1sa el\u0151tt m\u00e1r el\u0151re meghirdetett id\u0151pontban \u00fagynevezett el\u0151zetes alkalmass\u00e1gi vizsg\u00e1t tegyen. Sikeres vizsga ut\u00e1n \u00fajabb (alkalmass\u00e1gi) vizsg\u00e1t nem kell tennie.<\/em><\/p>\n<p>A vizsga n\u00e9gy r\u00e9szb\u0151l \u00e1ll:\u00a0\u00e9nek- \u00e9s besz\u00e9dalkalmass\u00e1gi vizsg\u00e1b\u00f3l, amelyek a kommunik\u00e1ci\u00f3s \u00e9s zenei k\u00e9szs\u00e9geket m\u00e9rik fel, valamint\u00a0fizikai alkalmass\u00e1gi vizsg\u00e1latb\u00f3l, amely a mozg\u00e1skoordin\u00e1ci\u00f3t \u00e9s a terhelhet\u0151s\u00e9get vizsg\u00e1lja. Emellett\u00a0p\u00e1lyaorient\u00e1ci\u00f3s besz\u00e9lget\u00e9sre is sor ker\u00fcl, ahol a motiv\u00e1ci\u00f3r\u00f3l \u00e9s a p\u00e1ly\u00e1r\u00f3l val\u00f3 elk\u00e9pzel\u00e9sekr\u0151l besz\u00e9lgetnek a jelentkez\u0151vel. Az alkalmass\u00e1gi vizsga b\u00e1rmely ter\u00fclet\u00e9n kapott 0 pont egyen\u00e9rt\u00e9k\u0171 a \u201enem alkalmas\u201d min\u0151s\u00edt\u00e9ssel.<\/p>\n<p style=\"text-align: center\"><a class=\"btn btn-primary btn-lg\" href=\"https:\/\/semmelweis.hu\/pak\/felvetelizoknek\/tajekoztato-alkalmassagi-vizsgarol\/\" target=\"_self\">B\u0151vebb inform\u00e1ci\u00f3 \u00e9s jelentkez\u00e9s<\/a><\/p>\n<hr \/>\n<h1><a id=\"mester\"><\/a>Mesterk\u00e9pz\u00e9s<\/h1>\n<p><strong>A Neurorehabilit\u00e1ci\u00f3 mesterk\u00e9pz\u00e9st az\u00e9rt h\u00edvtuk \u00e9letre, hogy <\/strong>olyan szakembereket k\u00e9pezz\u00fcnk, akik k\u00e9pesek a neurorehabilit\u00e1ci\u00f3s fekv\u0151- \u00e9s j\u00e1r\u00f3beteg ell\u00e1t\u00e1sban, illetve a lak\u00f3helyk\u00f6zeli ell\u00e1t\u00e1si h\u00e1l\u00f3zatban, valamint a neurorehabilit\u00e1ci\u00f3s centrumokban mind az eg\u00e9szs\u00e9g\u00fcgyi rehabilit\u00e1ci\u00f3 gyakorlati megval\u00f3s\u00edt\u00e1s\u00e1ban, mind kutat\u00f3munk\u00e1ban r\u00e9szt venni. A 2024-ben elind\u00edtott k\u00e9pz\u00e9s sor\u00e1n lehet\u0151s\u00e9ge ny\u00edlik a rehabilit\u00e1ci\u00f3ban nem orvosi v\u00e9gzetts\u00e9ggel jelen l\u00e9v\u0151 team tagok megismer\u00e9s\u00e9re, az eg\u00e9szs\u00e9g\u00fcgyi \u00e9s a pedag\u00f3giai rehabilit\u00e1ci\u00f3ba betekint\u00e9sre. A neurorehabilit\u00e1ci\u00f3 mesterk\u00e9pz\u00e9st levelez\u0151 tagozatos form\u00e1ban szervezz\u00fck. A neurorehabilit\u00e1ci\u00f3 mesterk\u00e9pz\u00e9s elv\u00e9gz\u00e9s\u00e9t k\u00f6vet\u0151en olyan versenyk\u00e9pes tud\u00e1s birtok\u00e1ba juthat, amely a munkaer\u0151-piaci elv\u00e1r\u00e1soknak megfelel. A k\u00e9pz\u00e9sben neves, a rehabilit\u00e1ci\u00f3ban j\u00e1rtas orvos \u00e9s nem orvos v\u00e9gzetts\u00e9g\u0171 szakemberek oktatnak \u00e9s vezetnek gyakorlatot, szakdolgozati kutat\u00e1st. Az akad\u00e9miai ter\u00fclet alapvet\u0151 strat\u00e9giai c\u00e9lja a megl\u00e9v\u0151 k\u00e9pz\u00e9seinek folyamatos fejleszt\u00e9se a v\u00e1ltoz\u00f3 szakmai \u00e9s t\u00e1rsadalmi ig\u00e9nyek figyelembev\u00e9tel\u00e9vel, \u00faj k\u00e9pz\u00e9si form\u00e1k \u00e9s k\u00e9pz\u00e9si tartalmak akkredit\u00e1l\u00e1sa \u00e9s elind\u00edt\u00e1sa.<\/p>\n<h2>Jelentkez\u00e9s<\/h2>\n<p>A <strong>2026 \u0151sz\u00e9n indul\u00f3<\/strong> neurorehabilit\u00e1ci\u00f3 mesterk\u00e9pz\u00e9s\u00fcnkre azok adhatj\u00e1k be jelentkez\u00e9s\u00fcket elektronikus form\u00e1ban az e-felv\u00e9teli keret\u00e9ben, a <a href=\"https:\/\/www.felvi.hu\/\">www.felvi.hu<\/a> honlapon, akik legk\u00e9s\u0151bb a felv\u00e9teli elj\u00e1r\u00e1s id\u0151szak\u00e1ig rendelkeznek m\u00e1r a bemeneti k\u00f6vetelm\u00e9nyeknek megfelel\u0151 alapszakos diplom\u00e1val.<\/p>\n<h5>Felv\u00e9teli elbesz\u00e9lget\u00e9s:<\/h5>\n<p>A felvin kereszt\u00fcl felt\u00f6lt\u00f6tt \u00d6n\u00e9letrajz \u00e9s maximum 2 oldalas motiv\u00e1ci\u00f3s lev\u00e9l alapj\u00e1n a jelentkez\u0151ket &#8211; nagysz\u00e1m\u00fa t\u00faljelentkez\u00e9s eset\u00e9n egy r\u00e9sz\u00fcket &#8211; felv\u00e9teli besz\u00e9lget\u00e9sre h\u00edvjuk be.<\/p>\n<p><strong>Felv\u00e9teli elbesz\u00e9lget\u00e9s d\u00edja: 6500 Ft; i<\/strong><strong>d\u0151pontja: 2026 j\u00fanius, j\u00falius folyam\u00e1n<\/strong><\/p>\n<h5>T\u00e9mak\u00f6r\u00f6k a felk\u00e9sz\u00fcl\u00e9shez:<\/h5>\n<ul style=\"list-style-type: disc\">\n<li>F\u00e1jdalom \u00e9s rehabilit\u00e1ci\u00f3<\/li>\n<li>Agyk\u00e1rosod\u00e1s, agyi betegs\u00e9gek ut\u00e1ni neurorehabilit\u00e1ci\u00f3<\/li>\n<li>Gerincvel\u0151 s\u00e9r\u00fclt emberek neurorehabilit\u00e1ci\u00f3ja<\/li>\n<li>Neurorehabilit\u00e1ci\u00f3 epilepszi\u00e1val \u00e9l\u0151k eset\u00e9n<\/li>\n<\/ul>\n<h5>Irodalom:<\/h5>\n<p>Fazekas G\u00e1bor \u2013 Klauber Andr\u00e1s \u2013 Komoly S\u00e1muel (szerk.): A neurorehabilit\u00e1ci\u00f3 alapjai. Medicina, 2021.<\/p>\n<p>&nbsp;<\/p>\n<p><a href=\"https:\/\/semmelweis.hu\/pak\/files\/2023\/11\/SE_pak2024_jelold-az-elso-helyen.pdf\" target=\"_blank\" rel=\"noopener\">Az al\u00e1bbi linkre kattintva megtekinthet\u0151 sz\u00f3r\u00f3lapunk.\u00a0<\/a><\/p>\n<h3>Podcastunk a felv\u00e9telir\u0151l<\/h3>\n<div class=\"fontos_div\">\n<p>A 2024-ben bevezetett \u00faj felv\u00e9teli rendszer kapcs\u00e1n karunk egy podcastot k\u00e9sz\u00edtett a felv\u00e9teliz\u0151k sz\u00e1m\u00e1ra hasznos inform\u00e1ci\u00f3kr\u00f3l, amelyek most is aktu\u00e1lisak.<\/p>\n<\/div>\n<h5>Spotify<\/h5>\n\n<!-- iframe plugin v.4.9 wordpress.org\/plugins\/iframe\/ -->\n<iframe style=\"border-radius:12px\" src=\"https:\/\/open.spotify.com\/embed\/episode\/1NYYM28GLvKtR3vIlLEawu\/video?utm_source=generator\" width=\"749\" height=\"421\" frameborder=\"0\" allowfullscreen allow=\"autoplay; clipboard-write; encrypted-media; fullscreen; picture-in-picture\" loading=\"lazy\" scrolling=\"yes\" class=\"iframe-class\"><\/iframe>\n\n<h5>YouTube<\/h5>\n<p><iframe loading=\"lazy\" title=\"Pet\u0151 Podcast - Felv\u00e9teli 2024\" width=\"753\" height=\"424\" src=\"https:\/\/www.youtube.com\/embed\/gFvuqui0XeE?feature=oembed\" frameborder=\"0\" allow=\"accelerometer; autoplay; clipboard-write; encrypted-media; gyroscope; picture-in-picture; web-share\" referrerpolicy=\"strict-origin-when-cross-origin\" allowfullscreen><\/iframe><\/p>\n","protected":false},"excerpt":{"rendered":"<p><a class=\"btn btn-outline-primary\" href=\"#alap\" target=\"null\">Felv\u00e9teliz\u0151knek alapk\u00e9pz\u00e9sr\u0151l<\/a> <a class=\"btn btn-outline-primary\" href=\"#mester\">Felv\u00e9teliz\u0151knek mesterk\u00e9pz\u00e9sr\u0151l<\/a> <a class=\"btn btn-outline-primary\" href=\"https:\/\/semmelweis.hu\/pak\/oktatas\/tovabbkepzes\/\" target=\"null\">felv\u00e9teliz\u0151knek tov\u00e1bbk\u00e9pz\u00e9sr\u0151l<\/a> &nbsp; <a id=\"alap\"><\/a> ALAPK\u00c9PZ\u00c9S A Pet\u0151 Andr\u00e1s Karon a konduktor alapk\u00e9pz\u00e9sben (Konduktork\u00e9pz\u00e9s BA)\u00a0\u00f3vodai \u00e9s iskolai, valamint a pedag\u00f3giai rehabilit\u00e1ci\u00f3 specializ\u00e1ci\u00f3 v\u00e1laszt\u00e1s\u00e1ra a k\u00e9pz\u00e9s m\u00e1sodik f\u00e9l\u00e9v\u00e9nek v\u00e9g\u00e9n van lehet\u0151s\u00e9g. A specializ\u00e1ci\u00f3 nem jelent szakk\u00e9pzetts\u00e9get. N\u00e9gy \u00e9ves, nyolc f\u00e9l\u00e9ves, nappali tagozatos alapk\u00e9pz\u00e9sben vehet r\u00e9szt a felv\u00e9telt nyert jelentkez\u0151. A karon v\u00e9gzett hallgat\u00f3k olyan hivat\u00e1st v\u00e1lasztanak, amely speci\u00e1lis nevel\u0151i, oktat\u00f3i &hellip;<\/p>\n","protected":false},"author":101362,"featured_media":0,"parent":3273,"menu_order":2,"comment_status":"closed","ping_status":"closed","template":"template-fullwidth.php","meta":{"_acf_changed":false,"footnotes":""},"categories":[],"tags":[],"class_list":["post-1238","page","type-page","status-publish","hentry"],"acf":[],"_links":{"self":[{"href":"https:\/\/semmelweis.hu\/pak\/wp-json\/wp\/v2\/pages\/1238","targetHints":{"allow":["GET"]}}],"collection":[{"href":"https:\/\/semmelweis.hu\/pak\/wp-json\/wp\/v2\/pages"}],"about":[{"href":"https:\/\/semmelweis.hu\/pak\/wp-json\/wp\/v2\/types\/page"}],"author":[{"embeddable":true,"href":"https:\/\/semmelweis.hu\/pak\/wp-json\/wp\/v2\/users\/101362"}],"replies":[{"embeddable":true,"href":"https:\/\/semmelweis.hu\/pak\/wp-json\/wp\/v2\/comments?post=1238"}],"version-history":[{"count":14,"href":"https:\/\/semmelweis.hu\/pak\/wp-json\/wp\/v2\/pages\/1238\/revisions"}],"predecessor-version":[{"id":13160,"href":"https:\/\/semmelweis.hu\/pak\/wp-json\/wp\/v2\/pages\/1238\/revisions\/13160"}],"up":[{"embeddable":true,"href":"https:\/\/semmelweis.hu\/pak\/wp-json\/wp\/v2\/pages\/3273"}],"wp:attachment":[{"href":"https:\/\/semmelweis.hu\/pak\/wp-json\/wp\/v2\/media?parent=1238"}],"wp:term":[{"taxonomy":"category","embeddable":true,"href":"https:\/\/semmelweis.hu\/pak\/wp-json\/wp\/v2\/categories?post=1238"},{"taxonomy":"post_tag","embeddable":true,"href":"https:\/\/semmelweis.hu\/pak\/wp-json\/wp\/v2\/tags?post=1238"}],"curies":[{"name":"wp","href":"https:\/\/api.w.org\/{rel}","templated":true}]}}