{"id":1232,"date":"2017-12-22T09:37:57","date_gmt":"2017-12-22T08:37:57","guid":{"rendered":"http:\/\/semmelweis.hu\/pak\/?page_id=1232"},"modified":"2024-12-10T13:08:38","modified_gmt":"2024-12-10T12:08:38","slug":"kutatas-a-peto-andras-karon","status":"publish","type":"page","link":"https:\/\/semmelweis.hu\/pak\/kutatas\/kutatas-a-peto-andras-karon\/","title":{"rendered":"Kutat\u00e1s a Pet\u0151 Andr\u00e1s Karon"},"content":{"rendered":"<p style=\"text-align: justify\">A Semmelweis Egyetem Pet\u0151 Andr\u00e1s Kar\u00e1n sz\u00e1mos, a kondukt\u00edv pedag\u00f3gi\u00e1hoz \u00e9s a nevel\u00e9shez kapcsol\u00f3d\u00f3 elm\u00e9leti \u00e9s gyakorlati kutat\u00e1s folyik.<\/p>\n<div class=\"keretes w-100\">\n<ul style=\"list-style-type: square\">\n<li>\n<h6>Karunk tudom\u00e1nyos foly\u00f3irat\u00e1ban rendszeresen besz\u00e1molunk a legfrissebb kutat\u00e1sokr\u00f3l: <a href=\"https:\/\/semmelweis.hu\/pak\/kutatas\/tudomany-es-hivatas-folyoirat\/\">Tudom\u00e1ny \u00e9s Hivat\u00e1s foly\u00f3irat<\/a><\/h6>\n<\/li>\n<\/ul>\n<\/div>\n<p><strong>Kutat\u00e1si projektjeink r\u00e9szben m\u00e1s egyetemi karokkal egy\u00fctt val\u00f3sulnak meg:\u00a0<\/strong><\/p>\n<h4><strong>PAK-AOK KUTAT\u00c1S<\/strong><\/h4>\n<p style=\"text-align: justify\">Jelen kutat\u00e1sunk sor\u00e1n, a Clavicont szoftver haszn\u00e1lat\u00e1val egy \u00faj, digit\u00e1lis vizsg\u00e1lati technol\u00f3gia \u00e9s m\u00f3dszertan kidolgoz\u00e1s\u00e1ra v\u00e1llalkozunk. A Clavicont alkalmaz\u00e1s\u00e1val szeretn\u00e9nk a PAREEO kondukt\u00edv csoportjainkban r\u00e9sztvev\u0151 Parkinson betegek fels\u0151 v\u00e9gtag mozg\u00e1si funkci\u00f3inak objekt\u00edv m\u00e9r\u00e9s\u00e9t \u00e9s \u00e1llapotk\u00f6vet\u00e9s\u00e9t megval\u00f3s\u00edtani.<\/p>\n<p class=\"hiddenContentp\" style=\"text-align: justify\">Az NKFIH Egyetemi Innov\u00e1ci\u00f3s \u00d6kosziszt\u00e9ma P\u00e1ly\u00e1zat (2019-1.2.1-EGYETEMI-\u00d6KO-2019-00013) keret\u00e9ben hirdette meg a Semmelweis Proof of Concept Program 2023 (STIA-POC 2023) p\u00e1ly\u00e1zatot, amelyben Dr. P\u00e1sztorn\u00e9 dr. Tass Ildik\u00f3 p\u00e1lyam\u0171ve t\u00e1mogat\u00e1st nyert el. A nyertes p\u00e1ly\u00e1zat c\u00edme: \u201eParkinson betegek fels\u0151 v\u00e9gtag funkci\u00f3inak objekt\u00edv m\u00e9r\u00e9se \u00e9s \u00e1llapotk\u00f6vet\u00e9se Clavicont eszk\u00f6z haszn\u00e1lat\u00e1val \u2013 \u00faj digit\u00e1lis vizsg\u00e1lati technol\u00f3gia \u00e9s m\u00f3dszertan kidolgoz\u00e1sa\u201d<\/p>\n<h4><strong>PAK-ETK KUTAT\u00c1S<\/strong><\/h4>\n<p style=\"text-align: justify\">Jelen programunk egyik k\u00f6zvetlen el\u0151zm\u00e9nye a Semmelweis Egyetem Eg\u00e9szs\u00e9gtudom\u00e1nyi Kar\u00e1nak (ETK) \u00faj, jelent\u0151s eredm\u00e9nyeket mutat\u00f3 kutat\u00e1si projektje, amely az id\u0151skori sarcopenia intervenci\u00f3s lehet\u0151s\u00e9geit vizsg\u00e1lja az elektrom\u00e1gneses t\u00e9r kezel\u00e9s tekintet\u00e9ben. Az ETK kutat\u00f3csoportj\u00e1val az elm\u00falt \u00e9vben \u00e1ttekintett\u00fck annak lehet\u0151s\u00e9g\u00e9t, hogy a kutat\u00e1si programot integr\u00e1lni lehet-e a cerebr\u00e1lis paretikus gyerekek vonatkoz\u00e1s\u00e1ban. Kiemelend\u0151, hogy van m\u00e1r tapasztalat DMD, BMD \u00e9s SMA genetikai gyermekkori mozg\u00e1s-betegs\u00e9gek rehabilit\u00e1ci\u00f3s kezel\u00e9s\u00e9ben is a pulz\u00e1l\u00f3 elektrom\u00e1gneses t\u00e9r (PEMF) stimul\u00e1ci\u00f3s m\u00f3dszer alkalmaz\u00e1s\u00e1val. C\u00e9lunk k\u00e9t kieg\u00e9sz\u00edt\u0151 ter\u00e1pi\u00e1s bionikai eszk\u00f6z, a PEMF kezel\u00e9s, valamint a teljes test vibr\u00e1ci\u00f3s (WBV) ter\u00e1pia alkalmazhat\u00f3s\u00e1g\u00e1nak vizsg\u00e1lata volt cerebr\u00e1l paretikus gyermekek k\u00f6r\u00e9ben. A kutat\u00e1s keretein bel\u00fcl lefolytattunk egy k\u00eds\u00e9rleti, pilot vizsg\u00e1latot a PEMF ter\u00e1pia alkalmazhat\u00f3s\u00e1g\u00e1r\u00f3l, valamint egy r\u00e9szletes meta-anal\u00edzist k\u00e9sz\u00edtett\u00fcnk a WBV ter\u00e1pia eddigi tapasztalatair\u00f3l az eml\u00edtett c\u00e9lcsoporton.<\/p>\n<p class=\"hiddenContentp\" style=\"text-align: justify\">Az NKFIH Egyetemi Innov\u00e1ci\u00f3s \u00d6kosziszt\u00e9ma P\u00e1ly\u00e1zat (2019-1.2.1-EGYETEMI-\u00d6KO-2019-00013) keret\u00e9ben hirdette meg a Semmelweis Proof of Concept Program 2021 (STIA-POC 2021) p\u00e1ly\u00e1zatot, amelyben jelen kutat\u00e1sunk is t\u00e1mogat\u00e1st nyert el. A kutat\u00e1sr\u00f3l a karunk, Tudom\u00e1ny \u00e9s <a href=\"https:\/\/semmelweis.hu\/pak\/files\/2022\/06\/Tudomany-es-Hivatas_2022_1_jav.pdf\">Hivat\u00e1s foly\u00f3irat\u00e1ban is jelent meg k\u00f6zl\u00e9s<\/a>.<\/p>\n","protected":false},"excerpt":{"rendered":"<p>A Semmelweis Egyetem Pet\u0151 Andr\u00e1s Kar\u00e1n sz\u00e1mos, a kondukt\u00edv pedag\u00f3gi\u00e1hoz \u00e9s a nevel\u00e9shez kapcsol\u00f3d\u00f3 elm\u00e9leti \u00e9s gyakorlati kutat\u00e1s folyik. Karunk tudom\u00e1nyos foly\u00f3irat\u00e1ban rendszeresen besz\u00e1molunk a legfrissebb kutat\u00e1sokr\u00f3l: <a href=\"https:\/\/semmelweis.hu\/pak\/kutatas\/tudomany-es-hivatas-folyoirat\/\">Tudom\u00e1ny \u00e9s Hivat\u00e1s foly\u00f3irat<\/a> Kutat\u00e1si projektjeink r\u00e9szben m\u00e1s egyetemi karokkal egy\u00fctt val\u00f3sulnak meg:\u00a0 PAK-AOK KUTAT\u00c1S Jelen kutat\u00e1sunk sor\u00e1n, a Clavicont szoftver haszn\u00e1lat\u00e1val egy \u00faj, digit\u00e1lis vizsg\u00e1lati technol\u00f3gia \u00e9s m\u00f3dszertan kidolgoz\u00e1s\u00e1ra v\u00e1llalkozunk. A &hellip;<\/p>\n","protected":false},"author":101654,"featured_media":0,"parent":3265,"menu_order":0,"comment_status":"closed","ping_status":"closed","template":"","meta":{"_acf_changed":false,"footnotes":""},"categories":[],"tags":[],"class_list":["post-1232","page","type-page","status-publish","hentry"],"acf":[],"_links":{"self":[{"href":"https:\/\/semmelweis.hu\/pak\/wp-json\/wp\/v2\/pages\/1232","targetHints":{"allow":["GET"]}}],"collection":[{"href":"https:\/\/semmelweis.hu\/pak\/wp-json\/wp\/v2\/pages"}],"about":[{"href":"https:\/\/semmelweis.hu\/pak\/wp-json\/wp\/v2\/types\/page"}],"author":[{"embeddable":true,"href":"https:\/\/semmelweis.hu\/pak\/wp-json\/wp\/v2\/users\/101654"}],"replies":[{"embeddable":true,"href":"https:\/\/semmelweis.hu\/pak\/wp-json\/wp\/v2\/comments?post=1232"}],"version-history":[{"count":12,"href":"https:\/\/semmelweis.hu\/pak\/wp-json\/wp\/v2\/pages\/1232\/revisions"}],"predecessor-version":[{"id":11367,"href":"https:\/\/semmelweis.hu\/pak\/wp-json\/wp\/v2\/pages\/1232\/revisions\/11367"}],"up":[{"embeddable":true,"href":"https:\/\/semmelweis.hu\/pak\/wp-json\/wp\/v2\/pages\/3265"}],"wp:attachment":[{"href":"https:\/\/semmelweis.hu\/pak\/wp-json\/wp\/v2\/media?parent=1232"}],"wp:term":[{"taxonomy":"category","embeddable":true,"href":"https:\/\/semmelweis.hu\/pak\/wp-json\/wp\/v2\/categories?post=1232"},{"taxonomy":"post_tag","embeddable":true,"href":"https:\/\/semmelweis.hu\/pak\/wp-json\/wp\/v2\/tags?post=1232"}],"curies":[{"name":"wp","href":"https:\/\/api.w.org\/{rel}","templated":true}]}}