{"id":11550,"date":"2025-02-05T14:23:34","date_gmt":"2025-02-05T13:23:34","guid":{"rendered":"https:\/\/semmelweis.hu\/pak\/?page_id=11550"},"modified":"2025-09-25T13:16:17","modified_gmt":"2025-09-25T11:16:17","slug":"kari-tanacs","status":"publish","type":"page","link":"https:\/\/semmelweis.hu\/pak\/a-karrol\/kari-tanacs\/","title":{"rendered":"Kari Tan\u00e1cs"},"content":{"rendered":"<div class=\"keretes w-100\">\n<p>A <strong>Pet\u0151 Andr\u00e1s Kar legf\u0151bb d\u00f6nt\u00e9shoz\u00f3 szerve a Kari Tan\u00e1cs<\/strong>, amely a kar vezet\u0151inek, a karhoz tartoz\u00f3 k\u00e9t int\u00e9zet vezet\u0151inek, oktat\u00f3inak, konduktorainak \u00e9s hallgat\u00f3inak k\u00f6z\u00f6s \u00f6nkorm\u00e1nyzati test\u00fclete. A<strong>\u00a0Kari Tan\u00e1cs eln\u00f6ke a d\u00e9k\u00e1n<\/strong>, akad\u00e1lyoztat\u00e1sa eset\u00e9n az \u00e1ltala kijel\u00f6lt d\u00e9k\u00e1nhelyettes. A test\u00fclet fel\u00e9p\u00edt\u00e9s\u00e9t \u00e9s l\u00e9tsz\u00e1m\u00e1t, valamint a tagok megv\u00e1laszt\u00e1s\u00e1nak rendj\u00e9t a fels\u0151oktat\u00e1si t\u00f6rv\u00e9nyben \u00e9s a Szervezeti \u00e9s M\u0171k\u00f6d\u00e9si Szab\u00e1lyzatban foglaltakra figyelemmel a Kar Szervezeti \u00e9s M\u0171k\u00f6d\u00e9si Rendje\u00a0\u00e1llap\u00edtja meg.<\/p>\n<\/div>\n<p><a href=\"https:\/\/semmelweis.hu\/pak\/files\/2025\/02\/KT-alakulo-scaled.jpeg\"><img loading=\"lazy\" decoding=\"async\" class=\"aligncenter wp-image-11551 size-large\" src=\"https:\/\/semmelweis.hu\/pak\/files\/2025\/02\/KT-alakulo-1024x482.jpeg\" alt=\"\" width=\"753\" height=\"354\" srcset=\"https:\/\/semmelweis.hu\/pak\/files\/2025\/02\/KT-alakulo-1024x482.jpeg 1024w, https:\/\/semmelweis.hu\/pak\/files\/2025\/02\/KT-alakulo-400x188.jpeg 400w, https:\/\/semmelweis.hu\/pak\/files\/2025\/02\/KT-alakulo-768x362.jpeg 768w, https:\/\/semmelweis.hu\/pak\/files\/2025\/02\/KT-alakulo-1536x724.jpeg 1536w, https:\/\/semmelweis.hu\/pak\/files\/2025\/02\/KT-alakulo-2048x965.jpeg 2048w, https:\/\/semmelweis.hu\/pak\/files\/2025\/02\/KT-alakulo-753x355.jpeg 753w\" sizes=\"auto, (max-width: 753px) 100vw, 753px\" \/><\/a><\/p>\n<h5>\u00a0<\/h5>\n<h5><strong>A Kari Tan\u00e1cs szavazati joggal rendelkez\u0151 tagjai 2024 szeptember\u00e9t\u0151l<\/strong><\/h5>\n<p>&nbsp;<\/p>\n<h6><strong>Hivatalukn\u00e1l fogva l\u00e1tnak el tags\u00e1got:<\/strong><\/h6>\n<p><strong>Dr. Tenk Mikl\u00f3sn\u00e9 Dr. Zsebe Andrea<\/strong>\u00a0\u2013 d\u00e9k\u00e1n, a Kari Tan\u00e1cs eln\u00f6ke<\/p>\n<p><strong>Feket\u00e9n\u00e9 Dr. Szab\u00f3 \u00c9va <\/strong>\u2013 Kondukt\u00edv Pedag\u00f3giai K\u00f6zpont igazgat\u00f3<\/p>\n<p><strong>Dr. T\u00fari Ibolya <\/strong>\u2013 Tudom\u00e1nyos d\u00e9k\u00e1nhelyettes<\/p>\n<p><strong>Dr. Matos L\u00e1szl\u00f3 <\/strong>\u2013 Oktat\u00e1si d\u00e9k\u00e1nhelyettes<\/p>\n<p><strong>Dr. F\u00f6ldesi Ren\u00e1ta <\/strong>\u2013 Kondukt\u00edv Pedag\u00f3giai Int\u00e9zet igazgat\u00f3<\/p>\n<p><strong>Dr. Mascher R\u00f3bert <\/strong>\u2013 Hum\u00e1ntudom\u00e1nyi Int\u00e9zet igazgat\u00f3<\/p>\n<p>&nbsp;<\/p>\n<h6><strong>V\u00e1laszt\u00e1s \u00fatj\u00e1n nyertek tags\u00e1got:<\/strong><\/h6>\n<p><strong>Dr. Fogarasi Andr\u00e1s <\/strong>\u2013 Kondukt\u00edv Pedag\u00f3giai Int\u00e9zet k\u00e9pviselet\u00e9ben<\/p>\n<p><strong>Dr. K\u00e1llay Zs\u00f3fia <\/strong>\u2013 Kondukt\u00edv Pedag\u00f3giai Int\u00e9zet k\u00e9pviselet\u00e9ben<\/p>\n<p><strong>Dr. Csik\u00f3s G\u00e1bor <\/strong>\u2013 Hum\u00e1ntudom\u00e1nyi Int\u00e9zet k\u00e9pviselet\u00e9ben<\/p>\n<p><strong>Dr. Pint\u00e9r Henriett <\/strong>\u2013 Hum\u00e1ntudom\u00e1nyi Int\u00e9zet k\u00e9pviselet\u00e9ben<\/p>\n<p><strong>Uri Anna<\/strong>\u00a0\u2013 Konduktorok k\u00e9pviselet\u00e9ben<\/p>\n<p><strong>Zimonyi N\u00f3ra <\/strong>\u2013 Konduktorok k\u00e9pviselet\u00e9ben<\/p>\n<p><strong>Csizy Csilla <\/strong>\u2013 Egy\u00e9b dolgoz\u00f3k k\u00e9pviselet\u00e9ben<\/p>\n<p>&nbsp;<\/p>\n<h6><strong>Szakszervezet \u00e1ltal deleg\u00e1lt k\u00e9pvisel\u0151:<\/strong><\/h6>\n<p><strong>Csuka P\u00e1l<\/strong>\u00a0&#8211; FDSZ SEPA szakszervezeti tan\u00e1cs<\/p>\n<p>&nbsp;<\/p>\n<h6><strong>Hallgat\u00f3i \u00d6nkorm\u00e1nyzat \u00e1ltal deleg\u00e1lt tagok:<\/strong><\/h6>\n<p><strong>N\u00e9meth Anilla, Neuberger J\u00e1zmin, Sz\u00e9p Kata, Csongr\u00e1di Fl\u00f3ra, Masri Jaffar J\u00e1nos<\/strong><\/p>\n<p>&nbsp;<\/p>\n<p>&nbsp;<\/p>\n<p>&nbsp;<\/p>\n","protected":false},"excerpt":{"rendered":"<p>A Pet\u0151 Andr\u00e1s Kar legf\u0151bb d\u00f6nt\u00e9shoz\u00f3 szerve a Kari Tan\u00e1cs, amely a kar vezet\u0151inek, a karhoz tartoz\u00f3 k\u00e9t int\u00e9zet vezet\u0151inek, oktat\u00f3inak, konduktorainak \u00e9s hallgat\u00f3inak k\u00f6z\u00f6s \u00f6nkorm\u00e1nyzati test\u00fclete. A\u00a0Kari Tan\u00e1cs eln\u00f6ke a d\u00e9k\u00e1n, akad\u00e1lyoztat\u00e1sa eset\u00e9n az \u00e1ltala kijel\u00f6lt d\u00e9k\u00e1nhelyettes. A test\u00fclet fel\u00e9p\u00edt\u00e9s\u00e9t \u00e9s l\u00e9tsz\u00e1m\u00e1t, valamint a tagok megv\u00e1laszt\u00e1s\u00e1nak rendj\u00e9t a fels\u0151oktat\u00e1si t\u00f6rv\u00e9nyben \u00e9s a Szervezeti \u00e9s &hellip;<\/p>\n","protected":false},"author":102235,"featured_media":0,"parent":3254,"menu_order":8,"comment_status":"closed","ping_status":"closed","template":"","meta":{"_acf_changed":false,"footnotes":""},"categories":[],"tags":[545],"class_list":["post-11550","page","type-page","status-publish","hentry","tag-kari-tanacs"],"acf":[],"_links":{"self":[{"href":"https:\/\/semmelweis.hu\/pak\/wp-json\/wp\/v2\/pages\/11550","targetHints":{"allow":["GET"]}}],"collection":[{"href":"https:\/\/semmelweis.hu\/pak\/wp-json\/wp\/v2\/pages"}],"about":[{"href":"https:\/\/semmelweis.hu\/pak\/wp-json\/wp\/v2\/types\/page"}],"author":[{"embeddable":true,"href":"https:\/\/semmelweis.hu\/pak\/wp-json\/wp\/v2\/users\/102235"}],"replies":[{"embeddable":true,"href":"https:\/\/semmelweis.hu\/pak\/wp-json\/wp\/v2\/comments?post=11550"}],"version-history":[{"count":9,"href":"https:\/\/semmelweis.hu\/pak\/wp-json\/wp\/v2\/pages\/11550\/revisions"}],"predecessor-version":[{"id":12499,"href":"https:\/\/semmelweis.hu\/pak\/wp-json\/wp\/v2\/pages\/11550\/revisions\/12499"}],"up":[{"embeddable":true,"href":"https:\/\/semmelweis.hu\/pak\/wp-json\/wp\/v2\/pages\/3254"}],"wp:attachment":[{"href":"https:\/\/semmelweis.hu\/pak\/wp-json\/wp\/v2\/media?parent=11550"}],"wp:term":[{"taxonomy":"category","embeddable":true,"href":"https:\/\/semmelweis.hu\/pak\/wp-json\/wp\/v2\/categories?post=11550"},{"taxonomy":"post_tag","embeddable":true,"href":"https:\/\/semmelweis.hu\/pak\/wp-json\/wp\/v2\/tags?post=11550"}],"curies":[{"name":"wp","href":"https:\/\/api.w.org\/{rel}","templated":true}]}}