{"id":11543,"date":"2025-02-03T12:03:59","date_gmt":"2025-02-03T11:03:59","guid":{"rendered":"https:\/\/semmelweis.hu\/pak\/?page_id=11543"},"modified":"2025-09-25T14:09:25","modified_gmt":"2025-09-25T12:09:25","slug":"kari-allando-bizottsagok","status":"publish","type":"page","link":"https:\/\/semmelweis.hu\/pak\/a-karrol\/kari-allando-bizottsagok\/","title":{"rendered":"Kari \u00c1lland\u00f3 Bizotts\u00e1gok"},"content":{"rendered":"<h5><strong>Tanulm\u00e1nyi \u00e9s Vizsgabizotts\u00e1g<\/strong><\/h5>\n<div class=\"fontos_div\">\n<p>Az eln\u00f6k \u00e9s a tagok megb\u00edz\u00e1s\u00e1nak kezdete: 2024. 11. 20.\u00a0<\/p>\n<p>Az eln\u00f6k \u00e9s a tagok megb\u00edz\u00e1s\u00e1nak v\u00e9ge: 2027. 11. 19.<\/p>\n<\/div>\n<p><strong>eln\u00f6k:<\/strong>\u00a0Dr. Matos L\u00e1szl\u00f3, oktat\u00e1si d\u00e9k\u00e1nhelyettes\u00a0<\/p>\n<p><strong>tagok<\/strong>: Dr. Balogh Emese Celeszta, Dr. Szil\u00e1rd Zsuzsanna, Dr. T\u00fari Ibolya<\/p>\n<p><strong>hallgat\u00f3i tag: <\/strong>Sz\u00e9p Kata<\/p>\n<p>&nbsp;<\/p>\n<hr \/>\n<h5><strong>Kredit\u00e1tviteli Bizotts\u00e1g<\/strong><\/h5>\n<div class=\"fontos_div\">\n<p>Az eln\u00f6k \u00e9s a tagok megb\u00edz\u00e1s\u00e1nak kezdete: 2024. 11. 20.\u00a0<\/p>\n<p>Az eln\u00f6k \u00e9s a tagok megb\u00edz\u00e1s\u00e1nak v\u00e9ge:\u00a02027. 11. 19.<\/p>\n<\/div>\n<p><strong>eln\u00f6k:<\/strong> Dr. Frank Tam\u00e1s<\/p>\n<p><strong>tagok: <\/strong>Dr. Balogh Emese Celeszta, Dr. Pint\u00e9r Henriett, Dr. Vissi T\u00edmea<\/p>\n<p><strong>hallgat\u00f3i tag:<\/strong> Sz\u00e9p Kata<\/p>\n<p>&nbsp;<\/p>\n<hr \/>\n<h5><strong>Kari Etikai \u00e9s Fegyelmi Bizotts\u00e1g<\/strong><\/h5>\n<div class=\"fontos_div\">\n<p>Az eln\u00f6k \u00e9s a tagok megb\u00edz\u00e1s\u00e1nak kezdete: 2024. 11. 20.\u00a0<\/p>\n<p>Az eln\u00f6k \u00e9s a tagok megb\u00edz\u00e1s\u00e1nak v\u00e9ge:\u00a02027. 11. 19.<\/p>\n<\/div>\n<p><strong>eln\u00f6k:<\/strong> Dr. F\u00f6ldesi Ren\u00e1ta<\/p>\n<p><strong>tagok:<\/strong> Dr. Frank Tam\u00e1s, Kiss D\u00e1vid, Csuka P\u00e1ln\u00e9, Gy\u0151ri Vera, Thur\u00f3czy Ildik\u00f3<\/p>\n<p><strong>hallgat\u00f3i tagok:<\/strong> Masri Jaffar J\u00e1nos, Sz\u00e9p Kata<\/p>\n<p>&nbsp;<\/p>\n<hr \/>\n<h5><strong>Kiad\u00f3i \u00e9s K\u00f6nyvt\u00e1r Bizotts\u00e1g<\/strong><\/h5>\n<div class=\"fontos_div\">\n<p>Az eln\u00f6k \u00e9s a tagok megb\u00edz\u00e1s\u00e1nak kezdete: 2024. 11. 20.\u00a0<\/p>\n<p>Az eln\u00f6k \u00e9s a tagok megb\u00edz\u00e1s\u00e1nak v\u00e9ge:\u00a02027. 11. 19.<\/p>\n<\/div>\n<p><strong>eln\u00f6k:<\/strong> Feket\u00e9n\u00e9 Dr. Szab\u00f3 \u00c9va<\/p>\n<p><strong>tagok:<\/strong> Dr. F\u00f6ldesi Ren\u00e1ta, Dr. Mascher R\u00f3bert, Dr. Fogarasi Andr\u00e1s, Dr. K\u00e1llay Zs\u00f3fia<\/p>\n<p><strong>hallgat\u00f3i tagok:<\/strong>\u2002Masri Jaffar J\u00e1nos,\u2002Tak\u00e1cs Anna Gizella<\/p>\n<hr \/>\n<h5><strong>Gyakorlati \u00e9s K\u00e9pz\u00e9si Bizotts\u00e1g<\/strong><\/h5>\n<div class=\"fontos_div\">\n<p>Az eln\u00f6k \u00e9s a tagok megb\u00edz\u00e1s\u00e1nak kezdete: 2024. 11. 20.\u00a0<\/p>\n<p>Az eln\u00f6k \u00e9s a tagok megb\u00edz\u00e1s\u00e1nak v\u00e9ge:\u00a02027. 11. 19.<\/p>\n<\/div>\n<p><strong>eln\u00f6k:<\/strong> Dr. K\u00e1llay Zs\u00f3fia<\/p>\n<p><strong>tagok:<\/strong>\u00a0 Feket\u00e9n\u00e9 Dr. Szab\u00f3 \u00c9va,\u2002Dr. Tenk Mikl\u00f3sn\u00e9 Dr. Zsebe Andrea,\u2002Dr. Pint\u00e9r Henriett,\u2002Dr. Vissi T\u00edmea,\u2002Dr. F\u00f6ldesi Ren\u00e1ta,\u2002Dr. Matos L\u00e1szl\u00f3,\u2002Thur\u00f3czy Ildik\u00f3,\u2002\u2002\u2002Horvai Vikt\u00f3ria, Varga Barbara,\u2002Buri\u00e1n-Feh\u00e9r Anna,\u2002Simon Eszter<\/p>\n<p><strong>hallgat\u00f3i tagok:<\/strong> Gazsi Rebeka, Sz\u00e9p Kata, Neuberger J\u00e1zmin, Torkos T\u00edmea<\/p>\n<p>&nbsp;<\/p>\n<p>&nbsp;<\/p>\n<p>&nbsp;<\/p>\n<p>&nbsp;<\/p>\n","protected":false},"excerpt":{"rendered":"<p>Tanulm\u00e1nyi \u00e9s Vizsgabizotts\u00e1g Az eln\u00f6k \u00e9s a tagok megb\u00edz\u00e1s\u00e1nak kezdete: 2024. 11. 20.\u00a0 Az eln\u00f6k \u00e9s a tagok megb\u00edz\u00e1s\u00e1nak v\u00e9ge: 2027. 11. 19. eln\u00f6k:\u00a0Dr. Matos L\u00e1szl\u00f3, oktat\u00e1si d\u00e9k\u00e1nhelyettes\u00a0 tagok: Dr. Balogh Emese Celeszta, Dr. Szil\u00e1rd Zsuzsanna, Dr. T\u00fari Ibolya hallgat\u00f3i tag: Sz\u00e9p Kata &nbsp; Kredit\u00e1tviteli Bizotts\u00e1g Az eln\u00f6k \u00e9s a tagok megb\u00edz\u00e1s\u00e1nak kezdete: 2024. 11. &hellip;<\/p>\n","protected":false},"author":102235,"featured_media":0,"parent":3254,"menu_order":7,"comment_status":"closed","ping_status":"closed","template":"","meta":{"_acf_changed":false,"footnotes":""},"categories":[],"tags":[545],"class_list":["post-11543","page","type-page","status-publish","hentry","tag-kari-tanacs"],"acf":[],"_links":{"self":[{"href":"https:\/\/semmelweis.hu\/pak\/wp-json\/wp\/v2\/pages\/11543","targetHints":{"allow":["GET"]}}],"collection":[{"href":"https:\/\/semmelweis.hu\/pak\/wp-json\/wp\/v2\/pages"}],"about":[{"href":"https:\/\/semmelweis.hu\/pak\/wp-json\/wp\/v2\/types\/page"}],"author":[{"embeddable":true,"href":"https:\/\/semmelweis.hu\/pak\/wp-json\/wp\/v2\/users\/102235"}],"replies":[{"embeddable":true,"href":"https:\/\/semmelweis.hu\/pak\/wp-json\/wp\/v2\/comments?post=11543"}],"version-history":[{"count":6,"href":"https:\/\/semmelweis.hu\/pak\/wp-json\/wp\/v2\/pages\/11543\/revisions"}],"predecessor-version":[{"id":12507,"href":"https:\/\/semmelweis.hu\/pak\/wp-json\/wp\/v2\/pages\/11543\/revisions\/12507"}],"up":[{"embeddable":true,"href":"https:\/\/semmelweis.hu\/pak\/wp-json\/wp\/v2\/pages\/3254"}],"wp:attachment":[{"href":"https:\/\/semmelweis.hu\/pak\/wp-json\/wp\/v2\/media?parent=11543"}],"wp:term":[{"taxonomy":"category","embeddable":true,"href":"https:\/\/semmelweis.hu\/pak\/wp-json\/wp\/v2\/categories?post=11543"},{"taxonomy":"post_tag","embeddable":true,"href":"https:\/\/semmelweis.hu\/pak\/wp-json\/wp\/v2\/tags?post=11543"}],"curies":[{"name":"wp","href":"https:\/\/api.w.org\/{rel}","templated":true}]}}