{"id":1148,"date":"2017-12-21T14:23:11","date_gmt":"2017-12-21T13:23:11","guid":{"rendered":"http:\/\/semmelweis.hu\/pak\/?page_id=1148"},"modified":"2024-02-29T13:53:24","modified_gmt":"2024-02-29T12:53:24","slug":"oktatas-a-karon","status":"publish","type":"page","link":"https:\/\/semmelweis.hu\/pak\/oktatas\/oktatas-a-karon\/","title":{"rendered":"Konduktor alapk\u00e9pz\u00e9s"},"content":{"rendered":"<h2 style=\"text-align: left;\">Konduktor alapk\u00e9pz\u00e9si szak<\/h2>\n<div class=\"lead\" style=\"text-align: left;\">A konduktor alapk\u00e9pz\u00e9si szak fels\u0151oktat\u00e1s pedag\u00f3gusk\u00e9pz\u00e9si ter\u00fclet k\u00f6r\u00e9be tartoz\u00f3 k\u00e9pz\u00e9s, magyar \u00e9s angol nyelven.<\/div>\n<div>\n<ul>\n<li><strong>K\u00e9pz\u00e9si ter\u00fclet:<\/strong> pedag\u00f3gusk\u00e9pz\u00e9s<\/li>\n<li><strong>A k\u00e9pz\u00e9si id\u0151 f\u00e9l\u00e9vekben:<\/strong> 8 f\u00e9l\u00e9v<\/li>\n<li><strong>Az alapfokozat megszerz\u00e9s\u00e9hez \u00f6sszegy\u0171jtend\u0151 kreditek sz\u00e1ma:<\/strong> 240 kredit<\/li>\n<li><strong>A szak orient\u00e1ci\u00f3ja:<\/strong> kiegyens\u00falyozott (40-60 sz\u00e1zal\u00e9k)<\/li>\n<li><strong>A szakdolgozat k\u00e9sz\u00edt\u00e9s\u00e9hez rendelt kredit\u00e9rt\u00e9k:<\/strong> 15 kredit<\/li>\n<li><strong>A szabadon v\u00e1laszthat\u00f3 tant\u00e1rgyakhoz rendelhet\u0151 minim\u00e1lis kredit\u00e9rt\u00e9k:<\/strong> 12 kredit<\/li>\n<\/ul>\n<\/div>\n<div class=\"keretes w-100\">\n<p style=\"text-align: left;\">A Kar \u00e1ltal meghirdetett alapszakos <strong>k\u00e9pz\u00e9s c\u00e9lja: korszer\u0171, \u00e1ltal\u00e1nos \u00e9s kondukt\u00edv pedag\u00f3giai m\u0171velts\u00e9ggel rendelkez\u0151 szakemberek k\u00e9pz\u00e9se.<\/strong> Hallgat\u00f3ink az els\u0151 \u00e9vben alapoz\u00f3 k\u00e9pz\u00e9sben vesznek r\u00e9szt, majd az els\u0151 \u00e9v v\u00e9g\u00e9n v\u00e1laszthatnak az <em>\u00f3vodai, iskolai \u00e9s pedag\u00f3giai rehabilit\u00e1ci\u00f3 specializ\u00e1ci\u00f3k<\/em> k\u00f6z\u00fcl. A specializ\u00e1ci\u00f3k az adott szak r\u00e9sz\u00e9t k\u00e9pez\u0151 \u00f6n\u00e1ll\u00f3 szakk\u00e9pzetts\u00e9get nem eredm\u00e9nyez\u0151, speci\u00e1lis szaktud\u00e1st biztos\u00edtanak. Gyakorl\u00f3ter\u00fcleteinken kondukt\u00edv pedag\u00f3giai \u00e9s rehabilit\u00e1ci\u00f3s, \u00f3vodai nevel\u0151 \u00e9s iskolai oktat\u00f3-nevel\u0151 munka, szakszolg\u00e1lati, valamint szakmai szolg\u00e1ltat\u00f3 tev\u00e9kenys\u00e9g folyik. K\u00e9pz\u00e9s\u00fcnk a konduktort b\u00e1rmely \u00e9letkor\u00fa mozg\u00e1ss\u00e9r\u00fclt szem\u00e9ly holisztikus fejleszt\u00e9s\u00e9re, szakszer\u0171 kondukt\u00edv nevel\u00e9s\u00e9re k\u00e9sz\u00edti fel.<\/p>\n<\/div>\n<p>Miut\u00e1n karunkon kiemelked\u0151en magas a gyakorlati k\u00e9pz\u00e9s ar\u00e1nya, a leend\u0151 konduktorok a k\u00e9pz\u00e9si idej\u00fckben folyamatosan r\u00e9szesei a nevel\u00e9si-oktat\u00e1si \u00e9s fejleszt\u00e9si folyamatnak a gyakorlataik sor\u00e1n. \u00cdgy a hallgat\u00f3k tapasztalatszerz\u00e9s \u00fatj\u00e1n ismerik meg \u00e9s ismerik fel a kondukt\u00edv pedag\u00f3giai elm\u00e9let \u00e9s gyakorlat k\u00f6lcs\u00f6nhat\u00e1s\u00e1t, \u00f6sszef\u00fcgg\u00e9seit, felk\u00e9sz\u00fclhetnek v\u00e1lasztott hivat\u00e1sukra. A gyakorlati k\u00e9pz\u00e9s tartalmaz kondukt\u00edv pedag\u00f3giai gyakorlatokat \u00e9s a specializ\u00e1ci\u00f3nak megfelel\u0151 \u00f3vodai, iskolai vagy pedag\u00f3giai rehabilit\u00e1ci\u00f3s gyakorlatokat, melyek lehetnek egy\u00e9ni \u00e9s csoportos megfigyel\u00e9sek, hospit\u00e1l\u00e1sok, valamint folyamatos jelleg\u0171 szakmai gyakorlatok. A gyakorlati k\u00e9pz\u00e9s folyam\u00e1n a hallgat\u00f3k megismerkednek a nevel\u00e9si folyamat tervez\u00e9s\u00e9vel, a nevel\u00e9si feladatok megval\u00f3s\u00edt\u00e1s\u00e1val, a tev\u00e9kenys\u00e9gek, pedag\u00f3giai folyamatok elemz\u00e9s\u00e9vel, a rehabilit\u00e1ci\u00f3s \u00e9s habilit\u00e1ci\u00f3s lehet\u0151s\u00e9gekkel.<\/p>\n<p style=\"text-align: left;\">Az <strong><a href=\"https:\/\/semmelweis.hu\/pak\/oktatas\/oktatas-a-karon\/konduktor-alapszak\/\">elm\u00e9leti k\u00e9pz\u00e9s<\/a> \u00e9s <a href=\"https:\/\/semmelweis.hu\/pak\/oktatas\/oktatas-a-karon\/hazai-gyakorlati-kepzohelyek\/\">gyakorlat<\/a> elv\u00e1laszthatatlan egys\u00e9gben seg\u00edti a hallgat\u00f3ink felk\u00e9sz\u00edt\u00e9s\u00e9t<\/strong> a mindennapi kondukt\u00edv nevel\u00e9si, valamint az \u00f3vodai tev\u00e9kenys\u00e9gek \u00e9s az iskolai oktat\u00e1s feladatainak, rehabilit\u00e1ci\u00f3s feladatok eredm\u00e9nyes megval\u00f3s\u00edt\u00e1s\u00e1ra.<\/p>\n<p style=\"text-align: left;\">Azok a fiatalok, akik konduktor alapszakon oklevelet szereznek, munk\u00e1t v\u00e1llalhatnak a k\u00f6znevel\u00e9si int\u00e9zm\u00e9nyeinkben, Magyarorsz\u00e1gon a mozg\u00e1ss\u00e9r\u00fclteket ell\u00e1t\u00f3 eg\u00e9szs\u00e9g\u00fcgyi, oktat\u00e1si \u00e9s szoci\u00e1lis int\u00e9zm\u00e9nyekben. A k\u00f6zponti idegrendszeri s\u00e9r\u00fclteket fogad\u00f3 k\u00f6znevel\u00e9si int\u00e9zm\u00e9nyrendszer soksz\u00edn\u0171 lehet\u0151s\u00e9get k\u00edn\u00e1l a konduktor foglalkoztat\u00e1s\u00e1ra, a F\u0151v\u00e1rosi \u00e9s Megyei Pedag\u00f3giai Szakszolg\u00e1latokban, az Egys\u00e9ges Gy\u00f3gypedag\u00f3giai Int\u00e9zm\u00e9nyekben \u00e9s a mozg\u00e1ss\u00e9r\u00fclteket integr\u00e1l\u00f3 t\u00f6bbs\u00e9gi \u00f3vod\u00e1kban, iskol\u00e1kban. A konduktori hivat\u00e1s a t\u00e1rsadalmilag elfogadott \u00e9s megbecs\u00fclt szakm\u00e1k k\u00f6z\u00e9 tartozik. A megszerzett diplom\u00e1val a k\u00fclf\u00f6ldi lehet\u0151s\u00e9gek is megny\u00edlnak. A j\u00f3lk\u00e9pzett szakembereket, gyakorlati\u00a0 k\u00e9pz\u00e9s\u00fcnk er\u0151ss\u00e9g\u00e9nek tudat\u00e1ban sz\u00e1mos orsz\u00e1gban t\u00e1rt karokkal v\u00e1rj\u00e1k.<\/p>\n<h3 style=\"text-align: left;\">Nemzetk\u00f6zi kapcsolatok<\/h3>\n<p style=\"text-align: left;\">Karunk<strong> k\u00fclf\u00f6ldi hallgat\u00f3k sz\u00e1m\u00e1ra is<\/strong> lehet\u0151s\u00e9ged ad a vil\u00e1gh\u00edr\u0171 <a href=\"https:\/\/semmelweis.hu\/pak\/a-karrol\/peto-modszer\/\">Pet\u0151-m\u00f3dszer<\/a> \u00a0elsaj\u00e1t\u00edt\u00e1s\u00e1ra. Folyamatosan \u00e9p\u00edtj\u00fck nemzetk\u00f6zi kapcsolatainkat a fels\u0151oktat\u00e1s, kutat\u00e1s \u00e9s szolg\u00e1ltat\u00e1sok ter\u00e9n. Fels\u0151oktat\u00e1si egy\u00fcttm\u0171k\u00f6d\u00e9seket ind\u00edtottunk N\u00e9metorsz\u00e1gban, Rom\u00e1ni\u00e1ban, Horv\u00e1torsz\u00e1gban \u2013 hallgat\u00f3i \u00e9s oktat\u00f3i mobilit\u00e1si projektek, k\u00f6z\u00f6s konferenci\u00e1k \u00e9s projektek megval\u00f3s\u00edt\u00e1s\u00e1ra. Az USA-ban az Aquinas College-dzsal k\u00f6z\u00f6sen m\u0171k\u00f6dtetj\u00fck kihelyezett konduktor k\u00e9pz\u00e9s\u00fcnket, gyakorl\u00f3 ter\u00fcleteinkre pedig folyamatosan \u00e9rkeznek k\u00fclf\u00f6ldi hallgat\u00f3k, hogy itt teljes\u00edts\u00e9k szakmai gyakorlatukat.<\/p>\n<div class=\"lead\" style=\"text-align: left;\">Alapszakot v\u00e9gzett konduktorok sz\u00e1m\u00e1ra lehet\u0151s\u00e9g van \u2013 ak\u00e1r angolnyelv\u0171 &#8211; mesterk\u00e9pz\u00e9sben val\u00f3 r\u00e9szv\u00e9telre 2024-t\u0151l, illetve szakvizsg\u00e1s pedag\u00f3gus tov\u00e1bbk\u00e9pz\u00e9sre speci\u00e1lis felt\u00e9telek megl\u00e9te mellett.<\/div>\n<div>\n\r\n        [slb_exclude]\r\n        <div class=\"row galeria-wrapper mx-0 h-auto\">\r\n            <div class=\"col-9 pl-0 pr-2\">\r\n            <span class=\"gallery-item frame\">\r\n\t\t\t\t<div class=\"galeria-left-img\"><a href=\"https:\/\/semmelweis.hu\/pak\/files\/2023\/07\/RS69952_KA-20171025-IMG_8310-scr.jpg\"><img src=https:\/\/semmelweis.hu\/pak\/files\/2023\/07\/RS69952_KA-20171025-IMG_8310-scr.jpg  \r\n                            alt=\"\" \r\n                            class=\"attachment-sote-gallery-big size-sote-gallery-big\" \r\n                            srcset=\"https:\/\/semmelweis.hu\/pak\/files\/2023\/07\/RS69952_KA-20171025-IMG_8310-scr-400x267.jpg 400w, https:\/\/semmelweis.hu\/pak\/files\/2023\/07\/RS69952_KA-20171025-IMG_8310-scr-768x512.jpg 768w, https:\/\/semmelweis.hu\/pak\/files\/2023\/07\/RS69952_KA-20171025-IMG_8310-scr-753x502.jpg 753w, https:\/\/semmelweis.hu\/pak\/files\/2023\/07\/RS69952_KA-20171025-IMG_8310-scr-203x135.jpg 203w, https:\/\/semmelweis.hu\/pak\/files\/2023\/07\/RS69952_KA-20171025-IMG_8310-scr.jpg 950w\" ><\/a><\/div>\r\n            <\/span>\r\n\r\n            <\/div>\r\n\r\n\t\t\t<div class=\"col-3 pl-0 pr-0\">\r\n\t\t\t\t<div class=\"galeria-right-img d-flex justify-content-between flex-column h-100 w-100 px-0 mx-0 \">\r\n                <div class=\"galeria-box\">\r\n\t\t\t\t\t<h3 class=\"galeria-title\">Gal\u00e9ria<\/h3>\r\n\t\t\t\t\t<div class=\"galeria-subtitle\">\r\n\r\n\t\t\t\t\t\t<div class=\"galeria-page-counter\"><span>9<\/span>k\u00e9p<\/div>\r\n                    <\/div> <\/div>\r\n                    <span class=\"gallery-item frame d-none d-md-flex\">\r\n\t\t\t\t\t<div class=\"galeria-small-img mt-0\"><a href=\"https:\/\/semmelweis.hu\/pak\/files\/2023\/07\/RS69918_KA-20171025-IMG_8092-scr.jpg\"><img src=https:\/\/semmelweis.hu\/pak\/files\/2023\/07\/RS69918_KA-20171025-IMG_8092-scr.jpg \r\n                                alt=\"\"  \r\n                                class=\"attachment-sote-gallery-small size-sote-gallery-small\" \r\n                                srcset=\"https:\/\/semmelweis.hu\/pak\/files\/2023\/07\/RS69918_KA-20171025-IMG_8092-scr-400x267.jpg 400w, https:\/\/semmelweis.hu\/pak\/files\/2023\/07\/RS69918_KA-20171025-IMG_8092-scr-768x512.jpg 768w, https:\/\/semmelweis.hu\/pak\/files\/2023\/07\/RS69918_KA-20171025-IMG_8092-scr-753x502.jpg 753w, https:\/\/semmelweis.hu\/pak\/files\/2023\/07\/RS69918_KA-20171025-IMG_8092-scr-203x135.jpg 203w, https:\/\/semmelweis.hu\/pak\/files\/2023\/07\/RS69918_KA-20171025-IMG_8092-scr.jpg 950w\" ><\/a><\/div>\r\n                    <\/span>\r\n                    <span class=\"gallery-item frame d-none d-md-flex\">\r\n\t\t\t\t\t<div class=\"galeria-small-img mt-0\"><a href=\"https:\/\/semmelweis.hu\/pak\/files\/2023\/07\/RS64848_KA-20170721-KA__9714-scr.jpg\"><img src=https:\/\/semmelweis.hu\/pak\/files\/2023\/07\/RS64848_KA-20170721-KA__9714-scr.jpg \r\n                                alt=\"\" \r\n                                class=\"attachment-sote-gallery-small size-sote-gallery-small\" \r\n                                srcset=\"https:\/\/semmelweis.hu\/pak\/files\/2023\/07\/RS64848_KA-20170721-KA__9714-scr-400x267.jpg 400w, https:\/\/semmelweis.hu\/pak\/files\/2023\/07\/RS64848_KA-20170721-KA__9714-scr-768x512.jpg 768w, https:\/\/semmelweis.hu\/pak\/files\/2023\/07\/RS64848_KA-20170721-KA__9714-scr-753x502.jpg 753w, https:\/\/semmelweis.hu\/pak\/files\/2023\/07\/RS64848_KA-20170721-KA__9714-scr-203x135.jpg 203w, https:\/\/semmelweis.hu\/pak\/files\/2023\/07\/RS64848_KA-20170721-KA__9714-scr.jpg 950w\" ><\/a><\/div>\r\n                    <\/span>\r\n\r\n                <\/div>\r\n\r\n            <\/div>\r\n\r\n            <span class=\"gallery-item\"><div class=\"hidden\"><a href=\"https:\/\/semmelweis.hu\/pak\/files\/2023\/07\/RS69944_KA-20171025-IMG_8275-scr.jpg\">\r\n        <img src=https:\/\/semmelweis.hu\/pak\/files\/2023\/07\/RS69944_KA-20171025-IMG_8275-scr.jpg alt=\"\" class=\"attachment-sote-gallery-big size-sote-gallery-big\" srcset=\"https:\/\/semmelweis.hu\/pak\/files\/2023\/07\/RS69944_KA-20171025-IMG_8275-scr-267x400.jpg 267w, https:\/\/semmelweis.hu\/pak\/files\/2023\/07\/RS69944_KA-20171025-IMG_8275-scr.jpg 500w\" >\r\n        <\/a><\/div><\/span><span class=\"gallery-item\"><div class=\"hidden\"><a href=\"https:\/\/semmelweis.hu\/pak\/files\/2023\/07\/RS64861_KA-20170721-KA__9760-scr.jpg\">\r\n        <img src=https:\/\/semmelweis.hu\/pak\/files\/2023\/07\/RS64861_KA-20170721-KA__9760-scr.jpg alt=\"\" class=\"attachment-sote-gallery-big size-sote-gallery-big\" srcset=\"https:\/\/semmelweis.hu\/pak\/files\/2023\/07\/RS64861_KA-20170721-KA__9760-scr-400x267.jpg 400w, https:\/\/semmelweis.hu\/pak\/files\/2023\/07\/RS64861_KA-20170721-KA__9760-scr-768x512.jpg 768w, https:\/\/semmelweis.hu\/pak\/files\/2023\/07\/RS64861_KA-20170721-KA__9760-scr-753x502.jpg 753w, https:\/\/semmelweis.hu\/pak\/files\/2023\/07\/RS64861_KA-20170721-KA__9760-scr-203x135.jpg 203w, https:\/\/semmelweis.hu\/pak\/files\/2023\/07\/RS64861_KA-20170721-KA__9760-scr.jpg 950w\" >\r\n        <\/a><\/div><\/span><span class=\"gallery-item\"><div class=\"hidden\"><a href=\"https:\/\/semmelweis.hu\/pak\/files\/2023\/07\/RS69925_KA-20171025-IMG_8156-scr.jpg\">\r\n        <img src=https:\/\/semmelweis.hu\/pak\/files\/2023\/07\/RS69925_KA-20171025-IMG_8156-scr.jpg alt=\"\" class=\"attachment-sote-gallery-big size-sote-gallery-big\" srcset=\"https:\/\/semmelweis.hu\/pak\/files\/2023\/07\/RS69925_KA-20171025-IMG_8156-scr-267x400.jpg 267w, https:\/\/semmelweis.hu\/pak\/files\/2023\/07\/RS69925_KA-20171025-IMG_8156-scr.jpg 500w\" >\r\n        <\/a><\/div><\/span><span class=\"gallery-item\"><div class=\"hidden\"><a href=\"https:\/\/semmelweis.hu\/pak\/files\/2023\/07\/RS64834_KA-20170721-KA__9682-scr.jpg\">\r\n        <img src=https:\/\/semmelweis.hu\/pak\/files\/2023\/07\/RS64834_KA-20170721-KA__9682-scr.jpg alt=\"\" class=\"attachment-sote-gallery-big size-sote-gallery-big\" srcset=\"https:\/\/semmelweis.hu\/pak\/files\/2023\/07\/RS64834_KA-20170721-KA__9682-scr-400x267.jpg 400w, https:\/\/semmelweis.hu\/pak\/files\/2023\/07\/RS64834_KA-20170721-KA__9682-scr-768x512.jpg 768w, https:\/\/semmelweis.hu\/pak\/files\/2023\/07\/RS64834_KA-20170721-KA__9682-scr-753x502.jpg 753w, https:\/\/semmelweis.hu\/pak\/files\/2023\/07\/RS64834_KA-20170721-KA__9682-scr-203x135.jpg 203w, https:\/\/semmelweis.hu\/pak\/files\/2023\/07\/RS64834_KA-20170721-KA__9682-scr.jpg 950w\" >\r\n        <\/a><\/div><\/span><span class=\"gallery-item\"><div class=\"hidden\"><a href=\"https:\/\/semmelweis.hu\/pak\/files\/2023\/07\/RS155407_AG_20220629_00607-scr.jpg\">\r\n        <img src=https:\/\/semmelweis.hu\/pak\/files\/2023\/07\/RS155407_AG_20220629_00607-scr.jpg alt=\"\" class=\"attachment-sote-gallery-big size-sote-gallery-big\" srcset=\"https:\/\/semmelweis.hu\/pak\/files\/2023\/07\/RS155407_AG_20220629_00607-scr-400x267.jpg 400w, https:\/\/semmelweis.hu\/pak\/files\/2023\/07\/RS155407_AG_20220629_00607-scr-1024x683.jpg 1024w, https:\/\/semmelweis.hu\/pak\/files\/2023\/07\/RS155407_AG_20220629_00607-scr-768x512.jpg 768w, https:\/\/semmelweis.hu\/pak\/files\/2023\/07\/RS155407_AG_20220629_00607-scr-753x502.jpg 753w, https:\/\/semmelweis.hu\/pak\/files\/2023\/07\/RS155407_AG_20220629_00607-scr-203x135.jpg 203w, https:\/\/semmelweis.hu\/pak\/files\/2023\/07\/RS155407_AG_20220629_00607-scr.jpg 1200w\" >\r\n        <\/a><\/div><\/span><span class=\"gallery-item\"><div class=\"hidden\"><a href=\"https:\/\/semmelweis.hu\/pak\/files\/2023\/07\/RS153159_C19A1511-scr.jpg\">\r\n        <img src=https:\/\/semmelweis.hu\/pak\/files\/2023\/07\/RS153159_C19A1511-scr.jpg alt=\"\" class=\"attachment-sote-gallery-big size-sote-gallery-big\" srcset=\"https:\/\/semmelweis.hu\/pak\/files\/2023\/07\/RS153159_C19A1511-scr-400x260.jpg 400w, https:\/\/semmelweis.hu\/pak\/files\/2023\/07\/RS153159_C19A1511-scr-1024x665.jpg 1024w, https:\/\/semmelweis.hu\/pak\/files\/2023\/07\/RS153159_C19A1511-scr-768x499.jpg 768w, https:\/\/semmelweis.hu\/pak\/files\/2023\/07\/RS153159_C19A1511-scr-753x489.jpg 753w, https:\/\/semmelweis.hu\/pak\/files\/2023\/07\/RS153159_C19A1511-scr.jpg 1200w\" >\r\n        <\/a><\/div><\/span>\r\n            <\/div>\r\n\r\n            [\/slb_exclude]\r\n\t\n<\/div>\n","protected":false},"excerpt":{"rendered":"<p>Konduktor alapk\u00e9pz\u00e9si szak A konduktor alapk\u00e9pz\u00e9si szak fels\u0151oktat\u00e1s pedag\u00f3gusk\u00e9pz\u00e9si ter\u00fclet k\u00f6r\u00e9be tartoz\u00f3 k\u00e9pz\u00e9s, magyar \u00e9s angol nyelven. K\u00e9pz\u00e9si ter\u00fclet: pedag\u00f3gusk\u00e9pz\u00e9s A k\u00e9pz\u00e9si id\u0151 f\u00e9l\u00e9vekben: 8 f\u00e9l\u00e9v Az alapfokozat megszerz\u00e9s\u00e9hez \u00f6sszegy\u0171jtend\u0151 kreditek sz\u00e1ma: 240 kredit A szak orient\u00e1ci\u00f3ja: kiegyens\u00falyozott (40-60 sz\u00e1zal\u00e9k) A szakdolgozat k\u00e9sz\u00edt\u00e9s\u00e9hez rendelt kredit\u00e9rt\u00e9k: 15 kredit A szabadon v\u00e1laszthat\u00f3 tant\u00e1rgyakhoz rendelhet\u0151 minim\u00e1lis kredit\u00e9rt\u00e9k: 12 &hellip;<\/p>\n","protected":false},"author":101361,"featured_media":0,"parent":3258,"menu_order":2,"comment_status":"closed","ping_status":"closed","template":"","meta":{"_acf_changed":false,"footnotes":""},"categories":[],"tags":[],"class_list":["post-1148","page","type-page","status-publish","hentry"],"acf":[],"_links":{"self":[{"href":"https:\/\/semmelweis.hu\/pak\/wp-json\/wp\/v2\/pages\/1148","targetHints":{"allow":["GET"]}}],"collection":[{"href":"https:\/\/semmelweis.hu\/pak\/wp-json\/wp\/v2\/pages"}],"about":[{"href":"https:\/\/semmelweis.hu\/pak\/wp-json\/wp\/v2\/types\/page"}],"author":[{"embeddable":true,"href":"https:\/\/semmelweis.hu\/pak\/wp-json\/wp\/v2\/users\/101361"}],"replies":[{"embeddable":true,"href":"https:\/\/semmelweis.hu\/pak\/wp-json\/wp\/v2\/comments?post=1148"}],"version-history":[{"count":13,"href":"https:\/\/semmelweis.hu\/pak\/wp-json\/wp\/v2\/pages\/1148\/revisions"}],"predecessor-version":[{"id":9688,"href":"https:\/\/semmelweis.hu\/pak\/wp-json\/wp\/v2\/pages\/1148\/revisions\/9688"}],"up":[{"embeddable":true,"href":"https:\/\/semmelweis.hu\/pak\/wp-json\/wp\/v2\/pages\/3258"}],"wp:attachment":[{"href":"https:\/\/semmelweis.hu\/pak\/wp-json\/wp\/v2\/media?parent=1148"}],"wp:term":[{"taxonomy":"category","embeddable":true,"href":"https:\/\/semmelweis.hu\/pak\/wp-json\/wp\/v2\/categories?post=1148"},{"taxonomy":"post_tag","embeddable":true,"href":"https:\/\/semmelweis.hu\/pak\/wp-json\/wp\/v2\/tags?post=1148"}],"curies":[{"name":"wp","href":"https:\/\/api.w.org\/{rel}","templated":true}]}}