{"id":11338,"date":"2024-12-10T09:03:16","date_gmt":"2024-12-10T08:03:16","guid":{"rendered":"https:\/\/semmelweis.hu\/pak\/?page_id=11338"},"modified":"2025-11-12T10:20:54","modified_gmt":"2025-11-12T09:20:54","slug":"kutatasi-portfolio","status":"publish","type":"page","link":"https:\/\/semmelweis.hu\/pak\/kutatas\/kutatasi-portfolio\/","title":{"rendered":"Kutat\u00e1si Portf\u00f3li\u00f3"},"content":{"rendered":"<h6><a href=\"https:\/\/semmelweis.hu\/pak\/files\/2025\/11\/KUTATASI-PORTFOLIO-2025_2026.pdf\" target=\"_blank\" rel=\"noopener\"><img loading=\"lazy\" decoding=\"async\" class=\"size-medium wp-image-12794 alignleft\" src=\"https:\/\/semmelweis.hu\/pak\/files\/2025\/11\/KUTATASI-PORTFOLIO-309x400.jpg\" alt=\"\" width=\"309\" height=\"400\" srcset=\"https:\/\/semmelweis.hu\/pak\/files\/2025\/11\/KUTATASI-PORTFOLIO-309x400.jpg 309w, https:\/\/semmelweis.hu\/pak\/files\/2025\/11\/KUTATASI-PORTFOLIO-791x1024.jpg 791w, https:\/\/semmelweis.hu\/pak\/files\/2025\/11\/KUTATASI-PORTFOLIO-768x994.jpg 768w, https:\/\/semmelweis.hu\/pak\/files\/2025\/11\/KUTATASI-PORTFOLIO-753x975.jpg 753w, https:\/\/semmelweis.hu\/pak\/files\/2025\/11\/KUTATASI-PORTFOLIO.jpg 927w\" sizes=\"auto, (max-width: 309px) 100vw, 309px\" \/><\/a><\/h6>\n<h6>\u00a0<\/h6>\n<h6>\u00a0<\/h6>\n<h6>\u00a0<\/h6>\n<h6>A Pet\u0151 Andr\u00e1s Kar 2025\/2026. tan\u00e9vben j\u00f3v\u00e1hagyott kutat\u00e1si portf\u00f3li\u00f3ja a k\u00e9pre kattintva \u00e9rhet\u0151 el.<\/h6>\n","protected":false},"excerpt":{"rendered":"<p><a href=\"https:\/\/semmelweis.hu\/pak\/files\/2025\/11\/KUTATASI-PORTFOLIO-2025_2026.pdf\" target=\"_blank\" rel=\"noopener\"><\/a><br \/>\n\u00a0<br \/>\n\u00a0<br \/>\n\u00a0<br \/>\nA Pet\u0151 Andr\u00e1s Kar 2025\/2026. tan\u00e9vben j\u00f3v\u00e1hagyott kutat\u00e1si portf\u00f3li\u00f3ja a k\u00e9pre kattintva \u00e9rhet\u0151 el.<\/p>\n","protected":false},"author":102433,"featured_media":0,"parent":3265,"menu_order":1,"comment_status":"closed","ping_status":"closed","template":"","meta":{"_acf_changed":false,"footnotes":""},"categories":[],"tags":[],"class_list":["post-11338","page","type-page","status-publish","hentry"],"acf":[],"_links":{"self":[{"href":"https:\/\/semmelweis.hu\/pak\/wp-json\/wp\/v2\/pages\/11338","targetHints":{"allow":["GET"]}}],"collection":[{"href":"https:\/\/semmelweis.hu\/pak\/wp-json\/wp\/v2\/pages"}],"about":[{"href":"https:\/\/semmelweis.hu\/pak\/wp-json\/wp\/v2\/types\/page"}],"author":[{"embeddable":true,"href":"https:\/\/semmelweis.hu\/pak\/wp-json\/wp\/v2\/users\/102433"}],"replies":[{"embeddable":true,"href":"https:\/\/semmelweis.hu\/pak\/wp-json\/wp\/v2\/comments?post=11338"}],"version-history":[{"count":10,"href":"https:\/\/semmelweis.hu\/pak\/wp-json\/wp\/v2\/pages\/11338\/revisions"}],"predecessor-version":[{"id":12796,"href":"https:\/\/semmelweis.hu\/pak\/wp-json\/wp\/v2\/pages\/11338\/revisions\/12796"}],"up":[{"embeddable":true,"href":"https:\/\/semmelweis.hu\/pak\/wp-json\/wp\/v2\/pages\/3265"}],"wp:attachment":[{"href":"https:\/\/semmelweis.hu\/pak\/wp-json\/wp\/v2\/media?parent=11338"}],"wp:term":[{"taxonomy":"category","embeddable":true,"href":"https:\/\/semmelweis.hu\/pak\/wp-json\/wp\/v2\/categories?post=11338"},{"taxonomy":"post_tag","embeddable":true,"href":"https:\/\/semmelweis.hu\/pak\/wp-json\/wp\/v2\/tags?post=11338"}],"curies":[{"name":"wp","href":"https:\/\/api.w.org\/{rel}","templated":true}]}}