{"id":10083,"date":"2025-04-02T15:30:58","date_gmt":"2025-04-02T13:30:58","guid":{"rendered":"https:\/\/semmelweis.hu\/pak\/?page_id=10083"},"modified":"2025-07-16T15:36:55","modified_gmt":"2025-07-16T13:36:55","slug":"oktatoi-hirlevel","status":"publish","type":"page","link":"https:\/\/semmelweis.hu\/pak\/oktatas\/oktatoi-hirlevel\/","title":{"rendered":"Oktat\u00f3i H\u00edrlev\u00e9l"},"content":{"rendered":"<h2>OKTAT\u00d3I H\u00cdRLEV\u00c9L<\/h2>\n<div>\u00a0<\/div>\n<div class=\"lead fontos_div\" style=\"text-align: justify\">2020. janu\u00e1rj\u00e1ban ind\u00edtottuk \u00fatj\u00e1ra a Pet\u0151 Andr\u00e1s Kar \u00d6sszoktat\u00f3i h\u00edrlevel\u00e9t. Az elektronikus kiadv\u00e1nnyal az volt a c\u00e9lunk, hogy minden szemeszterben, az id\u0151szak v\u00e9g\u00e9n t\u00f6m\u00f6r, \u00f6sszefoglal\u00f3 tartalommal t\u00e1j\u00e9koztat\u00e1st ny\u00fajtsunk az eltelt n\u00e9h\u00e1ny h\u00f3nap legfontosabb oktat\u00e1si vagy azzal \u00f6sszef\u00fcgg\u0151 esem\u00e9nyeir\u0151l, h\u00edreir\u0151l. Id\u0151k\u00f6zben egyre t\u00f6bb, sz\u00ednes inform\u00e1ci\u00f3 ker\u00fclt be a h\u00edrlevelekbe a PAK \u00e9let\u00e9b\u0151l, egyre teljesebb k\u00e9pet adva tev\u00e9kenys\u00e9geinkr\u0151l, rendezv\u00e9nyeinkr\u0151l, tudom\u00e1nyos \u00e9let\u00fcnkr\u0151l. Az al\u00e1bbiakban sorrendbe szedve a kezdetekt\u0151l megjelent \u00f6sszes sz\u00e1m megtekinthet\u0151.<\/div>\n<p>&nbsp;<\/p>\n<h6>\u00d6sszoktat\u00f3i h\u00edrlev\u00e9l 2025. j\u00falius<\/h6>\n<p><a href=\"https:\/\/semmelweis.hu\/pak\/files\/2025\/07\/PAK-osszoktatoi-HIRLEVEL2025.-julius_compressed.pdf\"><img loading=\"lazy\" decoding=\"async\" class=\"size-medium wp-image-12263 alignleft\" src=\"https:\/\/semmelweis.hu\/pak\/files\/2025\/07\/PAK-osszoktatoi-HIRLEVEL2025.-julius_compressed-1_page-0001-283x400.jpg\" alt=\"\" width=\"283\" height=\"400\" srcset=\"https:\/\/semmelweis.hu\/pak\/files\/2025\/07\/PAK-osszoktatoi-HIRLEVEL2025.-julius_compressed-1_page-0001-283x400.jpg 283w, https:\/\/semmelweis.hu\/pak\/files\/2025\/07\/PAK-osszoktatoi-HIRLEVEL2025.-julius_compressed-1_page-0001-724x1024.jpg 724w, https:\/\/semmelweis.hu\/pak\/files\/2025\/07\/PAK-osszoktatoi-HIRLEVEL2025.-julius_compressed-1_page-0001-768x1086.jpg 768w, https:\/\/semmelweis.hu\/pak\/files\/2025\/07\/PAK-osszoktatoi-HIRLEVEL2025.-julius_compressed-1_page-0001-753x1064.jpg 753w, https:\/\/semmelweis.hu\/pak\/files\/2025\/07\/PAK-osszoktatoi-HIRLEVEL2025.-julius_compressed-1_page-0001.jpg 849w\" sizes=\"auto, (max-width: 283px) 100vw, 283px\" \/><\/a><\/p>\n<h6>\u00a0<\/h6>\n<h6>\u00a0<\/h6>\n<p>&nbsp;<\/p>\n<p>&nbsp;<\/p>\n<p>&nbsp;<\/p>\n<p>&nbsp;<\/p>\n<p>&nbsp;<\/p>\n<p>&nbsp;<\/p>\n<p>&nbsp;<\/p>\n<h6>\u00d6sszoktat\u00f3i h\u00edrlev\u00e9l 2025. janu\u00e1r<\/h6>\n<p><a href=\"https:\/\/semmelweis.hu\/pak\/files\/2025\/04\/PAK-osszoktatoi-HIRLEVEL2025-januar-2v_compressed.pdf\"><img loading=\"lazy\" decoding=\"async\" class=\"size-medium wp-image-11815 alignleft\" src=\"https:\/\/semmelweis.hu\/pak\/files\/2025\/03\/PAK-osszoktatoi-HIRLEVEL2025.januar-page-1-283x400.jpg\" alt=\"\" width=\"283\" height=\"400\" srcset=\"https:\/\/semmelweis.hu\/pak\/files\/2025\/03\/PAK-osszoktatoi-HIRLEVEL2025.januar-page-1-283x400.jpg 283w, https:\/\/semmelweis.hu\/pak\/files\/2025\/03\/PAK-osszoktatoi-HIRLEVEL2025.januar-page-1-724x1024.jpg 724w, https:\/\/semmelweis.hu\/pak\/files\/2025\/03\/PAK-osszoktatoi-HIRLEVEL2025.januar-page-1-768x1086.jpg 768w, https:\/\/semmelweis.hu\/pak\/files\/2025\/03\/PAK-osszoktatoi-HIRLEVEL2025.januar-page-1-1086x1536.jpg 1086w, https:\/\/semmelweis.hu\/pak\/files\/2025\/03\/PAK-osszoktatoi-HIRLEVEL2025.januar-page-1-753x1065.jpg 753w, https:\/\/semmelweis.hu\/pak\/files\/2025\/03\/PAK-osszoktatoi-HIRLEVEL2025.januar-page-1.jpg 1241w\" sizes=\"auto, (max-width: 283px) 100vw, 283px\" \/><\/a><\/p>\n<p>&nbsp;<\/p>\n<p>&nbsp;<\/p>\n<p>&nbsp;<\/p>\n<p>&nbsp;<\/p>\n<p>&nbsp;<\/p>\n<p>&nbsp;<\/p>\n<p>&nbsp;<\/p>\n<p>&nbsp;<\/p>\n<p>&nbsp;<\/p>\n<h6>\u00d6sszoktat\u00f3i h\u00edrlev\u00e9l 2024. j\u00falius<\/h6>\n<p><a href=\"https:\/\/semmelweis.hu\/pak\/files\/2024\/08\/PAK-osszoktatoi-HIRLEVEL2024.-julius-honlap.pdf\"><img loading=\"lazy\" decoding=\"async\" class=\"size-medium wp-image-10712 alignleft\" src=\"https:\/\/semmelweis.hu\/pak\/files\/2024\/08\/PAK-osszoktatoi-HIRLEVEL2024.-julius-KEZDOLAP-JPG-283x400.jpg\" alt=\"\" width=\"283\" height=\"400\" srcset=\"https:\/\/semmelweis.hu\/pak\/files\/2024\/08\/PAK-osszoktatoi-HIRLEVEL2024.-julius-KEZDOLAP-JPG-283x400.jpg 283w, https:\/\/semmelweis.hu\/pak\/files\/2024\/08\/PAK-osszoktatoi-HIRLEVEL2024.-julius-KEZDOLAP-JPG-724x1024.jpg 724w, https:\/\/semmelweis.hu\/pak\/files\/2024\/08\/PAK-osszoktatoi-HIRLEVEL2024.-julius-KEZDOLAP-JPG-768x1086.jpg 768w, https:\/\/semmelweis.hu\/pak\/files\/2024\/08\/PAK-osszoktatoi-HIRLEVEL2024.-julius-KEZDOLAP-JPG-753x1065.jpg 753w, https:\/\/semmelweis.hu\/pak\/files\/2024\/08\/PAK-osszoktatoi-HIRLEVEL2024.-julius-KEZDOLAP-JPG.jpg 993w\" sizes=\"auto, (max-width: 283px) 100vw, 283px\" \/><\/a><\/p>\n<p>&nbsp;<\/p>\n<p>&nbsp;<\/p>\n<p>&nbsp;<\/p>\n<p>&nbsp;<\/p>\n<p>&nbsp;<\/p>\n<p>&nbsp;<\/p>\n<p>&nbsp;<\/p>\n<p>&nbsp;<\/p>\n<p>&nbsp;<\/p>\n<h6>\u00d6sszoktat\u00f3i h\u00edrlev\u00e9l 2024. janu\u00e1r<\/h6>\n<p><a href=\"https:\/\/semmelweis.hu\/pak\/files\/2024\/08\/PAK-osszoktatoi-HIRLEVEL2024.januar-KICSI.pdf\"><img loading=\"lazy\" decoding=\"async\" class=\"alignleft wp-image-10717 size-medium\" src=\"https:\/\/semmelweis.hu\/pak\/files\/2024\/08\/PAK-osszoktatoi-HIRLEVEL2024.januar-KEZDOLAP_page-0001-283x400.jpg\" alt=\"\" width=\"283\" height=\"400\" srcset=\"https:\/\/semmelweis.hu\/pak\/files\/2024\/08\/PAK-osszoktatoi-HIRLEVEL2024.januar-KEZDOLAP_page-0001-283x400.jpg 283w, https:\/\/semmelweis.hu\/pak\/files\/2024\/08\/PAK-osszoktatoi-HIRLEVEL2024.januar-KEZDOLAP_page-0001-724x1024.jpg 724w, https:\/\/semmelweis.hu\/pak\/files\/2024\/08\/PAK-osszoktatoi-HIRLEVEL2024.januar-KEZDOLAP_page-0001-768x1087.jpg 768w, https:\/\/semmelweis.hu\/pak\/files\/2024\/08\/PAK-osszoktatoi-HIRLEVEL2024.januar-KEZDOLAP_page-0001-1085x1536.jpg 1085w, https:\/\/semmelweis.hu\/pak\/files\/2024\/08\/PAK-osszoktatoi-HIRLEVEL2024.januar-KEZDOLAP_page-0001-753x1066.jpg 753w, https:\/\/semmelweis.hu\/pak\/files\/2024\/08\/PAK-osszoktatoi-HIRLEVEL2024.januar-KEZDOLAP_page-0001.jpg 1240w\" sizes=\"auto, (max-width: 283px) 100vw, 283px\" \/><\/a><\/p>\n<p>&nbsp;<\/p>\n<p>&nbsp;<\/p>\n<p>&nbsp;<\/p>\n<p>&nbsp;<\/p>\n<p>&nbsp;<\/p>\n<p>&nbsp;<\/p>\n<p>&nbsp;<\/p>\n<p>&nbsp;<\/p>\n<p>&nbsp;<\/p>\n<h6>\u00d6sszoktat\u00f3i h\u00edrlev\u00e9l 2023. j\u00falius<\/h6>\n<p><a href=\"https:\/\/semmelweis.hu\/pak\/files\/2023\/07\/PAK-osszoktatoi-HIRLEVEL-2023-julius.pdf\"><img loading=\"lazy\" decoding=\"async\" class=\"size-medium wp-image-10724 alignleft\" src=\"https:\/\/semmelweis.hu\/pak\/files\/2024\/08\/PAK-osszoktatoi-HIRELEVEL2023.julius-KEZDOLAP-283x400.jpg\" alt=\"\" width=\"283\" height=\"400\" srcset=\"https:\/\/semmelweis.hu\/pak\/files\/2024\/08\/PAK-osszoktatoi-HIRELEVEL2023.julius-KEZDOLAP-283x400.jpg 283w, https:\/\/semmelweis.hu\/pak\/files\/2024\/08\/PAK-osszoktatoi-HIRELEVEL2023.julius-KEZDOLAP-724x1024.jpg 724w, https:\/\/semmelweis.hu\/pak\/files\/2024\/08\/PAK-osszoktatoi-HIRELEVEL2023.julius-KEZDOLAP-768x1087.jpg 768w, https:\/\/semmelweis.hu\/pak\/files\/2024\/08\/PAK-osszoktatoi-HIRELEVEL2023.julius-KEZDOLAP-1085x1536.jpg 1085w, https:\/\/semmelweis.hu\/pak\/files\/2024\/08\/PAK-osszoktatoi-HIRELEVEL2023.julius-KEZDOLAP-753x1066.jpg 753w, https:\/\/semmelweis.hu\/pak\/files\/2024\/08\/PAK-osszoktatoi-HIRELEVEL2023.julius-KEZDOLAP.jpg 1240w\" sizes=\"auto, (max-width: 283px) 100vw, 283px\" \/><\/a><\/p>\n<p>&nbsp;<\/p>\n<p>&nbsp;<\/p>\n<p>&nbsp;<\/p>\n<p>&nbsp;<\/p>\n<p>&nbsp;<\/p>\n<p>&nbsp;<\/p>\n<p>&nbsp;<\/p>\n<p>&nbsp;<\/p>\n<p>&nbsp;<\/p>\n<h6>\u00d6sszoktat\u00f3i h\u00edrlev\u00e9l 2023. janu\u00e1r<\/h6>\n<p><a href=\"https:\/\/semmelweis.hu\/pak\/files\/2023\/02\/PAK-osszoktatoihirlevel2023.01.pdf?_gl=1*17ax0gc*_up*MQ..*_ga*MTUxNDg4NjU4NS4xNzA5ODIzNTcw*_ga_5B3MMKXDLW*MTcwOTgyMzU3MC4xLjEuMTcwOTgyMzU5Ny4wLjAuMA..\"><img loading=\"lazy\" decoding=\"async\" class=\"size-medium wp-image-10726 alignleft\" src=\"https:\/\/semmelweis.hu\/pak\/files\/2024\/08\/PAK-osszoktatoi-HIRLEVEL2023.01-januar-KEZDOLAP-283x400.jpg\" alt=\"\" width=\"283\" height=\"400\" srcset=\"https:\/\/semmelweis.hu\/pak\/files\/2024\/08\/PAK-osszoktatoi-HIRLEVEL2023.01-januar-KEZDOLAP-283x400.jpg 283w, https:\/\/semmelweis.hu\/pak\/files\/2024\/08\/PAK-osszoktatoi-HIRLEVEL2023.01-januar-KEZDOLAP-724x1024.jpg 724w, https:\/\/semmelweis.hu\/pak\/files\/2024\/08\/PAK-osszoktatoi-HIRLEVEL2023.01-januar-KEZDOLAP-768x1087.jpg 768w, https:\/\/semmelweis.hu\/pak\/files\/2024\/08\/PAK-osszoktatoi-HIRLEVEL2023.01-januar-KEZDOLAP-1085x1536.jpg 1085w, https:\/\/semmelweis.hu\/pak\/files\/2024\/08\/PAK-osszoktatoi-HIRLEVEL2023.01-januar-KEZDOLAP-753x1066.jpg 753w, https:\/\/semmelweis.hu\/pak\/files\/2024\/08\/PAK-osszoktatoi-HIRLEVEL2023.01-januar-KEZDOLAP.jpg 1240w\" sizes=\"auto, (max-width: 283px) 100vw, 283px\" \/><\/a><\/p>\n<p>&nbsp;<\/p>\n<p>&nbsp;<\/p>\n<p>&nbsp;<\/p>\n<p>&nbsp;<\/p>\n<p>&nbsp;<\/p>\n<p>&nbsp;<\/p>\n<p>&nbsp;<\/p>\n<p>&nbsp;<\/p>\n<p>&nbsp;<\/p>\n<h6>\u00d6sszoktat\u00f3i h\u00edrlev\u00e9l 2022. j\u00falius<\/h6>\n<p><a href=\"https:\/\/semmelweis.hu\/pak\/files\/2024\/03\/SE-PAK-oktatoi-hirlevel-2022.07.27-NORMAL.pdf\"><img loading=\"lazy\" decoding=\"async\" class=\"size-medium wp-image-10743 alignleft\" src=\"https:\/\/semmelweis.hu\/pak\/files\/2024\/09\/SE-PAK-oktatoi-hirlevel-2022.07.27-KEZDOLAP-JPG-283x400.jpg\" alt=\"\" width=\"283\" height=\"400\" srcset=\"https:\/\/semmelweis.hu\/pak\/files\/2024\/09\/SE-PAK-oktatoi-hirlevel-2022.07.27-KEZDOLAP-JPG-283x400.jpg 283w, https:\/\/semmelweis.hu\/pak\/files\/2024\/09\/SE-PAK-oktatoi-hirlevel-2022.07.27-KEZDOLAP-JPG-725x1024.jpg 725w, https:\/\/semmelweis.hu\/pak\/files\/2024\/09\/SE-PAK-oktatoi-hirlevel-2022.07.27-KEZDOLAP-JPG-768x1085.jpg 768w, https:\/\/semmelweis.hu\/pak\/files\/2024\/09\/SE-PAK-oktatoi-hirlevel-2022.07.27-KEZDOLAP-JPG-1087x1536.jpg 1087w, https:\/\/semmelweis.hu\/pak\/files\/2024\/09\/SE-PAK-oktatoi-hirlevel-2022.07.27-KEZDOLAP-JPG-753x1064.jpg 753w, https:\/\/semmelweis.hu\/pak\/files\/2024\/09\/SE-PAK-oktatoi-hirlevel-2022.07.27-KEZDOLAP-JPG.jpg 1241w\" sizes=\"auto, (max-width: 283px) 100vw, 283px\" \/><\/a><\/p>\n<p>&nbsp;<\/p>\n<p>&nbsp;<\/p>\n<p>&nbsp;<\/p>\n<p>&nbsp;<\/p>\n<p>&nbsp;<\/p>\n<p>&nbsp;<\/p>\n<p>&nbsp;<\/p>\n<p>&nbsp;<\/p>\n<p>&nbsp;<\/p>\n<h6>\u00d6sszoktat\u00f3i h\u00edrlev\u00e9l 2021. janu\u00e1r<\/h6>\n<p><a href=\"https:\/\/semmelweis.hu\/pak\/files\/2024\/03\/Oktatoi_Hirlevel_2_szam_bovitett-NORMAL.pdf\"><img loading=\"lazy\" decoding=\"async\" class=\"size-medium wp-image-10747 alignleft\" src=\"https:\/\/semmelweis.hu\/pak\/files\/2024\/09\/Oktatoi-Hirlevel-2-szam-KEZDOLAP-JPG-283x400.jpg\" alt=\"\" width=\"283\" height=\"400\" srcset=\"https:\/\/semmelweis.hu\/pak\/files\/2024\/09\/Oktatoi-Hirlevel-2-szam-KEZDOLAP-JPG-283x400.jpg 283w, https:\/\/semmelweis.hu\/pak\/files\/2024\/09\/Oktatoi-Hirlevel-2-szam-KEZDOLAP-JPG-724x1024.jpg 724w, https:\/\/semmelweis.hu\/pak\/files\/2024\/09\/Oktatoi-Hirlevel-2-szam-KEZDOLAP-JPG-768x1087.jpg 768w, https:\/\/semmelweis.hu\/pak\/files\/2024\/09\/Oktatoi-Hirlevel-2-szam-KEZDOLAP-JPG-1085x1536.jpg 1085w, https:\/\/semmelweis.hu\/pak\/files\/2024\/09\/Oktatoi-Hirlevel-2-szam-KEZDOLAP-JPG-753x1066.jpg 753w, https:\/\/semmelweis.hu\/pak\/files\/2024\/09\/Oktatoi-Hirlevel-2-szam-KEZDOLAP-JPG.jpg 1240w\" sizes=\"auto, (max-width: 283px) 100vw, 283px\" \/><\/a><\/p>\n<p>&nbsp;<\/p>\n<p>&nbsp;<\/p>\n<p>&nbsp;<\/p>\n<p>&nbsp;<\/p>\n<p>&nbsp;<\/p>\n<p>&nbsp;<\/p>\n<p>&nbsp;<\/p>\n<p>&nbsp;<\/p>\n<h6>\u00a0<\/h6>\n<h6 style=\"text-align: left\">\u00d6sszoktat\u00f3i h\u00edrlev\u00e9l 2020. janu\u00e1r (els\u0151 sz\u00e1m)<\/h6>\n<p><a href=\"https:\/\/semmelweis.hu\/pak\/files\/2020\/01\/oktatoi_hirlevel_2020_januar.pdf\"><img loading=\"lazy\" decoding=\"async\" class=\"size-medium wp-image-10748 alignleft\" src=\"https:\/\/semmelweis.hu\/pak\/files\/2024\/09\/Oktatoi-Hirlevel-1-szam-KEZDOLAP-JPG-283x400.jpg\" alt=\"\" width=\"283\" height=\"400\" srcset=\"https:\/\/semmelweis.hu\/pak\/files\/2024\/09\/Oktatoi-Hirlevel-1-szam-KEZDOLAP-JPG-283x400.jpg 283w, https:\/\/semmelweis.hu\/pak\/files\/2024\/09\/Oktatoi-Hirlevel-1-szam-KEZDOLAP-JPG-724x1024.jpg 724w, https:\/\/semmelweis.hu\/pak\/files\/2024\/09\/Oktatoi-Hirlevel-1-szam-KEZDOLAP-JPG-768x1086.jpg 768w, https:\/\/semmelweis.hu\/pak\/files\/2024\/09\/Oktatoi-Hirlevel-1-szam-KEZDOLAP-JPG-1086x1536.jpg 1086w, https:\/\/semmelweis.hu\/pak\/files\/2024\/09\/Oktatoi-Hirlevel-1-szam-KEZDOLAP-JPG-753x1065.jpg 753w, https:\/\/semmelweis.hu\/pak\/files\/2024\/09\/Oktatoi-Hirlevel-1-szam-KEZDOLAP-JPG.jpg 1241w\" sizes=\"auto, (max-width: 283px) 100vw, 283px\" \/><\/a><\/p>\n<p>&nbsp;<\/p>\n<p>&nbsp;<\/p>\n<p>&nbsp;<\/p>\n<p>&nbsp;<\/p>\n<p>&nbsp;<\/p>\n<p>&nbsp;<\/p>\n<p>&nbsp;<\/p>\n<p>&nbsp;<\/p>\n<p>&nbsp;<\/p>\n","protected":false},"excerpt":{"rendered":"<p>OKTAT\u00d3I H\u00cdRLEV\u00c9L \u00a0 2020. janu\u00e1rj\u00e1ban ind\u00edtottuk \u00fatj\u00e1ra a Pet\u0151 Andr\u00e1s Kar \u00d6sszoktat\u00f3i h\u00edrlevel\u00e9t. Az elektronikus kiadv\u00e1nnyal az volt a c\u00e9lunk, hogy minden szemeszterben, az id\u0151szak v\u00e9g\u00e9n t\u00f6m\u00f6r, \u00f6sszefoglal\u00f3 tartalommal t\u00e1j\u00e9koztat\u00e1st ny\u00fajtsunk az eltelt n\u00e9h\u00e1ny h\u00f3nap legfontosabb oktat\u00e1si vagy azzal \u00f6sszef\u00fcgg\u0151 esem\u00e9nyeir\u0151l, h\u00edreir\u0151l. Id\u0151k\u00f6zben egyre t\u00f6bb, sz\u00ednes inform\u00e1ci\u00f3 ker\u00fclt be a h\u00edrlevelekbe a PAK \u00e9let\u00e9b\u0151l, egyre &hellip;<\/p>\n","protected":false},"author":102235,"featured_media":0,"parent":3258,"menu_order":7,"comment_status":"closed","ping_status":"closed","template":"","meta":{"_acf_changed":false,"footnotes":""},"categories":[],"tags":[549],"class_list":["post-10083","page","type-page","status-publish","hentry","tag-osszoktatoi-hirlevel"],"acf":[],"_links":{"self":[{"href":"https:\/\/semmelweis.hu\/pak\/wp-json\/wp\/v2\/pages\/10083","targetHints":{"allow":["GET"]}}],"collection":[{"href":"https:\/\/semmelweis.hu\/pak\/wp-json\/wp\/v2\/pages"}],"about":[{"href":"https:\/\/semmelweis.hu\/pak\/wp-json\/wp\/v2\/types\/page"}],"author":[{"embeddable":true,"href":"https:\/\/semmelweis.hu\/pak\/wp-json\/wp\/v2\/users\/102235"}],"replies":[{"embeddable":true,"href":"https:\/\/semmelweis.hu\/pak\/wp-json\/wp\/v2\/comments?post=10083"}],"version-history":[{"count":10,"href":"https:\/\/semmelweis.hu\/pak\/wp-json\/wp\/v2\/pages\/10083\/revisions"}],"predecessor-version":[{"id":12264,"href":"https:\/\/semmelweis.hu\/pak\/wp-json\/wp\/v2\/pages\/10083\/revisions\/12264"}],"up":[{"embeddable":true,"href":"https:\/\/semmelweis.hu\/pak\/wp-json\/wp\/v2\/pages\/3258"}],"wp:attachment":[{"href":"https:\/\/semmelweis.hu\/pak\/wp-json\/wp\/v2\/media?parent=10083"}],"wp:term":[{"taxonomy":"category","embeddable":true,"href":"https:\/\/semmelweis.hu\/pak\/wp-json\/wp\/v2\/categories?post=10083"},{"taxonomy":"post_tag","embeddable":true,"href":"https:\/\/semmelweis.hu\/pak\/wp-json\/wp\/v2\/tags?post=10083"}],"curies":[{"name":"wp","href":"https:\/\/api.w.org\/{rel}","templated":true}]}}