{"id":786,"date":"2016-11-23T14:18:50","date_gmt":"2016-11-23T13:18:50","guid":{"rendered":"http:\/\/semmelweis.hu\/ovoda\/?page_id=786"},"modified":"2024-09-06T07:57:43","modified_gmt":"2024-09-06T05:57:43","slug":"beszoktatas-3","status":"publish","type":"page","link":"https:\/\/semmelweis.hu\/ovoda\/szuloknek\/beszoktatas-3\/","title":{"rendered":"Beszoktat\u00e1s"},"content":{"rendered":"<p style=\"text-align: justify\">\u00d3vod\u00e1nkban a fokozatos beszoktat\u00e1st r\u00e9szes\u00edtj\u00fck el\u0151nyben, mely \u00fagy v\u00e9lj\u00fck, hogy mind a gyermekeknek, mind a sz\u00fcl\u0151knek megk\u00f6nny\u00edti az \u00f3vodakezd\u00e9st, a sz\u00fcl\u0151r\u0151l val\u00f3 lev\u00e1l\u00e1st. Ennek id\u0151tartam\u00e1t rugalmasan a gyermekek ig\u00e9nyeihez igaz\u00edtjuk, olyan \u00e9rzelmileg biztons\u00e1got ny\u00fajt\u00f3, szeretetteljes, befogad\u00f3 l\u00e9gk\u00f6rt teremt\u00fcnk, melynek sor\u00e1n a gyermekek r\u00f6vid id\u0151n bel\u00fcl bizalommal fordulnak fel\u00e9nk.<\/p>\n<p>Az els\u0151 h\u00e9ten az \u00f3vod\u00e1ban t\u00f6lt\u00f6tt id\u0151tartamot fokozatosan n\u00f6velj\u00fck.<\/p>\n<p>Az \u00e9v k\u00f6zben \u00e9rkez\u0151 gyermekek fogad\u00e1sa is a fokozatos beszoktat\u00e1s elv\u00e9nek megtart\u00e1s\u00e1val zajlik.<\/p>\n<p>A kiscsoportosok z\u00f6mmel szeptember els\u0151 het\u00e9ben kezdik az \u00f3vod\u00e1t.<\/p>\n","protected":false},"excerpt":{"rendered":"<p>\u00d3vod\u00e1nkban a fokozatos beszoktat\u00e1st r\u00e9szes\u00edtj\u00fck el\u0151nyben, mely \u00fagy v\u00e9lj\u00fck, hogy mind a gyermekeknek, mind a sz\u00fcl\u0151knek megk\u00f6nny\u00edti az \u00f3vodakezd\u00e9st, a sz\u00fcl\u0151r\u0151l val\u00f3 lev\u00e1l\u00e1st. Ennek id\u0151tartam\u00e1t rugalmasan a gyermekek ig\u00e9nyeihez igaz\u00edtjuk, olyan \u00e9rzelmileg biztons\u00e1got ny\u00fajt\u00f3, szeretetteljes, befogad\u00f3 l\u00e9gk\u00f6rt teremt\u00fcnk, melynek sor\u00e1n a gyermekek r\u00f6vid id\u0151n bel\u00fcl bizalommal fordulnak fel\u00e9nk. Az els\u0151 h\u00e9ten az \u00f3vod\u00e1ban t\u00f6lt\u00f6tt id\u0151tartamot &hellip;<\/p>\n","protected":false},"author":344,"featured_media":0,"parent":107,"menu_order":0,"comment_status":"closed","ping_status":"closed","template":"","meta":{"_acf_changed":false,"footnotes":""},"categories":[],"tags":[],"class_list":["post-786","page","type-page","status-publish","hentry"],"acf":[],"_links":{"self":[{"href":"https:\/\/semmelweis.hu\/ovoda\/wp-json\/wp\/v2\/pages\/786","targetHints":{"allow":["GET"]}}],"collection":[{"href":"https:\/\/semmelweis.hu\/ovoda\/wp-json\/wp\/v2\/pages"}],"about":[{"href":"https:\/\/semmelweis.hu\/ovoda\/wp-json\/wp\/v2\/types\/page"}],"author":[{"embeddable":true,"href":"https:\/\/semmelweis.hu\/ovoda\/wp-json\/wp\/v2\/users\/344"}],"replies":[{"embeddable":true,"href":"https:\/\/semmelweis.hu\/ovoda\/wp-json\/wp\/v2\/comments?post=786"}],"version-history":[{"count":5,"href":"https:\/\/semmelweis.hu\/ovoda\/wp-json\/wp\/v2\/pages\/786\/revisions"}],"predecessor-version":[{"id":2056,"href":"https:\/\/semmelweis.hu\/ovoda\/wp-json\/wp\/v2\/pages\/786\/revisions\/2056"}],"up":[{"embeddable":true,"href":"https:\/\/semmelweis.hu\/ovoda\/wp-json\/wp\/v2\/pages\/107"}],"wp:attachment":[{"href":"https:\/\/semmelweis.hu\/ovoda\/wp-json\/wp\/v2\/media?parent=786"}],"wp:term":[{"taxonomy":"category","embeddable":true,"href":"https:\/\/semmelweis.hu\/ovoda\/wp-json\/wp\/v2\/categories?post=786"},{"taxonomy":"post_tag","embeddable":true,"href":"https:\/\/semmelweis.hu\/ovoda\/wp-json\/wp\/v2\/tags?post=786"}],"curies":[{"name":"wp","href":"https:\/\/api.w.org\/{rel}","templated":true}]}}