{"id":1560,"date":"2020-03-12T12:43:40","date_gmt":"2020-03-12T11:43:40","guid":{"rendered":"http:\/\/semmelweis.hu\/ovoda\/?page_id=1560"},"modified":"2025-10-30T09:11:23","modified_gmt":"2025-10-30T08:11:23","slug":"szuloknek-kiegeszito-programjaink","status":"publish","type":"page","link":"https:\/\/semmelweis.hu\/ovoda\/szuloknek\/szuloknek-kiegeszito-programjaink\/","title":{"rendered":"Kieg\u00e9sz\u00edt\u0151 programjaink"},"content":{"rendered":"<p>K\u00f6rnyezetv\u00e9delmi jeles napokhoz \u00e9s n\u00e9phagyom\u00e1ny\u0151rz\u0151 jeles napokhoz kapcsol\u00f3d\u00f3 kieg\u00e9sz\u00edt\u0151 programok.<\/p>\n<p>Felz\u00e1rk\u00f3ztat\u00e1s \u00e9s tehets\u00e9gt\u00e1mogat\u00e1s:<\/p>\n<ul>\n<li>Okosodjunk j\u00e1t\u00e9k k\u00f6zben &#8211; iskola el\u0151k\u00e9sz\u00edt\u0151 foglalkoz\u00e1s<\/li>\n<li>Kis tud\u00f3s klub &#8211; k\u00f6rnyezeti-term\u00e9szeti foglalkoz\u00e1s<\/li>\n<li>Sz\u00e1mok-form\u00e1k j\u00e1t\u00e9kosan\u00a0<\/li>\n<li>J\u00e1t\u00e9kos tart\u00e1sjav\u00edt\u00f3-\u00e9s l\u00e1btorna<\/li>\n<li>Mes\u00e9kkel j\u00e1t\u00e9kosan az \u00e9rzelmek vil\u00e1g\u00e1ba<\/li>\n<li>BOSU &#8211; mozg\u00e1sos komplex fejleszt\u0151 foglalkoz\u00e1s\u00a0<\/li>\n<li>\u00dasz\u00e1s<\/li>\n<\/ul>\n","protected":false},"excerpt":{"rendered":"<p>K\u00f6rnyezetv\u00e9delmi jeles napokhoz \u00e9s n\u00e9phagyom\u00e1ny\u0151rz\u0151 jeles napokhoz kapcsol\u00f3d\u00f3 kieg\u00e9sz\u00edt\u0151 programok.<br \/>\nFelz\u00e1rk\u00f3ztat\u00e1s \u00e9s tehets\u00e9gt\u00e1mogat\u00e1s:<\/p>\n<p>Okosodjunk j\u00e1t\u00e9k k\u00f6zben &#8211; iskola el\u0151k\u00e9sz\u00edt\u0151 foglalkoz\u00e1s<br \/>\nKis tud\u00f3s klub &#8211; k\u00f6rnyezeti-term\u00e9szeti foglalkoz\u00e1s<br \/>\nSz\u00e1mok-form\u00e1k j\u00e1t\u00e9kosan\u00a0<br \/>\nJ\u00e1t\u00e9kos tart\u00e1sjav\u00edt\u00f3-\u00e9s l\u00e1btorna<br \/>\nMes\u00e9kkel j\u00e1t\u00e9kosan az \u00e9rzelmek vil\u00e1g\u00e1ba<br \/>\nBOSU &#8211; mozg\u00e1sos komplex fejleszt\u0151 foglalkoz\u00e1s\u00a0<br \/>\n\u00dasz\u00e1s<\/p>\n","protected":false},"author":101626,"featured_media":0,"parent":107,"menu_order":0,"comment_status":"closed","ping_status":"closed","template":"","meta":{"_acf_changed":false,"footnotes":""},"categories":[],"tags":[],"class_list":["post-1560","page","type-page","status-publish","hentry"],"acf":[],"_links":{"self":[{"href":"https:\/\/semmelweis.hu\/ovoda\/wp-json\/wp\/v2\/pages\/1560","targetHints":{"allow":["GET"]}}],"collection":[{"href":"https:\/\/semmelweis.hu\/ovoda\/wp-json\/wp\/v2\/pages"}],"about":[{"href":"https:\/\/semmelweis.hu\/ovoda\/wp-json\/wp\/v2\/types\/page"}],"author":[{"embeddable":true,"href":"https:\/\/semmelweis.hu\/ovoda\/wp-json\/wp\/v2\/users\/101626"}],"replies":[{"embeddable":true,"href":"https:\/\/semmelweis.hu\/ovoda\/wp-json\/wp\/v2\/comments?post=1560"}],"version-history":[{"count":7,"href":"https:\/\/semmelweis.hu\/ovoda\/wp-json\/wp\/v2\/pages\/1560\/revisions"}],"predecessor-version":[{"id":2132,"href":"https:\/\/semmelweis.hu\/ovoda\/wp-json\/wp\/v2\/pages\/1560\/revisions\/2132"}],"up":[{"embeddable":true,"href":"https:\/\/semmelweis.hu\/ovoda\/wp-json\/wp\/v2\/pages\/107"}],"wp:attachment":[{"href":"https:\/\/semmelweis.hu\/ovoda\/wp-json\/wp\/v2\/media?parent=1560"}],"wp:term":[{"taxonomy":"category","embeddable":true,"href":"https:\/\/semmelweis.hu\/ovoda\/wp-json\/wp\/v2\/categories?post=1560"},{"taxonomy":"post_tag","embeddable":true,"href":"https:\/\/semmelweis.hu\/ovoda\/wp-json\/wp\/v2\/tags?post=1560"}],"curies":[{"name":"wp","href":"https:\/\/api.w.org\/{rel}","templated":true}]}}