{"id":154,"date":"2015-02-06T14:15:36","date_gmt":"2015-02-06T13:15:36","guid":{"rendered":"http:\/\/semmelweis.hu\/ovoda\/?page_id=154"},"modified":"2025-10-30T10:26:02","modified_gmt":"2025-10-30T09:26:02","slug":"nevelesi-ev-rendje","status":"publish","type":"page","link":"https:\/\/semmelweis.hu\/ovoda\/szuloknek\/nevelesi-ev-rendje\/","title":{"rendered":"Nevel\u00e9si \u00e9v rendje"},"content":{"rendered":"<p>NEVEL\u00c9SI \u00c9V RENDJE<br \/>\n2025\/2026 NEVEL\u00c9SI \u00c9V<br \/>\nNevel\u00e9s n\u00e9lk\u00fcli munkanapok<br \/>\n&#8211; 2025.10.17. (p\u00e9ntek)<br \/>\n&#8211; 2025.12.19. (p\u00e9ntek)<br \/>\n&#8211; 2026.02.06. (p\u00e9ntek)<br \/>\n&#8211; 2026.06.12. (p\u00e9ntek)<br \/>\n&#8211; 2026.08.28. (p\u00e9ntek)<\/p>\n<p>Tervezett t\u00e9li z\u00e1r\u00e1s: 2025.12.22.- 2026.01.02. <br \/>\nTervezett ny\u00e1ri z\u00e1r\u00e1s: 2026.07.24.-2026.08.24.<br \/>\n\u00c9vnyit\u00f3 sz\u00fcl\u0151i \u00e9rtekezlet:<br \/>\n&#8211; 2025.09.11.<\/p>\n<p>Ny\u00edlt napok (a m\u00e1r jogviszonnyal rendelkez\u0151 \u00f3vod\u00e1s gyermekek sz\u00fclei r\u00e9sz\u00e9re):<br \/>\n&#8211; S\u00fcni csoport \u2013 2026.01.27. 8.30 -10.30 <br \/>\n&#8211; Katica csoport \u2013 2026.01.29. 8.30 -10.30 <br \/>\n&#8211; Maci csoport \u2013 2026.01.29. 8.30-10.30<\/p>\n<p>Csal\u00e1dokkal k\u00f6z\u00f6s programjaink:<\/p>\n<p>M\u00e1rton napi l\u00e1mp\u00e1s felvonul\u00e1s &#8211; 2025. november 11. 17 \u00f3r\u00e1t\u00f3l<\/p>\n<p>Luca napi v\u00e1s\u00e1r &#8211; 2025. december 12. d\u00e9lut\u00e1n<\/p>\n<p>K\u00f6z\u00f6s csal\u00e1di kar\u00e1csony &#8211; 2025. december 18. 16 \u00f3r\u00e1t\u00f3l<\/p>\n<p>Any\u00e1k napja &#8211; 2026. \u00e1prilis 30.<\/p>\n<p>Csal\u00e1di kir\u00e1ndul\u00e1s &#8211; 2026.05.22.<\/p>\n<p>\u00c9vz\u00e1r\u00f3-ballag\u00e1s &#8211; 2026. 06.11. 16 \u00f3r\u00e1t\u00f3l<\/p>\n<p>Ap\u00e1k napi k\u00f6sz\u00f6nt\u00e9s &#8211; csal\u00e1di piknik 2026.06.18. SE Sporttelep<\/p>\n<p>A r\u00e9szletes programnapt\u00e1rat a &#8222;dokumentumok&#8221; oldalon megtekinthetik.\u00a0<\/p>\n<p>&nbsp;<\/p>\n<p>&nbsp;<\/p>\n","protected":false},"excerpt":{"rendered":"<p>NEVEL\u00c9SI \u00c9V RENDJE 2025\/2026 NEVEL\u00c9SI \u00c9V Nevel\u00e9s n\u00e9lk\u00fcli munkanapok &#8211; 2025.10.17. (p\u00e9ntek) &#8211; 2025.12.19. (p\u00e9ntek) &#8211; 2026.02.06. (p\u00e9ntek) &#8211; 2026.06.12. (p\u00e9ntek) &#8211; 2026.08.28. (p\u00e9ntek) Tervezett t\u00e9li z\u00e1r\u00e1s: 2025.12.22.- 2026.01.02. Tervezett ny\u00e1ri z\u00e1r\u00e1s: 2026.07.24.-2026.08.24. \u00c9vnyit\u00f3 sz\u00fcl\u0151i \u00e9rtekezlet: &#8211; 2025.09.11. Ny\u00edlt napok (a m\u00e1r jogviszonnyal rendelkez\u0151 \u00f3vod\u00e1s gyermekek sz\u00fclei r\u00e9sz\u00e9re): &#8211; S\u00fcni csoport \u2013 2026.01.27. 8.30 -10.30 &hellip;<\/p>\n","protected":false},"author":344,"featured_media":0,"parent":107,"menu_order":2,"comment_status":"closed","ping_status":"closed","template":"","meta":{"_acf_changed":false,"footnotes":""},"categories":[],"tags":[],"class_list":["post-154","page","type-page","status-publish","hentry"],"acf":[],"_links":{"self":[{"href":"https:\/\/semmelweis.hu\/ovoda\/wp-json\/wp\/v2\/pages\/154","targetHints":{"allow":["GET"]}}],"collection":[{"href":"https:\/\/semmelweis.hu\/ovoda\/wp-json\/wp\/v2\/pages"}],"about":[{"href":"https:\/\/semmelweis.hu\/ovoda\/wp-json\/wp\/v2\/types\/page"}],"author":[{"embeddable":true,"href":"https:\/\/semmelweis.hu\/ovoda\/wp-json\/wp\/v2\/users\/344"}],"replies":[{"embeddable":true,"href":"https:\/\/semmelweis.hu\/ovoda\/wp-json\/wp\/v2\/comments?post=154"}],"version-history":[{"count":11,"href":"https:\/\/semmelweis.hu\/ovoda\/wp-json\/wp\/v2\/pages\/154\/revisions"}],"predecessor-version":[{"id":2142,"href":"https:\/\/semmelweis.hu\/ovoda\/wp-json\/wp\/v2\/pages\/154\/revisions\/2142"}],"up":[{"embeddable":true,"href":"https:\/\/semmelweis.hu\/ovoda\/wp-json\/wp\/v2\/pages\/107"}],"wp:attachment":[{"href":"https:\/\/semmelweis.hu\/ovoda\/wp-json\/wp\/v2\/media?parent=154"}],"wp:term":[{"taxonomy":"category","embeddable":true,"href":"https:\/\/semmelweis.hu\/ovoda\/wp-json\/wp\/v2\/categories?post=154"},{"taxonomy":"post_tag","embeddable":true,"href":"https:\/\/semmelweis.hu\/ovoda\/wp-json\/wp\/v2\/tags?post=154"}],"curies":[{"name":"wp","href":"https:\/\/api.w.org\/{rel}","templated":true}]}}