{"id":1351,"date":"2019-03-26T14:20:42","date_gmt":"2019-03-26T13:20:42","guid":{"rendered":"http:\/\/semmelweis.hu\/ovoda\/?page_id=1351"},"modified":"2025-10-30T09:52:32","modified_gmt":"2025-10-30T08:52:32","slug":"beiratkozas","status":"publish","type":"page","link":"https:\/\/semmelweis.hu\/ovoda\/szuloknek\/beiratkozas\/","title":{"rendered":"Beiratkoz\u00e1s"},"content":{"rendered":"<p>KEDVES SZ\u00dcL\u0150K!<\/p>\n<p>A 2026\/2027-ES NEVEL\u00c9SI \u00c9VRE VAL\u00d3 BEIRATKOZ\u00c1S AZ AL\u00c1BBIAK SZERINT ALAKUL:<\/p>\n<p>A BEIRATKOZ\u00c1ST ELEKTRONIKUS \u00daTON IS MEGTEHETIK, VAGY SZEM\u00c9LYESEN IS LEADHATJ\u00c1K AZ INT\u00c9ZM\u00c9NYBEN A FELV\u00c9TELI DOKUMENTUMOKAT.<\/p>\n<p>\u00d3VOD\u00c1NKBAN SZ\u00cdVESEN L\u00c1TJUK AZ \u00daJ GYERMEKEKET \u00c9S SZ\u00dcLEIKET EGY R\u00d6VID ISMERKED\u00c9SRE, BESZ\u00c9LGET\u00c9SRE EL\u0150RE EGYEZTETETT ID\u0150PONTBAN VAGY TAVASZI NY\u00cdLT NAPUNKON 2026. \u00c1PRILIS 16. D\u00c9LEL\u0150TT 10 \u00d3R\u00c1T\u00d3L.<\/p>\n<p>\u00a0A MEGADOTT LINKEN TAL\u00c1LJ\u00c1K A BEIRATKOZ\u00c1SHOZ SZ\u00dcKS\u00c9GES FELV\u00c9TELI DOKUMENT\u00c1CI\u00d3T, MELYET KIT\u00d6LTVE \u00c9S AL\u00c1\u00cdRVA, AZ\u00a0<a href=\"ovoda@semmelweis.hu\">ovoda@semmelweis.hu<\/a> C\u00cdMRE LEGYENEK KEDVESEK ELK\u00dcLDENI !<\/p>\n<p>AZ \u00daJ GYERMEKEK SZ\u00dcLEINEK 2026. 08. 28-\u00c1N (p\u00e9nteken) 16 \u00d3R\u00c1T\u00d3L SZ\u00dcL\u0150I \u00c9RTEKEZLETET TARTUNK AZ \u00d3VOD\u00c1BAN.<\/p>\n<p>A linkre kattintva let\u00f6lthet\u0151 a dokumentum.<\/p>\n<p><a href=\"https:\/\/semmelweis.hu\/ovoda\/files\/2021\/03\/\u00f3vodai-felv\u00e9teli-dokument\u00e1ci\u00f3.pdf\">\u00f3vodai felv\u00e9teli dokument\u00e1ci\u00f3<\/a><\/p>\n<p>&nbsp;<\/p>\n","protected":false},"excerpt":{"rendered":"<p>KEDVES SZ\u00dcL\u0150K! A 2026\/2027-ES NEVEL\u00c9SI \u00c9VRE VAL\u00d3 BEIRATKOZ\u00c1S AZ AL\u00c1BBIAK SZERINT ALAKUL: A BEIRATKOZ\u00c1ST ELEKTRONIKUS \u00daTON IS MEGTEHETIK, VAGY SZEM\u00c9LYESEN IS LEADHATJ\u00c1K AZ INT\u00c9ZM\u00c9NYBEN A FELV\u00c9TELI DOKUMENTUMOKAT. \u00d3VOD\u00c1NKBAN SZ\u00cdVESEN L\u00c1TJUK AZ \u00daJ GYERMEKEKET \u00c9S SZ\u00dcLEIKET EGY R\u00d6VID ISMERKED\u00c9SRE, BESZ\u00c9LGET\u00c9SRE EL\u0150RE EGYEZTETETT ID\u0150PONTBAN VAGY TAVASZI NY\u00cdLT NAPUNKON 2026. \u00c1PRILIS 16. D\u00c9LEL\u0150TT 10 \u00d3R\u00c1T\u00d3L. \u00a0A MEGADOTT LINKEN &hellip;<\/p>\n","protected":false},"author":344,"featured_media":0,"parent":107,"menu_order":1,"comment_status":"closed","ping_status":"closed","template":"","meta":{"_acf_changed":false,"footnotes":""},"categories":[],"tags":[],"class_list":["post-1351","page","type-page","status-publish","hentry"],"acf":[],"_links":{"self":[{"href":"https:\/\/semmelweis.hu\/ovoda\/wp-json\/wp\/v2\/pages\/1351","targetHints":{"allow":["GET"]}}],"collection":[{"href":"https:\/\/semmelweis.hu\/ovoda\/wp-json\/wp\/v2\/pages"}],"about":[{"href":"https:\/\/semmelweis.hu\/ovoda\/wp-json\/wp\/v2\/types\/page"}],"author":[{"embeddable":true,"href":"https:\/\/semmelweis.hu\/ovoda\/wp-json\/wp\/v2\/users\/344"}],"replies":[{"embeddable":true,"href":"https:\/\/semmelweis.hu\/ovoda\/wp-json\/wp\/v2\/comments?post=1351"}],"version-history":[{"count":10,"href":"https:\/\/semmelweis.hu\/ovoda\/wp-json\/wp\/v2\/pages\/1351\/revisions"}],"predecessor-version":[{"id":2138,"href":"https:\/\/semmelweis.hu\/ovoda\/wp-json\/wp\/v2\/pages\/1351\/revisions\/2138"}],"up":[{"embeddable":true,"href":"https:\/\/semmelweis.hu\/ovoda\/wp-json\/wp\/v2\/pages\/107"}],"wp:attachment":[{"href":"https:\/\/semmelweis.hu\/ovoda\/wp-json\/wp\/v2\/media?parent=1351"}],"wp:term":[{"taxonomy":"category","embeddable":true,"href":"https:\/\/semmelweis.hu\/ovoda\/wp-json\/wp\/v2\/categories?post=1351"},{"taxonomy":"post_tag","embeddable":true,"href":"https:\/\/semmelweis.hu\/ovoda\/wp-json\/wp\/v2\/tags?post=1351"}],"curies":[{"name":"wp","href":"https:\/\/api.w.org\/{rel}","templated":true}]}}