{"id":111,"date":"2015-01-20T14:01:05","date_gmt":"2015-01-20T13:01:05","guid":{"rendered":"http:\/\/semmelweis.hu\/ovoda\/?page_id=111"},"modified":"2025-02-04T10:29:20","modified_gmt":"2025-02-04T09:29:20","slug":"nevelesi-celkituzeseink","status":"publish","type":"page","link":"https:\/\/semmelweis.hu\/ovoda\/nevelesi-celkituzeseink\/","title":{"rendered":"Nevel\u00e9si c\u00e9lkit\u0171z\u00e9seink"},"content":{"rendered":"<p>A gyermekek sz\u00e1m\u00e1ra \u00e9rt\u00e9ket k\u00f6zvet\u00edteni, megmutatni \u00e9s megl\u00e1ttatni a vil\u00e1g sz\u00e9ps\u00e9geit \u00e9s csod\u00e1it&#8230;. ez a k\u00fcldet\u00e9s\u00fcnk!<\/p>\n<p style=\"text-align: justify\">A tev\u00e9kenys\u00e9geket, programokat az \u00e9lm\u00e9ny-projekt-\u00e9s differenci\u00e1l\u00f3 pedag\u00f3gia elveinek alkalmaz\u00e1s\u00e1val szervezz\u00fck, tervezz\u00fck, \u00edgy lehet\u0151v\u00e9 v\u00e1lik, hogy pedag\u00f3gusaink rugalmasan, a gyermekek egy\u00e9ni fejletts\u00e9g\u00e9hez igaz\u00edts\u00e1k a tematik\u00e1t. A tev\u00e9kenys\u00e9gek sor\u00e1n felhaszn\u00e1ljuk a gyermekek sz\u00e1m\u00e1ra is befogadhat\u00f3 IKT eszk\u00f6z\u00f6ket (robotika alapjai), koruknak megfelel\u0151 m\u00f3don megalapozva digit\u00e1lis kompetenci\u00e1jukat. T\u00f6reksz\u00fcnk a vil\u00e1g v\u00e1ltoz\u00e1saihoz kapcsol\u00f3d\u00f3 &#8222;hasznos&#8221; tud\u00e1s \u00e1tad\u00e1s\u00e1ra, a k\u00e9pess\u00e9gek \u00e9s kompetenci\u00e1k &#8211; kiemelten a szoci\u00e1lis kompetenci\u00e1k &#8211; fejleszt\u00e9s\u00e9re. Nagy hangs\u00falyt fektet\u00fcnk a mindennapi nevel\u0151 munk\u00e1nkban az eg\u00e9szs\u00e9ges \u00e9letm\u00f3d alak\u00edt\u00e1s\u00e1ra, a mozg\u00e1s fontoss\u00e1g\u00e1ra, a k\u00f6rnyezettudatos gondolkod\u00e1s \u00e9s a k\u00f6rnyezetv\u00e9delem megalapoz\u00e1s\u00e1ra, valamint a z\u00f6ld jeles napokhoz \u00e9s a n\u00e9phagyom\u00e1ny\u0151rz\u0151 jeles napokhoz kapcsol\u00f3d\u00f3 t\u00e9m\u00e1k, programok, \u00e9lm\u00e9nyek \u00e1ltali ismeretny\u00fajt\u00e1sra. Programjainkba bevonjuk a sz\u00fcl\u0151ket is, akik r\u00e9szv\u00e9tel\u00fckkel, t\u00e1mogat\u00e1sukkal seg\u00edtik a gyermekek\u00e9rt v\u00e9gzett munk\u00e1nkat. Pedag\u00f3gusaink k\u00e9pezetts\u00e9g\u00fckkel, szem\u00e9lyis\u00e9g\u00fckkel hozz\u00e1j\u00e1rulnak, hogy az \u00f3vod\u00e1ban t\u00f6lt\u00f6tt mindennapok sor\u00e1n akt\u00edv, nyitott, empatikus, hagyom\u00e1nyokat tisztel\u0151 \u00e9s \u00e1pol\u00f3, \u00e9rdekl\u0151d\u0151 gyermekeket neveljenek, tiszteletben tartva a csal\u00e1di nevel\u00e9s saj\u00e1toss\u00e1gait. Nevel\u00e9s\u00fcnk fontos elemei: az emp\u00e1tia, a k\u00f6vetkezetess\u00e9g, a t\u00fcrelem, a szeretet, a j\u00e1t\u00e9koss\u00e1g \u00e9s a humor.\u00a0<\/p>\n<p>&nbsp;<\/p>\n<p>&nbsp;<\/p>\n<p>&nbsp;<\/p>\n","protected":false},"excerpt":{"rendered":"<p>A gyermekek sz\u00e1m\u00e1ra \u00e9rt\u00e9ket k\u00f6zvet\u00edteni, megmutatni \u00e9s megl\u00e1ttatni a vil\u00e1g sz\u00e9ps\u00e9geit \u00e9s csod\u00e1it&#8230;. ez a k\u00fcldet\u00e9s\u00fcnk! A tev\u00e9kenys\u00e9geket, programokat az \u00e9lm\u00e9ny-projekt-\u00e9s differenci\u00e1l\u00f3 pedag\u00f3gia elveinek alkalmaz\u00e1s\u00e1val szervezz\u00fck, tervezz\u00fck, \u00edgy lehet\u0151v\u00e9 v\u00e1lik, hogy pedag\u00f3gusaink rugalmasan, a gyermekek egy\u00e9ni fejletts\u00e9g\u00e9hez igaz\u00edts\u00e1k a tematik\u00e1t. A tev\u00e9kenys\u00e9gek sor\u00e1n felhaszn\u00e1ljuk a gyermekek sz\u00e1m\u00e1ra is befogadhat\u00f3 IKT eszk\u00f6z\u00f6ket (robotika alapjai), koruknak megfelel\u0151 &hellip;<\/p>\n","protected":false},"author":344,"featured_media":0,"parent":0,"menu_order":2,"comment_status":"open","ping_status":"closed","template":"","meta":{"_acf_changed":false,"footnotes":""},"categories":[],"tags":[],"class_list":["post-111","page","type-page","status-publish","hentry"],"acf":[],"_links":{"self":[{"href":"https:\/\/semmelweis.hu\/ovoda\/wp-json\/wp\/v2\/pages\/111","targetHints":{"allow":["GET"]}}],"collection":[{"href":"https:\/\/semmelweis.hu\/ovoda\/wp-json\/wp\/v2\/pages"}],"about":[{"href":"https:\/\/semmelweis.hu\/ovoda\/wp-json\/wp\/v2\/types\/page"}],"author":[{"embeddable":true,"href":"https:\/\/semmelweis.hu\/ovoda\/wp-json\/wp\/v2\/users\/344"}],"replies":[{"embeddable":true,"href":"https:\/\/semmelweis.hu\/ovoda\/wp-json\/wp\/v2\/comments?post=111"}],"version-history":[{"count":7,"href":"https:\/\/semmelweis.hu\/ovoda\/wp-json\/wp\/v2\/pages\/111\/revisions"}],"predecessor-version":[{"id":2091,"href":"https:\/\/semmelweis.hu\/ovoda\/wp-json\/wp\/v2\/pages\/111\/revisions\/2091"}],"wp:attachment":[{"href":"https:\/\/semmelweis.hu\/ovoda\/wp-json\/wp\/v2\/media?parent=111"}],"wp:term":[{"taxonomy":"category","embeddable":true,"href":"https:\/\/semmelweis.hu\/ovoda\/wp-json\/wp\/v2\/categories?post=111"},{"taxonomy":"post_tag","embeddable":true,"href":"https:\/\/semmelweis.hu\/ovoda\/wp-json\/wp\/v2\/tags?post=111"}],"curies":[{"name":"wp","href":"https:\/\/api.w.org\/{rel}","templated":true}]}}