{"id":107,"date":"2015-01-20T13:58:27","date_gmt":"2015-01-20T12:58:27","guid":{"rendered":"http:\/\/semmelweis.hu\/ovoda\/?page_id=107"},"modified":"2025-10-30T09:29:08","modified_gmt":"2025-10-30T08:29:08","slug":"szuloknek","status":"publish","type":"page","link":"https:\/\/semmelweis.hu\/ovoda\/szuloknek\/","title":{"rendered":"Sz\u00fcl\u0151knek"},"content":{"rendered":"<p>Kedves Sz\u00fcl\u0151k!<\/p>\n<p style=\"text-align: justify\">B\u00fcszk\u00e9k vagyunk az \u00f3vod\u00e1ra, melyben dolgozunk, sokat tett\u00fcnk, tesz\u00fcnk az\u00e9rt, hogy minden szeglete \u00e9s a nap minden perce olyan legyen, amelyben gyermekeik j\u00f3l \u00e9rzik magukat. Csak olyan szab\u00e1lyokat \u00e1ll\u00edtunk fel, melyek az eligazod\u00e1st, a biztons\u00e1gos egy\u00fcttl\u00e9tet eredm\u00e9nyezik.<\/p>\n<p style=\"text-align: justify\">\u00d6r\u00fcl\u00fcnk a minket m\u00e1r ismer\u0151 sz\u00fcl\u0151k kedves, megel\u00e9gedett mondataira, \u00e9s a sok aj\u00e1nl\u00e1sra, melyet r\u00f3lunk mondanak.<\/p>\n<p style=\"text-align: justify\">Nevel\u0151test\u00fclet\u00fcnk az\u00e9rt dolgozik, hogy \u00f3vod\u00e1nk a meg\u00e9rt\u00e9s, az egym\u00e1s ir\u00e1nti tisztelet, t\u00fcrelem \u00e9s a vid\u00e1ms\u00e1g szigete legyen. Ahol a gyermekek napjuk nagy r\u00e9sz\u00e9t \u00f6r\u00f6mmel, \u00f6nfeledt, tartalmas j\u00e1t\u00e9kkal t\u00f6ltik, kreat\u00edv &#8211; szakmailag mindig meg\u00fajulni k\u00e9pes &#8211; \u00f3vodapedag\u00f3gusok ir\u00e1ny\u00edt\u00e1s\u00e1val.<\/p>\n<p><strong>Sz\u00e1mos tehets\u00e9ggondoz\u00f3 \u00e9s felz\u00e1rk\u00f3ztat\u00f3 k\u00fcl\u00f6n foglalkoz\u00e1s \u00e9s &#8222;d\u00fas\u00edt\u00f3&#8221; program<\/strong> seg\u00edti nevel\u00e9si c\u00e9ljaink megval\u00f3s\u00edt\u00e1s\u00e1t.<\/p>\n<p><strong>Ezek:<\/strong> \u00fasz\u00e1soktat\u00e1s \u00e9s j\u00e1t\u00e9kos v\u00edzhez szoktat\u00e1s, j\u00e1t\u00e9kos tart\u00e1sjav\u00edt\u00f3-\u00e9s l\u00e1btorna, term\u00e9szetb\u00fav\u00e1r foglalkoz\u00e1s, j\u00e1t\u00e9kos matematika, \u00e9rzelmi intelligencia fejleszt\u00e9se mes\u00e9ken kereszt\u00fcl, BOSU-komplex k\u00e9pess\u00e9gfejleszt\u00e9s mozg\u00e1son kereszt\u00fcl, iskola el\u0151k\u00e9sz\u00edt\u0151 foglalkoz\u00e1s.<\/p>\n<p><strong>Egy\u00e9b &#8222;d\u00fas\u00edt\u00f3&#8221; programjaink:<\/strong> sz\u00fcret, n\u00e9pmese napja, \u00e1llatok hete, mesebirodalom-dramatikus j\u00e1t\u00e9kok, Eur\u00f3pai Hullad\u00e9kcs\u00f6kkent\u00e9si projekth\u00e9t, kar\u00e1csonyi f\u00e9ny-k\u00e9zm\u0171ves foglalkoz\u00e1s, hangok vil\u00e1ga-zenei foglalkoz\u00e1s, Magyar Kult\u00fara Napja, Anyanyelv nemzetk\u00f6zi napja &#8211; versmond\u00f3 d\u00e9lel\u0151tt, t\u00e9ltemet\u00e9s-kiszeb\u00e1b \u00e9get\u00e9s, t\u00e1nch\u00e1z, V\u00edz hete, F\u00f6ld napja-projekth\u00e9t, Eg\u00e9szs\u00e9g napja, Autizmus vil\u00e1gnapja, Madarak \u00e9s F\u00e1k napja, Kih\u00edv\u00e1s napja, csal\u00e1di piknik.<\/p>\n<p style=\"margin-top: 0cm;line-height: 115%;background: white\"><span style=\"color: #1e2326\">J\u00f3l m\u0171k\u00f6d\u0151 partnerkapcsolataink eredm\u00e9nye, hogy a Semmelweis Egyetem szervezeti egys\u00e9gei \u00e1ltal ny\u00fajtott programok r\u00e9v\u00e9n a gyermekek \u201ebelek\u00f3stolhatnak\u201d a tudom\u00e1ny vil\u00e1g\u00e1ba is, mely koroszt\u00e1lyuknak megfelel\u0151 m\u00f3don ny\u00fajt sz\u00e1mukra k\u00fcl\u00f6nleges ismereteket a vil\u00e1gr\u00f3l. <\/span><\/p>\n<p style=\"text-align: justify\">Pedag\u00f3giai programunk a projektpedag\u00f3gia, az \u00e9lm\u00e9nypedag\u00f3giai \u00e9s a differenci\u00e1l\u00e1s m\u00f3dszereivel, eszk\u00f6zeivel teremti meg \u00f3vod\u00e1saink sz\u00e1m\u00e1ra a kiegyens\u00falyozott testi, lelki \u00e9s \u00e9rzelmi fejl\u0151d\u00e9s lehet\u0151s\u00e9g\u00e9t, szem\u00e9lyis\u00e9g\u00fck teljes kibontakoztat\u00e1s\u00e1ra t\u00f6rekedve. Tiszteletben tartjuk a gyermeket megillet\u0151 jogokat, emellett \u00e9rt\u00e9keink meg\u00f3v\u00e1s\u00e1ra, hagyom\u00e1nyaink \u00e1pol\u00e1s\u00e1ra nevelj\u00fck \u0151ket. Az \u00f3vod\u00e1s gyermeket, mint fejl\u0151d\u0151 szem\u00e9lyis\u00e9get szeretetteljes gondoskod\u00e1s \u00e9s k\u00fcl\u00f6nleges v\u00e9delem illeti meg. Programunk alapj\u00e1n a gyermekek nevel\u00e9s\u00e9nek els\u0151dleges sz\u00edntere a csal\u00e1d, pedag\u00f3giai munk\u00e1nk a csal\u00e1di nevel\u00e9sre \u00e9p\u00edtve, a csal\u00e1dokkal val\u00f3 partneri kapcsolat kialak\u00edt\u00e1s\u00e1val k\u00edv\u00e1nja megval\u00f3s\u00edtani a gyermekek magas sz\u00ednvonal\u00fa fejleszt\u00e9s\u00e9t, figyelembe v\u00e9ve az egy\u00e9ni ig\u00e9nyeket. Pedag\u00f3giai programunk tekintettel van az elt\u00e9r\u0151 k\u00e9pess\u00e9gekre, adotts\u00e1gokra, \u00e9r\u00e9sbeli k\u00fcl\u00f6nbs\u00e9gekre \u00e9s a csal\u00e1dok \u00e9rt\u00e9krendj\u00e9nek sokf\u00e9les\u00e9g\u00e9re. \u00d3vod\u00e1nkban fogadjuk az autizmus spektrum zavarral \u00e9l\u0151 gyermekeket. Nyitotts\u00e1gunk biztos\u00edtja, hogy a sz\u00fcl\u0151kkel k\u00f6lcs\u00f6n\u00f6sen egy\u00fcttm\u0171k\u00f6dve, k\u00f6z\u00f6sen gazdag\u00edtsuk a gyermek tapasztalatait \u00e9s \u00e9lm\u00e9nyeit. C\u00e9lunk, hogy \u00f3vod\u00e1nkba j\u00f3 \u00e9rz\u00e9s legyen bel\u00e9pni, j\u00f3 \u00e9rz\u00e9s legyen itt lenni \u00e9s egy kicsit &#8222;f\u00e1jjon&#8221; elmenni.<\/p>\n<p>&nbsp;<\/p>\n<p>&nbsp;<\/p>\n<p>&nbsp;<\/p>\n<p style=\"text-align: justify\"><strong>\u00a0<\/strong><\/p>\n","protected":false},"excerpt":{"rendered":"<p>Kedves Sz\u00fcl\u0151k! B\u00fcszk\u00e9k vagyunk az \u00f3vod\u00e1ra, melyben dolgozunk, sokat tett\u00fcnk, tesz\u00fcnk az\u00e9rt, hogy minden szeglete \u00e9s a nap minden perce olyan legyen, amelyben gyermekeik j\u00f3l \u00e9rzik magukat. Csak olyan szab\u00e1lyokat \u00e1ll\u00edtunk fel, melyek az eligazod\u00e1st, a biztons\u00e1gos egy\u00fcttl\u00e9tet eredm\u00e9nyezik. \u00d6r\u00fcl\u00fcnk a minket m\u00e1r ismer\u0151 sz\u00fcl\u0151k kedves, megel\u00e9gedett mondataira, \u00e9s a sok aj\u00e1nl\u00e1sra, melyet r\u00f3lunk mondanak. &hellip;<\/p>\n","protected":false},"author":344,"featured_media":0,"parent":0,"menu_order":1,"comment_status":"closed","ping_status":"closed","template":"","meta":{"_acf_changed":false,"footnotes":""},"categories":[],"tags":[],"class_list":["post-107","page","type-page","status-publish","hentry"],"acf":[],"_links":{"self":[{"href":"https:\/\/semmelweis.hu\/ovoda\/wp-json\/wp\/v2\/pages\/107","targetHints":{"allow":["GET"]}}],"collection":[{"href":"https:\/\/semmelweis.hu\/ovoda\/wp-json\/wp\/v2\/pages"}],"about":[{"href":"https:\/\/semmelweis.hu\/ovoda\/wp-json\/wp\/v2\/types\/page"}],"author":[{"embeddable":true,"href":"https:\/\/semmelweis.hu\/ovoda\/wp-json\/wp\/v2\/users\/344"}],"replies":[{"embeddable":true,"href":"https:\/\/semmelweis.hu\/ovoda\/wp-json\/wp\/v2\/comments?post=107"}],"version-history":[{"count":10,"href":"https:\/\/semmelweis.hu\/ovoda\/wp-json\/wp\/v2\/pages\/107\/revisions"}],"predecessor-version":[{"id":2137,"href":"https:\/\/semmelweis.hu\/ovoda\/wp-json\/wp\/v2\/pages\/107\/revisions\/2137"}],"wp:attachment":[{"href":"https:\/\/semmelweis.hu\/ovoda\/wp-json\/wp\/v2\/media?parent=107"}],"wp:term":[{"taxonomy":"category","embeddable":true,"href":"https:\/\/semmelweis.hu\/ovoda\/wp-json\/wp\/v2\/categories?post=107"},{"taxonomy":"post_tag","embeddable":true,"href":"https:\/\/semmelweis.hu\/ovoda\/wp-json\/wp\/v2\/tags?post=107"}],"curies":[{"name":"wp","href":"https:\/\/api.w.org\/{rel}","templated":true}]}}