{"id":97,"date":"2020-02-18T02:05:29","date_gmt":"2020-02-18T01:05:29","guid":{"rendered":"http:\/\/semmelweis.hu\/otthonilelegeztetes\/?page_id=97"},"modified":"2020-02-18T02:11:41","modified_gmt":"2020-02-18T01:11:41","slug":"obstruktiv-tudobetegsegek-copd","status":"publish","type":"page","link":"https:\/\/semmelweis.hu\/otthonilelegeztetes\/betegek-szamara\/obstruktiv-tudobetegsegek-copd\/","title":{"rendered":"Obstrukt\u00edv t\u00fcd\u0151betegs\u00e9gek &#8211; COPD"},"content":{"rendered":"<p style=\"text-align: justify\">A kr\u00f3nikus obstrukt\u00edv t\u00fcd\u0151betegs\u00e9g (COPD) a t\u00fcd\u0151 kis l\u00e9gutaiban v\u00e9gbemen\u0151 kr\u00f3nikus gyullad\u00e1sos betegs\u00e9g, mely neh\u00e9zl\u00e9gz\u00e9ssel, k\u00f6h\u00f6g\u00e9ssel, v\u00e1lad\u00e9kk\u00e9pz\u0151d\u00e9ssel \u00e9s gyakori l\u00e9g\u00fati megbeteged\u00e9ssel j\u00e1r. A COPD kialakul\u00e1s\u00e1ban a doh\u00e1nyz\u00e1s egy\u00e9rtelm\u0171 szerep\u00e9t igazolt\u00e1k. A COPD id\u0151szakos fell\u00e1ngol\u00e1sokkal j\u00e1rhat, mely id\u0151r\u0151l id\u0151re ronthat a beteg \u00e1llapot\u00e1n. A kr\u00f3nikus obstrukt\u00edv t\u00fcd\u0151betegs\u00e9g megfelel\u0151 pulmonol\u00f3giai gondoz\u00e1s ellen\u00e9re is progresszi\u00f3t mutathat.<\/p>\n<p style=\"text-align: justify\">Otthoni l\u00e9gz\u00e9st\u00e1mogat\u00e1s indokolt lehet azokn\u00e1l a COPD-ben szenved\u0151 betegekn\u00e9l, akik megfelel\u0151 pulmonol\u00f3giai gondoz\u00e1s, rehabilit\u00e1ci\u00f3 \u00e9s gy\u00f3gyszeres kezel\u00e9s ellen\u00e9re magas a nyugalmi art\u00e9ri\u00e1s CO<sub>2 <\/sub>\u00a0szintj\u00fck, \u00e9s \/ vagy \u00e9vente legal\u00e1bb 2 alkalommal k\u00f3rh\u00e1zba ker\u00fclnek a t\u00fcd\u0151betegs\u00e9g\u00fck fell\u00e1ngol\u00e1sa miatt.<\/p>\n<p style=\"text-align: justify\">Tart\u00f3s, otthoni l\u00e9gz\u00e9st\u00e1mogat\u00e1s mellett a betegek \u00e9letmin\u0151s\u00e9ge, \u00e9letkil\u00e1t\u00e1sa javul. A fert\u0151z\u00e9sre val\u00f3 hajlam, \u00e9s \u00edgy a t\u00fcd\u0151betegs\u00e9g fell\u00e1ngol\u00e1s\u00e1nak gyakoris\u00e1ga, valamint a k\u00f3rh\u00e1zi kezel\u00e9sek sz\u00e1ma jelent\u0151sen cs\u00f6kkenthet\u0151, ak\u00e1r teljesen el is ker\u00fclhet\u0151.<\/p>\n","protected":false},"excerpt":{"rendered":"<p>A kr\u00f3nikus obstrukt\u00edv t\u00fcd\u0151betegs\u00e9g (COPD) a t\u00fcd\u0151 kis l\u00e9gutaiban v\u00e9gbemen\u0151 kr\u00f3nikus gyullad\u00e1sos betegs\u00e9g, mely neh\u00e9zl\u00e9gz\u00e9ssel, k\u00f6h\u00f6g\u00e9ssel, v\u00e1lad\u00e9kk\u00e9pz\u0151d\u00e9ssel \u00e9s gyakori l\u00e9g\u00fati megbeteged\u00e9ssel j\u00e1r. A COPD kialakul\u00e1s\u00e1ban a doh\u00e1nyz\u00e1s egy\u00e9rtelm\u0171 szerep\u00e9t igazolt\u00e1k. A COPD id\u0151szakos fell\u00e1ngol\u00e1sokkal j\u00e1rhat, mely id\u0151r\u0151l id\u0151re ronthat a beteg \u00e1llapot\u00e1n. A kr\u00f3nikus obstrukt\u00edv t\u00fcd\u0151betegs\u00e9g megfelel\u0151 pulmonol\u00f3giai gondoz\u00e1s ellen\u00e9re is progresszi\u00f3t mutathat. Otthoni l\u00e9gz\u00e9st\u00e1mogat\u00e1s &hellip;<\/p>\n","protected":false},"author":101484,"featured_media":0,"parent":81,"menu_order":1,"comment_status":"closed","ping_status":"closed","template":"","meta":{"_acf_changed":false,"footnotes":""},"categories":[],"tags":[],"class_list":["post-97","page","type-page","status-publish","hentry"],"acf":[],"_links":{"self":[{"href":"https:\/\/semmelweis.hu\/otthonilelegeztetes\/wp-json\/wp\/v2\/pages\/97","targetHints":{"allow":["GET"]}}],"collection":[{"href":"https:\/\/semmelweis.hu\/otthonilelegeztetes\/wp-json\/wp\/v2\/pages"}],"about":[{"href":"https:\/\/semmelweis.hu\/otthonilelegeztetes\/wp-json\/wp\/v2\/types\/page"}],"author":[{"embeddable":true,"href":"https:\/\/semmelweis.hu\/otthonilelegeztetes\/wp-json\/wp\/v2\/users\/101484"}],"replies":[{"embeddable":true,"href":"https:\/\/semmelweis.hu\/otthonilelegeztetes\/wp-json\/wp\/v2\/comments?post=97"}],"version-history":[{"count":3,"href":"https:\/\/semmelweis.hu\/otthonilelegeztetes\/wp-json\/wp\/v2\/pages\/97\/revisions"}],"predecessor-version":[{"id":100,"href":"https:\/\/semmelweis.hu\/otthonilelegeztetes\/wp-json\/wp\/v2\/pages\/97\/revisions\/100"}],"up":[{"embeddable":true,"href":"https:\/\/semmelweis.hu\/otthonilelegeztetes\/wp-json\/wp\/v2\/pages\/81"}],"wp:attachment":[{"href":"https:\/\/semmelweis.hu\/otthonilelegeztetes\/wp-json\/wp\/v2\/media?parent=97"}],"wp:term":[{"taxonomy":"category","embeddable":true,"href":"https:\/\/semmelweis.hu\/otthonilelegeztetes\/wp-json\/wp\/v2\/categories?post=97"},{"taxonomy":"post_tag","embeddable":true,"href":"https:\/\/semmelweis.hu\/otthonilelegeztetes\/wp-json\/wp\/v2\/tags?post=97"}],"curies":[{"name":"wp","href":"https:\/\/api.w.org\/{rel}","templated":true}]}}