{"id":95,"date":"2020-02-18T02:03:49","date_gmt":"2020-02-18T01:03:49","guid":{"rendered":"http:\/\/semmelweis.hu\/otthonilelegeztetes\/?page_id=95"},"modified":"2025-11-19T20:33:54","modified_gmt":"2025-11-19T19:33:54","slug":"a-lelegeztetes-tipusai","status":"publish","type":"page","link":"https:\/\/semmelweis.hu\/otthonilelegeztetes\/szakemberek-szamara\/a-lelegeztetes-tipusai\/","title":{"rendered":"A l\u00e9legeztet\u00e9s t\u00edpusai"},"content":{"rendered":"<p><strong>Neminvaz\u00edv l\u00e9legeztet\u00e9s<\/strong><\/p>\n<p style=\"text-align: justify\">Betegeink jelent\u0151s r\u00e9sze maszkos, neminvaz\u00edv l\u00e9legeztet\u00e9sben r\u00e9szes\u00fcl. A l\u00e9legeztet\u00e9shez haszn\u00e1lt maszkot, maszkokat minden beteg sz\u00e1m\u00e1ra egy\u00e9nileg, szem\u00e9lyre szabottan v\u00e1lasztjuk ki. \u00c9jszakai l\u00e9gz\u00e9st\u00e1mogat\u00e1shoz az orr-sz\u00e1j maszkot, vagy teljes arcmaszkot \u00e1ll\u00edtunk be. Amennyiben nappali l\u00e9gz\u00e9st\u00e1mogat\u00e1s is sz\u00fcks\u00e9ges azt orrmaszk seg\u00edts\u00e9g\u00e9vel, esetleg csutor\u00e1n kereszt\u00fcl v\u00e9gezz\u00fck, ez\u00e1ltal l\u00e9legeztet\u00e9s k\u00f6zben a besz\u00e9d, \u00e9s az ev\u00e9s is megoldhat\u00f3. A maszkok kiv\u00e1laszt\u00e1sban els\u0151dleges szempont a biztons\u00e1gos, megfelel\u0151 l\u00e9legeztet\u00e9s, \u00e9s a beteg arcform\u00e1ja. Bizonyos keretek k\u00f6z\u00f6tt a maszk v\u00e1laszt\u00e1st beteg preferenci\u00e1i is befoly\u00e1solj\u00e1k.<\/p>\n<p>A neminvaz\u00edv l\u00e9legeztet\u00e9s kontraindik\u00e1ci\u00f3i:<\/p>\n<ul>\n<li>Bulbaris t\u00fcnetek jelenl\u00e9te<\/li>\n<li>Aspir\u00e1ci\u00f3, vagy aspir\u00e1ci\u00f3 vesz\u00e9lye<\/li>\n<li>Nem toler\u00e1lhat\u00f3 maszk<\/li>\n<li>S\u00falyosan deform\u00e1lt arc<\/li>\n<li>Neminvaz\u00edv l\u00e9legeztet\u00e9ssel nem uralhat\u00f3 fels\u0151 l\u00e9g\u00fati obstrukci\u00f3<\/li>\n<\/ul>\n<p><strong>Invaz\u00edv L\u00e9legeztet\u00e9s<\/strong><\/p>\n<p style=\"text-align: justify\">Otthoni l\u00e9legeztet\u00e9shez d\u00f6nt\u0151en tart\u00f3s l\u00e9legeztet\u00e9sre alkalmas, cser\u00e9lhet\u0151 persely\u0171 \u201ccuffos\u201d tracheostom\u00e1s tubust haszn\u00e1lunk. Amennyiben ez megoldhat\u00f3, a betegkomfort biztos\u00edt\u00e1sa \u00e9rdek\u00e9ben perfor\u00e1lt, hangk\u00e9pz\u00e9sre, besz\u00e9dre is alkalmas tracheostom\u00e1s kan\u00fclt is haszn\u00e1lhat\u00f3.<\/p>\n<p><strong>K\u00f6h\u00f6gtet\u0151 g\u00e9p<\/strong><\/p>\n<p style=\"text-align: justify\">Amennyiben a beteg az alapbetegs\u00e9g\u00e9b\u0151l ad\u00f3d\u00f3an megfelel\u0151en hat\u00e9kony k\u00f6h\u00f6g\u00e9sre nem k\u00e9pes, \u00fagynevezett k\u00f6h\u00f6gtet\u0151-s\u00f3hajt\u00f3 g\u00e9pet \u00e1ll\u00edtunk be. Ennek haszn\u00e1lat\u00e1val a megfelel\u0151 v\u00e1lad\u00e9kelimin\u00e1ci\u00f3, valamint a rendszeres l\u00e9gz\u00e9si fizioter\u00e1pia, recruitment otthoni k\u00f6r\u00fclm\u00e9nyek k\u00f6z\u00f6tt is megoldhat\u00f3.<\/p>\n","protected":false},"excerpt":{"rendered":"<p>Neminvaz\u00edv l\u00e9legeztet\u00e9s Betegeink jelent\u0151s r\u00e9sze maszkos, neminvaz\u00edv l\u00e9legeztet\u00e9sben r\u00e9szes\u00fcl. A l\u00e9legeztet\u00e9shez haszn\u00e1lt maszkot, maszkokat minden beteg sz\u00e1m\u00e1ra egy\u00e9nileg, szem\u00e9lyre szabottan v\u00e1lasztjuk ki. \u00c9jszakai l\u00e9gz\u00e9st\u00e1mogat\u00e1shoz az orr-sz\u00e1j maszkot, vagy teljes arcmaszkot \u00e1ll\u00edtunk be. Amennyiben nappali l\u00e9gz\u00e9st\u00e1mogat\u00e1s is sz\u00fcks\u00e9ges azt orrmaszk seg\u00edts\u00e9g\u00e9vel, esetleg csutor\u00e1n kereszt\u00fcl v\u00e9gezz\u00fck, ez\u00e1ltal l\u00e9legeztet\u00e9s k\u00f6zben a besz\u00e9d, \u00e9s az ev\u00e9s is megoldhat\u00f3. A &hellip;<\/p>\n","protected":false},"author":101484,"featured_media":0,"parent":79,"menu_order":3,"comment_status":"closed","ping_status":"closed","template":"","meta":{"_acf_changed":false,"footnotes":""},"categories":[],"tags":[20,22,17,18],"class_list":["post-95","page","type-page","status-publish","hentry","tag-invaziv-lelegeztetes","tag-kohogteto-gep","tag-lelegeztetes","tag-niv"],"acf":[],"_links":{"self":[{"href":"https:\/\/semmelweis.hu\/otthonilelegeztetes\/wp-json\/wp\/v2\/pages\/95","targetHints":{"allow":["GET"]}}],"collection":[{"href":"https:\/\/semmelweis.hu\/otthonilelegeztetes\/wp-json\/wp\/v2\/pages"}],"about":[{"href":"https:\/\/semmelweis.hu\/otthonilelegeztetes\/wp-json\/wp\/v2\/types\/page"}],"author":[{"embeddable":true,"href":"https:\/\/semmelweis.hu\/otthonilelegeztetes\/wp-json\/wp\/v2\/users\/101484"}],"replies":[{"embeddable":true,"href":"https:\/\/semmelweis.hu\/otthonilelegeztetes\/wp-json\/wp\/v2\/comments?post=95"}],"version-history":[{"count":5,"href":"https:\/\/semmelweis.hu\/otthonilelegeztetes\/wp-json\/wp\/v2\/pages\/95\/revisions"}],"predecessor-version":[{"id":454,"href":"https:\/\/semmelweis.hu\/otthonilelegeztetes\/wp-json\/wp\/v2\/pages\/95\/revisions\/454"}],"up":[{"embeddable":true,"href":"https:\/\/semmelweis.hu\/otthonilelegeztetes\/wp-json\/wp\/v2\/pages\/79"}],"wp:attachment":[{"href":"https:\/\/semmelweis.hu\/otthonilelegeztetes\/wp-json\/wp\/v2\/media?parent=95"}],"wp:term":[{"taxonomy":"category","embeddable":true,"href":"https:\/\/semmelweis.hu\/otthonilelegeztetes\/wp-json\/wp\/v2\/categories?post=95"},{"taxonomy":"post_tag","embeddable":true,"href":"https:\/\/semmelweis.hu\/otthonilelegeztetes\/wp-json\/wp\/v2\/tags?post=95"}],"curies":[{"name":"wp","href":"https:\/\/api.w.org\/{rel}","templated":true}]}}