{"id":93,"date":"2020-02-18T02:02:42","date_gmt":"2020-02-18T01:02:42","guid":{"rendered":"http:\/\/semmelweis.hu\/otthonilelegeztetes\/?page_id=93"},"modified":"2025-11-19T18:44:42","modified_gmt":"2025-11-19T17:44:42","slug":"az-otthoni-lelegeztetes-betegsegspecifikus-indikacioi","status":"publish","type":"page","link":"https:\/\/semmelweis.hu\/otthonilelegeztetes\/szakemberek-szamara\/az-otthoni-lelegeztetes-betegsegspecifikus-indikacioi\/","title":{"rendered":"Az otthoni l\u00e9legeztet\u00e9s indik\u00e1ci\u00f3i"},"content":{"rendered":"<p>A tart\u00f3s, otthoni l\u00e9gz\u00e9st\u00e1mogat\u00e1s leggyakoribb indik\u00e1ci\u00f3i, valamint betegs\u00e9gspecifikus krit\u00e9riumai:<\/p>\n<p><a href=\"https:\/\/semmelweis.hu\/otthonilelegeztetes\/szakemberek-szamara\/az-otthoni-lelegeztetes-betegsegspecifikus-indikacioi\/obstruktiv-tudobetegseg\/\">Obstrukt\u00edv t\u00fcd\u0151betegs\u00e9gek<\/a><\/p>\n<ul>\n<li>Kr\u00f3nikus obstrukt\u00edv t\u00fcd\u0151betegs\u00e9g (COPD)<\/li>\n<li>Ciszt\u00e1s fibr\u00f3zis (CF)<\/li>\n<li>Bronchiolitis obliterans (BOS)<\/li>\n<\/ul>\n<p style=\"text-align: justify\"><a href=\"https:\/\/semmelweis.hu\/otthonilelegeztetes\/szakemberek-szamara\/az-otthoni-lelegeztetes-betegsegspecifikus-indikacioi\/hipoventilaciot-okozo-korkepek-ohs-cah-copd-osa-overlap\/\">\u00a0Hipoventil\u00e1ci\u00f3t okoz\u00f3 k\u00f3rk\u00e9pek<\/a><\/p>\n<ul style=\"text-align: justify\">\n<li>Obezit\u00e1s-hipoventil\u00e1ci\u00f3s szindr\u00f3ma (OHS)<\/li>\n<li>Centr\u00e1lis hipoventil\u00e1ci\u00f3s szindr\u00f3ma (CHS)<\/li>\n<li>COPD-OSA Overlap szindr\u00f3ma<\/li>\n<\/ul>\n<p><a href=\"https:\/\/semmelweis.hu\/otthonilelegeztetes\/szakemberek-szamara\/az-otthoni-lelegeztetes-betegsegspecifikus-indikacioi\/restriktiv-mellkasfal\/\">Restrikt\u00edv mellkasfali betegs\u00e9gek<\/a><\/p>\n<ul style=\"text-align: justify\">\n<li>Scoliosis, kyphosis,<\/li>\n<li>Pectus carinatum, pectus excavatum,<\/li>\n<li>Restrikt\u00edv pleur\u00e1lis betegs\u00e9gek,<\/li>\n<li>Poszt-tuberculosis szindr\u00f3ma,<\/li>\n<li>Spondylitis ankylopoetica,<\/li>\n<li>Poszt-traum\u00e1s \/ posztoperat\u00edv mellkas deformit\u00e1s<\/li>\n<\/ul>\n<p><a href=\"https:\/\/semmelweis.hu\/otthonilelegeztetes\/szakemberek-szamara\/az-otthoni-lelegeztetes-betegsegspecifikus-indikacioi\/neuromuszkularis-betegsegek\/\">Neuromuszkul\u00e1ris betegs\u00e9gek<\/a><\/p>\n<ul style=\"text-align: justify\">\n<li>Duchenne disztr\u00f3fia,<\/li>\n<li>Amyotrophi\u00e1s lateralsclerosis (ALS),<\/li>\n<li>Myasthenia gravis,<\/li>\n<li>Spinalis izomatr\u00f3fia (SMA)<\/li>\n<li>Egy\u00e9b ismert vagy ismeretlen eredet\u0171 muscularis disztr\u00f3fi\u00e1k,<\/li>\n<li>Poszttraum\u00e1s, vagy posztinfekt\u00edv k\u00f6zponti idegrendszeri k\u00e1rosod\u00e1s<\/li>\n<\/ul>\n","protected":false},"excerpt":{"rendered":"<p>A tart\u00f3s, otthoni l\u00e9gz\u00e9st\u00e1mogat\u00e1s leggyakoribb indik\u00e1ci\u00f3i, valamint betegs\u00e9gspecifikus krit\u00e9riumai: <a href=\"https:\/\/semmelweis.hu\/otthonilelegeztetes\/szakemberek-szamara\/az-otthoni-lelegeztetes-betegsegspecifikus-indikacioi\/obstruktiv-tudobetegseg\/\">Obstrukt\u00edv t\u00fcd\u0151betegs\u00e9gek<\/a> Kr\u00f3nikus obstrukt\u00edv t\u00fcd\u0151betegs\u00e9g (COPD) Ciszt\u00e1s fibr\u00f3zis (CF) Bronchiolitis obliterans (BOS) <a href=\"https:\/\/semmelweis.hu\/otthonilelegeztetes\/szakemberek-szamara\/az-otthoni-lelegeztetes-betegsegspecifikus-indikacioi\/hipoventilaciot-okozo-korkepek-ohs-cah-copd-osa-overlap\/\">\u00a0Hipoventil\u00e1ci\u00f3t okoz\u00f3 k\u00f3rk\u00e9pek<\/a> Obezit\u00e1s-hipoventil\u00e1ci\u00f3s szindr\u00f3ma (OHS) Centr\u00e1lis hipoventil\u00e1ci\u00f3s szindr\u00f3ma (CHS) COPD-OSA Overlap szindr\u00f3ma <a href=\"https:\/\/semmelweis.hu\/otthonilelegeztetes\/szakemberek-szamara\/az-otthoni-lelegeztetes-betegsegspecifikus-indikacioi\/restriktiv-mellkasfal\/\">Restrikt\u00edv mellkasfali betegs\u00e9gek<\/a> Scoliosis, kyphosis, Pectus carinatum, pectus excavatum, Restrikt\u00edv pleur\u00e1lis betegs\u00e9gek, Poszt-tuberculosis szindr\u00f3ma, Spondylitis ankylopoetica, Poszt-traum\u00e1s \/ posztoperat\u00edv mellkas deformit\u00e1s <a href=\"https:\/\/semmelweis.hu\/otthonilelegeztetes\/szakemberek-szamara\/az-otthoni-lelegeztetes-betegsegspecifikus-indikacioi\/neuromuszkularis-betegsegek\/\">Neuromuszkul\u00e1ris betegs\u00e9gek<\/a> Duchenne disztr\u00f3fia, Amyotrophi\u00e1s lateralsclerosis (ALS), Myasthenia gravis, Spinalis &hellip;<\/p>\n","protected":false},"author":101484,"featured_media":0,"parent":79,"menu_order":2,"comment_status":"closed","ping_status":"closed","template":"","meta":{"_acf_changed":false,"footnotes":""},"categories":[],"tags":[13,11,12],"class_list":["post-93","page","type-page","status-publish","hentry","tag-copd","tag-hiperkapnia","tag-ohs"],"acf":[],"_links":{"self":[{"href":"https:\/\/semmelweis.hu\/otthonilelegeztetes\/wp-json\/wp\/v2\/pages\/93","targetHints":{"allow":["GET"]}}],"collection":[{"href":"https:\/\/semmelweis.hu\/otthonilelegeztetes\/wp-json\/wp\/v2\/pages"}],"about":[{"href":"https:\/\/semmelweis.hu\/otthonilelegeztetes\/wp-json\/wp\/v2\/types\/page"}],"author":[{"embeddable":true,"href":"https:\/\/semmelweis.hu\/otthonilelegeztetes\/wp-json\/wp\/v2\/users\/101484"}],"replies":[{"embeddable":true,"href":"https:\/\/semmelweis.hu\/otthonilelegeztetes\/wp-json\/wp\/v2\/comments?post=93"}],"version-history":[{"count":7,"href":"https:\/\/semmelweis.hu\/otthonilelegeztetes\/wp-json\/wp\/v2\/pages\/93\/revisions"}],"predecessor-version":[{"id":453,"href":"https:\/\/semmelweis.hu\/otthonilelegeztetes\/wp-json\/wp\/v2\/pages\/93\/revisions\/453"}],"up":[{"embeddable":true,"href":"https:\/\/semmelweis.hu\/otthonilelegeztetes\/wp-json\/wp\/v2\/pages\/79"}],"wp:attachment":[{"href":"https:\/\/semmelweis.hu\/otthonilelegeztetes\/wp-json\/wp\/v2\/media?parent=93"}],"wp:term":[{"taxonomy":"category","embeddable":true,"href":"https:\/\/semmelweis.hu\/otthonilelegeztetes\/wp-json\/wp\/v2\/categories?post=93"},{"taxonomy":"post_tag","embeddable":true,"href":"https:\/\/semmelweis.hu\/otthonilelegeztetes\/wp-json\/wp\/v2\/tags?post=93"}],"curies":[{"name":"wp","href":"https:\/\/api.w.org\/{rel}","templated":true}]}}