{"id":86,"date":"2020-02-18T01:56:29","date_gmt":"2020-02-18T00:56:29","guid":{"rendered":"http:\/\/semmelweis.hu\/otthonilelegeztetes\/?page_id=86"},"modified":"2025-11-19T15:07:12","modified_gmt":"2025-11-19T14:07:12","slug":"munkatarsak","status":"publish","type":"page","link":"https:\/\/semmelweis.hu\/otthonilelegeztetes\/rolunk\/munkatarsak\/","title":{"rendered":"Munkat\u00e1rsak"},"content":{"rendered":"<p><a class=\"emp-name\" href=\"https:\/\/semmelweis.hu\/telefonkonyv?emp_id=8696\">Dr. Lorx Andr\u00e1s habil. PhD<\/a> <em>szakmai vezet\u0151, egyetemi docens<\/em><\/p>\n<p><a class=\"emp-name\" href=\"https:\/\/semmelweis.hu\/telefonkonyv?emp_id=24798\">Neubrandtn\u00e9 Dobos \u00c1gnes<\/a> <em>diplom\u00e1s \u00e1pol\u00f3,<\/em>\u00a0<em>f\u0151n\u0151v\u00e9r<\/em><\/p>\n<p><a class=\"emp-name\" href=\"https:\/\/semmelweis.hu\/telefonkonyv?emp_id=24805\">T\u00f3th Csilla<\/a><em> diplom\u00e1s \u00e1pol\u00f3, f\u0151n\u0151v\u00e9r<\/em> <em style=\"font-size: 1rem\">helyettes<\/em><\/p>\n<p><span style=\"font-size: 1rem\"><a class=\"emp-name\" href=\"https:\/\/semmelweis.hu\/telefonkonyv?emp_id=8731\">Dr. Valk\u00f3 Luca PhD<\/a><\/span><span style=\"font-size: 1rem\">\u00a0<\/span><em style=\"font-size: 1rem\">egyetemi adjunktus<\/em><\/p>\n<p><a class=\"emp-name\" href=\"https:\/\/semmelweis.hu\/telefonkonyv\/?emp_id=22756\">Dr. M\u00f3r\u00f3 Vivien<\/a> <em>egyetemi tan\u00e1rseg\u00e9d<\/em><\/p>\n<p><span style=\"font-size: 1rem\"><a class=\"emp-name\" href=\"https:\/\/semmelweis.hu\/telefonkonyv?emp_id=12019\">Dr. Skult\u00e9ti Dalma<\/a><\/span><span style=\"font-size: 1rem\">\u00a0<\/span><em style=\"font-size: 1rem\">egyetemi tan\u00e1rseg\u00e9d<\/em><\/p>\n<p><a class=\"emp-name\" href=\"https:\/\/semmelweis.hu\/telefonkonyv?emp_id=15912\">Dr. Podmaniczky Eszter<\/a> <em>klinikai szakorvos<\/em><\/p>\n<p><a class=\"emp-name\" href=\"https:\/\/semmelweis.hu\/telefonkonyv\/?emp_id=11990\">Dr. Tak\u00e1cs Laura<\/a><em> klinikai szakorvos<\/em><\/p>\n<p><a class=\"emp-name\" href=\"https:\/\/semmelweis.hu\/telefonkonyv?emp_id=8644\">Dr. Baglyas Szabolcs PhD <\/a><em>egyetemi adjunktus<\/em><\/p>\n<p><a class=\"emp-name\" href=\"https:\/\/semmelweis.hu\/telefonkonyv?emp_id=24808\">Nagy Zsuzsanna\u00a0<\/a><em><span class=\"emp-phone\">orvos\u00edrnok<\/span><\/em><\/p>\n<p><a class=\"emp-name\" href=\"https:\/\/semmelweis.hu\/telefonkonyv?emp_id=24799\">Pulveri Zolt\u00e1n\u00a0<\/a><em><span class=\"emp-phone\">diplom\u00e1s \u00e1pol\u00f3<\/span><\/em><\/p>\n<p><a class=\"emp-name\" href=\"https:\/\/semmelweis.hu\/telefonkonyv?emp_id=24800\">Puzsa Katalin\u00a0<\/a><em><span class=\"emp-phone\">\u00e1ltal\u00e1nos \u00e1pol\u00f3<\/span><\/em><\/p>\n<p><a class=\"emp-name\" href=\"https:\/\/semmelweis.hu\/telefonkonyv?emp_id=24801\">Sz\u0171cs Zsolt\u00a0<\/a><em><span class=\"emp-phone\">seg\u00e9d\u00e1pol\u00f3<\/span><\/em><\/p>\n<p><a class=\"emp-name\" href=\"https:\/\/semmelweis.hu\/telefonkonyv?emp_id=24802\">Sz\u0171csn\u00e9 M\u00e1nolovics Ilona\u00a0<\/a><em><span class=\"emp-phone\">\u00e1ltal\u00e1nos \u00e1pol\u00f3<\/span><\/em><\/p>\n<p><a class=\"emp-name\" href=\"https:\/\/semmelweis.hu\/telefonkonyv?emp_id=24803\">Tari Erzs\u00e9bet\u00a0<\/a><em><span class=\"emp-phone\">diplom\u00e1s \u00e1pol\u00f3<\/span><\/em><\/p>\n<p><a class=\"emp-name\" href=\"https:\/\/semmelweis.hu\/telefonkonyv?emp_id=24804\">T\u00f3th Andrea\u00a0<\/a><em><span class=\"emp-phone\">\u00e1ltal\u00e1nos \u00e1pol\u00f3<\/span><\/em><\/p>\n<p><a class=\"emp-name\" href=\"https:\/\/semmelweis.hu\/telefonkonyv?emp_id=24806\">T\u00far\u00f3czi S\u00e1ra\u00a0<\/a><em><span class=\"emp-phone\">seg\u00e9d\u00e1pol\u00f3<\/span><\/em><\/p>\n","protected":false},"excerpt":{"rendered":"<p><a class=\"emp-name\" href=\"https:\/\/semmelweis.hu\/telefonkonyv?emp_id=8696\">Dr. Lorx Andr\u00e1s habil. PhD<\/a> szakmai vezet\u0151, egyetemi docens<br \/>\n<a class=\"emp-name\" href=\"https:\/\/semmelweis.hu\/telefonkonyv?emp_id=24798\">Neubrandtn\u00e9 Dobos \u00c1gnes<\/a> diplom\u00e1s \u00e1pol\u00f3,\u00a0f\u0151n\u0151v\u00e9r<br \/>\n<a class=\"emp-name\" href=\"https:\/\/semmelweis.hu\/telefonkonyv?emp_id=24805\">T\u00f3th Csilla<\/a> diplom\u00e1s \u00e1pol\u00f3, f\u0151n\u0151v\u00e9r helyettes<br \/>\n<a class=\"emp-name\" href=\"https:\/\/semmelweis.hu\/telefonkonyv?emp_id=8731\">Dr. Valk\u00f3 Luca PhD<\/a>\u00a0egyetemi adjunktus<br \/>\n<a class=\"emp-name\" href=\"https:\/\/semmelweis.hu\/telefonkonyv\/?emp_id=22756\">Dr. M\u00f3r\u00f3 Vivien<\/a> egyetemi tan\u00e1rseg\u00e9d<br \/>\n<a class=\"emp-name\" href=\"https:\/\/semmelweis.hu\/telefonkonyv?emp_id=12019\">Dr. Skult\u00e9ti Dalma<\/a>\u00a0egyetemi tan\u00e1rseg\u00e9d<br \/>\n<a class=\"emp-name\" href=\"https:\/\/semmelweis.hu\/telefonkonyv?emp_id=15912\">Dr. Podmaniczky Eszter<\/a> klinikai szakorvos<br \/>\n<a class=\"emp-name\" href=\"https:\/\/semmelweis.hu\/telefonkonyv\/?emp_id=11990\">Dr. Tak\u00e1cs Laura<\/a> klinikai szakorvos<br \/>\n<a class=\"emp-name\" href=\"https:\/\/semmelweis.hu\/telefonkonyv?emp_id=8644\">Dr. Baglyas Szabolcs PhD <\/a>egyetemi adjunktus<br \/>\n<a class=\"emp-name\" href=\"https:\/\/semmelweis.hu\/telefonkonyv?emp_id=24808\">Nagy Zsuzsanna\u00a0<\/a>orvos\u00edrnok<br \/>\n<a class=\"emp-name\" href=\"https:\/\/semmelweis.hu\/telefonkonyv?emp_id=24799\">Pulveri Zolt\u00e1n\u00a0<\/a>diplom\u00e1s \u00e1pol\u00f3<br \/>\n<a class=\"emp-name\" href=\"https:\/\/semmelweis.hu\/telefonkonyv?emp_id=24800\">Puzsa Katalin\u00a0<\/a>\u00e1ltal\u00e1nos \u00e1pol\u00f3<br \/>\n<a class=\"emp-name\" href=\"https:\/\/semmelweis.hu\/telefonkonyv?emp_id=24801\">Sz\u0171cs Zsolt\u00a0<\/a>seg\u00e9d\u00e1pol\u00f3<br \/>\n<a class=\"emp-name\" href=\"https:\/\/semmelweis.hu\/telefonkonyv?emp_id=24802\">Sz\u0171csn\u00e9 M\u00e1nolovics Ilona\u00a0<\/a>\u00e1ltal\u00e1nos \u00e1pol\u00f3<br \/>\n<a class=\"emp-name\" href=\"https:\/\/semmelweis.hu\/telefonkonyv?emp_id=24803\">Tari Erzs\u00e9bet\u00a0<\/a>diplom\u00e1s \u00e1pol\u00f3<br \/>\n<a class=\"emp-name\" href=\"https:\/\/semmelweis.hu\/telefonkonyv?emp_id=24804\">T\u00f3th Andrea\u00a0<\/a>\u00e1ltal\u00e1nos \u00e1pol\u00f3<br \/>\n<a class=\"emp-name\" href=\"https:\/\/semmelweis.hu\/telefonkonyv?emp_id=24806\">T\u00far\u00f3czi S\u00e1ra\u00a0<\/a>seg\u00e9d\u00e1pol\u00f3<\/p>\n","protected":false},"author":101484,"featured_media":0,"parent":6,"menu_order":2,"comment_status":"closed","ping_status":"closed","template":"","meta":{"_acf_changed":false,"footnotes":""},"categories":[],"tags":[],"class_list":["post-86","page","type-page","status-publish","hentry"],"acf":[],"_links":{"self":[{"href":"https:\/\/semmelweis.hu\/otthonilelegeztetes\/wp-json\/wp\/v2\/pages\/86","targetHints":{"allow":["GET"]}}],"collection":[{"href":"https:\/\/semmelweis.hu\/otthonilelegeztetes\/wp-json\/wp\/v2\/pages"}],"about":[{"href":"https:\/\/semmelweis.hu\/otthonilelegeztetes\/wp-json\/wp\/v2\/types\/page"}],"author":[{"embeddable":true,"href":"https:\/\/semmelweis.hu\/otthonilelegeztetes\/wp-json\/wp\/v2\/users\/101484"}],"replies":[{"embeddable":true,"href":"https:\/\/semmelweis.hu\/otthonilelegeztetes\/wp-json\/wp\/v2\/comments?post=86"}],"version-history":[{"count":9,"href":"https:\/\/semmelweis.hu\/otthonilelegeztetes\/wp-json\/wp\/v2\/pages\/86\/revisions"}],"predecessor-version":[{"id":425,"href":"https:\/\/semmelweis.hu\/otthonilelegeztetes\/wp-json\/wp\/v2\/pages\/86\/revisions\/425"}],"up":[{"embeddable":true,"href":"https:\/\/semmelweis.hu\/otthonilelegeztetes\/wp-json\/wp\/v2\/pages\/6"}],"wp:attachment":[{"href":"https:\/\/semmelweis.hu\/otthonilelegeztetes\/wp-json\/wp\/v2\/media?parent=86"}],"wp:term":[{"taxonomy":"category","embeddable":true,"href":"https:\/\/semmelweis.hu\/otthonilelegeztetes\/wp-json\/wp\/v2\/categories?post=86"},{"taxonomy":"post_tag","embeddable":true,"href":"https:\/\/semmelweis.hu\/otthonilelegeztetes\/wp-json\/wp\/v2\/tags?post=86"}],"curies":[{"name":"wp","href":"https:\/\/api.w.org\/{rel}","templated":true}]}}