{"id":84,"date":"2020-02-18T01:55:09","date_gmt":"2020-02-18T00:55:09","guid":{"rendered":"http:\/\/semmelweis.hu\/otthonilelegeztetes\/?page_id=84"},"modified":"2024-05-23T17:30:48","modified_gmt":"2024-05-23T15:30:48","slug":"bemutatkozas","status":"publish","type":"page","link":"https:\/\/semmelweis.hu\/otthonilelegeztetes\/rolunk\/bemutatkozas\/","title":{"rendered":"Bemutatkoz\u00e1s"},"content":{"rendered":"<p style=\"text-align: justify\">Klinik\u00e1nk m\u00e1r a <strong>2000-es \u00e9vek eleje \u00f3ta<\/strong> gondoz tart\u00f3san otthoni g\u00e9pi l\u00e9legeztet\u00e9st ig\u00e9nyl\u0151 betegeket. Ezek kezdetben t\u00f6bbnyire egyedi esetek voltak. A kezdeti neh\u00e9zs\u00e9gek ut\u00e1n 2014-t\u0151l a meg\u00fajult szab\u00e1lyoz\u00e1snak k\u00f6sz\u00f6nhet\u0151en az Aneszteziol\u00f3giai \u00e9s Intenz\u00edv Ter\u00e1pi\u00e1s Klinika Otthoni L\u00e9legeztet\u00e9si Programja is meg\u00fajult, \u00edgy m\u00e1r a magyar betegek is k\u00f6nnyebben hozz\u00e1juthatnak az otthoni g\u00e9pi l\u00e9gz\u00e9st\u00e1mogat\u00e1shoz. A Program orvosokb\u00f3l \u00e9s n\u0151v\u00e9rekb\u0151l \u00e1ll\u00f3 csapat\u00e1t invaz\u00edv \u00e9s neminvaz\u00edv l\u00e9legeztet\u00e9sben egyar\u00e1nt j\u00e1ratos, mind intenz\u00edv ter\u00e1pi\u00e1s, mind pulmonol\u00f3giai tapasztalattal rendelkez\u0151 szakemberek alkotj\u00e1k.<\/p>\n<p style=\"text-align: justify\">A Semmelweis Egyetem Otthoni L\u00e9legeztet\u00e9si Programja jelenleg az orsz\u00e1gban a legnagyobb ilyen program, az Egyetem t\u00e1rsklinik\u00e1ival val\u00f3 egy\u00fcttm\u0171k\u00f6d\u00e9s k\u00f6vetkezt\u00e9ben az otthoni l\u00e9legeztet\u00e9sben r\u00e9szes\u00fcl\u0151 betegeknek t\u00e1rsbetegs\u00e9g ell\u00e1t\u00e1s\u00e1ban seg\u00edts\u00e9get \u00e9s h\u00e1tteret tud ny\u00fajtani. 2000 \u00f3ta t\u00f6bb mint k\u00e9tsz\u00e1z beteg ker\u00fclt bevon\u00e1sra, a legr\u00e9gebben gondozott beteg <strong>t\u00f6bb mint 20 \u00e9ve<\/strong> \u00e1ll gondoz\u00e1s alatt.<\/p>\n<p style=\"text-align: justify\">A program c\u00e9lja a kr\u00f3nikus l\u00e9gz\u00e9si el\u00e9gtelens\u00e9ggel k\u00fczd\u0151 betegek l\u00e9gz\u00e9st\u00e1mogat\u00e1s\u00e1nak be\u00e1ll\u00edt\u00e1sa, valamint gondoz\u00e1sa. Tapasztalatunk szerint megfelel\u0151 indik\u00e1ci\u00f3 alapj\u00e1n az id\u0151ben elkezdett l\u00e9gz\u00e9st\u00e1mogat\u00e1s a betegek \u00e9letmin\u0151s\u00e9g\u00e9t jav\u00edtani k\u00e9pes. Fontosnak tartjuk megjegyezni, hogy a l\u00e9gz\u00e9szavarok\u00a0 h\u00e1tter\u00e9ben sz\u00e1mos k\u00fcl\u00f6nb\u00f6z\u0151 betegs\u00e9g \u00e1llhat. A legl\u00e1tv\u00e1nyosabb javul\u00e1s a primer t\u00fcd\u0151betegs\u00e9g valamint a t\u00fals\u00falyos betegeket \u00e9rint\u0151 \u00fan. obezit\u00e1s-hipoventil\u00e1ci\u00f3s szindr\u00f3ma miatt kezelt betegekn\u00e9l \u00e9szlelhet\u0151. Hasonl\u00f3an j\u00f3 eredm\u00e9ny \u00e9rhet\u0151 el a restrikt\u00edv mellkasi deformit\u00e1sok \u00e9s az izomdisztr\u00f3fi\u00e1k eset\u00e9ben. Ugyanakkor a progressz\u00edv motoneuron betegs\u00e9gek, valamint a gyors progresszi\u00f3j\u00fa izombetegs\u00e9gek eset\u00e9ben az \u00e9letmin\u0151s\u00e9get \u00e9s a progresszi\u00f3t az alapbetegs\u00e9g hat\u00e1rozza meg, de a l\u00e9gz\u00e9ssel \u00f6sszef\u00fcgg\u0151 panaszok ezen p\u00e1ciensek eset\u00e9ben is cs\u00f6kkenthet\u0151k.<\/p>\n<p style=\"text-align: justify\">Betegeink egy r\u00e9sz\u00e9n\u00e9l a l\u00e9gz\u00e9st\u00e1mogat\u00e1s \u00fan. \u00e9letben tart\u00f3 kezel\u00e9s, eset\u00fckben folyamatosan, vagy legal\u00e1bb a nap legal\u00e1bb 16 \u00f3r\u00e1j\u00e1ban l\u00e9legeztet\u00e9sre van sz\u00fcks\u00e9g (III. szint). M\u00e1sokn\u00e1l a l\u00e9gz\u00e9st\u00e1mogat\u00e1s napi 8 &#8211; 16 \u00f3r\u00e1ban javasolt, esetleg csak az alv\u00e1s idej\u00e9re korl\u00e1toz\u00f3dik (I-II. szint). A l\u00e9gz\u00e9st\u00e1mogat\u00e1shoz a mai kor k\u00f6vetelm\u00e9nyeinek \u00e9s elv\u00e1r\u00e1sainak megfelel\u0151en a legmodernebb eszk\u00f6z\u00f6ket haszn\u00e1ljuk. A hossz\u00fa t\u00e1v\u00fa l\u00e9legeztet\u00e9s alkalmazhat\u00f3 maszkon kereszt\u00fcl, \u00fagynevezett neminvaz\u00edv l\u00e9legeztet\u00e9ssel, valamint l\u00e9gcs\u0151metsz\u00e9s sor\u00e1n behelyezett tracheostom\u00e1s kan\u00fcl\u00f6n kereszt\u00fcl v\u00e9gzett invaz\u00edv l\u00e9legeztet\u00e9ssel. Azt, hogy adott betegn\u00e9l melyik m\u00f3dot v\u00e1lasztjuk els\u0151 sorban szakmai ir\u00e1nyelvek szabj\u00e1k meg, de ezt a p\u00e1ciens preferenci\u00e1ja is befoly\u00e1solhatja.<\/p>\n<p style=\"text-align: justify\">Fontosnak tartjuk, hogy az Otthoni L\u00e9legeztet\u00e9si Programmal t\u00f6rt\u00e9n\u0151 egy\u00fcttm\u0171k\u00f6d\u00e9s a beteg r\u00e9sz\u00e9r\u0151l opcion\u00e1lis, de programba ker\u00fcl\u00e9s eset\u00e9n a betegnek \u00e9s csal\u00e1dj\u00e1nak minden esetben el kell fogadni a kezel\u00e9s felt\u00e9teleit. A nem megfelel\u0151 egy\u00fcttm\u0171k\u00f6d\u00e9s a programb\u00f3l t\u00f6rt\u00e9n\u0151 kiz\u00e1r\u00e1st vonhat maga ut\u00e1n. A p\u00e1cienst az alapbetegs\u00e9ge r\u00e9szleteir\u0151l, a kezel\u00e9s haszn\u00e1r\u00f3l, a kezel\u00e9s elhagy\u00e1s\u00e1nak esetleges k\u00f6vetkezm\u00e9nyeir\u0151l r\u00e9szletesen t\u00e1j\u00e9koztatjuk, \u00e9s a kezel\u00e9ssel kapcsolatos d\u00f6nt\u00e9sekbe minden esetben bevonjuk.<\/p>\n","protected":false},"excerpt":{"rendered":"<p>Klinik\u00e1nk m\u00e1r a 2000-es \u00e9vek eleje \u00f3ta gondoz tart\u00f3san otthoni g\u00e9pi l\u00e9legeztet\u00e9st ig\u00e9nyl\u0151 betegeket. Ezek kezdetben t\u00f6bbnyire egyedi esetek voltak. A kezdeti neh\u00e9zs\u00e9gek ut\u00e1n 2014-t\u0151l a meg\u00fajult szab\u00e1lyoz\u00e1snak k\u00f6sz\u00f6nhet\u0151en az Aneszteziol\u00f3giai \u00e9s Intenz\u00edv Ter\u00e1pi\u00e1s Klinika Otthoni L\u00e9legeztet\u00e9si Programja is meg\u00fajult, \u00edgy m\u00e1r a magyar betegek is k\u00f6nnyebben hozz\u00e1juthatnak az otthoni g\u00e9pi l\u00e9gz\u00e9st\u00e1mogat\u00e1shoz. A Program orvosokb\u00f3l &hellip;<\/p>\n","protected":false},"author":101484,"featured_media":0,"parent":6,"menu_order":1,"comment_status":"closed","ping_status":"closed","template":"","meta":{"_acf_changed":false,"footnotes":""},"categories":[],"tags":[],"class_list":["post-84","page","type-page","status-publish","hentry"],"acf":[],"_links":{"self":[{"href":"https:\/\/semmelweis.hu\/otthonilelegeztetes\/wp-json\/wp\/v2\/pages\/84","targetHints":{"allow":["GET"]}}],"collection":[{"href":"https:\/\/semmelweis.hu\/otthonilelegeztetes\/wp-json\/wp\/v2\/pages"}],"about":[{"href":"https:\/\/semmelweis.hu\/otthonilelegeztetes\/wp-json\/wp\/v2\/types\/page"}],"author":[{"embeddable":true,"href":"https:\/\/semmelweis.hu\/otthonilelegeztetes\/wp-json\/wp\/v2\/users\/101484"}],"replies":[{"embeddable":true,"href":"https:\/\/semmelweis.hu\/otthonilelegeztetes\/wp-json\/wp\/v2\/comments?post=84"}],"version-history":[{"count":6,"href":"https:\/\/semmelweis.hu\/otthonilelegeztetes\/wp-json\/wp\/v2\/pages\/84\/revisions"}],"predecessor-version":[{"id":373,"href":"https:\/\/semmelweis.hu\/otthonilelegeztetes\/wp-json\/wp\/v2\/pages\/84\/revisions\/373"}],"up":[{"embeddable":true,"href":"https:\/\/semmelweis.hu\/otthonilelegeztetes\/wp-json\/wp\/v2\/pages\/6"}],"wp:attachment":[{"href":"https:\/\/semmelweis.hu\/otthonilelegeztetes\/wp-json\/wp\/v2\/media?parent=84"}],"wp:term":[{"taxonomy":"category","embeddable":true,"href":"https:\/\/semmelweis.hu\/otthonilelegeztetes\/wp-json\/wp\/v2\/categories?post=84"},{"taxonomy":"post_tag","embeddable":true,"href":"https:\/\/semmelweis.hu\/otthonilelegeztetes\/wp-json\/wp\/v2\/tags?post=84"}],"curies":[{"name":"wp","href":"https:\/\/api.w.org\/{rel}","templated":true}]}}