{"id":8,"date":"2019-08-28T11:29:06","date_gmt":"2019-08-28T09:29:06","guid":{"rendered":"http:\/\/semmelweis.hu\/hef\/?page_id=8"},"modified":"2025-11-26T09:53:39","modified_gmt":"2025-11-26T08:53:39","slug":"elerhetoseg","status":"publish","type":"page","link":"https:\/\/semmelweis.hu\/otthonilelegeztetes\/elerhetoseg\/","title":{"rendered":"El\u00e9rhet\u0151s\u00e9g"},"content":{"rendered":"<p>Semmelweis Egyetem Intenz\u00edv Ter\u00e1pi\u00e1s Klinika (ITK)<br \/>Otthoni L\u00e9legeztet\u00e9si Program\u00a0 \u00a0<br \/>c\u00edm:1085 Budapest, Baross utca 23-25. III. emelet<\/p>\n<p>Telefonsz\u00e1m: 06 20 670 1559<\/p>\n<p>e-mail: <a href=\"mailto:olp@med.semmelweis-univ.hu\">olp@semmelweis.hu<\/a><\/p>\n<p><a href=\"https:\/\/semmelweis.hu\/otthonilelegeztetes\/files\/2024\/05\/Tajokzato-paciensek-szamra-TLO-es-OLP-ambuancia-uj-helyszinerol.pdf\">t\u00e9rk\u00e9p<\/a><\/p>\n","protected":false},"excerpt":{"rendered":"<p>Semmelweis Egyetem Intenz\u00edv Ter\u00e1pi\u00e1s Klinika (ITK)Otthoni L\u00e9legeztet\u00e9si Program\u00a0 \u00a0c\u00edm:1085 Budapest, Baross utca 23-25. III. emelet<br \/>\nTelefonsz\u00e1m: 06 20 670 1559<br \/>\ne-mail: <a href=\"mailto:olp@med.semmelweis-univ.hu\">olp@semmelweis.hu<\/a><br \/>\n<a href=\"https:\/\/semmelweis.hu\/otthonilelegeztetes\/files\/2024\/05\/Tajokzato-paciensek-szamra-TLO-es-OLP-ambuancia-uj-helyszinerol.pdf\">t\u00e9rk\u00e9p<\/a><\/p>\n","protected":false},"author":12,"featured_media":0,"parent":0,"menu_order":6,"comment_status":"closed","ping_status":"closed","template":"","meta":{"_acf_changed":false,"footnotes":""},"categories":[],"tags":[],"class_list":["post-8","page","type-page","status-publish","hentry"],"acf":[],"_links":{"self":[{"href":"https:\/\/semmelweis.hu\/otthonilelegeztetes\/wp-json\/wp\/v2\/pages\/8","targetHints":{"allow":["GET"]}}],"collection":[{"href":"https:\/\/semmelweis.hu\/otthonilelegeztetes\/wp-json\/wp\/v2\/pages"}],"about":[{"href":"https:\/\/semmelweis.hu\/otthonilelegeztetes\/wp-json\/wp\/v2\/types\/page"}],"author":[{"embeddable":true,"href":"https:\/\/semmelweis.hu\/otthonilelegeztetes\/wp-json\/wp\/v2\/users\/12"}],"replies":[{"embeddable":true,"href":"https:\/\/semmelweis.hu\/otthonilelegeztetes\/wp-json\/wp\/v2\/comments?post=8"}],"version-history":[{"count":10,"href":"https:\/\/semmelweis.hu\/otthonilelegeztetes\/wp-json\/wp\/v2\/pages\/8\/revisions"}],"predecessor-version":[{"id":467,"href":"https:\/\/semmelweis.hu\/otthonilelegeztetes\/wp-json\/wp\/v2\/pages\/8\/revisions\/467"}],"wp:attachment":[{"href":"https:\/\/semmelweis.hu\/otthonilelegeztetes\/wp-json\/wp\/v2\/media?parent=8"}],"wp:term":[{"taxonomy":"category","embeddable":true,"href":"https:\/\/semmelweis.hu\/otthonilelegeztetes\/wp-json\/wp\/v2\/categories?post=8"},{"taxonomy":"post_tag","embeddable":true,"href":"https:\/\/semmelweis.hu\/otthonilelegeztetes\/wp-json\/wp\/v2\/tags?post=8"}],"curies":[{"name":"wp","href":"https:\/\/api.w.org\/{rel}","templated":true}]}}