{"id":79,"date":"2020-02-18T01:47:57","date_gmt":"2020-02-18T00:47:57","guid":{"rendered":"http:\/\/semmelweis.hu\/otthonilelegeztetes\/?page_id=79"},"modified":"2025-11-20T09:01:04","modified_gmt":"2025-11-20T08:01:04","slug":"szakemberek-szamara","status":"publish","type":"page","link":"https:\/\/semmelweis.hu\/otthonilelegeztetes\/szakemberek-szamara\/","title":{"rendered":"Szakemberek sz\u00e1m\u00e1ra"},"content":{"rendered":"<p>Az otthoni g\u00e9pi l\u00e9legeztet\u00e9s megval\u00f3sul\u00e1s\u00e1hoz az al\u00e1bbi felt\u00e9telek egyidej\u0171 megl\u00e9te sz\u00fcks\u00e9ges:<\/p>\n<ol>\n<li style=\"text-align: justify\"><a href=\"https:\/\/semmelweis.hu\/otthonilelegeztetes\/szakemberek-szamara\/az-otthoni-lelegeztetes-betegsegspecifikus-indikacioi\/\">Az otthoni l\u00e9legeztet\u00e9s betegs\u00e9gspecifikus indik\u00e1ci\u00f3i igazolhat\u00f3k<\/a><\/li>\n<li style=\"text-align: justify\">Az <strong>otthoni k\u00f6r\u00fclm\u00e9nyek<\/strong> \u00e9s <strong>felt\u00e9telek<\/strong> megfelelnek az elv\u00e1r\u00e1soknak.<\/li>\n<li style=\"text-align: justify\">A <strong>be\u00e1ll\u00edtott l\u00e9legeztet\u00e9s<\/strong> eredm\u00e9nyes \u00e9s megfelel\u0151.<\/li>\n<li style=\"text-align: justify\">A beteg, \u00e9s \/ vagy a beteg csal\u00e1dja, gondvisel\u0151i r\u00e9sz\u00e9r\u0151l az <strong>Otthoni L\u00e9legeztet\u00e9si Program felt\u00e9telei<\/strong>nek elfogad\u00e1sa, a programmal hajland\u00f3k egy\u00fcttm\u0171k\u00f6dni, a kezel\u00e9s felt\u00e9teleit \u00e9s az azzal j\u00e1r\u00f3 k\u00f6telezetts\u00e9geket v\u00e1llalj\u00e1k, \u00e9s err\u0151l \u00edr\u00e1sban nyilatkoznak.<\/li>\n<\/ol>\n","protected":false},"excerpt":{"rendered":"<p>Az otthoni g\u00e9pi l\u00e9legeztet\u00e9s megval\u00f3sul\u00e1s\u00e1hoz az al\u00e1bbi felt\u00e9telek egyidej\u0171 megl\u00e9te sz\u00fcks\u00e9ges: <a href=\"https:\/\/semmelweis.hu\/otthonilelegeztetes\/szakemberek-szamara\/az-otthoni-lelegeztetes-betegsegspecifikus-indikacioi\/\">Az otthoni l\u00e9legeztet\u00e9s betegs\u00e9gspecifikus indik\u00e1ci\u00f3i igazolhat\u00f3k<\/a> Az otthoni k\u00f6r\u00fclm\u00e9nyek \u00e9s felt\u00e9telek megfelelnek az elv\u00e1r\u00e1soknak. A be\u00e1ll\u00edtott l\u00e9legeztet\u00e9s eredm\u00e9nyes \u00e9s megfelel\u0151. A beteg, \u00e9s \/ vagy a beteg csal\u00e1dja, gondvisel\u0151i r\u00e9sz\u00e9r\u0151l az Otthoni L\u00e9legeztet\u00e9si Program felt\u00e9teleinek elfogad\u00e1sa, a programmal hajland\u00f3k egy\u00fcttm\u0171k\u00f6dni, a kezel\u00e9s felt\u00e9teleit \u00e9s az azzal j\u00e1r\u00f3 k\u00f6telezetts\u00e9geket v\u00e1llalj\u00e1k, \u00e9s &hellip;<\/p>\n","protected":false},"author":101484,"featured_media":0,"parent":0,"menu_order":2,"comment_status":"closed","ping_status":"closed","template":"","meta":{"_acf_changed":false,"footnotes":""},"categories":[],"tags":[23],"class_list":["post-79","page","type-page","status-publish","hentry","tag-otthoni-lelegeztetes"],"acf":[],"_links":{"self":[{"href":"https:\/\/semmelweis.hu\/otthonilelegeztetes\/wp-json\/wp\/v2\/pages\/79","targetHints":{"allow":["GET"]}}],"collection":[{"href":"https:\/\/semmelweis.hu\/otthonilelegeztetes\/wp-json\/wp\/v2\/pages"}],"about":[{"href":"https:\/\/semmelweis.hu\/otthonilelegeztetes\/wp-json\/wp\/v2\/types\/page"}],"author":[{"embeddable":true,"href":"https:\/\/semmelweis.hu\/otthonilelegeztetes\/wp-json\/wp\/v2\/users\/101484"}],"replies":[{"embeddable":true,"href":"https:\/\/semmelweis.hu\/otthonilelegeztetes\/wp-json\/wp\/v2\/comments?post=79"}],"version-history":[{"count":6,"href":"https:\/\/semmelweis.hu\/otthonilelegeztetes\/wp-json\/wp\/v2\/pages\/79\/revisions"}],"predecessor-version":[{"id":430,"href":"https:\/\/semmelweis.hu\/otthonilelegeztetes\/wp-json\/wp\/v2\/pages\/79\/revisions\/430"}],"wp:attachment":[{"href":"https:\/\/semmelweis.hu\/otthonilelegeztetes\/wp-json\/wp\/v2\/media?parent=79"}],"wp:term":[{"taxonomy":"category","embeddable":true,"href":"https:\/\/semmelweis.hu\/otthonilelegeztetes\/wp-json\/wp\/v2\/categories?post=79"},{"taxonomy":"post_tag","embeddable":true,"href":"https:\/\/semmelweis.hu\/otthonilelegeztetes\/wp-json\/wp\/v2\/tags?post=79"}],"curies":[{"name":"wp","href":"https:\/\/api.w.org\/{rel}","templated":true}]}}