{"id":6,"date":"2019-08-28T11:28:41","date_gmt":"2019-08-28T09:28:41","guid":{"rendered":"http:\/\/semmelweis.hu\/hef\/?page_id=6"},"modified":"2024-05-23T20:37:08","modified_gmt":"2024-05-23T18:37:08","slug":"rolunk","status":"publish","type":"page","link":"https:\/\/semmelweis.hu\/otthonilelegeztetes\/rolunk\/","title":{"rendered":"R\u00f3lunk"},"content":{"rendered":"<p>A Semmelweis Egyetem Otthoni L\u00e9legeztet\u00e9si Programja az Intenz\u00edv Ter\u00e1pi\u00e1s Klinika \u00e1ltal m\u0171k\u00f6dtetett \u00f6n\u00e1ll\u00f3 program, melynek c\u00e9lja a tart\u00f3s l\u00e9gz\u00e9st\u00e1mogat\u00e1st ig\u00e9nyl\u0151 betegek otthoni k\u00f6rnyezetben t\u00f6rt\u00e9n\u0151 korszer\u0171 l\u00e9gz\u00e9st\u00e1mogat\u00e1s\u00e1nak biztos\u00edt\u00e1sa, ezzel jav\u00edtva a beteg \u00e9letmin\u0151s\u00e9g\u00e9t.<\/p>\n<p>A Tart\u00f3s L\u00e9legeztet\u00e9si Oszt\u00e1ly az Intenz\u00edv Ter\u00e1pi\u00e1s Klinika \u00f6n\u00e1ll\u00f3an m\u0171k\u00f6d\u0151 szervezeti egys\u00e9ge, mely az egyetem \u00e9s klinika m\u00e1s r\u00e9szlegeivel, valamint a t\u00e1rsszakm\u00e1kkal szorosan egy\u00fcttm\u0171k\u00f6dve biztos\u00edtja az Otthoni L\u00e9legeztet\u00e9si Program h\u00e1tter\u00e9t. A Tart\u00f3s L\u00e9legeztet\u00e9si Oszt\u00e1lyon azoknak a betegeknek az elekt\u00edv ell\u00e1t\u00e1sa t\u00f6rt\u00e9nik, akikn\u00e9l \u00a0potenci\u00e1lisan felmer\u00fcl a kr\u00f3nikus l\u00e9gz\u00e9si el\u00e9gtelens\u00e9g, valamint a tart\u00f3s l\u00e9gz\u00e9st\u00e1mogat\u00e1si ig\u00e9ny. Az oszt\u00e1ly tov\u00e1bb\u00e1 h\u00e1tteret biztos\u00edt az Otthoni L\u00e9legeztet\u00e9si Program keretein bel\u00fcl gondozott betegeknek.<\/p>\n<p>Az Otthoni L\u00e9legeztet\u00e9si Ambulancia c\u00e9lja az Otthoni L\u00e9legeztet\u00e9si Program keretein bel\u00fcl gondozott betegek rendszeres kontrollvizsg\u00e1lata, valamint a kr\u00f3nikus l\u00e9gz\u00e9si el\u00e9gtelens\u00e9gben szenved\u0151 betegek sz\u0171r\u00e9se.<\/p>\n","protected":false},"excerpt":{"rendered":"<p>A Semmelweis Egyetem Otthoni L\u00e9legeztet\u00e9si Programja jelenleg az orsz\u00e1gban a legnagyobb ilyen program, az Egyetem t\u00e1rsklinik\u00e1ival val\u00f3 egy\u00fcttm\u0171k\u00f6d\u00e9s k\u00f6vetkezt\u00e9ben az otthoni l\u00e9legeztet\u00e9sben r\u00e9szes\u00fcl\u0151 betegeknek t\u00e1rsbetegs\u00e9g ell\u00e1t\u00e1s\u00e1ban seg\u00edts\u00e9get \u00e9s h\u00e1tteret tud ny\u00fajtani. 2000 \u00f3ta t\u00f6bb mint k\u00e9tsz\u00e1z beteg ker\u00fclt bevon\u00e1sra, a legr\u00e9gebben gondozott beteg t\u00f6bb mint 20 \u00e9ve \u00e1ll gondoz\u00e1s alatt.<\/p>\n","protected":false},"author":12,"featured_media":16,"parent":0,"menu_order":0,"comment_status":"closed","ping_status":"closed","template":"","meta":{"_acf_changed":false,"footnotes":""},"categories":[],"tags":[],"class_list":["post-6","page","type-page","status-publish","has-post-thumbnail","hentry"],"acf":[],"_links":{"self":[{"href":"https:\/\/semmelweis.hu\/otthonilelegeztetes\/wp-json\/wp\/v2\/pages\/6","targetHints":{"allow":["GET"]}}],"collection":[{"href":"https:\/\/semmelweis.hu\/otthonilelegeztetes\/wp-json\/wp\/v2\/pages"}],"about":[{"href":"https:\/\/semmelweis.hu\/otthonilelegeztetes\/wp-json\/wp\/v2\/types\/page"}],"author":[{"embeddable":true,"href":"https:\/\/semmelweis.hu\/otthonilelegeztetes\/wp-json\/wp\/v2\/users\/12"}],"replies":[{"embeddable":true,"href":"https:\/\/semmelweis.hu\/otthonilelegeztetes\/wp-json\/wp\/v2\/comments?post=6"}],"version-history":[{"count":9,"href":"https:\/\/semmelweis.hu\/otthonilelegeztetes\/wp-json\/wp\/v2\/pages\/6\/revisions"}],"predecessor-version":[{"id":406,"href":"https:\/\/semmelweis.hu\/otthonilelegeztetes\/wp-json\/wp\/v2\/pages\/6\/revisions\/406"}],"wp:featuredmedia":[{"embeddable":true,"href":"https:\/\/semmelweis.hu\/otthonilelegeztetes\/wp-json\/wp\/v2\/media\/16"}],"wp:attachment":[{"href":"https:\/\/semmelweis.hu\/otthonilelegeztetes\/wp-json\/wp\/v2\/media?parent=6"}],"wp:term":[{"taxonomy":"category","embeddable":true,"href":"https:\/\/semmelweis.hu\/otthonilelegeztetes\/wp-json\/wp\/v2\/categories?post=6"},{"taxonomy":"post_tag","embeddable":true,"href":"https:\/\/semmelweis.hu\/otthonilelegeztetes\/wp-json\/wp\/v2\/tags?post=6"}],"curies":[{"name":"wp","href":"https:\/\/api.w.org\/{rel}","templated":true}]}}