{"id":431,"date":"2025-11-19T17:51:04","date_gmt":"2025-11-19T16:51:04","guid":{"rendered":"https:\/\/semmelweis.hu\/otthonilelegeztetes\/?page_id=431"},"modified":"2025-11-19T18:00:13","modified_gmt":"2025-11-19T17:00:13","slug":"obstruktiv-tudobetegseg","status":"publish","type":"page","link":"https:\/\/semmelweis.hu\/otthonilelegeztetes\/szakemberek-szamara\/az-otthoni-lelegeztetes-betegsegspecifikus-indikacioi\/obstruktiv-tudobetegseg\/","title":{"rendered":"Obstrukt\u00edv t\u00fcd\u0151betegs\u00e9gek"},"content":{"rendered":"<p style=\"text-align: justify\">Az obstrukt\u00edv t\u00fcd\u0151betegs\u00e9gek k\u00f6z\u00e9 soroljuk:<\/p>\n<ul style=\"text-align: justify\">\n<li>kr\u00f3nikus obstrukt\u00edv t\u00fcd\u0151betegs\u00e9g (COPD)<\/li>\n<li>ciszt\u00e1s fibr\u00f3zis (CF)<\/li>\n<li>bronchiolitis obliterans (BOS)<\/li>\n<\/ul>\n<p style=\"text-align: justify\">Az obstrukt\u00edv t\u00fcd\u0151betegs\u00e9g eset\u00e9n tart\u00f3s, nappali intermitt\u00e1l\u00f3, \u00e9s \u00e9jszakai folyamatos l\u00e9gz\u00e9st\u00e1mogat\u00e1s mellett a beteg l\u00e9gz\u00e9ssel \u00f6sszef\u00fcgg\u0151 panaszai cs\u00f6kkenhetnek, a k\u00f3rh\u00e1zi felv\u00e9telt indokl\u00f3 exacerb\u00e1ci\u00f3k sz\u00e1ma pedig jelent\u0151sen cs\u00f6kkenthet\u0151.<\/p>\n<p style=\"text-align: justify\">Otthoni l\u00e9gz\u00e9st\u00e1mogat\u00e1s indokolt, amennyiben:<\/p>\n<ul style=\"text-align: justify\">\n<li>Kr\u00f3nikus nappali hiperkapnia \u00e1ll fenn (PaCO<sub>2 <\/sub>\u2265 50Hgmm)<\/li>\n<li>\u00c9jszakai hiperkapnia kimutathat\u00f3 (PaCO<sub>2 <\/sub>\u2265 55Hgmm)<\/li>\n<li>Folyamatos nappali hiperkapnia(PaCO<sub>2 <\/sub>46 &#8211; 50Hgmm), mely alv\u00e1s alatt romlik (PTcCO<sub>2 <\/sub>\u2265 10Hgmm)<\/li>\n<li>Folyamatos nappali hiperkapnia(PaCO<sub>2 <\/sub>\u2265 46 &#8211; 50Hgmm), valamint legal\u00e1bb 2 k\u00f3rh\u00e1zi kezel\u00e9st ig\u00e9nyl\u0151, respir\u00e1ci\u00f3s acid\u00f3zissal j\u00e1r\u00f3 exacerb\u00e1ci\u00f3 az elm\u00falt 12 h\u00f3napban<\/li>\n<li>Fokozott l\u00e9gz\u00e9si munka, mely diszpno\u00e9hoz vagy az alv\u00e1smin\u0151s\u00e9g roml\u00e1s\u00e1hoz vezet<\/li>\n<\/ul>\n","protected":false},"excerpt":{"rendered":"<p>Az obstrukt\u00edv t\u00fcd\u0151betegs\u00e9gek k\u00f6z\u00e9 soroljuk: kr\u00f3nikus obstrukt\u00edv t\u00fcd\u0151betegs\u00e9g (COPD) ciszt\u00e1s fibr\u00f3zis (CF) bronchiolitis obliterans (BOS) Az obstrukt\u00edv t\u00fcd\u0151betegs\u00e9g eset\u00e9n tart\u00f3s, nappali intermitt\u00e1l\u00f3, \u00e9s \u00e9jszakai folyamatos l\u00e9gz\u00e9st\u00e1mogat\u00e1s mellett a beteg l\u00e9gz\u00e9ssel \u00f6sszef\u00fcgg\u0151 panaszai cs\u00f6kkenhetnek, a k\u00f3rh\u00e1zi felv\u00e9telt indokl\u00f3 exacerb\u00e1ci\u00f3k sz\u00e1ma pedig jelent\u0151sen cs\u00f6kkenthet\u0151. Otthoni l\u00e9gz\u00e9st\u00e1mogat\u00e1s indokolt, amennyiben: Kr\u00f3nikus nappali hiperkapnia \u00e1ll fenn (PaCO2 \u2265 50Hgmm) \u00c9jszakai &hellip;<\/p>\n","protected":false},"author":101676,"featured_media":0,"parent":93,"menu_order":2,"comment_status":"closed","ping_status":"closed","template":"","meta":{"_acf_changed":false,"footnotes":""},"categories":[],"tags":[],"class_list":["post-431","page","type-page","status-publish","hentry"],"acf":[],"_links":{"self":[{"href":"https:\/\/semmelweis.hu\/otthonilelegeztetes\/wp-json\/wp\/v2\/pages\/431","targetHints":{"allow":["GET"]}}],"collection":[{"href":"https:\/\/semmelweis.hu\/otthonilelegeztetes\/wp-json\/wp\/v2\/pages"}],"about":[{"href":"https:\/\/semmelweis.hu\/otthonilelegeztetes\/wp-json\/wp\/v2\/types\/page"}],"author":[{"embeddable":true,"href":"https:\/\/semmelweis.hu\/otthonilelegeztetes\/wp-json\/wp\/v2\/users\/101676"}],"replies":[{"embeddable":true,"href":"https:\/\/semmelweis.hu\/otthonilelegeztetes\/wp-json\/wp\/v2\/comments?post=431"}],"version-history":[{"count":3,"href":"https:\/\/semmelweis.hu\/otthonilelegeztetes\/wp-json\/wp\/v2\/pages\/431\/revisions"}],"predecessor-version":[{"id":436,"href":"https:\/\/semmelweis.hu\/otthonilelegeztetes\/wp-json\/wp\/v2\/pages\/431\/revisions\/436"}],"up":[{"embeddable":true,"href":"https:\/\/semmelweis.hu\/otthonilelegeztetes\/wp-json\/wp\/v2\/pages\/93"}],"wp:attachment":[{"href":"https:\/\/semmelweis.hu\/otthonilelegeztetes\/wp-json\/wp\/v2\/media?parent=431"}],"wp:term":[{"taxonomy":"category","embeddable":true,"href":"https:\/\/semmelweis.hu\/otthonilelegeztetes\/wp-json\/wp\/v2\/categories?post=431"},{"taxonomy":"post_tag","embeddable":true,"href":"https:\/\/semmelweis.hu\/otthonilelegeztetes\/wp-json\/wp\/v2\/tags?post=431"}],"curies":[{"name":"wp","href":"https:\/\/api.w.org\/{rel}","templated":true}]}}