{"id":400,"date":"2024-05-23T19:51:23","date_gmt":"2024-05-23T17:51:23","guid":{"rendered":"https:\/\/semmelweis.hu\/otthonilelegeztetes\/?page_id=400"},"modified":"2025-11-19T20:42:37","modified_gmt":"2025-11-19T19:42:37","slug":"publikaciok","status":"publish","type":"page","link":"https:\/\/semmelweis.hu\/otthonilelegeztetes\/kutatas\/publikaciok\/","title":{"rendered":"Publik\u00e1ci\u00f3k"},"content":{"rendered":"<div>Lorx, A., Valk\u00f3, L., &amp; G\u00e1l, J. (2019). Az otthoni l\u00e9legeztet\u00e9s helyzete Magyarorsz\u00e1gon.\u00a0<i>MEDICINA THORACALIS (BUDAPEST)<\/i>,\u00a0<i>72<\/i>(3), 119\u2013125.<\/div>\n<div>\u00a0<\/div>\n<div>Lorx, A., Baglyas, S., Podmaniczky, E., Valk\u00f3, L., G\u00e1l, J., &amp; Suki, B. (2022). Lung mechanics during recovery of a non-invasively ventilated patient with severe COVID-19 pneumonia.\u00a0<i>RESPIRATORY PHYSIOLOGY AND NEUROBIOLOGY<\/i>,\u00a0<i>306<\/i>. http:\/\/doi.org\/10.1016\/j.resp.2022.103960<\/div>\n<div>\u00a0<\/div>\n<div>\n<div class=\"csl-entry\">Valko, L., Baglyas, S., Gyarmathy, V. A., Gal, J., &amp; Lorx, A. (2020). Home mechanical ventilation: quality of life patterns after six months of treatment.\u00a0<i>BMC PULMONARY MEDICINE<\/i>,\u00a0<i>20<\/i>(1). http:\/\/doi.org\/10.1186\/s12890-020-01262-z<\/div>\n<div>\u00a0<\/div>\n<div class=\"csl-entry\">Valko, L., Baglyas, S., Kunos, L., Terray-Horvath, A., Lorx, A., Gal, J., &amp; Windisch, W. (2020). Validation of the Hungarian version of the SRI Questionnaire.\u00a0<i>BMC PULMONARY MEDICINE<\/i>,\u00a0<i>20<\/i>(1). http:\/\/doi.org\/10.1186\/s12890-020-1171-5<\/div>\n<\/div>\n<div>\u00a0<\/div>\n<div class=\"csl-entry\">Baglyas, S., Valk\u00f3, L., Skult\u00e9ti, D., Podmaniczky, E., G\u00e1l, J., &amp; Lorx, A. (2024). Az obesitas-hypoventilati\u00f3s szindr\u00f3ma kezel\u00e9se \u00e9s ut\u00e1nk\u00f6vet\u00e9se.\u00a0<i>ORVOSI HETILAP<\/i>,\u00a0<i>165<\/i>(10), 385\u2013392. http:\/\/doi.org\/10.1556\/650.2024.32986<\/div>\n<div>\u00a0<\/div>\n<div class=\"csl-entry\">Baglyas, S., Valk\u00f3, L., M\u00f3r\u00f3, V., Podmaniczky, E., Cz\u00f6vek, D., Makan, G., \u2026 Lorx, A. (2023). Using intra-breath oscillometry in obesity hypoventilation syndrome to detect tidal expiratory flow limitation: a potential marker to optimize CPAP therapy.\u00a0<i>BMC PULMONARY MEDICINE<\/i>,\u00a0<i>23<\/i>(1). http:\/\/doi.org\/10.1186\/s12890-023-02777-x<\/div>\n<div>\u00a0<\/div>\n<div class=\"csl-entry\">Baglyas, S., Valk\u00f3, L., Donka, D., Fodor, G., Hans\u00e1gi, E., M\u00e9h\u00e9sz, I., \u2026 Lorx, A. (2023). Prevalence of suspected obesity hypoventilation syndrome in Hungarian Intensive Care Units during the COVID\u201019 pandemic.\u00a0<i>CLINICAL RESPIRATORY JOURNAL<\/i>,\u00a0<i>17<\/i>(8), 771\u2013779. http:\/\/doi.org\/10.1111\/crj.13667<\/div>\n<div>\u00a0<\/div>\n<div class=\"csl-entry\">Baglyas, S., Valko, L., Gyarmathy, V. A., LaPradd, M., Gal, J., &amp; Lorx, A. (2022). Implementation of a Comprehensive Testing Protocol for a Rapidly Manufactured Mechanical Ventilator.\u00a0<i>OPEN RESPIRATORY ARCHIVES<\/i>,\u00a0<i>4<\/i>(3). http:\/\/doi.org\/10.1016\/j.opresp.2022.100189<\/div>\n<div>\u00a0<\/div>\n<div class=\"csl-entry\">Valko, L., Baglyas, S., Podmaniczky, E., Prohaszka, Z., Gal, J., &amp; Lorx, A. (2022). Exploring red cell distribution width as a biomarker for treatment efficacy in home mechanical ventilation.\u00a0<i>BMC PULMONARY MEDICINE<\/i>,\u00a0<i>22<\/i>(1). http:\/\/doi.org\/10.1186\/s12890-022-01916-0<\/div>\n<div>\u00a0<\/div>\n<div class=\"csl-entry\">Losonczy, G., Luk\u00e1csovits, J., S\u00fctt\u0151, Z., Lorx, A., &amp; M\u00fcller, V. (2021). S\u00falyos hypoxaemia l\u00e9gszomj n\u00e9lk\u00fcl COVID-19-pneumoni\u00e1ban.\u00a0<i>ORVOSI HETILAP<\/i>,\u00a0<i>162<\/i>(10), 362\u2013365. http:\/\/doi.org\/10.1556\/650.2021.32136<\/div>\n<div>\u00a0<\/div>\n<div class=\"csl-entry\">Boh\u00e1cs, A., Eszes, N., T\u00e1rnoki, \u00c1., T\u00e1rnoki, D., Lorx, A., Valk\u00f3, L., \u2026 Bal\u00e1zs, G. (2020). Esetbemutat\u00e1sok: klinikum, radiol\u00f3gia \u00e9s patol\u00f3gia &#8211; Gy\u00f3gyszer induk\u00e1lta alveolitis. In\u00a0<i>Az interstitialis t\u00fcd\u0151betegs\u00e9gek k\u00e9palkot\u00e1sa multidiszciplin\u00e1ris kitekint\u00e9ssel<\/i>\u00a0(pp. 162\u2013163).<\/div>\n<div>\u00a0<\/div>\n<div class=\"csl-entry\">Cs\u00f3sza, G., Valk\u00f3, L., Baglyas, S., Losonczy, G., Lorx, A., G\u00e1l, J., &amp; Karl\u00f3cai, K. (2019). Mellkasdeformit\u00e1s okozta pulmonalis hipert\u00f3nia oki kezel\u00e9se.\u00a0<i>CARDIOLOGIA HUNGARICA<\/i>,\u00a0<i>49<\/i>(3), 184\u2013187. http:\/\/doi.org\/10.26430\/CHUNGARICA.2019.49.3.184<\/div>\n<div>\u00a0<\/div>\n<div class=\"csl-entry\">Valko, L., Csosza, G., Merei, A., Muhl, D., Faludi, R., Karlocai, K., \u2026 Gal, J. (2019). Management of acutely decompensated chronic thromboembolic pulmonary hypertension in late pregnancy.\u00a0<i>BMC PREGNANCY AND CHILDBIRTH<\/i>,\u00a0<i>19<\/i>(1). http:\/\/doi.org\/10.1186\/s12884-019-2545-7<\/div>\n<div>\u00a0<\/div>\n<div class=\"csl-entry\">Valk\u00f3, L., Lorx, A., Baglyas, S., Vincze, K., M\u00fcller, V., &amp; G\u00e1l, J. (2019). Idiopathias pulmonalis fibrosis intenz\u00edv ter\u00e1pi\u00e1s \u00e9s aneszteziol\u00f3giai vonatkoz\u00e1sai.\u00a0<i>MEDICINA THORACALIS (BUDAPEST)<\/i>,\u00a0<i>72<\/i>(5), 268\u2013274.<\/div>\n<div>\u00a0<\/div>\n<div class=\"csl-entry\">Valko, L., Baglyas, S., Tamaska, E., Lorx, A., &amp; Gal, J. (2018). Nem invaz\u00edv l\u00e9legeztet\u00e9s alkalmaz\u00e1sa kritikus \u00e1llapot\u00fa betegekben.\u00a0<i>ORVOSI HETILAP<\/i>,\u00a0<i>159<\/i>(45), 1831\u20131837. http:\/\/doi.org\/10.1556\/650.2018.31052<\/div>\n<div>\u00a0<\/div>\n<div class=\"csl-entry\">Valko, L., Baglyas, S., Gal, J., &amp; Lorx, A. (2018). National survey: current prevalence and characteristics of home mechanical ventilation in Hungary.\u00a0<i>BMC PULMONARY MEDICINE<\/i>,\u00a0<i>18<\/i>(1). http:\/\/doi.org\/10.1186\/s12890-018-0754-x<\/div>\n<div>\u00a0<\/div>\n<div class=\"csl-entry\">Lorx, A., Cz\u00f6vek, D., Gingl, Z., Makan, G., Radics, B., Bartusek, D., \u2026 Hantos, Z. (2017). Airway dynamics in COPD patients by within-breath impedance tracking: effects of continuous positive airway pressure.\u00a0<i>EUROPEAN RESPIRATORY JOURNAL<\/i>,\u00a0<i>49<\/i>(2). http:\/\/doi.org\/10.1183\/13993003.01270-2016<\/div>\n<div>\u00a0<\/div>\n<div class=\"csl-entry\">\u0150ri, E., Boh\u00e1cs, A., Lorx, A., Eszes, N., Balogh, O., M\u00fcller, V., &amp; Losonczy, G. (2017). Posttranszplant\u00e1ci\u00f3s alveolitis.\u00a0<i>MEDICINA THORACALIS (BUDAPEST)<\/i>,\u00a0<i>70<\/i>(3), 191\u2013194.<\/div>\n<div>\u00a0<\/div>\n<div class=\"csl-entry\">Valk\u00f3, L., Lorx, A., Iv\u00e1nyi, Z., Hermann, C., &amp; G\u00e1l, J. (2017). Early CRRT Filter Clotting Caused by Hypertriglyceridemia Requiring Therapeutic Plasma Exchange.\u00a0<i>BLOOD PURIFICATION<\/i>,\u00a0<i>44<\/i>, 161\u2013161.<\/div>\n<div>\u00a0<\/div>\n<div class=\"csl-entry\">Lorx, A., &amp; Valk\u00f3, L. (2016). COPD. In\u00a0<i>A l\u00e9legeztet\u00e9s gyakorlata<\/i>\u00a0(pp. 287\u2013298).<\/div>\n","protected":false},"excerpt":{"rendered":"<p>Lorx, A., Valk\u00f3, L., &amp; G\u00e1l, J. (2019). Az otthoni l\u00e9legeztet\u00e9s helyzete Magyarorsz\u00e1gon.\u00a0MEDICINA THORACALIS (BUDAPEST),\u00a072(3), 119\u2013125. \u00a0 Lorx, A., Baglyas, S., Podmaniczky, E., Valk\u00f3, L., G\u00e1l, J., &amp; Suki, B. (2022). Lung mechanics during recovery of a non-invasively ventilated patient with severe COVID-19 pneumonia.\u00a0RESPIRATORY PHYSIOLOGY AND NEUROBIOLOGY,\u00a0306. http:\/\/doi.org\/10.1016\/j.resp.2022.103960 \u00a0 Valko, L., Baglyas, S., Gyarmathy, V. &hellip;<\/p>\n","protected":false},"author":101676,"featured_media":0,"parent":25,"menu_order":0,"comment_status":"closed","ping_status":"closed","template":"","meta":{"_acf_changed":false,"footnotes":""},"categories":[],"tags":[],"class_list":["post-400","page","type-page","status-publish","hentry"],"acf":[],"_links":{"self":[{"href":"https:\/\/semmelweis.hu\/otthonilelegeztetes\/wp-json\/wp\/v2\/pages\/400","targetHints":{"allow":["GET"]}}],"collection":[{"href":"https:\/\/semmelweis.hu\/otthonilelegeztetes\/wp-json\/wp\/v2\/pages"}],"about":[{"href":"https:\/\/semmelweis.hu\/otthonilelegeztetes\/wp-json\/wp\/v2\/types\/page"}],"author":[{"embeddable":true,"href":"https:\/\/semmelweis.hu\/otthonilelegeztetes\/wp-json\/wp\/v2\/users\/101676"}],"replies":[{"embeddable":true,"href":"https:\/\/semmelweis.hu\/otthonilelegeztetes\/wp-json\/wp\/v2\/comments?post=400"}],"version-history":[{"count":4,"href":"https:\/\/semmelweis.hu\/otthonilelegeztetes\/wp-json\/wp\/v2\/pages\/400\/revisions"}],"predecessor-version":[{"id":458,"href":"https:\/\/semmelweis.hu\/otthonilelegeztetes\/wp-json\/wp\/v2\/pages\/400\/revisions\/458"}],"up":[{"embeddable":true,"href":"https:\/\/semmelweis.hu\/otthonilelegeztetes\/wp-json\/wp\/v2\/pages\/25"}],"wp:attachment":[{"href":"https:\/\/semmelweis.hu\/otthonilelegeztetes\/wp-json\/wp\/v2\/media?parent=400"}],"wp:term":[{"taxonomy":"category","embeddable":true,"href":"https:\/\/semmelweis.hu\/otthonilelegeztetes\/wp-json\/wp\/v2\/categories?post=400"},{"taxonomy":"post_tag","embeddable":true,"href":"https:\/\/semmelweis.hu\/otthonilelegeztetes\/wp-json\/wp\/v2\/tags?post=400"}],"curies":[{"name":"wp","href":"https:\/\/api.w.org\/{rel}","templated":true}]}}