{"id":318,"date":"2024-05-23T20:00:20","date_gmt":"2024-05-23T18:00:20","guid":{"rendered":"https:\/\/semmelweis.hu\/otthonilelegeztetes\/?page_id=318"},"modified":"2024-05-23T20:00:20","modified_gmt":"2024-05-23T18:00:20","slug":"videok","status":"publish","type":"page","link":"https:\/\/semmelweis.hu\/otthonilelegeztetes\/olp-oktatasi-anyag\/level-iii\/videok\/","title":{"rendered":"Vide\u00f3k"},"content":{"rendered":"<p><a href=\"https:\/\/youtube.com\/playlist?list=PL3OmXwJjrBJEhJp5UyvHA2tXOjiTZroEb&amp;feature=shared\">Oktat\u00f3 vide\u00f3k neminvaz\u00edv l\u00e9legeztet\u00e9shez<\/a><\/p>\n<p><a href=\"https:\/\/youtube.com\/playlist?list=PL3OmXwJjrBJE07JSUVbcKjejx8Pvrojbn&amp;feature=shared\">Oktat\u00f3 vide\u00f3k invaz\u00edv l\u00e9legeztet\u00e9shez<\/a><\/p>\n","protected":false},"excerpt":{"rendered":"<p><a href=\"https:\/\/youtube.com\/playlist?list=PL3OmXwJjrBJEhJp5UyvHA2tXOjiTZroEb&amp;feature=shared\">Oktat\u00f3 vide\u00f3k neminvaz\u00edv l\u00e9legeztet\u00e9shez<\/a><br \/>\n<a href=\"https:\/\/youtube.com\/playlist?list=PL3OmXwJjrBJE07JSUVbcKjejx8Pvrojbn&amp;feature=shared\">Oktat\u00f3 vide\u00f3k invaz\u00edv l\u00e9legeztet\u00e9shez<\/a><\/p>\n","protected":false},"author":101676,"featured_media":0,"parent":207,"menu_order":9,"comment_status":"closed","ping_status":"closed","template":"","meta":{"_acf_changed":false,"footnotes":""},"categories":[],"tags":[],"class_list":["post-318","page","type-page","status-publish","hentry"],"acf":[],"_links":{"self":[{"href":"https:\/\/semmelweis.hu\/otthonilelegeztetes\/wp-json\/wp\/v2\/pages\/318","targetHints":{"allow":["GET"]}}],"collection":[{"href":"https:\/\/semmelweis.hu\/otthonilelegeztetes\/wp-json\/wp\/v2\/pages"}],"about":[{"href":"https:\/\/semmelweis.hu\/otthonilelegeztetes\/wp-json\/wp\/v2\/types\/page"}],"author":[{"embeddable":true,"href":"https:\/\/semmelweis.hu\/otthonilelegeztetes\/wp-json\/wp\/v2\/users\/101676"}],"replies":[{"embeddable":true,"href":"https:\/\/semmelweis.hu\/otthonilelegeztetes\/wp-json\/wp\/v2\/comments?post=318"}],"version-history":[{"count":2,"href":"https:\/\/semmelweis.hu\/otthonilelegeztetes\/wp-json\/wp\/v2\/pages\/318\/revisions"}],"predecessor-version":[{"id":405,"href":"https:\/\/semmelweis.hu\/otthonilelegeztetes\/wp-json\/wp\/v2\/pages\/318\/revisions\/405"}],"up":[{"embeddable":true,"href":"https:\/\/semmelweis.hu\/otthonilelegeztetes\/wp-json\/wp\/v2\/pages\/207"}],"wp:attachment":[{"href":"https:\/\/semmelweis.hu\/otthonilelegeztetes\/wp-json\/wp\/v2\/media?parent=318"}],"wp:term":[{"taxonomy":"category","embeddable":true,"href":"https:\/\/semmelweis.hu\/otthonilelegeztetes\/wp-json\/wp\/v2\/categories?post=318"},{"taxonomy":"post_tag","embeddable":true,"href":"https:\/\/semmelweis.hu\/otthonilelegeztetes\/wp-json\/wp\/v2\/tags?post=318"}],"curies":[{"name":"wp","href":"https:\/\/api.w.org\/{rel}","templated":true}]}}