{"id":242,"date":"2020-03-09T12:56:29","date_gmt":"2020-03-09T11:56:29","guid":{"rendered":"http:\/\/semmelweis.hu\/otthonilelegeztetes\/?page_id=242"},"modified":"2025-11-19T20:52:10","modified_gmt":"2025-11-19T19:52:10","slug":"veszhelyzetek-ellatasa","status":"publish","type":"page","link":"https:\/\/semmelweis.hu\/otthonilelegeztetes\/olp-oktatasi-anyag\/level-iii\/veszhelyzetek-ellatasa\/","title":{"rendered":"V\u00e9szhelyzetek ell\u00e1t\u00e1sa"},"content":{"rendered":"<p style=\"text-align: justify\">Az otthoni l\u00e9legeztet\u00e9s sor\u00e1n sz\u00e1mos v\u00e9szhelyzet ad\u00f3dhat, melyekn\u00e9l kulcsfontoss\u00e1g\u00fa, hogy az els\u0151 \u00e9szlel\u0151 megfelel\u0151en felm\u00e9rje a helyzetet \u00e9s hat\u00e9kony seg\u00edts\u00e9get ny\u00fajtson. Emiatt a k\u00f6vetkez\u0151 ismereteket a csal\u00e1d minden tagj\u00e1nak ismernie kell.<\/p>\n<p>&nbsp;<\/p>\n<ol>\n<li>A beteg \u00e1llapot\u00e1nak felm\u00e9r\u00e9se<\/li>\n<\/ol>\n<p style=\"text-align: justify\">A v\u00e9szhelyzetek ad\u00f3dhatnak technikai probl\u00e9m\u00e1kb\u00f3l fakad\u00f3an (g\u00e9p meghib\u00e1sod\u00e1s, tracheosztom\u00e1s kan\u00fcl probl\u00e9ma, stb.) vagy a beteg \u00e1llapot\u00e1b\u00f3l fakad\u00f3an (l\u00e9g\u00fati v\u00e1lad\u00e9k megn\u00f6vekedett mennyis\u00e9ge, sz\u00edvritmuszavar, stb.).<\/p>\n<p>V\u00e9szhelyzet eset\u00e9n el\u0151sz\u00f6r minden esetben m\u00e9rj\u00fck fel a beteg \u00e1llapot\u00e1t.<\/p>\n<ol>\n<li>\u00a0 \u00a0 \u00a0 Tudati \u00e1llapot: \u00e9breszthet\u0151-e hangingerre, vagy enyhe stimulusra\u00a0 (\u00f3vatosan r\u00e1zza meg a v\u00e1ll\u00e1t, sz\u00f3l\u00edtsa fel hangosan, reag\u00e1l-e?)<\/li>\n<li>\u00a0 \u00a0 \u00a0 \u00c1tj\u00e1rhat\u00f3 l\u00e9g\u00fat: bejut-e a leveg\u0151 a tracheosztom\u00e1s kan\u00fcl\u00f6n, sz\u00edv\u00f3kat\u00e9terrel \u00e1tj\u00e1rhat\u00f3-e!<\/li>\n<li>\u00a0 \u00a0 \u00a0 L\u00e9gz\u00e9s: van-e l\u00e9gz\u0151mozg\u00e1s illetve a g\u00e9p ad-e leveg\u0151t, mellkasa ritmusosan emelkedik-e, a l\u00e9legeztet\u0151g\u00e9p m\u0171k\u00f6dik-e rendesen, ad-e riaszt\u00e1st?<\/li>\n<li>\u00a0 \u00a0 \u00a0 Kering\u00e9s: van-e tapinthat\u00f3 pulzus illetve a beteg spont\u00e1n mozog-e?<\/li>\n<li>\u00a0 \u00a0 \u00a0 Minden m\u00e1s: van-e k\u00fcls\u00e9relmi nyom, l\u00e1that\u00f3 elv\u00e1ltoz\u00e1s, l\u00e1z?<\/li>\n<\/ol>\n<p>&nbsp;<\/p>\n<ol>\n<li>Seg\u00edts\u00e9g, ment\u0151 h\u00edv\u00e1sa<\/li>\n<\/ol>\n<p style=\"text-align: justify\">A gyors \u00e1llapotfelm\u00e9r\u00e9s alapj\u00e1n el kell d\u00f6nten\u00fcnk, hogy val\u00f3s v\u00e9szhelyzet \u00e1ll-e fenn. Amennyiben igen, akkor azonnal h\u00edvjunk seg\u00edts\u00e9get, illetve ment\u0151t.<\/p>\n<p>&nbsp;<\/p>\n<p>A ment\u0151 h\u00edv\u00e1sakor (112) bemondand\u00f3 adatok:<\/p>\n<ol>\n<li>\u00a0 \u00a0 Ki telefon\u00e1l, honnan (n\u00e9v, pontos c\u00edm megad\u00e1sa)<\/li>\n<li>\u00a0 \u00a0 Fontos hogy jelezz\u00fck, hogy otthon l\u00e9legeztett betegr\u0151l van sz\u00f3!<\/li>\n<\/ol>\n<p>Pl.: \u201eAgyk\u00e1rosod\u00e1s miatt otthoni l\u00e9legeztetett beteghez k\u00e9r\u00fcnk s\u00fcrg\u0151s seg\u00edts\u00e9get\u201d<\/p>\n<ol start=\"3\">\n<li>\u00a0 \u00a0 Mi a probl\u00e9ma<\/li>\n<\/ol>\n<p>&nbsp;<\/p>\n<p style=\"text-align: justify\">Amennyiben a beteg \u00e1llapota a felm\u00e9r\u00e9s alapj\u00e1n megfelel\u0151, de technikai probl\u00e9ma \u00e1ll fenn vagy a beteg \u00e1llapota nem megnyugtat\u00f3, h\u00edvjuk a seg\u00edts\u00e9gre kijel\u00f6lt ell\u00e1t\u00f3kat:<\/p>\n<ol>\n<li>\u00a0 \u00a0 H\u00e1ziorvos<\/li>\n<li>\u00a0 \u00a0 Klinikai el\u00e9rhet\u0151s\u00e9g (SE K\u00f6zponti Intenz\u00edv Oszt\u00e1ly: 06 1 459 1500\/61993)<\/li>\n<\/ol>\n<p>&nbsp;<\/p>\n<p>III.\u00a0 Ballonos l\u00e9legeztet\u00e9s<\/p>\n<p style=\"text-align: justify\">Amennyiben a g\u00e9pi l\u00e9legeztet\u00e9s valamilyen okb\u00f3l nem m\u0171k\u00f6dik, vagy nem lehets\u00e9ges, a l\u00e9gz\u00e9st biztos\u00edtani tudjuk ballonos l\u00e9legeztet\u00e9s seg\u00edts\u00e9g\u00e9vel. A ballon v\u00e9ge csatlakozhat k\u00f6zvetlen\u00fcl a tracheosztom\u00e1s kan\u00fcl v\u00e9g\u00e9hez vagy sz\u00fcks\u00e9g eset\u00e9n maszkhoz, amelyet a beteg orra \u00e9s sz\u00e1ja k\u00f6r\u00e9 kell illeszteni.<\/p>\n<p>Ballonos l\u00e9legeztet\u00e9s menete:<\/p>\n<ol>\n<li>\u00a0 \u00a0 Csatlakoztassuk a ballont a tracheostom\u00e1s tubushoz<\/li>\n<\/ol>\n<p><img loading=\"lazy\" decoding=\"async\" class=\"alignnone size-medium wp-image-243\" src=\"https:\/\/semmelweis.hu\/otthonilelegeztetes\/files\/2020\/03\/lvl3veszhely01.png\" alt=\"\" width=\"390\" height=\"177\" \/>\u00a0<\/p>\n<ol start=\"2\">\n<li style=\"text-align: justify\">\u00a0 \u00a0 Ha a tracheosztom\u00e1s tubus kimozdult, vagy nem \u00e1tj\u00e1rhat\u00f3, a ballont csatlakoztassuk maszkhoz, amelynek cs\u00facs\u00e1t a beteg orrnyerg\u00e9re helyezz\u00fcnk, t\u00f6bbi r\u00e9sz\u00e9t pedig az orr illetve a sz\u00e1j k\u00f6r\u00e9 illessz\u00fck \u00e9s C-fog\u00e1ssal tartsuk szorosan a beteg arc\u00e1n<\/li>\n<\/ol>\n<p><img loading=\"lazy\" decoding=\"async\" class=\"alignnone size-full wp-image-244\" src=\"https:\/\/semmelweis.hu\/otthonilelegeztetes\/files\/2020\/03\/lvl3veszhely02.png\" alt=\"\" width=\"202\" height=\"215\" \/><\/p>\n<ol start=\"3\">\n<li>\u00a0 \u00a0 \u00a0 Egy kez\u00fcnkel nyomjuk \u00f6ssze a ballont (laz\u00e1n, a ballont nem g\u00f6rcs\u00f6sen \u00f6sszeszor\u00edtva), majd engedj\u00fck fel teljesen, 12-20\/perces frekvenci\u00e1val<\/li>\n<\/ol>\n<p style=\"text-align: justify\">Amennyiben a ballon nem el\u00e9rhet\u0151, vagy nem m\u0171k\u00f6dik, leveg\u0151bef\u00fav\u00e1st sz\u00e1junkkal is v\u00e9gezhet\u00fcnk k\u00f6zvetlen\u00fcl a beteg sz\u00e1j\u00e1ba (orr\u00e1t befogva) vagy orr\u00e1ba (sz\u00e1j\u00e1t \u00f6sszez\u00e1rva).<\/p>\n<p>&nbsp;<\/p>\n<p>III. L\u00c9G\u00daTI V\u00c1LAD\u00c9K, IDEGENTEST, L\u00c9G\u00daTVESZT\u00c9S<\/p>\n<p style=\"text-align: justify\">L\u00e9gz\u00e9si nehez\u00edtetts\u00e9g jelei:\u00a0 megn\u00f6vekedett l\u00e9gz\u00e9si munka, magas l\u00e9gz\u00e9ssz\u00e1m, a mellkas kit\u00e9r\u00e9s nem szimmetrikus vagy cs\u00f6kkent, \u201cszederjes\u201d b\u0151r szin, bordak\u00f6zi izmok beh\u00faz\u00f3d\u00e1sa<\/p>\n<ol>\n<li>Megn\u00f6vekedett l\u00e9g\u00fati v\u00e1llad\u00e9k mennyis\u00e9g<\/li>\n<\/ol>\n<p>\u00a0\u00a0Teend\u0151:<\/p>\n<ul>\n<li>\u00a0 \u00a0 \u00e1tj\u00e1rhat\u00f3 l\u00e9g\u00fat ellen\u0151rz\u00e9se, l\u00e9g\u00fati lesz\u00edv\u00e1s<\/li>\n<li>\u00a0 \u00a0 amennyiben a l\u00e9g\u00fati lesz\u00edv\u00e1ssal nem tudtuk az \u00f6sszes v\u00e1ld\u00e9kot lesz\u00edvni \u00e9s a t\u00fcnetek fenn\u00e1llnak\u00a0 Cough Assist haszn\u00e1lata, ezt k\u00f6vet\u0151en ism\u00e9tlet l\u00e9g\u00fati lesz\u00edv\u00e1s<\/li>\n<li>\u00a0 \u00a0 ballonos l\u00e9legeztet\u00e9s<\/li>\n<\/ul>\n<p>&nbsp;<\/p>\n<p>2.L\u00e9g\u00fat elz\u00e1r\u00f3d\u00e1s:<\/p>\n<p>Teend\u0151:<\/p>\n<ul>\n<li>\u00a0 \u00a0 l\u00e9g\u00fati lesz\u00edv\u00e1s, balllonos l\u00e9legeztet\u00e9s<\/li>\n<li>\u00a0 \u00a0 ha l\u00e9g\u00fati lesz\u00edv\u00e1s sikertelen, ballonos \u00e1tt\u00f6r\u00e9s: a ballon v\u00e9g\u00e9t csatlakoztatjuk k\u00f6zvetlen\u00fcl a tracheosztom\u00e1hoz \u00e9s nagy er\u0151kifejt\u00e9ssel a ballont \u00f6sszenyomjuk, \u00edgy pr\u00f3b\u00e1ljuk meg \u00e1tt\u00f6rni az elz\u00e1r\u00f3d\u00e1st<\/li>\n<li>\u00a0 \u00a0 v\u00e9gs\u0151 esetben a sz\u00edv\u00f3 kat\u00e9terrel meg kell pr\u00f3b\u00e1lni az elz\u00e1r\u00f3d\u00e1st okoz\u00f3 idegentestett m\u00e9lyebbre nyomni (\u00edgy az elz\u00e1r\u00f3d\u00e1st okoz\u00f3 idegentest m\u00e9lyebbre jut a l\u00e9gutakban \u00e9s \u00edgy az egyik t\u00fcd\u0151f\u00e9let k\u00e9pesek lesz\u00fcnk l\u00e9legeztetni)<\/li>\n<\/ul>\n<p>&nbsp;<\/p>\n<p>3.L\u00e9g\u00fatveszt\u00e9s (stoma kics\u00fasz\u00e1s):<\/p>\n<p>Teend\u0151:<\/p>\n<ul>\n<li>\u00a0 \u00a0 amennyiben k\u00f6nnyen visszahelyezhet\u0151, visszahelyez\u00e9s (1 pr\u00f3b\u00e1lkoz\u00e1s!), illetve tov\u00e1bbi egy pr\u00f3b\u00e1lkoz\u00e1s a tartal\u00e9k kisebb m\u00e9ret\u0151 kan\u00fcl behelyez\u00e9s\u00e9re<\/li>\n<li>\u00a0 \u00a0 amennyiben nem k\u00f6nnyen visszahelyezhet\u0151, de l\u00e9gz\u00e9si zavart nem okoz, ment\u0151h\u00edv\u00e1s \u00a0\u00a0\u00a0 amennyiben l\u00e9gz\u00e9si zavart okoz, maszkos l\u00e9legeztet\u00e9s \u00e9s ment\u0151 h\u00edv\u00e1s<\/li>\n<\/ul>\n<p>&nbsp;<\/p>\n<p>IV.Alapszint\u0171 \u00fajra\u00e9leszt\u00e9s<\/p>\n<p style=\"text-align: justify\">Amennyiben a beteg tudata nem hozz\u00e1f\u00e9rhet\u0151, l\u00e9gz\u0151mozg\u00e1st \u00e9s pulzust, valamint spont\u00e1n mozg\u00e1st nem \u00e9szlel\u00fcnk, \u00fajra\u00e9leszt\u00e9st kell kezden\u00fcnk:<\/p>\n<ol>\n<li>\u00a0 \u00a0 \u00a0 Vizsg\u00e1ljuk meg, reakci\u00f3k\u00e9pes-e a beteg!<\/li>\n<li>\u00a0 \u00a0 \u00a0 Ki\u00e1ltsunk seg\u00edts\u00e9g\u00e9rt!<\/li>\n<li>\u00a0 \u00a0 \u00a0 Szabad\u00edtsuk fel a l\u00e9gutait a tracheakan\u00fcl lesz\u00edv\u00e1s\u00e1val!<\/li>\n<li>\u00a0 \u00a0 \u00a0 Vizsg\u00e1ljuk meg a beteg l\u00e9gz\u00e9s\u00e9t \u00e9s kering\u00e9s\u00e9t!<\/li>\n<li>\u00a0 \u00a0 \u00a0 L\u00e9gz\u00e9s vizsg\u00e1lata: a tracheakan\u00fcl el\u00e9 helyezz\u00fck arcunkat, \u00e9s n\u00e9zz\u00fck, hogy ritmusosan emelkedik \u00e9s s\u00fcllyed-e a beteg mellkasa, hallgatjuk \u00e9s arcunkon \u00e9rezz\u00fck, hogy \u00e1ramlik-e a leveg\u0151 a tracheakan\u00fcl\u00f6n kereszt\u00fcl!<\/li>\n<li>\u00a0 \u00a0 \u00a0 Kering\u00e9s vizsg\u00e1lata: a nyaki \u00fct\u0151eret tapintjuk h\u00e1rom k\u00f6z\u00e9ps\u0151 ujjunkkal!<\/li>\n<li>\u00a0 \u00a0 \u00a0 Amennyiben l\u00e9gz\u00e9s \u00e9s kering\u00e9s jeleit \u00e9szlelj\u00fck, \u00e9s a beteg\u00fcnk tov\u00e1bbra sem \u00e9breszthet\u0151, h\u00edvjunk seg\u00edts\u00e9get eszm\u00e9letlen beteghez (Orsz\u00e1gos Ment\u0151szolg\u00e1lat 112)!<\/li>\n<li>\u00a0 \u00a0 \u00a0 Amennyiben l\u00e9gz\u00e9s \u00e9s kering\u00e9s jeleit nem tapasztaljuk, h\u00edvjunk \/ h\u00edvassunk ment\u0151s megkezdett \u00fajra\u00e9leszt\u00e9shez (Orsz\u00e1gos Ment\u0151szolg\u00e1lat 112). Ment\u0151 h\u00edv\u00e1sakor bemondand\u00f3 inform\u00e1ci\u00f3k:<\/li>\n<li>\u00a0 \u00a0 \u00a0 Nev\u00fcnk<\/li>\n<li>\u00a0 \u00a0 \u00a0 Helysz\u00edn pontos megnevez\u00e9se<\/li>\n<li>\u00a0 \u00a0 \u00a0 Otthon l\u00e9legeztett beteghez, megkezdett \u00fajra\u00e9leszt\u00e9shez k\u00e9r\u00fcnk seg\u00edts\u00e9get<\/li>\n<li>\u00a0 \u00a0 \u00a0 Halad\u00e9ktalanul kezdj\u00fck meg a mellkaskompresszi\u00f3t \u00e9s a ballonos l\u00e9legeztet\u00e9st!<\/li>\n<li>\u00a0 \u00a0 \u00a0 A min\u0151s\u00e9gi mellkaskompresszi\u00f3:<\/li>\n<\/ol>\n<ul>\n<li>Gyors: 100 \u2013 120\/min<\/li>\n<li>Er\u0151s: 5 \u2013 6 cm m\u00e9ly<\/li>\n<li>mellkas k\u00f6zep\u00e9n kifejtve<\/li>\n<li>Teljesen felengedj\u00fck a mellkast<\/li>\n<li>Egyenletes<\/li>\n<\/ul>\n<ol>\n<li>\u00a0 \u00a0 \u00a0 Ballonos l\u00e9legeztet\u00e9s<\/li>\n<\/ol>\n<ul>\n<li>Tracheostom\u00e1n kereszt\u00fcl<\/li>\n<\/ul>\n<p>A ballont k\u00f6zvetlen\u00fcl a trachakan\u00fclre csatlakozatjuk<\/p>\n<p>4 &#8211; 5 m\u00e1sodpercenk\u00e9nt<\/p>\n<p>1 m\u00e1sodperc alatt nyomjuk \u00f6ssze a ballon \u00fagy, hogy annak kb. 1\/3 \u00fcr\u00fclj\u00f6n ki<\/p>\n<ul>\n<li>Amennyiben a tracheakan\u00fcl nem tehet\u0151 \u00e1tj\u00e1rhat\u00f3v\u00e1 t\u00e1vol\u00edtsuk el, \u00e9s maszkos \u2013 ballonos l\u00e9legeztet\u00e9st alkalmazzunk<\/li>\n<\/ul>\n<p>A ballont a maszkhoz csatlakozatjuk<\/p>\n<p>A maszk keskeny r\u00e9sz\u00e9t a beteg orrnyerg\u00e9re, a sz\u00e9les r\u00e9sz\u00e9t a beteg \u00e1ll\u00e1hoz szor\u00edtjuk \u201eC\u201d fog\u00e1ssal<\/p>\n<p>30 mellkasompresszi\u00f3t k\u00f6vet\u0151en 2 egy m\u00e1sodperces bef\u00fav\u00e1st v\u00e9gz\u00fcnk<\/p>\n<ul>\n<li>M\u0171k\u00f6d\u0151 l\u00e9legezet\u0151g\u00e9p \u00e9s \u00e1tj\u00e1rhat\u00f3 tracheakan\u00fcl eset\u00e9n a l\u00e9legeztet\u00e9st a g\u00e9p is v\u00e9gezheti<\/li>\n<\/ul>\n<ol start=\"8\">\n<li>\u00a0 \u00a0 \u00a0 A mellkaskompresszi\u00f3kat \u00e9s a l\u00e9legeztet\u00e9st a ment\u0151 ki\u00e9rkez\u00e9s\u00e9ig folytassuk!<\/li>\n<\/ol>\n<p><a href=\"https:\/\/semmelweis.hu\/otthonilelegeztetes\/files\/2020\/03\/Alapszint\u0171-\u00fajra\u00e9leszt\u00e9s.pdf\" target=\"_blank\" rel=\"noopener noreferrer\"><strong>Alapszint\u0171 \u00fajra\u00e9leszt\u00e9s<\/strong><\/a> (ERC \/ MRT U\u0301jrae\u0301leszte\u0301s Aja\u0301nla\u0301s \u2013 2015)<\/p>\n<p>&nbsp;<\/p>\n<p>A honlapon szerepl\u0151 oktat\u00e1si anyag az otthoni l\u00e9legeztet\u00e9si program betegeinek, hozz\u00e1tartoz\u00f3inak \u00e9s gondvisel\u0151inek t\u00e1j\u00e9koztat\u00e1s\u00e1t szolg\u00e1lja. Terjeszt\u00e9se, egy\u00e9b c\u00e9l\u00fa felhaszn\u00e1l\u00e1sa tilos. Minden jog fenntartva.<\/p>\n","protected":false},"excerpt":{"rendered":"<p>Az otthoni l\u00e9legeztet\u00e9s sor\u00e1n sz\u00e1mos v\u00e9szhelyzet ad\u00f3dhat, melyekn\u00e9l kulcsfontoss\u00e1g\u00fa, hogy az els\u0151 \u00e9szlel\u0151 megfelel\u0151en felm\u00e9rje a helyzetet \u00e9s hat\u00e9kony seg\u00edts\u00e9get ny\u00fajtson. Emiatt a k\u00f6vetkez\u0151 ismereteket a csal\u00e1d minden tagj\u00e1nak ismernie kell. &nbsp; A beteg \u00e1llapot\u00e1nak felm\u00e9r\u00e9se A v\u00e9szhelyzetek ad\u00f3dhatnak technikai probl\u00e9m\u00e1kb\u00f3l fakad\u00f3an (g\u00e9p meghib\u00e1sod\u00e1s, tracheosztom\u00e1s kan\u00fcl probl\u00e9ma, stb.) vagy a beteg \u00e1llapot\u00e1b\u00f3l fakad\u00f3an (l\u00e9g\u00fati v\u00e1lad\u00e9k &hellip;<\/p>\n","protected":false},"author":101484,"featured_media":0,"parent":207,"menu_order":8,"comment_status":"closed","ping_status":"closed","template":"","meta":{"_acf_changed":false,"footnotes":""},"categories":[],"tags":[],"class_list":["post-242","page","type-page","status-publish","hentry"],"acf":[],"_links":{"self":[{"href":"https:\/\/semmelweis.hu\/otthonilelegeztetes\/wp-json\/wp\/v2\/pages\/242","targetHints":{"allow":["GET"]}}],"collection":[{"href":"https:\/\/semmelweis.hu\/otthonilelegeztetes\/wp-json\/wp\/v2\/pages"}],"about":[{"href":"https:\/\/semmelweis.hu\/otthonilelegeztetes\/wp-json\/wp\/v2\/types\/page"}],"author":[{"embeddable":true,"href":"https:\/\/semmelweis.hu\/otthonilelegeztetes\/wp-json\/wp\/v2\/users\/101484"}],"replies":[{"embeddable":true,"href":"https:\/\/semmelweis.hu\/otthonilelegeztetes\/wp-json\/wp\/v2\/comments?post=242"}],"version-history":[{"count":2,"href":"https:\/\/semmelweis.hu\/otthonilelegeztetes\/wp-json\/wp\/v2\/pages\/242\/revisions"}],"predecessor-version":[{"id":336,"href":"https:\/\/semmelweis.hu\/otthonilelegeztetes\/wp-json\/wp\/v2\/pages\/242\/revisions\/336"}],"up":[{"embeddable":true,"href":"https:\/\/semmelweis.hu\/otthonilelegeztetes\/wp-json\/wp\/v2\/pages\/207"}],"wp:attachment":[{"href":"https:\/\/semmelweis.hu\/otthonilelegeztetes\/wp-json\/wp\/v2\/media?parent=242"}],"wp:term":[{"taxonomy":"category","embeddable":true,"href":"https:\/\/semmelweis.hu\/otthonilelegeztetes\/wp-json\/wp\/v2\/categories?post=242"},{"taxonomy":"post_tag","embeddable":true,"href":"https:\/\/semmelweis.hu\/otthonilelegeztetes\/wp-json\/wp\/v2\/tags?post=242"}],"curies":[{"name":"wp","href":"https:\/\/api.w.org\/{rel}","templated":true}]}}