{"id":238,"date":"2020-03-09T12:45:54","date_gmt":"2020-03-09T11:45:54","guid":{"rendered":"http:\/\/semmelweis.hu\/otthonilelegeztetes\/?page_id=238"},"modified":"2025-11-19T20:51:56","modified_gmt":"2025-11-19T19:51:56","slug":"a-szivoberendezes","status":"publish","type":"page","link":"https:\/\/semmelweis.hu\/otthonilelegeztetes\/olp-oktatasi-anyag\/level-iii\/a-szivoberendezes\/","title":{"rendered":"A sz\u00edv\u00f3berendez\u00e9s"},"content":{"rendered":"<p>A sz\u00edv\u00f3berendez\u00e9s megfelel\u0151 alkalmaz\u00e1s eset\u00e9n a l\u00e9gcs\u0151ben meggy\u0171lt v\u00e1lad\u00e9k lesz\u00edv\u00e1s\u00e1ra alkalmas.<\/p>\n<p>&nbsp;<\/p>\n<p style=\"text-align: justify\">Tesztel\u00e9s: kapcsolja be a sz\u00edv\u00f3berendez\u00e9st, majd z\u00e1rja el az ujj\u00e1val a sz\u00edv\u00f3cs\u0151 szabad v\u00e9g\u00e9t. Ellen\u0151rizze, hogy a m\u00e9r\u0151\u00f3ra mutat\u00f3ja kell\u0151 m\u00e9rt\u00e9kben t\u00e9r-e ki. Amennyiben a m\u00e9r\u0151\u00f3ra kit\u00e9r, a g\u00e9p megfelel\u0151en m\u0171k\u00f6dik.<\/p>\n<p>&nbsp;<\/p>\n<p style=\"text-align: justify\"><em>Fontos<\/em>: A sz\u00edv\u00f3berendez\u00e9s tart\u00e1ly\u00e1nak tiszt\u00edt\u00e1s\u00e1t minden esetben a p\u00e1r\u00e1s\u00edt\u00f3 tart\u00e1lyt\u00f3l k\u00fcl\u00f6n ed\u00e9nyben v\u00e9gezze!<\/p>\n<p>&nbsp;<\/p>\n<p>L\u00e9g\u00fati lesz\u00edv\u00e1s<\/p>\n<p style=\"text-align: justify\">A l\u00e9gutakban norm\u00e1l esetben is termel\u0151dik valamennyi l\u00e9g\u00fati v\u00e1lad\u00e9k, ennek mennyis\u00e9ge fert\u0151z\u00e9sek eset\u00e9n megn\u00f6vekedhet. A l\u00e9g\u00fati lesz\u00edv\u00e1s c\u00e9lja\u00a0 l\u00e9gcs\u0151ben \u00e9s a tracheostom\u00e1s kan\u00fclben \u00f6sszegy\u0171lt v\u00e1lad\u00e9k elt\u00e1vol\u00edt\u00e1sa. Erre a c\u00e9lra sz\u00edv\u00f3 berendez\u00e9st \u00e9s lesz\u00edv\u00f3 kat\u00e9tert haszn\u00e1lunk.\u00a0 A l\u00e9g\u00fati lesz\u00edv\u00e1st mindig tiszta k\u00f6r\u00fclm\u00e9nyek k\u00f6z\u00f6tt v\u00e9gezz\u00fck, a higi\u00e9n\u00e9s szab\u00e1lyoknak megfelel\u0151en, hogy az esetleges fert\u0151z\u00e9seket megel\u0151zz\u00fck.<\/p>\n<p>A l\u00e9g\u00fati lesz\u00edv\u00e1s menete:<\/p>\n<ul>\n<li>\u00a0 \u00a0\u00a0\u00a0 Alaposan mossunk kezet, fert\u0151tlen\u00edts\u00fck, vegy\u00fcnk gumikeszty\u0171t.<\/li>\n<li>\u00a0 \u00a0\u00a0\u00a0 Egy tiszta lesz\u00edv\u00f3kat\u00e9tert m\u00e9g a steril csomagol\u00e1s\u00e1ban tartva csatlakoztassunk a sz\u00edv\u00f3berendez\u00e9s cs\u00f6v\u00e9nek v\u00e9g\u00e9re helyezett megszak\u00edt\u00f3 csatlakoztat\u00f3hoz.<\/li>\n<li>\u00a0 \u00a0\u00a0\u00a0 Ind\u00edtsuk be a sz\u00edv\u00f3berendez\u00e9st.<\/li>\n<li>\u00a0 \u00a0\u00a0\u00a0 A kat\u00e9tert lassan h\u00fazzuk ki a csomagol\u00e1sb\u00f3l vigy\u00e1zva, hogy a kat\u00e9ter v\u00e9g\u00e9t ne \u00e9rints\u00fck hozz\u00e1 semmihez. A l\u00e9gz\u0151k\u00f6r lesz\u00edv\u00f3r\u00e9s\u00e9t nyissuk ki \u00e9s\u00a0 vezess\u00fck be a lesz\u00edv\u00f3kat\u00e9tert tracheostom\u00e1s tubusba. Amennyiben a kat\u00e9ter elakad, vagy er\u0151s k\u00f6h\u00f6g\u00e9st v\u00e1lt ki, kicsit h\u00fazzuk vissza \u00e9s pr\u00f3b\u00e1ljuk \u00fajra levezetni.<\/li>\n<li>\u00a0 \u00a0\u00a0\u00a0 \u00dcgyelj\u00fcnk r\u00e1, hogy a lesz\u00edv\u00f3kat\u00e9tert legfeljebb\u00a0 a tracheatubus v\u00e9g\u00e9ig vezess\u00fck be a tubusba, \u00edgy elker\u00fclhet\u0151, hogy a kat\u00e9ter l\u00e9gcs\u0151 irrit\u00e1ci\u00f3t, vagy s\u00e9r\u00fcl\u00e9st okozzon. (ez tracheoszt\u00f3m\u00e1s kan\u00fcl\u00f6nk\u00e9nt v\u00e1ltozhat, \u00e1ltal\u00e1ban 10-15 cm-t jelent)<\/li>\n<li>\u00a0 \u00a0\u00a0\u00a0 Amikor a kat\u00e9tert teljesen bevezett\u00fck, helyezz\u00fck sz\u00edv\u00e1s al\u00e1, a sz\u00edv\u00e1smegszak\u00edt\u00f3 lyuk\u00e1t befogva. Sz\u00edv\u00e1s k\u00f6zben a kat\u00e9tert lassan h\u00fazzuk a tubusb\u00f3l kifel\u00e9. A lesz\u00edv\u00e1s sor\u00e1n a kat\u00e9ter 20 m\u00e1sodpercn\u00e9l tov\u00e1bb ne legyen a tubusban, hogy a l\u00e9gz\u00e9st tart\u00f3san ne akad\u00e1lyozzuk.<\/li>\n<li>\u00a0 \u00a0\u00a0\u00a0 A lesz\u00edv\u00e1s v\u00e9g\u00e9n a a lesz\u00edv\u00f3 r\u00e9st z\u00e1rjuk vissza<\/li>\n<li>\u00a0 \u00a0\u00a0\u00a0 Miut\u00e1n a lesz\u00edv\u00e1st befejezt\u00fck, a kat\u00e9tert \u00f6bl\u00edts\u00fck \u00e1t \u00fagy, hogy steril desztill\u00e1lt vizet sz\u00edvunk \u00e1t rajta.<\/li>\n<li>\u00a0 \u00a0\u00a0\u00a0 A kat\u00e9tert dobjuk ki. A sz\u00edv\u00f3berendez\u00e9st kapcsoljuk le.<\/li>\n<li>\u00a0 \u00a0\u00a0\u00a0 Napi rendszeress\u00e9ggel tiszt\u00edtsuk ki a sz\u00edv\u00f3berendez\u00e9s t\u00e1rol\u00f3j\u00e1t.<\/li>\n<\/ul>\n<p style=\"text-align: justify\">A l\u00e9g\u00fati lesz\u00edv\u00e1st esetenk\u00e9nt t\u00f6bbsz\u00f6r meg kell ism\u00e9telni, hogy minden v\u00e1lad\u00e9kot elt\u00e1vol\u00edtsunk. Amennyiben a kat\u00e9ter nem szennyezett (a kan\u00fcl\u00f6n k\u00edv\u00fcl m\u00e1shoz nem \u00e9rt hozz\u00e1), k\u00f6zvetlen\u00fcl egym\u00e1s ut\u00e1n haszn\u00e1lhatjuk ugyanazt a kat\u00e9tert. Amennyiben a kat\u00e9ter szennyez\u0151d\u00f6tt, vagy b\u00e1rmihez hozz\u00e1\u00e9rt, elt\u00f6m\u0151d\u00f6tt vagy a k\u00e9t lesz\u00edv\u00e1s k\u00f6z\u00f6tt t\u00f6bb, mint n\u00e9h\u00e1ny m\u00e1sodperc telik el, akkor haszn\u00e1ljunk mindig \u00faj kat\u00e9tert.<\/p>\n<p>Lesz\u00edv\u00e1s akkor sz\u00fcks\u00e9ges, ha:<\/p>\n<ul>\n<li>\u00a0 \u00a0\u00a0\u00a0 Ingerk\u00f6h\u00f6g\u00e9s l\u00e9p fel<\/li>\n<li>\u00a0 \u00a0\u00a0\u00a0 A l\u00e9gz\u00e9s akad\u00e1lyozott<\/li>\n<li>\u00a0 \u00a0\u00a0\u00a0 A l\u00e9legeztet\u0151g\u00e9p magas nyom\u00e1st riaszt<\/li>\n<li>\u00a0 \u00a0\u00a0\u00a0 L\u00e1that\u00f3, vagy halhat\u00f3 v\u00e1lad\u00e9k van a tubusban, vagy l\u00e9gz\u0151k\u00f6rben<\/li>\n<\/ul>\n<p>&nbsp;<\/p>\n<p>\u00a0<em>Fontos<\/em>: A sz\u00edv\u00f3berendez\u00e9s tart\u00e1ly\u00e1nak tiszt\u00edt\u00e1s\u00e1t minden esetben a p\u00e1r\u00e1s\u00edt\u00f3 tart\u00e1lyt\u00f3l k\u00fcl\u00f6n ed\u00e9nyben v\u00e9gezze!<\/p>\n<p>&nbsp;<\/p>\n<p>A honlapon szerepl\u0151 oktat\u00e1si anyag az otthoni l\u00e9legeztet\u00e9si program betegeinek, hozz\u00e1tartoz\u00f3inak \u00e9s gondvisel\u0151inek t\u00e1j\u00e9koztat\u00e1s\u00e1t szolg\u00e1lja. Terjeszt\u00e9se, egy\u00e9b c\u00e9l\u00fa felhaszn\u00e1l\u00e1sa tilos. Minden jog fenntartva.<\/p>\n","protected":false},"excerpt":{"rendered":"<p>A sz\u00edv\u00f3berendez\u00e9s megfelel\u0151 alkalmaz\u00e1s eset\u00e9n a l\u00e9gcs\u0151ben meggy\u0171lt v\u00e1lad\u00e9k lesz\u00edv\u00e1s\u00e1ra alkalmas. &nbsp; Tesztel\u00e9s: kapcsolja be a sz\u00edv\u00f3berendez\u00e9st, majd z\u00e1rja el az ujj\u00e1val a sz\u00edv\u00f3cs\u0151 szabad v\u00e9g\u00e9t. Ellen\u0151rizze, hogy a m\u00e9r\u0151\u00f3ra mutat\u00f3ja kell\u0151 m\u00e9rt\u00e9kben t\u00e9r-e ki. Amennyiben a m\u00e9r\u0151\u00f3ra kit\u00e9r, a g\u00e9p megfelel\u0151en m\u0171k\u00f6dik. &nbsp; Fontos: A sz\u00edv\u00f3berendez\u00e9s tart\u00e1ly\u00e1nak tiszt\u00edt\u00e1s\u00e1t minden esetben a p\u00e1r\u00e1s\u00edt\u00f3 tart\u00e1lyt\u00f3l k\u00fcl\u00f6n &hellip;<\/p>\n","protected":false},"author":101484,"featured_media":0,"parent":207,"menu_order":6,"comment_status":"closed","ping_status":"closed","template":"","meta":{"_acf_changed":false,"footnotes":""},"categories":[],"tags":[],"class_list":["post-238","page","type-page","status-publish","hentry"],"acf":[],"_links":{"self":[{"href":"https:\/\/semmelweis.hu\/otthonilelegeztetes\/wp-json\/wp\/v2\/pages\/238","targetHints":{"allow":["GET"]}}],"collection":[{"href":"https:\/\/semmelweis.hu\/otthonilelegeztetes\/wp-json\/wp\/v2\/pages"}],"about":[{"href":"https:\/\/semmelweis.hu\/otthonilelegeztetes\/wp-json\/wp\/v2\/types\/page"}],"author":[{"embeddable":true,"href":"https:\/\/semmelweis.hu\/otthonilelegeztetes\/wp-json\/wp\/v2\/users\/101484"}],"replies":[{"embeddable":true,"href":"https:\/\/semmelweis.hu\/otthonilelegeztetes\/wp-json\/wp\/v2\/comments?post=238"}],"version-history":[{"count":2,"href":"https:\/\/semmelweis.hu\/otthonilelegeztetes\/wp-json\/wp\/v2\/pages\/238\/revisions"}],"predecessor-version":[{"id":334,"href":"https:\/\/semmelweis.hu\/otthonilelegeztetes\/wp-json\/wp\/v2\/pages\/238\/revisions\/334"}],"up":[{"embeddable":true,"href":"https:\/\/semmelweis.hu\/otthonilelegeztetes\/wp-json\/wp\/v2\/pages\/207"}],"wp:attachment":[{"href":"https:\/\/semmelweis.hu\/otthonilelegeztetes\/wp-json\/wp\/v2\/media?parent=238"}],"wp:term":[{"taxonomy":"category","embeddable":true,"href":"https:\/\/semmelweis.hu\/otthonilelegeztetes\/wp-json\/wp\/v2\/categories?post=238"},{"taxonomy":"post_tag","embeddable":true,"href":"https:\/\/semmelweis.hu\/otthonilelegeztetes\/wp-json\/wp\/v2\/tags?post=238"}],"curies":[{"name":"wp","href":"https:\/\/api.w.org\/{rel}","templated":true}]}}