{"id":236,"date":"2020-03-09T12:44:47","date_gmt":"2020-03-09T11:44:47","guid":{"rendered":"http:\/\/semmelweis.hu\/otthonilelegeztetes\/?page_id=236"},"modified":"2025-11-19T20:51:50","modified_gmt":"2025-11-19T19:51:50","slug":"a-kohogteto-gep","status":"publish","type":"page","link":"https:\/\/semmelweis.hu\/otthonilelegeztetes\/olp-oktatasi-anyag\/level-iii\/a-kohogteto-gep\/","title":{"rendered":"A k\u00f6h\u00f6gtet\u0151 g\u00e9p"},"content":{"rendered":"<p>A l\u00e9g\u00fati v\u00e1lad\u00e9k elt\u00e1vol\u00edt\u00e1sa<\/p>\n<p>&nbsp;<\/p>\n<p style=\"text-align: justify\">A l\u00e9gutakban folyamatosan k\u00e9pz\u0151d\u0151 v\u00e1lad\u00e9kot a szervezet rendszeres k\u00f6h\u00f6g\u00e9s seg\u00edts\u00e9g\u00e9vel t\u00e1vol\u00edtja el. Gyenge izomer\u0151 eset\u00e9n, illetve ha a g\u00e9ge z\u00e1r\u00f3d\u00e1sa nem t\u00f6k\u00e9letes, a k\u00f6h\u00f6g\u00e9s folyamata s\u00e9r\u00fcl, a v\u00e1lad\u00e9k elt\u00e1vol\u00edt\u00e1sa pedig nem megoldott, ez pedig t\u00fcd\u0151gyullad\u00e1s kialakul\u00e1s\u00e1hoz vezethet. Ilyen esetekben a k\u00f6h\u00f6g\u00e9st speci\u00e1lis eszk\u00f6z (Cough Assist nev\u0171 g\u00e9p) seg\u00edts\u00e9g\u00e9vel serkenthetj\u00fck vagy helyettes\u00edthetj\u00fck.<\/p>\n<p>&nbsp;<\/p>\n<p>A Cough Assist g\u00e9p r\u00e9szei<\/p>\n<p>&nbsp;<\/p>\n<p style=\"text-align: justify\">Az Otthoni L\u00e9legeztet\u00e9si Programban haszn\u00e1lt k\u00f6h\u00f6gtet\u0151 g\u00e9pek h\u00e1l\u00f3zati \u00e1ramforr\u00e1sr\u00f3l m\u0171k\u00f6dnek, saj\u00e1t akkumul\u00e1toruk nincs.<\/p>\n<p style=\"text-align: justify\">A k\u00f6h\u00f6gtet\u0151 g\u00e9pek a k\u00f6rnyezet leveg\u0151j\u00e9t haszn\u00e1lj\u00e1k, bel\u00e9gz\u00e9s alatt a g\u00e9pek h\u00e1ts\u00f3 ny\u00edl\u00e1s\u00e1n kereszt\u00fcl be\u00f6ml\u0151 leveg\u0151t magas nyom\u00e1ssal \u00e9s nagy \u00e1raml\u00e1ssal tov\u00e1bb\u00edtj\u00e1k a beteg fel\u00e9. Kil\u00e9gz\u00e9s alatt az \u00e1raml\u00e1s megfordul, \u00e9s a nagy \u00e1raml\u00e1s\u00fa leveg\u0151vel v\u00e1lad\u00e9k is t\u00e1vozik a beteg l\u00e9gutaib\u00f3l.\u00a0 A g\u00e9p egy m\u00e9ly bel\u00e9gz\u00e9s ut\u00e1n akt\u00edv sz\u00edv\u00f3er\u0151t kifejtve imit\u00e1lja a k\u00f6h\u00f6g\u00e9s \u00e9lettani folyamat\u00e1t, ezzel seg\u00edtve a l\u00e9g\u00fati v\u00e1lad\u00e9k elt\u00e1vol\u00edt\u00e1s\u00e1t. A k\u00f6h\u00f6g\u00e9si ciklusba vibr\u00e1ci\u00f3s r\u00e9sz is illeszthet\u0151, mely a v\u00e1lad\u00e9k felszakad\u00e1s\u00e1t tov\u00e1bb seg\u00edti.<\/p>\n<p style=\"text-align: justify\">A l\u00e9gbe\u00f6ml\u0151 ny\u00edl\u00e1s el\u0151tt egy porsz\u0171r\u0151 tal\u00e1lhat\u00f3. A porsz\u0171r\u0151 a k\u00f6rnyez\u0151 leveg\u0151 szennyezetts\u00e9g\u00e9t\u0151l f\u00fcgg\u0151en norm\u00e1l haszn\u00e1lat mellett porosodik, ez\u00e9rt ezt hetente ellen\u0151rzni kell. Ilyenkor port a sz\u0171r\u0151r\u0151l k\u00f6nnyed\u00e9n elt\u00e1vol\u00edthatjuk, vagy sz\u00fcks\u00e9g eset\u00e9n a sz\u0171r\u0151t cser\u00e9lj\u00fck.<\/p>\n<p style=\"text-align: justify\">A beteg fel\u00e9 tov\u00e1bb\u00edtott leveg\u0151 el\u0151sz\u00f6r egy bakt\u00e9rium sz\u0171r\u0151n halad kereszt\u00fcl. A feh\u00e9r sz\u0171r\u0151 rendszeres haszn\u00e1lat mellett fokozatosan s\u00f6t\u00e9tedik, sz\u00fcrk\u00e9sen elsz\u00ednez\u0151dik. A sz\u0171r\u0151t havonta cser\u00e9lni kell.<\/p>\n<p>&nbsp;<\/p>\n<p style=\"text-align: justify\">A k\u00f6h\u00f6g\u00e9s seg\u00edt\u0151 eszk\u00f6z a g\u00e9pb\u0151l illetve a hozz\u00e1 sz\u0171r\u0151n kereszt\u00fcl csatlakoz\u00f3,\u00a0 harmonikacs\u0151b\u0151l \u00e1ll. A harmonikacs\u00f6vet maszk, seg\u00edts\u00e9g\u00e9vel illesztj\u00fck a beteg orra \u00e9s sz\u00e1ja\u00a0 k\u00f6r\u00e9. A g\u00e9p megfelel\u0151 m\u0171k\u00f6d\u00e9s\u00e9hez sz\u00fcks\u00e9ges, hogy l\u00e9gelereszt\u00e9s ne l\u00e9pjen fel. Ennek \u00e9rdek\u00e9ben a maszkot az archoz szorosan kell illeszteni \u00e9s m\u00e1sik kez\u00fcnkkel a beteg nyak\u00e1t h\u00e1tulr\u00f3l meg kell t\u00e1masztani. Tracheostom\u00e1val \u00e9l\u0151 beteg eset\u00e9n k\u00f6zvetlen\u00fcl csatlakoztatjuk a kan\u00fclh\u00f6z.<\/p>\n<p><img loading=\"lazy\" decoding=\"async\" class=\"alignnone size-full wp-image-195\" src=\"https:\/\/semmelweis.hu\/otthonilelegeztetes\/files\/2020\/03\/01kohogteto.png\" alt=\"\" width=\"249\" height=\"249\" srcset=\"https:\/\/semmelweis.hu\/otthonilelegeztetes\/files\/2020\/03\/01kohogteto.png 249w, https:\/\/semmelweis.hu\/otthonilelegeztetes\/files\/2020\/03\/01kohogteto-150x150.png 150w\" sizes=\"auto, (max-width: 249px) 100vw, 249px\" \/> <img loading=\"lazy\" decoding=\"async\" class=\"alignnone size-full wp-image-196\" src=\"https:\/\/semmelweis.hu\/otthonilelegeztetes\/files\/2020\/03\/02kohogteto.png\" alt=\"\" width=\"296\" height=\"133\" \/><\/p>\n<p style=\"text-align: justify\">A g\u00e9p kijelz\u0151j\u00e9nek jobb oldal\u00e1n a manu\u00e1lis ir\u00e1ny\u00edt\u00f3 billen\u0151kapcsol\u00f3 \u00e9s bekapcsol\u00f3 gomb, alatta a funkci\u00f3gombok tal\u00e1lhat\u00f3k.<\/p>\n<p style=\"text-align: justify\">A g\u00e9p bekapcsol\u00e1st k\u00f6vet\u0151en a Be\u00e1ll\u00edt\u00e1sok men\u00fcben (bal oldali funkci\u00f3gomb) kiv\u00e1laszthatjuk a kezel\u00e9s \u00fczemm\u00f3dj\u00e1t.<\/p>\n<p style=\"text-align: justify\">Az Auto m\u00f3dban a beteg maga ind\u00edtja be a g\u00e9p m\u0171k\u00f6d\u00e9s\u00e9t, harmonikacs\u00f6vet a beteg arc\u00e1hoz, illet\u0151leg a sztom\u00e1hoz illesztve bel\u00e9gz\u00e9ssel ind\u00edtja a k\u00f6h\u00f6g\u00e9si ciklust.<\/p>\n<p>&nbsp;<\/p>\n<p>A Cough Assist g\u00e9p haszn\u00e1lata<\/p>\n<p>&nbsp;<\/p>\n<p>A g\u00e9p haszn\u00e1lat\u00e1nak menete<\/p>\n<p>Alaposan mossunk kezet.<\/p>\n<ul>\n<li>Kapcsoljuk be a g\u00e9pet.<\/li>\n<li>A k\u00f6rt illessz\u00fck a beteg arc\u00e1hoz illetve szt\u00f3m\u00e1val \u00e9l\u0151 beteg eset\u00e9n a tracheostom\u00e1ra.<\/li>\n<li>Automata m\u00f3d eset\u00e9n a beteg saj\u00e1t maga ind\u00edtja el a bel\u00e9gz\u00e9st, rezg\u0151 f\u00e1zist \u00e9s a kil\u00e9gz\u00e9st.<\/li>\n<li>Amennyiben a gyakorlat sor\u00e1n v\u00e1lad\u00e9kot k\u00f6h\u00f6g\u00f6tt fel a beteg, a maszkot t\u00f6r\u00f6lj\u00fck ki, a harmonikacs\u00f6vet mossuk ki, majd fert\u0151tlen\u00edts\u00fck \u00e9s sz\u00e1r\u00edtsuk ki.<\/li>\n<li>A m\u0171veletet egy alkalommal 4-5 k\u00f6h\u00f6g\u00e9si ciklust alkalmazzunk, vagy sz\u00fcks\u00e9g eset\u00e9n t\u00f6bbsz\u00f6r ism\u00e9telj\u00fck meg, am\u00edg a l\u00e9g\u00fati v\u00e1lad\u00e9k nem t\u00e1vozik a l\u00e9gutakb\u00f3l.<\/li>\n<li>A k\u00f6h\u00f6g\u00e9si ciklusok ut\u00e1n v\u00e9gezz\u00fcnk el a tracheakan\u00fcl lesz\u00edv\u00e1s\u00e1t!<\/li>\n<li>A gyakorlatot naponta legal\u00e1bb n\u00e9gy &#8211; \u00f6t alkalommal kell elv\u00e9gezni, de amennyiben a v\u00e1lad\u00e9k mennyis\u00e9ge megn\u00f6vekedett, t\u00f6bbsz\u00f6r, ak\u00e1r \u00f3r\u00e1nk\u00e9nt is lehet alkalmazni.<\/li>\n<\/ul>\n<p>&nbsp;<\/p>\n<p>A Cough Assist g\u00e9p tiszt\u00e1n tart\u00e1sa<\/p>\n<p>&nbsp;<\/p>\n<p style=\"text-align: justify\">A Cough Assist g\u00e9p \u00e9s a l\u00e9gz\u0151k\u00f6r k\u00f6z\u00e9 bakt\u00e9rium sz\u0171r\u0151t kell helyezni, melyet rendszeresen (l\u00e1that\u00f3 szennyez\u0151d\u00e9s eset\u00e9n azonnal, egy\u00e9bk\u00e9nt havi rendszeress\u00e9ggel) cser\u00e9lni kell.<\/p>\n<p style=\"text-align: justify\">A l\u00e9gz\u0151k\u00f6rt minden haszn\u00e1lat ut\u00e1n el kell mosni \u00e9s fert\u0151tlen\u00edteni kell, majd a k\u00f6vetkez\u0151 haszn\u00e1lat el\u0151tt. ki kell sz\u00e1r\u00edtani. Havonta egyszer teljes k\u00f6rcsere javasolt.<\/p>\n<p>&nbsp;<\/p>\n<p style=\"text-align: justify\"><em>Fontos<\/em>: a k\u00f6h\u00f6gtet\u0151 g\u00e9pet csak teljesen sz\u00e1raz k\u00f6rrel szabad haszn\u00e1lni. A g\u00e9pbe ker\u00fcl\u0151 legkisebb v\u00edzmennyis\u00e9g s\u00falyos k\u00e1rosod\u00e1st id\u00e9zhet el\u0151!<\/p>\n<p>&nbsp;<\/p>\n<p>A honlapon szerepl\u0151 oktat\u00e1si anyag az otthoni l\u00e9legeztet\u00e9si program betegeinek, hozz\u00e1tartoz\u00f3inak \u00e9s gondvisel\u0151inek t\u00e1j\u00e9koztat\u00e1s\u00e1t szolg\u00e1lja. Terjeszt\u00e9se, egy\u00e9b c\u00e9l\u00fa felhaszn\u00e1l\u00e1sa tilos. Minden jog fenntartva.<\/p>\n","protected":false},"excerpt":{"rendered":"<p>A l\u00e9g\u00fati v\u00e1lad\u00e9k elt\u00e1vol\u00edt\u00e1sa &nbsp; A l\u00e9gutakban folyamatosan k\u00e9pz\u0151d\u0151 v\u00e1lad\u00e9kot a szervezet rendszeres k\u00f6h\u00f6g\u00e9s seg\u00edts\u00e9g\u00e9vel t\u00e1vol\u00edtja el. Gyenge izomer\u0151 eset\u00e9n, illetve ha a g\u00e9ge z\u00e1r\u00f3d\u00e1sa nem t\u00f6k\u00e9letes, a k\u00f6h\u00f6g\u00e9s folyamata s\u00e9r\u00fcl, a v\u00e1lad\u00e9k elt\u00e1vol\u00edt\u00e1sa pedig nem megoldott, ez pedig t\u00fcd\u0151gyullad\u00e1s kialakul\u00e1s\u00e1hoz vezethet. Ilyen esetekben a k\u00f6h\u00f6g\u00e9st speci\u00e1lis eszk\u00f6z (Cough Assist nev\u0171 g\u00e9p) seg\u00edts\u00e9g\u00e9vel serkenthetj\u00fck vagy &hellip;<\/p>\n","protected":false},"author":101484,"featured_media":0,"parent":207,"menu_order":5,"comment_status":"closed","ping_status":"closed","template":"","meta":{"_acf_changed":false,"footnotes":""},"categories":[],"tags":[],"class_list":["post-236","page","type-page","status-publish","hentry"],"acf":[],"_links":{"self":[{"href":"https:\/\/semmelweis.hu\/otthonilelegeztetes\/wp-json\/wp\/v2\/pages\/236","targetHints":{"allow":["GET"]}}],"collection":[{"href":"https:\/\/semmelweis.hu\/otthonilelegeztetes\/wp-json\/wp\/v2\/pages"}],"about":[{"href":"https:\/\/semmelweis.hu\/otthonilelegeztetes\/wp-json\/wp\/v2\/types\/page"}],"author":[{"embeddable":true,"href":"https:\/\/semmelweis.hu\/otthonilelegeztetes\/wp-json\/wp\/v2\/users\/101484"}],"replies":[{"embeddable":true,"href":"https:\/\/semmelweis.hu\/otthonilelegeztetes\/wp-json\/wp\/v2\/comments?post=236"}],"version-history":[{"count":2,"href":"https:\/\/semmelweis.hu\/otthonilelegeztetes\/wp-json\/wp\/v2\/pages\/236\/revisions"}],"predecessor-version":[{"id":333,"href":"https:\/\/semmelweis.hu\/otthonilelegeztetes\/wp-json\/wp\/v2\/pages\/236\/revisions\/333"}],"up":[{"embeddable":true,"href":"https:\/\/semmelweis.hu\/otthonilelegeztetes\/wp-json\/wp\/v2\/pages\/207"}],"wp:attachment":[{"href":"https:\/\/semmelweis.hu\/otthonilelegeztetes\/wp-json\/wp\/v2\/media?parent=236"}],"wp:term":[{"taxonomy":"category","embeddable":true,"href":"https:\/\/semmelweis.hu\/otthonilelegeztetes\/wp-json\/wp\/v2\/categories?post=236"},{"taxonomy":"post_tag","embeddable":true,"href":"https:\/\/semmelweis.hu\/otthonilelegeztetes\/wp-json\/wp\/v2\/tags?post=236"}],"curies":[{"name":"wp","href":"https:\/\/api.w.org\/{rel}","templated":true}]}}