{"id":231,"date":"2020-03-09T12:40:05","date_gmt":"2020-03-09T11:40:05","guid":{"rendered":"http:\/\/semmelweis.hu\/otthonilelegeztetes\/?page_id=231"},"modified":"2025-11-19T20:51:43","modified_gmt":"2025-11-19T19:51:43","slug":"a-parasito","status":"publish","type":"page","link":"https:\/\/semmelweis.hu\/otthonilelegeztetes\/olp-oktatasi-anyag\/level-iii\/a-parasito\/","title":{"rendered":"A p\u00e1r\u00e1s\u00edt\u00f3"},"content":{"rendered":"<p style=\"text-align: justify\">G\u00e9pi l\u00e9legeztet\u00e9s sor\u00e1n a bel\u00e9legzett leveg\u0151t minden esetben meleg\u00edteni \u00e9s p\u00e1r\u00e1s\u00edtani kell! A l\u00e9gz\u0151k\u00f6rbe \u00e9p\u00edtett p\u00e1r\u00e1s\u00edt\u00f3k felel\u0151sek a bel\u00e9legzett leveg\u0151 megfelel\u0151 h\u0151m\u00e9rs\u00e9klet\u00e9nek \u00e9s p\u00e1ratartalm\u00e1nak biztos\u00edt\u00e1s\u00e1\u00e9rt. A kell\u0151en p\u00e1r\u00e1s\u00edtott leveg\u0151 seg\u00edt a l\u00e9g\u00fati v\u00e1lad\u00e9kot h\u00edgan tartani, hogy az k\u00f6nnyen felk\u00f6h\u00f6ghet\u0151, felk\u00f6h\u00f6gtethet\u0151 \u00e9s lesz\u00edvhat\u00f3 legyen.\u00a0<\/p>\n<p>&nbsp;<\/p>\n<p>Akt\u00edv p\u00e1r\u00e1s\u00edt\u00f3<\/p>\n<p style=\"text-align: justify\">Akt\u00edv p\u00e1r\u00e1s\u00edt\u00f3 seg\u00edts\u00e9g\u00e9vel a beteg fel\u00e9 \u00e1raml\u00f3 leveg\u0151t meleg\u00edtett desztill\u00e1lt v\u00edz felett \u00e1ramoltatjuk \u00e1t, majd a l\u00e9gz\u0151k\u00f6r\u00f6n kereszt\u00fcl tov\u00e1bb\u00edtjuk a p\u00e1ciens fel\u00e9. Egyes akt\u00edv p\u00e1r\u00e1s\u00edt\u00f3k a l\u00e9gz\u0151k\u00f6rt is meleg\u00edtik.<\/p>\n<p>&nbsp;<\/p>\n<p style=\"text-align: justify\">A l\u00e9gz\u0151k\u00f6r helyes \u00f6sszeszerel\u00e9se eset\u00e9n a leveg\u0151 \u00fatja a k\u00f6vetkez\u0151:\u00a0<\/p>\n<p style=\"text-align: justify\">L\u00e9legeztet\u0151g\u00e9p \u2013 bakt\u00e9riumsz\u0171r\u0151 \u2013 r\u00f6vid, hajl\u00e9kony cs\u0151vezet\u00e9k \u2013cser\u00e9lhet\u0151 p\u00e1r\u00e1s\u00edt\u00f3 tart\u00e1ly\u00a0 \u2013 (f\u0171t\u00f6tt) l\u00e9gz\u0151k\u00f6r \u2013 tracheoszt\u00f3ma \/ maszk<\/p>\n<p>&nbsp;<\/p>\n<p>Az akt\u00edv p\u00e1r\u00e1s\u00edt\u00f3knak t\u00f6bb t\u00edpusa l\u00e9tezik, de mindegyik azonos elven m\u0171k\u00f6dik. Minden p\u00e1r\u00e1s\u00edt\u00f3 tartalmaz:<\/p>\n<ul>\n<li>H\u00e1l\u00f3zati \u00e1ramforr\u00e1s el\u00e9r\u00e9s\u00e9hez k\u00e1belt<\/li>\n<li>Meleg\u00edt\u0151 t\u00e1ny\u00e9rt, felette tart\u00e1lyt, melyben a desztill\u00e1lt meleg\u00edti<\/li>\n<\/ul>\n<p style=\"text-align: center\">\u00a0<img loading=\"lazy\" decoding=\"async\" class=\"alignnone size-medium wp-image-233\" src=\"https:\/\/semmelweis.hu\/otthonilelegeztetes\/files\/2020\/03\/lvl3parasito01.png\" alt=\"\" width=\"191\" height=\"293\" \/>\u00a0<\/p>\n<p>Amennyiben a l\u00e9gz\u0151k\u00f6r is f\u0171t\u00f6tt, a p\u00e1r\u00e1s\u00edt\u00f3 tartalmaz tov\u00e1bba:<\/p>\n<ul>\n<li>F\u0171t\u0151sz\u00e1lat<\/li>\n<li>H\u0151m\u00e9r\u0151t, amely a tart\u00e1ly felett, valamint a p\u00e1ciens fel\u0151li oldalon is m\u00e9ri a h\u0151m\u00e9rs\u00e9kletet<\/li>\n<\/ul>\n<p><img loading=\"lazy\" decoding=\"async\" class=\"alignnone size-medium wp-image-234 aligncenter\" src=\"https:\/\/semmelweis.hu\/otthonilelegeztetes\/files\/2020\/03\/lvl3parasito02-400x210.png\" alt=\"\" width=\"400\" height=\"210\" srcset=\"https:\/\/semmelweis.hu\/otthonilelegeztetes\/files\/2020\/03\/lvl3parasito02-400x210.png 400w, https:\/\/semmelweis.hu\/otthonilelegeztetes\/files\/2020\/03\/lvl3parasito02.png 435w\" sizes=\"auto, (max-width: 400px) 100vw, 400px\" \/><\/p>\n<p style=\"text-align: justify\">A p\u00e1r\u00e1s\u00edt\u00f3 tart\u00e1lyban l\u00e9v\u0151 v\u00edz haszn\u00e1lat k\u00f6zben p\u00e1rolog, szintj\u00e9t rendszeresen ellen\u0151rizni kell, ut\u00e1nt\u00f6lteni pedig csak steril desztill\u00e1lt v\u00edzzel szabad!<\/p>\n<p style=\"text-align: justify\">Bekapcsol\u00e1st k\u00f6vet\u0151en a g\u00e9p 10-15 perc alatt el\u0151re be\u00e1ll\u00edtott h\u0151m\u00e9rs\u00e9kletre meleg\u00edti a tart\u00e1lyban l\u00e9v\u0151 vizet, valamint a l\u00e9gz\u0151k\u00f6rt.\u00a0<\/p>\n<p>&nbsp;<\/p>\n<p><em>Fontos:<\/em> A p\u00e1r\u00e1s\u00edt\u00f3 csak a k\u00f6rnyezet +10\u00b0C \u00e9s +35\u00b0C k\u00f6z\u00f6tti \u00e9rt\u00e9kei k\u00f6z\u00f6tt k\u00e9pes megfelel\u0151en m\u0171k\u00f6dni!<\/p>\n<p>&nbsp;<\/p>\n<p style=\"text-align: justify\">P\u00e1r\u00e1s\u00edt\u00e1s eset\u00e9n a k\u00f6rnyezeti h\u0151m\u00e9rs\u00e9klett\u0151l f\u00fcgg\u0151en a l\u00e9gz\u0151k\u00f6rben norm\u00e1lisan p\u00e1ra csap\u00f3dhat le (kondenz\u00e1ci\u00f3s v\u00edz). Ezt a folyad\u00e9kot soha nem szabad a p\u00e1r\u00e1s\u00edt\u00f3 tart\u00e1lyba visszaengedni, azt ki kell engedni a l\u00e9gz\u0151k\u00f6rb\u0151l! Amennyiben a k\u00f6rnyezet h\u0151m\u00e9rs\u00e9klete cs\u00f6kken, a kondenz\u00e1ci\u00f3s v\u00edz mennyis\u00e9ge megn\u0151. Tart\u00f3san alacsony szobah\u0151m\u00e9rs\u00e9lket est\u00e9n (pl.: t\u00e9li id\u0151szakban) sz\u00fcks\u00e9g lehet egy a l\u00e9gz\u0151k\u00f6rt egy meleg\u00edt\u0151 huzattal is ell\u00e1tni.<\/p>\n<p>&nbsp;<\/p>\n<p>Amennyiben m\u0171k\u00f6d\u00e9s k\u00f6zben a p\u00e1r\u00e1s\u00edt\u00f3 riaszt:\u00a0<\/p>\n<ul>\n<li>Ellen\u0151rizze a t\u00e1pk\u00e1bel, a f\u0171t\u0151sz\u00e1lhoz fut\u00f3 k\u00e1bel \u00e9s a h\u0151m\u00e9r\u0151 helyzet\u00e9t!<\/li>\n<li>Ellen\u0151rizze a folyad\u00e9k mennyis\u00e9g\u00e9t a p\u00e1r\u00e1s\u00edt\u00f3 tart\u00e1lyban!<\/li>\n<li>Ellen\u0151rizze a p\u00e1r\u00e1s\u00edt\u00f3 tart\u00e1ly helyzet\u00e9t! (Nem mozdult-e ki a p\u00e1r\u00e1s\u00edt\u00f3b\u00f3l?)<\/li>\n<li>Ellen\u0151rizze, hogy a h\u0151m\u00e9r\u0151 nincs-e h\u0151hat\u00e1snak kit\u00e9ve (hideg\/meleg k\u00f6rnyezet)!\u00a0<\/li>\n<li>Amennyiben a probl\u00e9ma nem old\u00f3dik meg, kapcsolja ki \u00e9s p\u00e1r perc m\u00falva ism\u00e9t kapcsolja be a p\u00e1r\u00e1s\u00edt\u00f3t!<\/li>\n<\/ul>\n<p>Ha a probl\u00e9ma tov\u00e1bbra is fenn\u00e1ll l\u00e9pjen kapcsolatba a forgalmaz\u00f3 c\u00e9g k\u00e9pvisel\u0151j\u00e9vel!<\/p>\n<p>&nbsp;<\/p>\n<p>H\u0151- \u00e9s nedvess\u00e9g cser\u00e9l\u0151 (HME)\u00a0<\/p>\n<p style=\"text-align: justify\">A h\u0151 \u00e9s nedvess\u00e9g cser\u00e9l\u0151 filter egy szivacs szer\u0171 anyagot tartalmaz, amely\u00a0 megk\u00f6ti a beteg \u00e1ltal kil\u00e9legzett h\u0151 \u00e9s p\u00e1ra egy r\u00e9sz\u00e9t. A k\u00f6vetkez\u0151 bel\u00e9gz\u00e9sn\u00e9l a leveg\u0151 ezen a sz\u0171r\u00f6n kereszt\u00fcl p\u00e1r\u00e1sodik \u00e9s melegszik. A h\u0151- \u00e9s p\u00e1racser\u00e9l\u0151 filter hat\u00e9konys\u00e1ga elmarad a f\u0171t\u00f6tt vizes p\u00e1r\u00e1s\u00edt\u00f3 m\u00f6g\u00f6tt, ez\u00e9rt haszn\u00e1lat\u00e1t csak r\u00f6vid id\u0151re (1 \u2013 2 \u00f3r\u00e1ra), p\u00e9ld\u00e1ul utaz\u00e1s idej\u00e9re javasolt korl\u00e1tozni.\u00a0<\/p>\n<p>Utaz\u00e1s eset\u00e9re a k\u00f6vetkez\u0151 m\u00f3don javasolt a l\u00e9gz\u0151k\u00f6rt (transzport k\u00f6rt) \u00f6ssze\u00e1ll\u00edtani:<\/p>\n<p style=\"text-align: justify\">Bakt\u00e9rium filter \u2013 cs\u0151vezet\u00e9k (pl.: k\u00f6h\u00f6gtet\u0151 g\u00e9p cs\u00f6ve) \u2013 kil\u00e9gz\u0151szelep \u2013 HME \u2013 flexibilis cs\u0151 \u2013 tracheoszt\u00f3ma\u00a0<\/p>\n<p><img loading=\"lazy\" decoding=\"async\" class=\"size-medium wp-image-232 aligncenter\" src=\"https:\/\/semmelweis.hu\/otthonilelegeztetes\/files\/2020\/03\/lvl3parasito03-400x144.png\" alt=\"\" width=\"400\" height=\"144\" srcset=\"https:\/\/semmelweis.hu\/otthonilelegeztetes\/files\/2020\/03\/lvl3parasito03-400x144.png 400w, https:\/\/semmelweis.hu\/otthonilelegeztetes\/files\/2020\/03\/lvl3parasito03.png 598w\" sizes=\"auto, (max-width: 400px) 100vw, 400px\" \/><\/p>\n<p>&nbsp;<\/p>\n<p>A honlapon szerepl\u0151 oktat\u00e1si anyag az otthoni l\u00e9legeztet\u00e9si program betegeinek, hozz\u00e1tartoz\u00f3inak \u00e9s gondvisel\u0151inek t\u00e1j\u00e9koztat\u00e1s\u00e1t szolg\u00e1lja. Terjeszt\u00e9se, egy\u00e9b c\u00e9l\u00fa felhaszn\u00e1l\u00e1sa tilos. Minden jog fenntartva.<\/p>\n","protected":false},"excerpt":{"rendered":"<p>G\u00e9pi l\u00e9legeztet\u00e9s sor\u00e1n a bel\u00e9legzett leveg\u0151t minden esetben meleg\u00edteni \u00e9s p\u00e1r\u00e1s\u00edtani kell! A l\u00e9gz\u0151k\u00f6rbe \u00e9p\u00edtett p\u00e1r\u00e1s\u00edt\u00f3k felel\u0151sek a bel\u00e9legzett leveg\u0151 megfelel\u0151 h\u0151m\u00e9rs\u00e9klet\u00e9nek \u00e9s p\u00e1ratartalm\u00e1nak biztos\u00edt\u00e1s\u00e1\u00e9rt. A kell\u0151en p\u00e1r\u00e1s\u00edtott leveg\u0151 seg\u00edt a l\u00e9g\u00fati v\u00e1lad\u00e9kot h\u00edgan tartani, hogy az k\u00f6nnyen felk\u00f6h\u00f6ghet\u0151, felk\u00f6h\u00f6gtethet\u0151 \u00e9s lesz\u00edvhat\u00f3 legyen.\u00a0 &nbsp; Akt\u00edv p\u00e1r\u00e1s\u00edt\u00f3 Akt\u00edv p\u00e1r\u00e1s\u00edt\u00f3 seg\u00edts\u00e9g\u00e9vel a beteg fel\u00e9 \u00e1raml\u00f3 leveg\u0151t meleg\u00edtett &hellip;<\/p>\n","protected":false},"author":101484,"featured_media":0,"parent":207,"menu_order":4,"comment_status":"closed","ping_status":"closed","template":"","meta":{"_acf_changed":false,"footnotes":""},"categories":[],"tags":[],"class_list":["post-231","page","type-page","status-publish","hentry"],"acf":[],"_links":{"self":[{"href":"https:\/\/semmelweis.hu\/otthonilelegeztetes\/wp-json\/wp\/v2\/pages\/231","targetHints":{"allow":["GET"]}}],"collection":[{"href":"https:\/\/semmelweis.hu\/otthonilelegeztetes\/wp-json\/wp\/v2\/pages"}],"about":[{"href":"https:\/\/semmelweis.hu\/otthonilelegeztetes\/wp-json\/wp\/v2\/types\/page"}],"author":[{"embeddable":true,"href":"https:\/\/semmelweis.hu\/otthonilelegeztetes\/wp-json\/wp\/v2\/users\/101484"}],"replies":[{"embeddable":true,"href":"https:\/\/semmelweis.hu\/otthonilelegeztetes\/wp-json\/wp\/v2\/comments?post=231"}],"version-history":[{"count":2,"href":"https:\/\/semmelweis.hu\/otthonilelegeztetes\/wp-json\/wp\/v2\/pages\/231\/revisions"}],"predecessor-version":[{"id":332,"href":"https:\/\/semmelweis.hu\/otthonilelegeztetes\/wp-json\/wp\/v2\/pages\/231\/revisions\/332"}],"up":[{"embeddable":true,"href":"https:\/\/semmelweis.hu\/otthonilelegeztetes\/wp-json\/wp\/v2\/pages\/207"}],"wp:attachment":[{"href":"https:\/\/semmelweis.hu\/otthonilelegeztetes\/wp-json\/wp\/v2\/media?parent=231"}],"wp:term":[{"taxonomy":"category","embeddable":true,"href":"https:\/\/semmelweis.hu\/otthonilelegeztetes\/wp-json\/wp\/v2\/categories?post=231"},{"taxonomy":"post_tag","embeddable":true,"href":"https:\/\/semmelweis.hu\/otthonilelegeztetes\/wp-json\/wp\/v2\/tags?post=231"}],"curies":[{"name":"wp","href":"https:\/\/api.w.org\/{rel}","templated":true}]}}