{"id":224,"date":"2020-03-09T12:29:16","date_gmt":"2020-03-09T11:29:16","guid":{"rendered":"http:\/\/semmelweis.hu\/otthonilelegeztetes\/?page_id=224"},"modified":"2025-11-19T20:51:37","modified_gmt":"2025-11-19T19:51:37","slug":"a-lelegeztetogep","status":"publish","type":"page","link":"https:\/\/semmelweis.hu\/otthonilelegeztetes\/olp-oktatasi-anyag\/level-iii\/a-lelegeztetogep\/","title":{"rendered":"A l\u00e9legeztet\u0151g\u00e9p"},"content":{"rendered":"<p>Egyes betegek nem k\u00e9pesek \u00f6n\u00e1ll\u00f3 l\u00e9gz\u00e9sre, vagy l\u00e9gz\u00e9s\u00fck hat\u00e9konys\u00e1ga nem kell\u0151en hat\u00e9kony, ez\u00e9rt pozit\u00edv nyom\u00e1s\u00fa l\u00e9legeztet\u0151g\u00e9pre van sz\u00fcks\u00e9g\u00fck. A l\u00e9legeztet\u0151g\u00e9p seg\u00edtheti a betegek megl\u00e9v\u0151 spont\u00e1n l\u00e9gz\u00e9s\u00e9t, t\u00e1mogat\u00e1st adva, valamint \u00f6n\u00e1ll\u00f3 l\u00e9gz\u00e9s hi\u00e1ny\u00e1ban is k\u00e9pesek folyamatos l\u00e9legeztet\u00e9sre. A g\u00e9pi l\u00e9legeztet\u00e9st v\u00e9gezhet\u00fcnk tubuson, arcmaszkon, vagy csutor\u00e1n kereszt\u00fcl.<\/p>\n<ul>\n<li>A f\u0151 k\u00f3rk\u00e9pek, melyek a tart\u00f3s g\u00e9pi l\u00e9legeztet\u00e9st sz\u00fcks\u00e9gess\u00e9 tehetik:<\/li>\n<li>A l\u00e9gz\u00e9sk\u00f6zpont k\u00f3ros m\u0171k\u00f6d\u00e9se<\/li>\n<li>A mellkasfal, esetleg a t\u00fcd\u0151 fokozott merevs\u00e9g\u00e9t okoz\u00f3 betegs\u00e9gek<\/li>\n<li>A t\u00fcd\u0151sz\u00f6vet k\u00e1rosod\u00e1s\u00e1t okoz\u00f3 betegs\u00e9gek<\/li>\n<li>A l\u00e9gz\u0151izmok gyenges\u00e9ge, vagy m\u0171k\u00f6d\u00e9si zavara<\/li>\n<li>Sz\u00edvel\u00e9gtelens\u00e9g k\u00f6vetkezt\u00e9ben l\u00e9trej\u00f6v\u0151 m\u00e1sodlagos t\u00fcd\u0151k\u00e1rosod\u00e1s<\/li>\n<\/ul>\n<p><img loading=\"lazy\" decoding=\"async\" class=\"alignnone size-full wp-image-225 aligncenter\" src=\"https:\/\/semmelweis.hu\/otthonilelegeztetes\/files\/2020\/03\/lvl3leleg01.png\" alt=\"\" width=\"304\" height=\"229\" \/><\/p>\n<p>A l\u00e9legeztet\u0151g\u00e9p, \u00e9s r\u00e9szei\u00a0<\/p>\n<p>&nbsp;<\/p>\n<p style=\"text-align: justify\">Az Otthoni L\u00e9legeztet\u00e9si Programban haszn\u00e1lt l\u00e9legeztet\u0151g\u00e9pek h\u00e1l\u00f3zati \u00e1ramforr\u00e1sr\u00f3l m\u0171k\u00f6dnek. Ezen k\u00edv\u00fcl a Trilogy 100 t\u00edpus\u00fa l\u00e9legeztet\u0151g\u00e9pben egy cser\u00e9lhet\u0151 \u00e9s egy be\u00e9p\u00edtett akkumul\u00e1tor is helyet kapott. Az akkumul\u00e1torok egyenk\u00e9nt \u00e1tlagosan 1-2 \u00f3ra m\u0171k\u00f6d\u00e9st tudnak biztos\u00edtani, de ez az id\u0151 a az aktu\u00e1lis g\u00e9pi be\u00e1ll\u00edt\u00e1sokt\u00f3l \u00e9s az akkumul\u00e1torok \u00e9letkor\u00e1t\u00f3l is f\u00fcgg. A t\u00f6lt\u00f6tts\u00e9get a kijelz\u0151n tudjuk nyomon k\u00f6vetni.\u00a0<\/p>\n<p style=\"text-align: justify\">A l\u00e9legeztet\u0151g\u00e9pek a k\u00f6rnyezet leveg\u0151j\u00e9t haszn\u00e1lj\u00e1k, a g\u00e9pek h\u00e1ts\u00f3 ny\u00edl\u00e1son kereszt\u00fcl be\u00f6ml\u0151 leveg\u0151t magas nyom\u00e1ssal \u00e9s nagy \u00e1raml\u00e1ssal tov\u00e1bb\u00edtj\u00e1k a beteg fel\u00e9. Ehhez sz\u00fcks\u00e9g eset\u00e9n oxig\u00e9n is hozz\u00e1 keverhet\u0151. A be\u00f6ml\u0151 ny\u00edl\u00e1s el\u0151tt egy porsz\u0171r\u0151 \u00e9s egy pollensz\u0171r\u0151 tal\u00e1lhat\u00f3. A pollen sz\u0171r\u0151t k\u00e9t hetente cser\u00e9lni kell. A porsz\u0171r\u0151 a k\u00f6rnyez\u0151 leveg\u0151 szennyezetts\u00e9g\u00e9t\u0151l f\u00fcgg\u0151en norm\u00e1l haszn\u00e1lat mellett porosodik, ez\u00e9rt ezt hetente ellen\u0151rizni kell, ilyenkor port a sz\u0171r\u0151r\u0151l k\u00f6nnyen elt\u00e1vol\u00edtjuk. A porsz\u0171r\u0151t havonta cser\u00e9lni kell..<\/p>\n<p><img loading=\"lazy\" decoding=\"async\" class=\"size-full wp-image-226 alignnone\" src=\"https:\/\/semmelweis.hu\/otthonilelegeztetes\/files\/2020\/03\/lvl3leleg02.png\" alt=\"\" width=\"280\" height=\"211\" \/> <img loading=\"lazy\" decoding=\"async\" class=\"size-full wp-image-227 alignnone\" src=\"https:\/\/semmelweis.hu\/otthonilelegeztetes\/files\/2020\/03\/lvl3leleg03.png\" alt=\"\" width=\"280\" height=\"211\" \/><\/p>\n<p style=\"text-align: justify\">A beteg fel\u00e9 tov\u00e1bb\u00edtott leveg\u0151 el\u0151sz\u00f6r egy bakt\u00e9rium sz\u0171r\u0151n halad kereszt\u00fcl. A feh\u00e9r sz\u0171r\u0151 rendszeres haszn\u00e1lat mellett fokozatosan s\u00f6t\u00e9tedik, sz\u00fcrk\u00e9sen elsz\u00ednez\u0151dik. Cser\u00e9je havonta sz\u00fcks\u00e9ges.<\/p>\n<p><img loading=\"lazy\" decoding=\"async\" class=\"alignnone size-full wp-image-228 aligncenter\" src=\"https:\/\/semmelweis.hu\/otthonilelegeztetes\/files\/2020\/03\/lvl3leleg04.png\" alt=\"\" width=\"250\" height=\"188\" \/><\/p>\n<p style=\"text-align: justify\">G\u00e9pi l\u00e9legeztet\u00e9s sor\u00e1n minden esetben sz\u00fcks\u00e9ges a bel\u00e9gzett leveg\u0151 megfelel\u0151 meleg\u00edt\u00e9se \u00e9s<strong> p\u00e1r\u00e1s\u00edt\u00e1s<\/strong>a. Ennek elmarad\u00e1sa bes\u0171r\u0171s\u00f6d\u00f6tt l\u00e9g\u00fati v\u00e1lad\u00e9kot, k\u00e9s\u0151bb l\u00e9g\u00fati s\u00e9r\u00fcl\u00e9st, valamint fert\u0151z\u00e9sre val\u00f3 hajlamot okozhat! A l\u00e9legeztet\u0151g\u00e9phez biztos\u00edtott akt\u00edv p\u00e1r\u00e1s\u00edt\u00f3h\u00e1l\u00f3zati \u00e1ramforr\u00e1sr\u00f3l \u00fczemeltethet\u0151, saj\u00e1t akkumul\u00e1tora nincs. A p\u00e1r\u00e1s\u00edt\u00f3 m\u0171k\u00f6d\u00e9se sor\u00e1n steril desztill\u00e1lt vizet meleg\u00edt\u00fcnk, a bel\u00e9gzett leveg\u0151 meleg\u00edtett desztill\u00e1lt v\u00edz felett tel\u00edt\u0151dik p\u00e1r\u00e1val, majd a l\u00e9gz\u0151k\u00f6r\u00f6n kereszt\u00fcl \u00e1ramlik a beteg fel\u00e9.\u00a0\u00a0<\/p>\n<p>&nbsp;<\/p>\n<p style=\"text-align: justify\">A l\u00e9legeztet\u0151g\u00e9p \u00fagy nevezett \u2018egy k\u00f6r\u00f6s\u2018 l\u00e9gz\u0151k\u00f6rrel m\u0171k\u00f6dik, ezt azt jelenti hogy a bel\u00e9gzett \u00e9s a kil\u00e9gzett leveg\u0151 ugyanazon a cs\u00f6vezet\u00e9ken kereszt\u00fcl mozog. Ez csak \u00fagy m\u0171k\u00f6dhet, ha a k\u00f6rbe egy szelepet, \u00fagy nevezett <strong>kil\u00e9gz\u0151 szelep<\/strong>et illeszt\u00fcnk, ahol a felesleges leveg\u0151 t\u00e1vozni tud. A Trilogy 100 l\u00e9legeztet\u0151g\u00e9p norm\u00e1l m\u0171k\u00f6d\u00e9se k\u00f6zben mind bel\u00e9gz\u00e9s, mind kil\u00e9gz\u00e9s k\u00f6zben leveg\u0151 sziv\u00e1rg\u00e1s van a kil\u00e9gz\u0151 szelepen. Ha ez a szelep nincs a l\u00e9gz\u0151k\u00f6rben, vagy v\u00e1lad\u00e9k k\u00f6vetkezt\u00e9ben elz\u00e1r\u00f3dik a l\u00e9legeztet\u00e9s hat\u00e9konys\u00e9ga megsz\u0171nik, \u00e9s s\u00falyos, \u00e9letvesz\u00e9lyes \u00e1llapothoz vezethet.\u00a0<\/p>\n<p><img loading=\"lazy\" decoding=\"async\" class=\"alignnone size-medium wp-image-229 aligncenter\" src=\"https:\/\/semmelweis.hu\/otthonilelegeztetes\/files\/2020\/03\/lvl3leleg05-400x145.png\" alt=\"\" width=\"400\" height=\"145\" srcset=\"https:\/\/semmelweis.hu\/otthonilelegeztetes\/files\/2020\/03\/lvl3leleg05-400x145.png 400w, https:\/\/semmelweis.hu\/otthonilelegeztetes\/files\/2020\/03\/lvl3leleg05.png 540w\" sizes=\"auto, (max-width: 400px) 100vw, 400px\" \/><\/p>\n<p style=\"text-align: justify\">A kil\u00e9gz\u0151 szelepet naponta ellen\u0151rizni \u00e9s tiszt\u00edtani kell. A szelepet a l\u00e9gz\u0151k\u00f6rb\u0151l elt\u00e1vol\u00edtjuk, \u00e9s tartal\u00e9k kil\u00e9gz\u0151 szelepet helyez\u00fcnk be. A tiszt\u00edt\u00e1shoz a kil\u00e9gz\u0151 szelep sz\u00e9tszedhet\u0151.<\/p>\n<p>&nbsp;<\/p>\n<p>L\u00e9legeztet\u0151g\u00e9p be\u00e1ll\u00edt\u00e1sok<\/p>\n<p style=\"text-align: justify\">Az Otthoni L\u00e9legeztet\u00e9si Program l\u00e9legeztet\u0151g\u00e9pein\u00e9l alkalmazott be\u00e1ll\u00edt\u00e1si m\u00f3dok figyelembe veszik a beteg spont\u00e1n l\u00e9gz\u00e9s\u00e9t, \u00e9s l\u00e9gv\u00e9telr\u0151l l\u00e9gv\u00e9telre a beteg ig\u00e9nyeinek megfelel\u0151 bel\u00e9gz\u00e9si t\u00e9rfogatot biztos\u00edtanak. Ha a g\u00e9p nem \u00e9rz\u00e9kel spont\u00e1n l\u00e9gv\u00e9telt, akkor el\u0151re be\u00e1ll\u00edtott gyakoris\u00e1ggal bel\u00e9gz\u00e9st ind\u00edt.<\/p>\n<p style=\"text-align: justify\">A l\u00e9legeztet\u0151g\u00e9pek men\u00fcrendszere a beteg \u00e9s a gondoz\u00f3k sz\u00e1m\u00e1ra csak korl\u00e1tozott hozz\u00e1f\u00e9r\u00e9st biztos\u00edt, \u00edgy elker\u00fclhet\u0151 a g\u00e9pi be\u00e1ll\u00edt\u00e1sok v\u00e9letlen m\u00f3dos\u00edt\u00e1sa. A g\u00e9p az aktu\u00e1lis be\u00e1ll\u00edt\u00e1st kikapcsolt \u00e1llapotban is t\u00e1rolja, \u00edgy a k\u00f6vetkez\u0151 bekapcsol\u00e1sn\u00e1l a legut\u00f3bbi be\u00e1ll\u00edt\u00e1sokkal indul el. Sz\u00fcks\u00e9g eset\u00e9n a beteg sz\u00e1m\u00e1ra k\u00e9t k\u00fcl\u00f6nb\u00f6z\u0151 ter\u00e1pi\u00e1s be\u00e1ll\u00edt\u00e1sra is lehet\u0151s\u00e9g van (pl.: nappali \u00e9s \u00e9jszakai m\u00f3d).<\/p>\n<p>&nbsp;<\/p>\n<p>L\u00e9legeztet\u00e9si param\u00e9terek<\/p>\n<p style=\"text-align: justify\">A l\u00e9legeztet\u00e9st a k\u00fcl\u00f6nb\u00f6z\u0151 param\u00e9terekkel jellemezhetj\u00fck, melyeket a g\u00e9p monitora folyamatosan ki is jelez sz\u00e1munkra. Ezek a param\u00e9terek a k\u00f6vetkez\u0151k:<\/p>\n<ul>\n<li>Nyom\u00e1s \u2013 A l\u00e9gz\u0151k\u00f6rben uralkod\u00f3 aktu\u00e1lis nyom\u00e1s, mely folyamatosan v\u00e1ltozik a l\u00e9gz\u00e9si ciklus alatt\u00a0<\/li>\n<li>RR \u2013 Percenk\u00e9nt t\u00f6rt\u00e9nt l\u00e9gv\u00e9telek sz\u00e1ma<\/li>\n<li>Vte \u2013 Az aktu\u00e1lis kil\u00e9gz\u00e9si t\u00e9rfogat<\/li>\n<li>Sziv\u00e1rg\u00e1s \u2013 A l\u00e9gz\u0151k\u00f6rb\u0151l percenk\u00e9nt kisziv\u00e1rgott leveg\u0151 t\u00e9rfogata<\/li>\n<li>PIP \u2013 A l\u00e9gz\u0151k\u00f6rben a bel\u00e9gz\u00e9s alatt leadott legmagasabb nyom\u00e1s<\/li>\n<li>I:E ar\u00e1ny \u2013 A bel\u00e9gz\u00e9si \u00e9s a kil\u00e9gz\u00e9si id\u0151 ar\u00e1nya\u00a0<\/li>\n<li>Cs\u00facs\u00e1raml\u00e1s \u2013 A l\u00e9gz\u00e9s sor\u00e1n a l\u00e9gz\u0151k\u00f6rben \u00e1raml\u00f3 leveg\u0151 maxim\u00e1lis sebess\u00e9ge<\/li>\n<li>MAP \u2013 A l\u00e9gz\u0151k\u00f6rben a l\u00e9gz\u00e9si ciklus sor\u00e1n uralkod\u00f3 \u00e1tlagos nyom\u00e1s<\/li>\n<li>Perct\u00e9rfogat \u2013 A percenk\u00e9nt bel\u00e9legzett leveg\u0151 \u00f6sszt\u00e9rfogata<\/li>\n<\/ul>\n<p>&nbsp;<\/p>\n<p>Riaszt\u00e1sok<\/p>\n<p style=\"text-align: justify\">Amennyiben a l\u00e9legeztet\u00e9s param\u00e9tereiben az el\u0151re be\u00e1ll\u00edtott riaszt\u00e1si hat\u00e1rokt\u00f3l elt\u00e9r\u0151 \u00e9rt\u00e9ket \u00e9szlel a g\u00e9p, ezt hangjelz\u00e9ssel \u00e9s felirattal jelzi. A riaszt\u00e1si hat\u00e1rokat a l\u00e9legeztet\u0151g\u00e9p be\u00e1ll\u00edt\u00e1sai\u00e9rt felel\u0151s szakember \u00e1ll\u00edtja be.<\/p>\n<p style=\"text-align: justify\"><em>Fontos<\/em>: B\u00e1rmely hiba\u00fczenetet l\u00e1tjuk a l\u00e9legeztet\u0151g\u00e9p kijelz\u0151j\u00e9n, el\u0151sz\u00f6r a beteg \u00e1llapot\u00e1t vizsg\u00e1ljuk meg, k\u00e9rdezz\u00fck meg kap-e el\u00e9g leveg\u0151t!\u00a0<\/p>\n<ul>\n<li>Olvassuk el a g\u00e9p men\u00fcj\u00e9n megjelen\u0151 hiba\u00fczenetet!<\/li>\n<li>A riaszt\u00e1s hangjelz\u00e9s\u00e9t a g\u00e9p jobb oldal\u00e1n tal\u00e1lhat\u00f3 n\u00e9m\u00edt\u00f3 gombbal kapcsolhatjuk ki.<\/li>\n<li>Sz\u00fcntess\u00fck meg a hiba kiv\u00e1lt\u00f3 ok\u00e1t! (l\u00e1sd t\u00e1bl\u00e1zat!)<\/li>\n<li>Hagyjuk j\u00f3v\u00e1 a riaszt\u00e1st! Ezt k\u00f6vet\u0151en a l\u00e9legeztet\u0151g\u00e9p men\u00fcje nyugalmi \u00e1llapotba t\u00e9r vissza.<\/li>\n<li>Ha az adott probl\u00e9ma tart\u00f3san fenn\u00e1ll, k\u00e9sz\u00edtse el\u0151 a k\u00e9zi l\u00e9legeztet\u0151 ballont, ha \u00fagy l\u00e1tja, h\u00edvjon azonnal seg\u00edts\u00e9get (Orsz\u00e1gos Ment\u0151szolg\u00e1lat 104), vagy l\u00e9pjen miel\u0151bb kapcsolatba szakorvos\u00e1val!<\/li>\n<\/ul>\n<p>&nbsp;<\/p>\n<p>A leggyakoribb hiba\u00fczeneteket, azok lehets\u00e9ges okait \u00e9s a sz\u00fcks\u00e9ges teend\u0151ket a k\u00f6vetkez\u0151 t\u00e1bl\u00e1zat tartalmazza:<\/p>\n<p>&nbsp;<\/p>\n<table>\n<tbody>\n<tr>\n<td>\n<p><strong>Hiba\u00fczenet<\/strong><\/p>\n<\/td>\n<td>\n<p><strong>Lehets\u00e9ges ok<\/strong><\/p>\n<\/td>\n<td>\n<p><strong>Teend\u0151<\/strong><\/p>\n<\/td>\n<\/tr>\n<tr>\n<td>\n<p>L\u00e9gz\u0151k\u00f6r nincs csatlakoztatva<\/p>\n<\/td>\n<td>\n<p>A l\u00e9gz\u0151k\u00f6r folytonoss\u00e1ga valahol megszakadt<\/p>\n<\/td>\n<td>\n<p>Tematikusan vizsg\u00e1lja v\u00e9gig a l\u00e9gz\u0151k\u00f6r illeszt\u00e9seit: g\u00e9p, sz\u0171r\u0151, hajl\u00e9kony cs\u0151vezet\u00e9k, p\u00e1r\u00e1s\u00edt\u00f3, hajl\u00e9kony cs\u0151vezet\u00e9k, kil\u00e9gz\u0151szelep, csatlakoz\u00f3 k\u00f6ny\u00f6k, tracheostoma<\/p>\n<p>Ha valahol illeszt\u00e9si probl\u00e9m\u00e1t tal\u00e1l, \u00e1ll\u00edtsa helyre!<\/p>\n<\/td>\n<\/tr>\n<tr>\n<td>\n<p>Alacsony l\u00e9gz\u0151k\u00f6r sziv\u00e1rg\u00e1s<\/p>\n<\/td>\n<td>\n<p>A kil\u00e9gz\u0151szelep elz\u00e1r\u00f3dott<\/p>\n<\/td>\n<td>\n<p>Ellen\u0151rizze, hogy a kil\u00e9gz\u0151szelep el\u0151tt nincs-e elz\u00e1r\u00f3d\u00e1s, esetleg elszennyez\u0151d\u00f6tt-e! Ha igen, cser\u00e9rlje ki!\u00a0<\/p>\n<\/td>\n<\/tr>\n<tr>\n<td>\n<p>Magas bel\u00e9gz\u00e9si nyom\u00e1s<\/p>\n<\/td>\n<td>\n<p>\u00a0-Megt\u00f6ret\u00e9s a l\u00e9gz\u0151k\u00f6rben<\/p>\n<p>\u00a0-A tracheostoma elz\u00e1r\u00f3dott<\/p>\n<p>\u00a0-A tracheostoma poz\u00edci\u00f3ja megv\u00e1ltozott<\/p>\n<p>\u00a0-S\u0171r\u0171, nagy mennyis\u00e9g\u0171 l\u00e9g\u00fati v\u00e1lad\u00e9k<\/p>\n<\/td>\n<td>\n<p>Ellen\u0151rizze a beteg \u00e1llapot\u00e1t!<\/p>\n<p>Ellen\u0151rizze, hogy a l\u00e9gz\u0151k\u00f6r\u00f6n nincs-e hurkol\u00f3d\u00e1s, vagy becs\u00edp\u0151d\u00e9s!<\/p>\n<p>Ellen\u0151rizze, hogy a tracheostoma megfelel\u0151 poz\u00edci\u00f3ban van-e!<\/p>\n<p>Alkalmazzon 3-4 k\u00f6h\u00f6gtet\u00e9si ciklust!<\/p>\n<p>Sz\u00edvja le a l\u00e9g\u00fati v\u00e1lad\u00e9kot!<\/p>\n<p>Ha a probl\u00e9ma tov\u00e1bbra is fenn\u00e1ll, alkalmazzon ballonos l\u00e9legeztet\u00e9st tracheostom\u00e1n kereszt\u00fcl \u00e9s h\u00edvjon seg\u00edts\u00e9get (OMSZ &#8211; 104)!<\/p>\n<\/td>\n<\/tr>\n<tr>\n<td>\n<p>Magas kil\u00e9gz\u00e9si nyom\u00e1s<\/p>\n<\/td>\n<td>\n<p>Megt\u00f6ret\u00e9s a l\u00e9gz\u0151k\u00f6rben<\/p>\n<\/td>\n<td>\n<p>Ellen\u0151rizze, hogy a l\u00e9gz\u0151k\u00f6r\u00f6n nincs-e hurkol\u00f3d\u00e1s, vagy becs\u00edp\u0151d\u00e9s!<\/p>\n<\/td>\n<\/tr>\n<tr>\n<td>\n<p>Alacsony \/ Magas Vti \/ Vte<\/p>\n<\/td>\n<td>\n<p>A bel\u00e9gz\u00e9si, vagy kil\u00e9gz\u00e9si t\u00e9rfogat elt\u00e9r a riaszt\u00e1si hat\u00e1r\u00e9rt\u00e9kt\u0151l<\/p>\n<\/td>\n<td>\n<p>Ellen\u0151rizze a beteg \u00e1llapot\u00e1t! Ha a probl\u00e9ma tart\u00f3san fenn\u00e1ll, l\u00e9pjen kapcsolatba szakorvos\u00e1val!<\/p>\n<\/td>\n<\/tr>\n<tr>\n<td>\n<p>Alacsony \/ Magas l\u00e9gz\u00e9si perct\u00e9rfogat<\/p>\n<\/td>\n<td>\n<p>A l\u00e9gz\u00e9si perct\u00e9rfogat elt\u00e9r a riaszt\u00e1si hat\u00e1r\u00e9rt\u00e9kt\u0151l<\/p>\n<\/td>\n<td>\n<p>Ellen\u0151rizze a beteg \u00e1llapot\u00e1t! Ha a probl\u00e9ma tart\u00f3san fenn\u00e1ll, l\u00e9pjen kapcsolatba szakorvos\u00e1val!<\/p>\n<\/td>\n<\/tr>\n<tr>\n<td>\n<p>Magas \/ Alacsony l\u00e9gz\u00e9ssz\u00e1m<\/p>\n<\/td>\n<td>\n<p>A l\u00e9gz\u00e9ssz\u00e1m elt\u00e9r a riaszt\u00e1si hat\u00e1r\u00e9rt\u00e9kt\u0151l<\/p>\n<\/td>\n<td>\n<p>Ellen\u0151rizze a beteg \u00e1llapot\u00e1t! Ha a probl\u00e9ma tart\u00f3san fenn\u00e1ll, l\u00e9pjen kapcsolatba szakorvos\u00e1val!<\/p>\n<\/td>\n<\/tr>\n<tr>\n<td>\n<p>Magas h\u0151m\u00e9rs\u00e9klet<\/p>\n<\/td>\n<td>\n<p>A l\u00e9legeztet\u0151g\u00e9p t\u00falmelegszik<\/p>\n<\/td>\n<td>\n<p>Ellen\u0151rizze, hogy a g\u00e9p nincs-e meleg h\u0151sug\u00e1rz\u00e1snak kit\u00e9ve!<\/p>\n<p>Ellen\u0151rizze a l\u00e9gbe\u00f6ml\u0151 sz\u0171r\u0151j\u00e9t, \u00e9s sz\u00fcks\u00e9g eset\u00e9n tiszt\u00edtsa, vagy cser\u00e9lje ki!<\/p>\n<p>Ellen\u0151rizze, hogy a h\u0171t\u0151 leveg\u0151ny\u00edl\u00e1sok nincsenek-e elz\u00e1rva!<\/p>\n<p>Ha a l\u00e9legeztet\u0151g\u00e9p akkumul\u00e1tor kezd lemer\u00fclni, m\u0171k\u00f6dtesse a g\u00e9pet v\u00e1lt\u00f3\u00e1ram\u00fa \u00e1ramforr\u00e1sr\u00f3l!<\/p>\n<\/td>\n<\/tr>\n<tr>\n<td>\n<p>L\u00e9legeztet\u0151g\u00e9p nem m\u0171k\u00f6dik<\/p>\n<p>&nbsp;<\/p>\n<\/td>\n<td>\n<p>Lemer\u00fclt akkumul\u00e1tor<\/p>\n<p>G\u00e9phiba<\/p>\n<p>&nbsp;<\/p>\n<\/td>\n<td>\n<p>Csatlakoztassa le a beteget a l\u00e9legeztet\u0151g\u00e9pr\u0151l, majd l\u00e9legeztesse a k\u00e9zi l\u00e9legeztet\u0151ballon seg\u00edts\u00e9g\u00e9vel!<\/p>\n<p>H\u00edvjon seg\u00edts\u00e9get (112)!<\/p>\n<\/td>\n<\/tr>\n<\/tbody>\n<\/table>\n<p>&nbsp;<\/p>\n<p>A l\u00e9legeztet\u0151g\u00e9p haszn\u00e1lata<\/p>\n<p>&nbsp;<\/p>\n<p>A l\u00e9legeztet\u0151g\u00e9pet mindig stabil alapon tartva, f\u00fcgg\u0151leges helyzetben haszn\u00e1lja, ha csak lehets\u00e9ges, haszn\u00e1lja az erre rendszeres\u00edtett \u00e1llv\u00e1nyt!<\/p>\n<p>A k\u00e9sz\u00fcl\u00e9k h\u00e1tulj\u00e1t l\u00e9v\u0151 leveg\u0151 be\u00f6ml\u0151 ny\u00edl\u00e1snak mindig szabadon kell maradnia!<\/p>\n<p>Ne tegyen semmit a k\u00e9sz\u00fcl\u00e9kre!<\/p>\n<p>M\u0171k\u00f6d\u00e9s k\u00f6zben hagyja szabadon a l\u00e9legeztet\u0151g\u00e9p kijelz\u0151j\u00e9t, \u00e9s \u00fcgyeljen r\u00e1, hogy a k\u00e9sz\u00fcl\u00e9k gombjaihoz nem \u00e9r semmi!<\/p>\n<p>&nbsp;<\/p>\n<p>A Trilogy 100 l\u00e9legeztet\u0151g\u00e9p az al\u00e1bbi lehets\u00e9ges \u00e1ramforr\u00e1sokb\u00f3l nyer \u00e1ramot, a k\u00f6vetkez\u0151 sorrendben:\u00a0<\/p>\n<ol>\n<li>V\u00e1lt\u00f3\u00e1ram\u00a0<\/li>\n<li>Cser\u00e9lhet\u0151 akkumul\u00e1tor\u00a0<\/li>\n<li>Bels\u0151 akkumul\u00e1tor\u00a0<\/li>\n<\/ol>\n<p style=\"text-align: justify\">Az akkumul\u00e1torok egyenk\u00e9nt \u00e1tlagosan 1-2 \u00f3ra m\u0171k\u00f6d\u00e9st tudnak biztos\u00edtani, de ez az id\u0151 a az aktu\u00e1lis g\u00e9pi be\u00e1ll\u00edt\u00e1sokt\u00f3l \u00e9s az akkumul\u00e1torok \u00e9letkor\u00e1t\u00f3l is f\u00fcgg. A t\u00f6lt\u00f6tts\u00e9get a kijelz\u0151n tudjuk nyomon k\u00f6vetni. Amennyiben a l\u00e9legeztet\u0151g\u00e9pet akkumul\u00e1torr\u00f3l \u00fczemeltetj\u00fck (p\u00e9ld\u00e1ul transzport eset\u00e9n), mindig gy\u0151z\u0151dj\u00fcnk meg r\u00f3la, hogy a k\u00e9zi l\u00e9legeztet\u0151 ballon is el\u00e9rhet\u0151 k\u00f6zels\u00e9gben van-e. V\u00e1lt\u00f3\u00e1ramra csatlakoztatva az akkumul\u00e1torok felt\u00f6lt\u0151dnek.<\/p>\n<p>&nbsp;<\/p>\n<p>Sz\u00e1ll\u00edt\u00e1s eset\u00e9n a l\u00e9legeztet\u0151g\u00e9pet csak az erre a c\u00e9lra kialak\u00edtott <strong>speci\u00e1lis hordoz\u00f3 t\u00e1sk\u00e1ban<\/strong> szabad m\u0171k\u00f6dtetni.\u00a0<\/p>\n<p>&nbsp;<\/p>\n<p>A honlapon szerepl\u0151 oktat\u00e1si anyag az otthoni l\u00e9legeztet\u00e9si program betegeinek, hozz\u00e1tartoz\u00f3inak \u00e9s gondvisel\u0151inek t\u00e1j\u00e9koztat\u00e1s\u00e1t szolg\u00e1lja. Terjeszt\u00e9se, egy\u00e9b c\u00e9l\u00fa felhaszn\u00e1l\u00e1sa tilos. Minden jog fenntartva.<\/p>\n","protected":false},"excerpt":{"rendered":"<p>Egyes betegek nem k\u00e9pesek \u00f6n\u00e1ll\u00f3 l\u00e9gz\u00e9sre, vagy l\u00e9gz\u00e9s\u00fck hat\u00e9konys\u00e1ga nem kell\u0151en hat\u00e9kony, ez\u00e9rt pozit\u00edv nyom\u00e1s\u00fa l\u00e9legeztet\u0151g\u00e9pre van sz\u00fcks\u00e9g\u00fck. A l\u00e9legeztet\u0151g\u00e9p seg\u00edtheti a betegek megl\u00e9v\u0151 spont\u00e1n l\u00e9gz\u00e9s\u00e9t, t\u00e1mogat\u00e1st adva, valamint \u00f6n\u00e1ll\u00f3 l\u00e9gz\u00e9s hi\u00e1ny\u00e1ban is k\u00e9pesek folyamatos l\u00e9legeztet\u00e9sre. A g\u00e9pi l\u00e9legeztet\u00e9st v\u00e9gezhet\u00fcnk tubuson, arcmaszkon, vagy csutor\u00e1n kereszt\u00fcl. A f\u0151 k\u00f3rk\u00e9pek, melyek a tart\u00f3s g\u00e9pi l\u00e9legeztet\u00e9st sz\u00fcks\u00e9gess\u00e9 tehetik: &hellip;<\/p>\n","protected":false},"author":101484,"featured_media":0,"parent":207,"menu_order":3,"comment_status":"closed","ping_status":"closed","template":"","meta":{"_acf_changed":false,"footnotes":""},"categories":[],"tags":[],"class_list":["post-224","page","type-page","status-publish","hentry"],"acf":[],"_links":{"self":[{"href":"https:\/\/semmelweis.hu\/otthonilelegeztetes\/wp-json\/wp\/v2\/pages\/224","targetHints":{"allow":["GET"]}}],"collection":[{"href":"https:\/\/semmelweis.hu\/otthonilelegeztetes\/wp-json\/wp\/v2\/pages"}],"about":[{"href":"https:\/\/semmelweis.hu\/otthonilelegeztetes\/wp-json\/wp\/v2\/types\/page"}],"author":[{"embeddable":true,"href":"https:\/\/semmelweis.hu\/otthonilelegeztetes\/wp-json\/wp\/v2\/users\/101484"}],"replies":[{"embeddable":true,"href":"https:\/\/semmelweis.hu\/otthonilelegeztetes\/wp-json\/wp\/v2\/comments?post=224"}],"version-history":[{"count":2,"href":"https:\/\/semmelweis.hu\/otthonilelegeztetes\/wp-json\/wp\/v2\/pages\/224\/revisions"}],"predecessor-version":[{"id":331,"href":"https:\/\/semmelweis.hu\/otthonilelegeztetes\/wp-json\/wp\/v2\/pages\/224\/revisions\/331"}],"up":[{"embeddable":true,"href":"https:\/\/semmelweis.hu\/otthonilelegeztetes\/wp-json\/wp\/v2\/pages\/207"}],"wp:attachment":[{"href":"https:\/\/semmelweis.hu\/otthonilelegeztetes\/wp-json\/wp\/v2\/media?parent=224"}],"wp:term":[{"taxonomy":"category","embeddable":true,"href":"https:\/\/semmelweis.hu\/otthonilelegeztetes\/wp-json\/wp\/v2\/categories?post=224"},{"taxonomy":"post_tag","embeddable":true,"href":"https:\/\/semmelweis.hu\/otthonilelegeztetes\/wp-json\/wp\/v2\/tags?post=224"}],"curies":[{"name":"wp","href":"https:\/\/api.w.org\/{rel}","templated":true}]}}