{"id":202,"date":"2020-03-09T11:45:19","date_gmt":"2020-03-09T10:45:19","guid":{"rendered":"http:\/\/semmelweis.hu\/otthonilelegeztetes\/?page_id=202"},"modified":"2025-11-19T20:51:14","modified_gmt":"2025-11-19T19:51:14","slug":"alapszintu-ujraelesztes","status":"publish","type":"page","link":"https:\/\/semmelweis.hu\/otthonilelegeztetes\/olp-oktatasi-anyag\/level-i-ii\/alapszintu-ujraelesztes\/","title":{"rendered":"Alapszint\u0171 \u00fajra\u00e9leszt\u00e9s"},"content":{"rendered":"<p style=\"text-align: justify\">Amennyiben a beteg tudata nem hozz\u00e1f\u00e9rhet\u0151, l\u00e9gz\u0151mozg\u00e1st \u00e9s pulzust, valamint spont\u00e1n mozg\u00e1st nem \u00e9szlel\u00fcnk, \u00fajra\u00e9leszt\u00e9st kell kezden\u00fcnk:<\/p>\n<ul>\n<li>Vizsg\u00e1ljuk meg, reakci\u00f3k\u00e9pes-e a beteg!<\/li>\n<li>Ki\u00e1ltsunk seg\u00edts\u00e9g\u00e9rt!<\/li>\n<li>Szabad\u00edtsuk fel a l\u00e9gutait a fej h\u00e1trabillent\u00e9s\u00e9vel \u00e9s az \u00e1ll el\u0151emel\u00e9s\u00e9vel!<\/li>\n<li>A szabad l\u00e9gutakat megtartva vizsg\u00e1ljuk meg a beteg l\u00e9gz\u00e9s\u00e9t \u00e9s kering\u00e9s\u00e9t!\n<ul>\n<li>L\u00e9gz\u00e9s vizsg\u00e1lata: a beteg arca el\u00e9 helyezz\u00fck arcunkat, \u00e9s n\u00e9zz\u00fck, hogy ritmusosan emelkedik \u00e9s s\u00fcllyed-e a beteg mellkasa, hallgatjuk \u00e9s arcunkon \u00e9rezz\u00fck, hogy \u00e1ramlik-e a leveg\u0151 a beteg orr\u00e1n \/ sz\u00e1j\u00e1n kereszt\u00fcl!<\/li>\n<li>Kering\u00e9s vizsg\u00e1lata: a nyaki \u00fct\u0151eret tapintjuk h\u00e1rom k\u00f6z\u00e9ps\u0151 ujjunkkal!<\/li>\n<\/ul>\n<\/li>\n<li>Amennyiben l\u00e9gz\u00e9s \u00e9s kering\u00e9s jeleit \u00e9szlelj\u00fck, \u00e9s a beteg\u00fcnk tov\u00e1bbra sem \u00e9breszthet\u0151, h\u00edvjunk seg\u00edts\u00e9get eszm\u00e9letlen beteghez\u00a0<\/li>\n<\/ul>\n<p>Orsz\u00e1gos Ment\u0151szolg\u00e1lat 112!<\/p>\n<ul>\n<li>\u00a0Amennyiben l\u00e9gz\u00e9s \u00e9s kering\u00e9s jeleit nem tapasztaljuk, h\u00edvjunk \/ h\u00edvassunk ment\u0151s megkezdett \u00fajra\u00e9leszt\u00e9shez\u00a0<\/li>\n<\/ul>\n<p>Orsz\u00e1gos Ment\u0151szolg\u00e1lat 112!\u00a0<\/p>\n<p>&nbsp;<\/p>\n<p>Ment\u0151 h\u00edv\u00e1sakor bemondand\u00f3 inform\u00e1ci\u00f3k:<\/p>\n<ul>\n<li>Bemutatkoz\u00e1s<\/li>\n<li>Helysz\u00edn pontos megnevez\u00e9se<\/li>\n<li>Otthon l\u00e9legeztett beteghez, megkezdett \u00fajra\u00e9leszt\u00e9shez k\u00e9r\u00fcnk seg\u00edts\u00e9get<\/li>\n<\/ul>\n<p>&nbsp;<\/p>\n<ul>\n<li>Halad\u00e9ktalanul kezdj\u00fck meg a min\u0151s\u00e9gi mellkaskompresszi\u00f3t \u00e9s a ballonos l\u00e9legeztet\u00e9st! A mellkaskompresszi\u00f3 legyen:\n<ul>\n<li>Gyors: 100 \u2013 120\/min<\/li>\n<li>Er\u0151s: 5 \u2013 6 cm m\u00e9ly<\/li>\n<li>Egyenletes<\/li>\n<li>Legyen a mellkas k\u00f6zep\u00e9n kifejtve<\/li>\n<li>Teljesen engedj\u00fck fel a mellkast<\/li>\n<\/ul>\n<\/li>\n<\/ul>\n<p>&nbsp;<\/p>\n<ul>\n<li>L\u00e9legeztet\u00e9s (k\u00e9t seg\u00edts\u00e9gny\u00fajt\u00f3 eset\u00e9n): t\u00f6rt\u00e9nhet sz\u00e1jb\u00f3l orrba, sz\u00e1jb\u00f3l sz\u00e1jba, vagy ballon-maszk seg\u00edts\u00e9g\u00e9vel, amennyiben rendelkez\u00e9sre \u00e1ll.\n<ul>\n<li>30 mellkasompresszi\u00f3t k\u00f6vet\u0151en 2 egy m\u00e1sodperces bef\u00fav\u00e1st v\u00e9gz\u00fcnk<\/li>\n<\/ul>\n<\/li>\n<\/ul>\n<ul>\n<li>A mellkasnyom\u00e1sokat \u00e9s a l\u00e9legeztet\u00e9st a ment\u0151 ki\u00e9rkez\u00e9s\u00e9ig folytassuk!<\/li>\n<\/ul>\n<p>&nbsp;<\/p>\n<p><a href=\"https:\/\/semmelweis.hu\/otthonilelegeztetes\/files\/2020\/03\/Alapszint\u0171-\u00fajra\u00e9leszt\u00e9s.pdf\" target=\"_blank\" rel=\"noopener noreferrer\"><strong>Alapszint\u0171 \u00fajra\u00e9leszt\u00e9s<\/strong><\/a> (ERC \/ MRT U\u0301jrae\u0301leszte\u0301s Aja\u0301nla\u0301s \u2013 2015)<\/p>\n<p>&nbsp;<\/p>\n<p>A honlapon szerepl\u0151 oktat\u00e1si anyag az otthoni l\u00e9legeztet\u00e9si program betegeinek, hozz\u00e1tartoz\u00f3inak \u00e9s gondvisel\u0151inek t\u00e1j\u00e9koztat\u00e1s\u00e1t szolg\u00e1lja. Terjeszt\u00e9se, egy\u00e9b c\u00e9l\u00fa felhaszn\u00e1l\u00e1sa tilos. Minden jog fenntartva.<\/p>\n","protected":false},"excerpt":{"rendered":"<p>Amennyiben a beteg tudata nem hozz\u00e1f\u00e9rhet\u0151, l\u00e9gz\u0151mozg\u00e1st \u00e9s pulzust, valamint spont\u00e1n mozg\u00e1st nem \u00e9szlel\u00fcnk, \u00fajra\u00e9leszt\u00e9st kell kezden\u00fcnk: Vizsg\u00e1ljuk meg, reakci\u00f3k\u00e9pes-e a beteg! Ki\u00e1ltsunk seg\u00edts\u00e9g\u00e9rt! Szabad\u00edtsuk fel a l\u00e9gutait a fej h\u00e1trabillent\u00e9s\u00e9vel \u00e9s az \u00e1ll el\u0151emel\u00e9s\u00e9vel! A szabad l\u00e9gutakat megtartva vizsg\u00e1ljuk meg a beteg l\u00e9gz\u00e9s\u00e9t \u00e9s kering\u00e9s\u00e9t! L\u00e9gz\u00e9s vizsg\u00e1lata: a beteg arca el\u00e9 helyezz\u00fck arcunkat, \u00e9s &hellip;<\/p>\n","protected":false},"author":101484,"featured_media":0,"parent":178,"menu_order":7,"comment_status":"closed","ping_status":"closed","template":"","meta":{"_acf_changed":false,"footnotes":""},"categories":[],"tags":[],"class_list":["post-202","page","type-page","status-publish","hentry"],"acf":[],"_links":{"self":[{"href":"https:\/\/semmelweis.hu\/otthonilelegeztetes\/wp-json\/wp\/v2\/pages\/202","targetHints":{"allow":["GET"]}}],"collection":[{"href":"https:\/\/semmelweis.hu\/otthonilelegeztetes\/wp-json\/wp\/v2\/pages"}],"about":[{"href":"https:\/\/semmelweis.hu\/otthonilelegeztetes\/wp-json\/wp\/v2\/types\/page"}],"author":[{"embeddable":true,"href":"https:\/\/semmelweis.hu\/otthonilelegeztetes\/wp-json\/wp\/v2\/users\/101484"}],"replies":[{"embeddable":true,"href":"https:\/\/semmelweis.hu\/otthonilelegeztetes\/wp-json\/wp\/v2\/comments?post=202"}],"version-history":[{"count":2,"href":"https:\/\/semmelweis.hu\/otthonilelegeztetes\/wp-json\/wp\/v2\/pages\/202\/revisions"}],"predecessor-version":[{"id":328,"href":"https:\/\/semmelweis.hu\/otthonilelegeztetes\/wp-json\/wp\/v2\/pages\/202\/revisions\/328"}],"up":[{"embeddable":true,"href":"https:\/\/semmelweis.hu\/otthonilelegeztetes\/wp-json\/wp\/v2\/pages\/178"}],"wp:attachment":[{"href":"https:\/\/semmelweis.hu\/otthonilelegeztetes\/wp-json\/wp\/v2\/media?parent=202"}],"wp:term":[{"taxonomy":"category","embeddable":true,"href":"https:\/\/semmelweis.hu\/otthonilelegeztetes\/wp-json\/wp\/v2\/categories?post=202"},{"taxonomy":"post_tag","embeddable":true,"href":"https:\/\/semmelweis.hu\/otthonilelegeztetes\/wp-json\/wp\/v2\/tags?post=202"}],"curies":[{"name":"wp","href":"https:\/\/api.w.org\/{rel}","templated":true}]}}